{"id":23235,"date":"2023-12-01T10:23:30","date_gmt":"2023-12-01T09:23:30","guid":{"rendered":"https:\/\/www.eolus.com\/?page_id=23235"},"modified":"2024-01-23T12:12:15","modified_gmt":"2024-01-23T11:12:15","slug":"news-global","status":"publish","type":"page","link":"https:\/\/www.eolus.com\/en\/newsroom\/news-global\/","title":{"rendered":"News (Global)"},"content":{"rendered":"\t\t<div data-elementor-type=\"wp-page\" data-elementor-id=\"23235\" class=\"elementor elementor-23235\" data-elementor-post-type=\"page\">\n\t\t\t\t<div class=\"elementor-element elementor-element-2ecfc14 e-con-full animated-slow e-flex elementor-invisible e-con e-parent\" data-id=\"2ecfc14\" data-element_type=\"container\" data-e-type=\"container\" data-settings=\"{&quot;background_background&quot;:&quot;classic&quot;,&quot;animation&quot;:&quot;fadeIn&quot;,&quot;jet_parallax_layout_list&quot;:[]}\">\n\t\t<div class=\"elementor-element elementor-element-75bb2f97 e-flex e-con-boxed e-con e-child\" data-id=\"75bb2f97\" data-element_type=\"container\" data-e-type=\"container\" data-settings=\"{&quot;jet_parallax_layout_list&quot;:[]}\">\n\t\t\t\t\t<div class=\"e-con-inner\">\n\t\t<div class=\"elementor-element elementor-element-42f39e6c e-con-full e-flex e-con e-child\" data-id=\"42f39e6c\" data-element_type=\"container\" data-e-type=\"container\" data-settings=\"{&quot;jet_parallax_layout_list&quot;:[]}\">\n\t\t\t\t<div class=\"elementor-element elementor-element-4eec771d elementor-invisible elementor-widget elementor-widget-heading\" data-id=\"4eec771d\" data-element_type=\"widget\" data-e-type=\"widget\" data-settings=\"{&quot;_animation&quot;:&quot;fadeIn&quot;}\" data-widget_type=\"heading.default\">\n\t\t\t\t<div class=\"elementor-widget-container\">\n\t\t\t\t\t<h4 class=\"elementor-heading-title elementor-size-default\">News (Global)<\/h4>\t\t\t\t<\/div>\n\t\t\t\t<\/div>\n\t\t\t\t<div class=\"elementor-element elementor-element-35b9b7c elementor-widget elementor-widget-news-mfn\" data-id=\"35b9b7c\" data-element_type=\"widget\" data-e-type=\"widget\" data-widget_type=\"news-mfn.default\">\n\t\t\t\t<div class=\"elementor-widget-container\">\n\t\t\t\t\t        <script>\n            const EolusNewsMFN = {\n                years: [\"2026\",\"2025\",\"2024\",\"2023\",\"2022\",\"2021\",\"2020\",\"2019\",\"2018\",\"2017\",\"2015\"],\n                countries: [\"2026\",\"2025\",\"2024\",\"2023\",\"2022\",\"2021\",\"2020\",\"2019\",\"2018\",\"2017\",\"2015\"],\n                resultsHtml: '',\n                dropdowns: {\n                    years: false,\n                    countries: false,\n                    pressReleaseType: false,\n                },\n                get selectedYearLabel() {\n                    return this.form.year\n                },\n                toggleDropdown(target) {\n                    var oldValue = this.dropdowns[target]\n                    this.dropdowns[target] = !oldValue\n                },\n                formChanged() {\n                    this.dropdowns.years = false\n                    this.dropdowns.countries = false\n                    this.dropdowns.pressReleaseType = false\n                    window.dispatchEvent(new CustomEvent('news-search', {\n                        detail: this.form\n                    }))\n                },\n                form: {\n                    pressReleaseType: 'all',\n                    action: 'news_mfn_search',\n                    search: '',\n                    year: '2026',\n                    country: null,\n                    groupByYear: false,\n                    lang: 'en'\n                },\n                search() {\n                    var self = this\n\n                    jQuery.ajax({\n                            method: 'POST',\n                            url: 'https:\/\/www.eolus.com\/wp-admin\/admin-ajax.php',\n                            data: self.form\n                        }).done(function(data) {\n                            self.resultsHtml = data\n                        })\n                        .fail(function() {})\n                }\n            }\n        <\/script>\n        <section x-data=\"EolusNewsMFN\" x-on:news-search.window=\"search()\" class=\"mfn-news w-full\">\n            <form x-on:change=\"formChanged()\">\n                <div x-on:click.outside=\"dropdowns.years = false\" class=\"w-full md:w-auto\">\n                    <button x-on:click=\"toggleDropdown('years')\" type=\"button\" class=\"w-full flex justify-center items-center border rounded-full bg-white border-white px-10 py-4 text-xl leading-[1.3] text-v2-accent-dark-blue hover:bg-v2-accent-light-gray hover:border-[#DEDEDE]\">\n                        <svg aria-hidden xmlns=\"http:\/\/www.w3.org\/2000\/svg\" width=\"27.294\" height=\"27.294\" viewBox=\"0 0 27.294 27.294\" class=\"mr-3\">\n                            <g transform=\"translate(-2.25 -2.25)\">\n                                <path d=\"M25.7,3.65H22.546V3.3a1.05,1.05,0,1,0-2.1,0v.35h-9.1V3.3a1.05,1.05,0,1,0-2.1,0v.35H6.1A3.847,3.847,0,0,0,2.25,7.5V25.7A3.847,3.847,0,0,0,6.1,29.544H25.7A3.847,3.847,0,0,0,29.544,25.7V7.5A3.847,3.847,0,0,0,25.7,3.65ZM6.1,5.749H9.249V6.1a1.05,1.05,0,0,0,2.1,0v-.35h9.1V6.1a1.05,1.05,0,1,0,2.1,0v-.35H25.7a1.75,1.75,0,0,1,1.75,1.75v3.149H4.35V7.5A1.75,1.75,0,0,1,6.1,5.749Zm19.6,21.7H6.1A1.75,1.75,0,0,1,4.35,25.7V12.748h23.1V25.7A1.75,1.75,0,0,1,25.7,27.445Z\" fill=\"#405560\" \/>\n                                <path d=\"M9.1,12.25H6.3a1.05,1.05,0,1,0,0,2.1H9.1a1.05,1.05,0,1,0,0-2.1Zm7,0H13.3a1.05,1.05,0,1,0,0,2.1h2.8a1.05,1.05,0,0,0,0-2.1Zm7,0H20.3a1.05,1.05,0,1,0,0,2.1h2.8a1.05,1.05,0,0,0,0-2.1Zm-14,5.6H6.3a1.05,1.05,0,1,0,0,2.1H9.1a1.05,1.05,0,1,0,0-2.1Zm7,0H13.3a1.05,1.05,0,1,0,0,2.1h2.8a1.05,1.05,0,1,0,0-2.1Zm7,0H20.3a1.05,1.05,0,1,0,0,2.1h2.8a1.05,1.05,0,1,0,0-2.1Z\" transform=\"translate(1.199 3.997)\" fill=\"#405560\" \/>\n                            <\/g>\n                        <\/svg>\n\n                        <span class=\"font-fix-translate\" x-text=\"selectedYearLabel\">2026<\/span>\n\n                        <svg x-bind:class=\"{'rotate-180': dropdowns.years}\" xmlns=\"http:\/\/www.w3.org\/2000\/svg\" width=\"16.885\" height=\"9.503\" viewBox=\"0 0 16.885 9.503\" class=\"ml-3\">\n                            <g transform=\"translate(-85.355 -533.486)\">\n                                <line x2=\"7.382\" y2=\"7.382\" transform=\"translate(101.18 534.547) rotate(90)\" fill=\"none\" stroke=\"#405560\" stroke-linecap=\"round\" stroke-width=\"1.5\" \/>\n                                <line x1=\"7.382\" y2=\"7.382\" transform=\"translate(93.798 534.547) rotate(90)\" fill=\"none\" stroke=\"#405560\" stroke-linecap=\"round\" stroke-width=\"1.5\" \/>\n                            <\/g>\n                        <\/svg>\n                    <\/button>\n\n                    <ul x-cloak x-bind:class=\"{'hidden': !dropdowns.years, 'show-animate-appear': dropdowns.years}\" class=\"dropdown-block md:max-w-[260px]\">\n                        <template x-for=\"(year, index) in years\">\n                            <li class=\"w-full relative\">\n                                <label x-bind:class=\"{'item--active': form.year === year}\" class=\"item\">\n                                    <input x-model=\"form.year\" x-bind:value=\"year\" type=\"radio\" class=\"absolute opacity-0\">\n\n                                    <span x-text=\"year\" class=\"underline-target\"><\/span>\n                                <\/label>\n                            <\/li>\n                        <\/template>\n                    <\/ul>\n                <\/div>\n            <\/form>\n\n            <div class=\"mfn-news-container\">\n                <div x-show=\"!resultsHtml\" class=\"results\">\n                                <article>\n                <img fetchpriority=\"high\" decoding=\"async\" width=\"1024\" height=\"683\" src=\"https:\/\/www.eolus.com\/wp-content\/uploads\/2026\/04\/per-witalisson-1-1024x683.jpeg\" class=\"attachment-large size-large\" alt=\"\" srcset=\"https:\/\/www.eolus.com\/wp-content\/uploads\/2026\/04\/per-witalisson-1-1024x683.jpeg 1024w, https:\/\/www.eolus.com\/wp-content\/uploads\/2026\/04\/per-witalisson-1-300x200.jpeg 300w, https:\/\/www.eolus.com\/wp-content\/uploads\/2026\/04\/per-witalisson-1-768x512.jpeg 768w, https:\/\/www.eolus.com\/wp-content\/uploads\/2026\/04\/per-witalisson-1-1536x1024.jpeg 1536w, https:\/\/www.eolus.com\/wp-content\/uploads\/2026\/04\/per-witalisson-1-2048x1366.jpeg 2048w, https:\/\/www.eolus.com\/wp-content\/uploads\/2026\/04\/per-witalisson-1-540x360.jpeg 540w\" sizes=\"(max-width: 1024px) 100vw, 1024px\" \/>\n                <div class=\"flex flex-col\">\n                    <div class=\"meta-bar\">\n                        <time datetime=\"2026-04-21 13:25\">21 April 2026 13:25<\/time>\n                        <span class=\"font-bold leading-3 text-2xl text-v2-accent-dark-gray\">&middot;<\/span> 3 minutes reading                    <\/div>\n\n                    <h2>\n                        Sweden Most Exposed to Wind Power Disinformation in Europe                    <\/h2>\n\n                                            <p>A new European report shows that Sweden is currently the country in Europe most affected by false and misleading information&hellip;<\/p>\n                    \n                    <a href=\"https:\/\/www.eolus.com\/en\/blog\/mfn_news\/sweden-most-exposed-to-wind-power-disinformation-in-europe\/\">Read more<\/a>\n                <\/div>\n            <\/article>\n                    <article>\n                <img decoding=\"async\" width=\"1024\" height=\"1024\" src=\"https:\/\/www.eolus.com\/wp-content\/uploads\/2026\/04\/wind-turbine-foundation-pienava-wind-park-latvia-2-1024x1024.png\" class=\"attachment-large size-large\" alt=\"\" srcset=\"https:\/\/www.eolus.com\/wp-content\/uploads\/2026\/04\/wind-turbine-foundation-pienava-wind-park-latvia-2-1024x1024.png 1024w, https:\/\/www.eolus.com\/wp-content\/uploads\/2026\/04\/wind-turbine-foundation-pienava-wind-park-latvia-2-300x300.png 300w, https:\/\/www.eolus.com\/wp-content\/uploads\/2026\/04\/wind-turbine-foundation-pienava-wind-park-latvia-2-150x150.png 150w, https:\/\/www.eolus.com\/wp-content\/uploads\/2026\/04\/wind-turbine-foundation-pienava-wind-park-latvia-2-768x768.png 768w, https:\/\/www.eolus.com\/wp-content\/uploads\/2026\/04\/wind-turbine-foundation-pienava-wind-park-latvia-2-1536x1536.png 1536w, https:\/\/www.eolus.com\/wp-content\/uploads\/2026\/04\/wind-turbine-foundation-pienava-wind-park-latvia-2-2048x2048.png 2048w, https:\/\/www.eolus.com\/wp-content\/uploads\/2026\/04\/wind-turbine-foundation-pienava-wind-park-latvia-2-540x540.png 540w\" sizes=\"(max-width: 1024px) 100vw, 1024px\" \/>\n                <div class=\"flex flex-col\">\n                    <div class=\"meta-bar\">\n                        <time datetime=\"2026-04-07 16:00\">7 April 2026 16:00<\/time>\n                        <span class=\"font-bold leading-3 text-2xl text-v2-accent-dark-gray\">&middot;<\/span> 2 minutes reading                    <\/div>\n\n                    <h2>\n                        Construction of foundations completed at Pienava wind park in Latvia                    <\/h2>\n\n                    \n                    <a href=\"https:\/\/www.eolus.com\/en\/blog\/mfn_news\/construction-of-foundations-completed-at-pienava-wind-park-in-latvia\/\">Read more<\/a>\n                <\/div>\n            <\/article>\n                    <article>\n                <img decoding=\"async\" width=\"1024\" height=\"448\" src=\"https:\/\/www.eolus.com\/wp-content\/uploads\/2026\/03\/havsbaserad-vindkraft-foto-istock-1024x448.jpg\" class=\"attachment-large size-large\" alt=\"\" srcset=\"https:\/\/www.eolus.com\/wp-content\/uploads\/2026\/03\/havsbaserad-vindkraft-foto-istock-1024x448.jpg 1024w, https:\/\/www.eolus.com\/wp-content\/uploads\/2026\/03\/havsbaserad-vindkraft-foto-istock-300x131.jpg 300w, https:\/\/www.eolus.com\/wp-content\/uploads\/2026\/03\/havsbaserad-vindkraft-foto-istock-768x336.jpg 768w, https:\/\/www.eolus.com\/wp-content\/uploads\/2026\/03\/havsbaserad-vindkraft-foto-istock-1536x672.jpg 1536w, https:\/\/www.eolus.com\/wp-content\/uploads\/2026\/03\/havsbaserad-vindkraft-foto-istock-2048x896.jpg 2048w, https:\/\/www.eolus.com\/wp-content\/uploads\/2026\/03\/havsbaserad-vindkraft-foto-istock-540x236.jpg 540w\" sizes=\"(max-width: 1024px) 100vw, 1024px\" \/>\n                <div class=\"flex flex-col\">\n                    <div class=\"meta-bar\">\n                        <time datetime=\"2026-03-19 08:36\">19 March 2026 08:36<\/time>\n                        <span class=\"font-bold leading-3 text-2xl text-v2-accent-dark-gray\">&middot;<\/span> 2 minutes reading                    <\/div>\n\n                    <h2>\n                        County Administrative Board positive toward parts of Eolus\u2019s offshore project V\u00e4stvind                    <\/h2>\n\n                    \n                    <a href=\"https:\/\/www.eolus.com\/en\/blog\/mfn_news\/county-administrative-board-positive-toward-parts-of-eoluss-offshore-project-vastvind\/\">Read more<\/a>\n                <\/div>\n            <\/article>\n                        <\/div>\n                <div x-cloak x-show=\"resultsHtml\" x-html=\"resultsHtml\" class=\"results\"><\/div>\n            <\/div>\n        <\/section>\n\t\t\t\t<\/div>\n\t\t\t\t<\/div>\n\t\t\t\t<\/div>\n\t\t\t\t\t<\/div>\n\t\t\t\t<\/div>\n\t\t\t\t<\/div>\n\t\t<div class=\"elementor-element elementor-element-06479c4 e-con-full animated-slow e-flex elementor-invisible e-con e-parent\" data-id=\"06479c4\" data-element_type=\"container\" data-e-type=\"container\" data-settings=\"{&quot;background_background&quot;:&quot;classic&quot;,&quot;animation&quot;:&quot;fadeIn&quot;,&quot;jet_parallax_layout_list&quot;:[]}\">\n\t\t<div class=\"elementor-element elementor-element-b7af8f3 e-flex e-con-boxed e-con e-child\" data-id=\"b7af8f3\" data-element_type=\"container\" data-e-type=\"container\" data-settings=\"{&quot;jet_parallax_layout_list&quot;:[]}\">\n\t\t\t\t\t<div class=\"e-con-inner\">\n\t\t\t\t<div class=\"elementor-element elementor-element-6a7874d elementor-widget elementor-widget-news-list-mfn\" data-id=\"6a7874d\" data-element_type=\"widget\" data-e-type=\"widget\" data-widget_type=\"news-list-mfn.default\">\n\t\t\t\t<div class=\"elementor-widget-container\">\n\t\t\t\t\t        <script>\n            const EolusNewsListMFN = {\n                resultsHtml: '',\n                noSearchResultsFound: true,\n                search: function(form) {\n                    var self = this\n\n                    form = {\n                        ...form,\n                        action: 'news_list_mfn_search',\n                        skipCount: 4,\n                        lang: 'en'\n                    }\n\n                    jQuery.ajax({\n                            method: 'POST',\n                            url: 'https:\/\/www.eolus.com\/wp-admin\/admin-ajax.php',\n                            data: form\n                        }).done(function(data) {\n                            self.resultsHtml = data\n\n                            self.noSearchResultsFound = self.resultsHtml === '<div><\/div>'\n                        })\n                        .fail(function() {})\n                }\n            }\n        <\/script>\n        <section x-data=\"EolusNewsListMFN\" x-on:news-search.window=\"search($event.detail)\" class=\"mfn-news-list\">\n            <h2 x-show=\"!noSearchResultsFound\">More news<\/h2>\n\n            <ul x-show=\"!resultsHtml\">\n                            <\/ul>\n\n            <ul x-cloak x-show=\"resultsHtml\" x-html=\"resultsHtml\"><\/ul>\n        <\/section>\n\t\t\t\t<\/div>\n\t\t\t\t<\/div>\n\t\t\t\t\t<\/div>\n\t\t\t\t<\/div>\n\t\t\t\t<\/div>\n\t\t\t\t<\/div>\n\t\t<script>\n                Array.prototype.slice.call(document.querySelectorAll(\".mfn-footer.mfn-attachment\")).forEach(function (el) { el.remove() });\n            <\/script>\n        <div class=\"mfn-attachments-container\"><\/div>","protected":false},"excerpt":{"rendered":"<p>2023 25 maj 2023 kl. 13:13 &middot; 2 minuters l\u00e4stid Eolus works towards responsible offshore wind development in the Baltic Sea Eolus is one of the leading developers of renewable energy in the Nordics. When developing offshore wind power, we want&hellip; L\u00e4s hela nyheten 9 maj 2023 kl. 15:11 &middot; 3 minuters l\u00e4stid K\u00e4vlinge residents [&hellip;]<\/p>\n","protected":false},"author":16,"featured_media":0,"parent":23231,"menu_order":0,"comment_status":"closed","ping_status":"closed","template":"","meta":{"_acf_changed":false,"footnotes":""},"class_list":["post-23235","page","type-page","status-publish","hentry"],"acf":[],"yoast_head":"<!-- This site is optimized with the Yoast SEO plugin v27.3 - https:\/\/yoast.com\/product\/yoast-seo-wordpress\/ -->\n<title>News (Global)<\/title>\n<meta name=\"description\" content=\"Here you will find all the latest news about Eolus!\" \/>\n<meta name=\"robots\" content=\"index, follow, max-snippet:-1, max-image-preview:large, max-video-preview:-1\" \/>\n<link rel=\"canonical\" href=\"https:\/\/www.eolus.com\/en\/newsroom\/news-global\/\" \/>\n<meta property=\"og:locale\" content=\"en_US\" \/>\n<meta property=\"og:type\" content=\"article\" \/>\n<meta property=\"og:title\" content=\"News (Global)\" \/>\n<meta property=\"og:description\" content=\"Here you will find all the latest news about Eolus!\" \/>\n<meta property=\"og:url\" content=\"https:\/\/www.eolus.com\/en\/newsroom\/news-global\/\" \/>\n<meta property=\"og:site_name\" content=\"Eolus\" \/>\n<meta property=\"article:modified_time\" content=\"2024-01-23T11:12:15+00:00\" \/>\n<meta property=\"og:image\" content=\"https:\/\/www.eolus.com\/wp-content\/uploads\/2023\/05\/vindkraftverk-till-havs-4.jpeg\" \/>\n<meta name=\"twitter:card\" content=\"summary_large_image\" \/>\n<meta name=\"twitter:label1\" content=\"Est. reading time\" \/>\n\t<meta name=\"twitter:data1\" content=\"2 minutes\" \/>\n<script type=\"application\/ld+json\" class=\"yoast-schema-graph\">{\"@context\":\"https:\\\/\\\/schema.org\",\"@graph\":[{\"@type\":\"WebPage\",\"@id\":\"https:\\\/\\\/www.eolus.com\\\/en\\\/newsroom\\\/news-global\\\/\",\"url\":\"https:\\\/\\\/www.eolus.com\\\/en\\\/newsroom\\\/news-global\\\/\",\"name\":\"News (Global)\",\"isPartOf\":{\"@id\":\"https:\\\/\\\/www.eolus.com\\\/#website\"},\"primaryImageOfPage\":{\"@id\":\"https:\\\/\\\/www.eolus.com\\\/en\\\/newsroom\\\/news-global\\\/#primaryimage\"},\"image\":{\"@id\":\"https:\\\/\\\/www.eolus.com\\\/en\\\/newsroom\\\/news-global\\\/#primaryimage\"},\"thumbnailUrl\":\"https:\\\/\\\/www.eolus.com\\\/wp-content\\\/uploads\\\/2023\\\/05\\\/vindkraftverk-till-havs-4.jpeg\",\"datePublished\":\"2023-12-01T09:23:30+00:00\",\"dateModified\":\"2024-01-23T11:12:15+00:00\",\"description\":\"Here you will find all the latest news about Eolus!\",\"breadcrumb\":{\"@id\":\"https:\\\/\\\/www.eolus.com\\\/en\\\/newsroom\\\/news-global\\\/#breadcrumb\"},\"inLanguage\":\"en-US\",\"potentialAction\":[{\"@type\":\"ReadAction\",\"target\":[\"https:\\\/\\\/www.eolus.com\\\/en\\\/newsroom\\\/news-global\\\/\"]}]},{\"@type\":\"ImageObject\",\"inLanguage\":\"en-US\",\"@id\":\"https:\\\/\\\/www.eolus.com\\\/en\\\/newsroom\\\/news-global\\\/#primaryimage\",\"url\":\"https:\\\/\\\/www.eolus.com\\\/wp-content\\\/uploads\\\/2023\\\/05\\\/vindkraftverk-till-havs-4.jpeg\",\"contentUrl\":\"https:\\\/\\\/www.eolus.com\\\/wp-content\\\/uploads\\\/2023\\\/05\\\/vindkraftverk-till-havs-4.jpeg\"},{\"@type\":\"BreadcrumbList\",\"@id\":\"https:\\\/\\\/www.eolus.com\\\/en\\\/newsroom\\\/news-global\\\/#breadcrumb\",\"itemListElement\":[{\"@type\":\"ListItem\",\"position\":1,\"name\":\"Home\",\"item\":\"https:\\\/\\\/www.eolus.com\\\/\"},{\"@type\":\"ListItem\",\"position\":2,\"name\":\"Newsroom\",\"item\":\"https:\\\/\\\/www.eolus.com\\\/en\\\/newsroom\\\/\"},{\"@type\":\"ListItem\",\"position\":3,\"name\":\"News (Global)\"}]},{\"@type\":\"WebSite\",\"@id\":\"https:\\\/\\\/www.eolus.com\\\/#website\",\"url\":\"https:\\\/\\\/www.eolus.com\\\/\",\"name\":\"Eolus\",\"description\":\"Shaping the future of renewable energy\",\"potentialAction\":[{\"@type\":\"SearchAction\",\"target\":{\"@type\":\"EntryPoint\",\"urlTemplate\":\"https:\\\/\\\/www.eolus.com\\\/?s={search_term_string}\"},\"query-input\":{\"@type\":\"PropertyValueSpecification\",\"valueRequired\":true,\"valueName\":\"search_term_string\"}}],\"inLanguage\":\"en-US\"}]}<\/script>\n<!-- \/ Yoast SEO plugin. -->","yoast_head_json":{"title":"News (Global)","description":"Here you will find all the latest news about Eolus!","robots":{"index":"index","follow":"follow","max-snippet":"max-snippet:-1","max-image-preview":"max-image-preview:large","max-video-preview":"max-video-preview:-1"},"canonical":"https:\/\/www.eolus.com\/en\/newsroom\/news-global\/","og_locale":"en_US","og_type":"article","og_title":"News (Global)","og_description":"Here you will find all the latest news about Eolus!","og_url":"https:\/\/www.eolus.com\/en\/newsroom\/news-global\/","og_site_name":"Eolus","article_modified_time":"2024-01-23T11:12:15+00:00","og_image":[{"url":"https:\/\/www.eolus.com\/wp-content\/uploads\/2023\/05\/vindkraftverk-till-havs-4.jpeg","type":"","width":"","height":""}],"twitter_card":"summary_large_image","twitter_misc":{"Est. reading time":"2 minutes"},"schema":{"@context":"https:\/\/schema.org","@graph":[{"@type":"WebPage","@id":"https:\/\/www.eolus.com\/en\/newsroom\/news-global\/","url":"https:\/\/www.eolus.com\/en\/newsroom\/news-global\/","name":"News (Global)","isPartOf":{"@id":"https:\/\/www.eolus.com\/#website"},"primaryImageOfPage":{"@id":"https:\/\/www.eolus.com\/en\/newsroom\/news-global\/#primaryimage"},"image":{"@id":"https:\/\/www.eolus.com\/en\/newsroom\/news-global\/#primaryimage"},"thumbnailUrl":"https:\/\/www.eolus.com\/wp-content\/uploads\/2023\/05\/vindkraftverk-till-havs-4.jpeg","datePublished":"2023-12-01T09:23:30+00:00","dateModified":"2024-01-23T11:12:15+00:00","description":"Here you will find all the latest news about Eolus!","breadcrumb":{"@id":"https:\/\/www.eolus.com\/en\/newsroom\/news-global\/#breadcrumb"},"inLanguage":"en-US","potentialAction":[{"@type":"ReadAction","target":["https:\/\/www.eolus.com\/en\/newsroom\/news-global\/"]}]},{"@type":"ImageObject","inLanguage":"en-US","@id":"https:\/\/www.eolus.com\/en\/newsroom\/news-global\/#primaryimage","url":"https:\/\/www.eolus.com\/wp-content\/uploads\/2023\/05\/vindkraftverk-till-havs-4.jpeg","contentUrl":"https:\/\/www.eolus.com\/wp-content\/uploads\/2023\/05\/vindkraftverk-till-havs-4.jpeg"},{"@type":"BreadcrumbList","@id":"https:\/\/www.eolus.com\/en\/newsroom\/news-global\/#breadcrumb","itemListElement":[{"@type":"ListItem","position":1,"name":"Home","item":"https:\/\/www.eolus.com\/"},{"@type":"ListItem","position":2,"name":"Newsroom","item":"https:\/\/www.eolus.com\/en\/newsroom\/"},{"@type":"ListItem","position":3,"name":"News (Global)"}]},{"@type":"WebSite","@id":"https:\/\/www.eolus.com\/#website","url":"https:\/\/www.eolus.com\/","name":"Eolus","description":"Shaping the future of renewable energy","potentialAction":[{"@type":"SearchAction","target":{"@type":"EntryPoint","urlTemplate":"https:\/\/www.eolus.com\/?s={search_term_string}"},"query-input":{"@type":"PropertyValueSpecification","valueRequired":true,"valueName":"search_term_string"}}],"inLanguage":"en-US"}]}},"_links":{"self":[{"href":"https:\/\/www.eolus.com\/en\/wp-json\/wp\/v2\/pages\/23235","targetHints":{"allow":["GET"]}}],"collection":[{"href":"https:\/\/www.eolus.com\/en\/wp-json\/wp\/v2\/pages"}],"about":[{"href":"https:\/\/www.eolus.com\/en\/wp-json\/wp\/v2\/types\/page"}],"author":[{"embeddable":true,"href":"https:\/\/www.eolus.com\/en\/wp-json\/wp\/v2\/users\/16"}],"replies":[{"embeddable":true,"href":"https:\/\/www.eolus.com\/en\/wp-json\/wp\/v2\/comments?post=23235"}],"version-history":[{"count":3,"href":"https:\/\/www.eolus.com\/en\/wp-json\/wp\/v2\/pages\/23235\/revisions"}],"predecessor-version":[{"id":28329,"href":"https:\/\/www.eolus.com\/en\/wp-json\/wp\/v2\/pages\/23235\/revisions\/28329"}],"up":[{"embeddable":true,"href":"https:\/\/www.eolus.com\/en\/wp-json\/wp\/v2\/pages\/23231"}],"wp:attachment":[{"href":"https:\/\/www.eolus.com\/en\/wp-json\/wp\/v2\/media?parent=23235"}],"curies":[{"name":"wp","href":"https:\/\/api.w.org\/{rel}","templated":true}]}}