{"id":27290,"date":"2024-01-16T13:58:13","date_gmt":"2024-01-16T12:58:13","guid":{"rendered":"https:\/\/www.eolus.com\/mita-me-teemme\/varastointi\/"},"modified":"2025-08-01T12:19:22","modified_gmt":"2025-08-01T10:19:22","slug":"energian-varastointi","status":"publish","type":"page","link":"https:\/\/www.eolus.com\/fi\/mita-me-teemme\/energian-varastointi\/","title":{"rendered":"S\u00e4hk\u00f6varastot"},"content":{"rendered":"\t\t<div data-elementor-type=\"wp-page\" data-elementor-id=\"27290\" class=\"elementor elementor-27290 elementor-22061\" data-elementor-post-type=\"page\">\n\t\t\t\t<div class=\"elementor-element elementor-element-7168706b e-con-full animated-slow e-flex elementor-invisible e-con e-parent\" data-id=\"7168706b\" data-element_type=\"container\" data-e-type=\"container\" data-settings=\"{&quot;background_background&quot;:&quot;classic&quot;,&quot;animation&quot;:&quot;fadeIn&quot;,&quot;jet_parallax_layout_list&quot;:[]}\">\n\t\t<div class=\"elementor-element elementor-element-75395910 e-flex e-con-boxed e-con e-child\" data-id=\"75395910\" data-element_type=\"container\" data-e-type=\"container\" data-settings=\"{&quot;jet_parallax_layout_list&quot;:[]}\">\n\t\t\t\t\t<div class=\"e-con-inner\">\n\t\t<div class=\"elementor-element elementor-element-57ee02d1 e-con-full e-flex e-con e-child\" data-id=\"57ee02d1\" data-element_type=\"container\" data-e-type=\"container\" data-settings=\"{&quot;jet_parallax_layout_list&quot;:[]}\">\n\t\t\t\t<div class=\"elementor-element elementor-element-2c9294be elementor-invisible elementor-widget elementor-widget-heading\" data-id=\"2c9294be\" data-element_type=\"widget\" data-e-type=\"widget\" data-settings=\"{&quot;_animation&quot;:&quot;fadeIn&quot;}\" data-widget_type=\"heading.default\">\n\t\t\t\t<div class=\"elementor-widget-container\">\n\t\t\t\t\t<h4 class=\"elementor-heading-title elementor-size-default\">S\u00e4hk\u00f6varastot<\/h4>\t\t\t\t<\/div>\n\t\t\t\t<\/div>\n\t\t\t\t<div class=\"elementor-element elementor-element-f959927 elementor-invisible elementor-widget elementor-widget-text-editor\" data-id=\"f959927\" data-element_type=\"widget\" data-e-type=\"widget\" data-settings=\"{&quot;_animation&quot;:&quot;fadeIn&quot;,&quot;_animation_delay&quot;:&quot;200&quot;}\" data-widget_type=\"text-editor.default\">\n\t\t\t\t<div class=\"elementor-widget-container\">\n\t\t\t\t\t\t\t\t\t<p>S\u00e4hk\u00f6varastojen merkitys s\u00e4hk\u00f6j\u00e4rjestelm\u00e4n tasapainon kannalta kasvaa koko ajan, kun tuuli- ja aurinkovoimaa rakennetaan lis\u00e4\u00e4.\u00a0<\/p><p>S\u00e4hk\u00f6ntuotanto aurinko- ja tuulivoimalla on riippuvainen s\u00e4\u00e4olosuhteista. Joskus tuulee paljon ja on aurinkoista, kun taas toisinaan on tyynt\u00e4 ja aurinko ei porota. S\u00e4hk\u00f6varastojen ansiosta tuuli- ja aurinkovoimalla tuotettua ylim\u00e4\u00e4r\u00e4ist\u00e4 energiaa voidaan ottaa talteen ja k\u00e4ytt\u00e4\u00e4 silloin, kun tuotantoa on s\u00e4\u00e4olosuhteiden vuoksi v\u00e4hemm\u00e4n tai kun s\u00e4hk\u00f6n kysynt\u00e4\u00e4 on tuotantoa enemm\u00e4n.<\/p><p>Toteutamme s\u00e4hk\u00f6varastoja, joilla voidaan varmistaa tuuli- ja aurinkos\u00e4hk\u00f6n tehokas talteenotto ja my\u00f6hempi hy\u00f6dynt\u00e4minen. Varastot vahvistavat uusiutuvan energiantuotannon luotettavuutta ja vastuullisuutta, v\u00e4hent\u00e4v\u00e4t fossiilisen energian k\u00e4ytt\u00f6\u00e4 ja edist\u00e4v\u00e4t energiasiirtym\u00e4\u00e4.<\/p>\t\t\t\t\t\t\t\t<\/div>\n\t\t\t\t<\/div>\n\t\t\t\t<\/div>\n\t\t<div class=\"elementor-element elementor-element-11243874 e-con-full e-flex e-con e-child\" data-id=\"11243874\" data-element_type=\"container\" data-e-type=\"container\" data-settings=\"{&quot;jet_parallax_layout_list&quot;:[]}\">\n\t\t<div class=\"elementor-element elementor-element-72694cdc e-flex e-con-boxed elementor-invisible e-con e-child\" data-id=\"72694cdc\" data-element_type=\"container\" data-e-type=\"container\" data-settings=\"{&quot;jet_parallax_layout_list&quot;:[],&quot;animation&quot;:&quot;fadeIn&quot;,&quot;animation_delay&quot;:&quot;100&quot;}\">\n\t\t\t\t\t<div class=\"e-con-inner\">\n\t\t\t\t\t<\/div>\n\t\t\t\t<\/div>\n\t\t\t\t<\/div>\n\t\t\t\t\t<\/div>\n\t\t\t\t<\/div>\n\t\t\t\t<\/div>\n\t\t<div class=\"elementor-element elementor-element-5cda6f66 e-flex e-con-boxed e-con e-parent\" data-id=\"5cda6f66\" data-element_type=\"container\" data-e-type=\"container\" data-settings=\"{&quot;jet_parallax_layout_list&quot;:[]}\">\n\t\t\t\t\t<div class=\"e-con-inner\">\n\t\t<div class=\"elementor-element elementor-element-3319412c e-flex e-con-boxed elementor-invisible e-con e-child\" data-id=\"3319412c\" data-element_type=\"container\" data-e-type=\"container\" data-settings=\"{&quot;background_background&quot;:&quot;classic&quot;,&quot;jet_parallax_layout_list&quot;:[],&quot;animation&quot;:&quot;fadeIn&quot;}\">\n\t\t\t\t\t<div class=\"e-con-inner\">\n\t\t\t\t<div class=\"elementor-element elementor-element-76599df0 elementor-widget elementor-widget-heading\" data-id=\"76599df0\" data-element_type=\"widget\" data-e-type=\"widget\" data-widget_type=\"heading.default\">\n\t\t\t\t<div class=\"elementor-widget-container\">\n\t\t\t\t\t<h6 class=\"elementor-heading-title elementor-size-default\">s\u00e4hk\u00f6varasto varastoi ylim\u00e4\u00e4r\u00e4ist\u00e4 energiaa<\/h6>\t\t\t\t<\/div>\n\t\t\t\t<\/div>\n\t\t\t\t\t<\/div>\n\t\t\t\t<\/div>\n\t\t<div class=\"elementor-element elementor-element-223ebc80 e-flex e-con-boxed e-con e-child\" data-id=\"223ebc80\" data-element_type=\"container\" data-e-type=\"container\" data-settings=\"{&quot;jet_parallax_layout_list&quot;:[]}\">\n\t\t\t\t\t<div class=\"e-con-inner\">\n\t\t\t\t<div class=\"elementor-element elementor-element-19e062f6 elementor-invisible elementor-widget elementor-widget-heading\" data-id=\"19e062f6\" data-element_type=\"widget\" data-e-type=\"widget\" data-settings=\"{&quot;_animation&quot;:&quot;fadeIn&quot;}\" data-widget_type=\"heading.default\">\n\t\t\t\t<div class=\"elementor-widget-container\">\n\t\t\t\t\t<h5 class=\"elementor-heading-title elementor-size-default\">S\u00e4hk\u00f6varastojen arvoketjun vastuullisuus<\/h5>\t\t\t\t<\/div>\n\t\t\t\t<\/div>\n\t\t\t\t<div class=\"elementor-element elementor-element-4fef0b08 elementor-invisible elementor-widget elementor-widget-text-editor\" data-id=\"4fef0b08\" data-element_type=\"widget\" data-e-type=\"widget\" data-settings=\"{&quot;_animation&quot;:&quot;fadeIn&quot;}\" data-widget_type=\"text-editor.default\">\n\t\t\t\t<div class=\"elementor-widget-container\">\n\t\t\t\t\t\t\t\t\t<p>Eolus ei valmista s\u00e4hk\u00f6varastojaan itse, vaan hankkii ne alan johtavilta valmistajilta. Varastojen valmistukseen tarvittavien raaka-aineiden louhintaan ja jalostukseen liittyy ihmisoikeusloukkausten ja ymp\u00e4rist\u00f6vahinkojen riski. Siksi arvioimme osana hankekehityst\u00e4 huolellisesti s\u00e4hk\u00f6varastojen arvoketjujen vastuullisuutta. Samalla arvioimme yhteisty\u00f6t\u00e4 my\u00f6s muiden alan yritysten kanssa kehitt\u00e4\u00e4ksemme s\u00e4hk\u00f6varastojen arvoketjun vastuullisuutta.<\/p>\t\t\t\t\t\t\t\t<\/div>\n\t\t\t\t<\/div>\n\t\t\t\t\t<\/div>\n\t\t\t\t<\/div>\n\t\t\t\t\t<\/div>\n\t\t\t\t<\/div>\n\t\t\t\t<\/div>\n\t\t","protected":false},"excerpt":{"rendered":"<p>S\u00e4hk\u00f6varastojen merkitys s\u00e4hk\u00f6j\u00e4rjestelm\u00e4n tasapainon kannalta kasvaa koko ajan, kun tuuli- ja aurinkovoimaa rakennetaan lis\u00e4\u00e4.\u00a0 S\u00e4hk\u00f6ntuotanto aurinko- ja tuulivoimalla on riippuvainen s\u00e4\u00e4olosuhteista. Joskus tuulee paljon ja on aurinkoista, kun taas toisinaan on tyynt\u00e4 ja aurinko ei porota. S\u00e4hk\u00f6varastojen ansiosta tuuli- ja aurinkovoimalla tuotettua ylim\u00e4\u00e4r\u00e4ist\u00e4 energiaa voidaan ottaa talteen ja k\u00e4ytt\u00e4\u00e4 silloin, kun tuotantoa on s\u00e4\u00e4olosuhteiden vuoksi [&hellip;]<\/p>\n","protected":false},"author":16,"featured_media":0,"parent":26980,"menu_order":0,"comment_status":"closed","ping_status":"closed","template":"","meta":{"_acf_changed":false,"footnotes":""},"class_list":["post-27290","page","type-page","status-publish","hentry"],"acf":[],"yoast_head":"<!-- This site is optimized with the Yoast SEO plugin v27.3 - https:\/\/yoast.com\/product\/yoast-seo-wordpress\/ -->\n<title>S\u00e4hk\u00f6varastot<\/title>\n<meta name=\"description\" content=\"Tuuli- ja aurinkovoiman tuotannon kasvaessa erilaiset s\u00e4hk\u00f6n varastointiratkaisut ovat yh\u00e4 t\u00e4rke\u00e4mpi\u00e4 s\u00e4hk\u00f6j\u00e4rjestelm\u00e4n tasapainon kannalta..\" \/>\n<meta name=\"robots\" content=\"index, follow, max-snippet:-1, max-image-preview:large, max-video-preview:-1\" \/>\n<link rel=\"canonical\" href=\"https:\/\/www.eolus.com\/fi\/mita-me-teemme\/energian-varastointi\/\" \/>\n<meta property=\"og:locale\" content=\"fi_FI\" \/>\n<meta property=\"og:type\" content=\"article\" \/>\n<meta property=\"og:title\" content=\"S\u00e4hk\u00f6varastot\" \/>\n<meta property=\"og:description\" content=\"Tuuli- ja aurinkovoiman tuotannon kasvaessa erilaiset s\u00e4hk\u00f6n varastointiratkaisut ovat yh\u00e4 t\u00e4rke\u00e4mpi\u00e4 s\u00e4hk\u00f6j\u00e4rjestelm\u00e4n tasapainon kannalta..\" \/>\n<meta property=\"og:url\" content=\"https:\/\/www.eolus.com\/fi\/mita-me-teemme\/energian-varastointi\/\" \/>\n<meta property=\"og:site_name\" content=\"Eolus\" \/>\n<meta property=\"article:modified_time\" content=\"2025-08-01T10:19:22+00:00\" \/>\n<meta name=\"twitter:card\" content=\"summary_large_image\" \/>\n<meta name=\"twitter:label1\" content=\"Arvioitu lukuaika\" \/>\n\t<meta name=\"twitter:data1\" content=\"1 minuutti\" \/>\n<script type=\"application\/ld+json\" class=\"yoast-schema-graph\">{\"@context\":\"https:\\\/\\\/schema.org\",\"@graph\":[{\"@type\":\"WebPage\",\"@id\":\"https:\\\/\\\/www.eolus.com\\\/fi\\\/mita-me-teemme\\\/energian-varastointi\\\/\",\"url\":\"https:\\\/\\\/www.eolus.com\\\/fi\\\/mita-me-teemme\\\/energian-varastointi\\\/\",\"name\":\"S\u00e4hk\u00f6varastot\",\"isPartOf\":{\"@id\":\"https:\\\/\\\/www.eolus.com\\\/#website\"},\"datePublished\":\"2024-01-16T12:58:13+00:00\",\"dateModified\":\"2025-08-01T10:19:22+00:00\",\"description\":\"Tuuli- ja aurinkovoiman tuotannon kasvaessa erilaiset s\u00e4hk\u00f6n varastointiratkaisut ovat yh\u00e4 t\u00e4rke\u00e4mpi\u00e4 s\u00e4hk\u00f6j\u00e4rjestelm\u00e4n tasapainon kannalta..\",\"breadcrumb\":{\"@id\":\"https:\\\/\\\/www.eolus.com\\\/fi\\\/mita-me-teemme\\\/energian-varastointi\\\/#breadcrumb\"},\"inLanguage\":\"fi\",\"potentialAction\":[{\"@type\":\"ReadAction\",\"target\":[\"https:\\\/\\\/www.eolus.com\\\/fi\\\/mita-me-teemme\\\/energian-varastointi\\\/\"]}]},{\"@type\":\"BreadcrumbList\",\"@id\":\"https:\\\/\\\/www.eolus.com\\\/fi\\\/mita-me-teemme\\\/energian-varastointi\\\/#breadcrumb\",\"itemListElement\":[{\"@type\":\"ListItem\",\"position\":1,\"name\":\"Home\",\"item\":\"https:\\\/\\\/www.eolus.com\\\/\"},{\"@type\":\"ListItem\",\"position\":2,\"name\":\"Toimintamme\",\"item\":\"https:\\\/\\\/www.eolus.com\\\/pl\\\/czym-sie-zajmujemy\\\/\"},{\"@type\":\"ListItem\",\"position\":3,\"name\":\"S\u00e4hk\u00f6varastot\"}]},{\"@type\":\"WebSite\",\"@id\":\"https:\\\/\\\/www.eolus.com\\\/#website\",\"url\":\"https:\\\/\\\/www.eolus.com\\\/\",\"name\":\"Eolus\",\"description\":\"Shaping the Future of Renewable Energy\",\"potentialAction\":[{\"@type\":\"SearchAction\",\"target\":{\"@type\":\"EntryPoint\",\"urlTemplate\":\"https:\\\/\\\/www.eolus.com\\\/?s={search_term_string}\"},\"query-input\":{\"@type\":\"PropertyValueSpecification\",\"valueRequired\":true,\"valueName\":\"search_term_string\"}}],\"inLanguage\":\"fi\"}]}<\/script>\n<!-- \/ Yoast SEO plugin. -->","yoast_head_json":{"title":"S\u00e4hk\u00f6varastot","description":"Tuuli- ja aurinkovoiman tuotannon kasvaessa erilaiset s\u00e4hk\u00f6n varastointiratkaisut ovat yh\u00e4 t\u00e4rke\u00e4mpi\u00e4 s\u00e4hk\u00f6j\u00e4rjestelm\u00e4n tasapainon kannalta..","robots":{"index":"index","follow":"follow","max-snippet":"max-snippet:-1","max-image-preview":"max-image-preview:large","max-video-preview":"max-video-preview:-1"},"canonical":"https:\/\/www.eolus.com\/fi\/mita-me-teemme\/energian-varastointi\/","og_locale":"fi_FI","og_type":"article","og_title":"S\u00e4hk\u00f6varastot","og_description":"Tuuli- ja aurinkovoiman tuotannon kasvaessa erilaiset s\u00e4hk\u00f6n varastointiratkaisut ovat yh\u00e4 t\u00e4rke\u00e4mpi\u00e4 s\u00e4hk\u00f6j\u00e4rjestelm\u00e4n tasapainon kannalta..","og_url":"https:\/\/www.eolus.com\/fi\/mita-me-teemme\/energian-varastointi\/","og_site_name":"Eolus","article_modified_time":"2025-08-01T10:19:22+00:00","twitter_card":"summary_large_image","twitter_misc":{"Arvioitu lukuaika":"1 minuutti"},"schema":{"@context":"https:\/\/schema.org","@graph":[{"@type":"WebPage","@id":"https:\/\/www.eolus.com\/fi\/mita-me-teemme\/energian-varastointi\/","url":"https:\/\/www.eolus.com\/fi\/mita-me-teemme\/energian-varastointi\/","name":"S\u00e4hk\u00f6varastot","isPartOf":{"@id":"https:\/\/www.eolus.com\/#website"},"datePublished":"2024-01-16T12:58:13+00:00","dateModified":"2025-08-01T10:19:22+00:00","description":"Tuuli- ja aurinkovoiman tuotannon kasvaessa erilaiset s\u00e4hk\u00f6n varastointiratkaisut ovat yh\u00e4 t\u00e4rke\u00e4mpi\u00e4 s\u00e4hk\u00f6j\u00e4rjestelm\u00e4n tasapainon kannalta..","breadcrumb":{"@id":"https:\/\/www.eolus.com\/fi\/mita-me-teemme\/energian-varastointi\/#breadcrumb"},"inLanguage":"fi","potentialAction":[{"@type":"ReadAction","target":["https:\/\/www.eolus.com\/fi\/mita-me-teemme\/energian-varastointi\/"]}]},{"@type":"BreadcrumbList","@id":"https:\/\/www.eolus.com\/fi\/mita-me-teemme\/energian-varastointi\/#breadcrumb","itemListElement":[{"@type":"ListItem","position":1,"name":"Home","item":"https:\/\/www.eolus.com\/"},{"@type":"ListItem","position":2,"name":"Toimintamme","item":"https:\/\/www.eolus.com\/pl\/czym-sie-zajmujemy\/"},{"@type":"ListItem","position":3,"name":"S\u00e4hk\u00f6varastot"}]},{"@type":"WebSite","@id":"https:\/\/www.eolus.com\/#website","url":"https:\/\/www.eolus.com\/","name":"Eolus","description":"Shaping the Future of Renewable Energy","potentialAction":[{"@type":"SearchAction","target":{"@type":"EntryPoint","urlTemplate":"https:\/\/www.eolus.com\/?s={search_term_string}"},"query-input":{"@type":"PropertyValueSpecification","valueRequired":true,"valueName":"search_term_string"}}],"inLanguage":"fi"}]}},"_links":{"self":[{"href":"https:\/\/www.eolus.com\/fi\/wp-json\/wp\/v2\/pages\/27290","targetHints":{"allow":["GET"]}}],"collection":[{"href":"https:\/\/www.eolus.com\/fi\/wp-json\/wp\/v2\/pages"}],"about":[{"href":"https:\/\/www.eolus.com\/fi\/wp-json\/wp\/v2\/types\/page"}],"author":[{"embeddable":true,"href":"https:\/\/www.eolus.com\/fi\/wp-json\/wp\/v2\/users\/16"}],"replies":[{"embeddable":true,"href":"https:\/\/www.eolus.com\/fi\/wp-json\/wp\/v2\/comments?post=27290"}],"version-history":[{"count":16,"href":"https:\/\/www.eolus.com\/fi\/wp-json\/wp\/v2\/pages\/27290\/revisions"}],"predecessor-version":[{"id":62711,"href":"https:\/\/www.eolus.com\/fi\/wp-json\/wp\/v2\/pages\/27290\/revisions\/62711"}],"up":[{"embeddable":true,"href":"https:\/\/www.eolus.com\/fi\/wp-json\/wp\/v2\/pages\/26980"}],"wp:attachment":[{"href":"https:\/\/www.eolus.com\/fi\/wp-json\/wp\/v2\/media?parent=27290"}],"curies":[{"name":"wp","href":"https:\/\/api.w.org\/{rel}","templated":true}]}}