{"id":27294,"date":"2024-01-16T14:00:24","date_gmt":"2024-01-16T13:00:24","guid":{"rendered":"https:\/\/www.eolus.com\/mita-me-teemme\/projektin-sijoittajat\/"},"modified":"2025-08-01T15:07:53","modified_gmt":"2025-08-01T13:07:53","slug":"projektin-sijoittajat","status":"publish","type":"page","link":"https:\/\/www.eolus.com\/fi\/mita-me-teemme\/projektin-sijoittajat\/","title":{"rendered":"Hankesijoittajat"},"content":{"rendered":"\t\t<div data-elementor-type=\"wp-page\" data-elementor-id=\"27294\" class=\"elementor elementor-27294 elementor-23190\" data-elementor-post-type=\"page\">\n\t\t\t\t<div class=\"elementor-element elementor-element-5e9c6451 e-con-full animated-slow e-flex elementor-invisible e-con e-parent\" data-id=\"5e9c6451\" data-element_type=\"container\" data-settings=\"{&quot;background_background&quot;:&quot;classic&quot;,&quot;animation&quot;:&quot;fadeIn&quot;,&quot;jet_parallax_layout_list&quot;:[]}\">\n\t\t<div class=\"elementor-element elementor-element-7f647189 e-flex e-con-boxed e-con e-child\" data-id=\"7f647189\" data-element_type=\"container\" data-settings=\"{&quot;jet_parallax_layout_list&quot;:[]}\">\n\t\t\t\t\t<div class=\"e-con-inner\">\n\t\t<div class=\"elementor-element elementor-element-636341d e-con-full e-flex e-con e-child\" data-id=\"636341d\" data-element_type=\"container\" data-settings=\"{&quot;jet_parallax_layout_list&quot;:[]}\">\n\t\t\t\t<div class=\"elementor-element elementor-element-497ff378 elementor-invisible elementor-widget elementor-widget-heading\" data-id=\"497ff378\" data-element_type=\"widget\" data-settings=\"{&quot;_animation&quot;:&quot;fadeIn&quot;}\" data-widget_type=\"heading.default\">\n\t\t\t\t<div class=\"elementor-widget-container\">\n\t\t\t\t\t<h4 class=\"elementor-heading-title elementor-size-default\">Hankesijoittajat<\/h4>\t\t\t\t<\/div>\n\t\t\t\t<\/div>\n\t\t\t\t<div class=\"elementor-element elementor-element-2d71361f elementor-invisible elementor-widget elementor-widget-text-editor\" data-id=\"2d71361f\" data-element_type=\"widget\" data-settings=\"{&quot;_animation&quot;:&quot;fadeIn&quot;,&quot;_animation_delay&quot;:&quot;200&quot;}\" data-widget_type=\"text-editor.default\">\n\t\t\t\t<div class=\"elementor-widget-container\">\n\t\t\t\t\t\t\t\t\t<p>Eoluksen asiakas- ja sijoittajasuhteet perustuvat yli 30 vuoden kokemukseemme uusiutuvan energian hankekehityksest\u00e4. T\u00e4n\u00e4 aikana olemme osoittaneet kykymme vastata markkinoiden kehittyviin vaatimuksiin. R\u00e4\u00e4t\u00e4l\u00f6imme uusiutuvan energian hankkeemme niiden omistajien tarpeisiin.<\/p><p>Vuosikymmenten varrella asiakaskuntamme on muuttunut. Nykyisin se koostuu p\u00e4\u00e4osin kansainv\u00e4lisist\u00e4 institutionaalisista sijoittajista ja suurista energiankuluttajista, jotka haluavat olla mukana rakentamassa energiasiirtym\u00e4\u00e4.<\/p><ul><li><strong>Institutionaaliset sijoittajat <\/strong>investoivat uusiutuvaan energiaan pitk\u00e4ll\u00e4 aikav\u00e4lill\u00e4. Heid\u00e4n tavoitteenaan on investoida luotettavaan liiketoimintaan ja saavuttaa vakaata tuottoa.<\/li><li><strong>Suuret energiankuluttajat<\/strong> valitsevat usein pitk\u00e4aikaisen s\u00e4hk\u00f6nostosopimuksen (Power Purchase Agreement). T\u00e4t\u00e4 kautta he saavat tuotantolaitoksilleen uusiutuvaa s\u00e4hk\u00f6\u00e4 ilman tarvetta omistaa suoraan uusiutuvan energian hanketta.<\/li><li><strong>Energiayhti\u00f6t <\/strong>sijoittavat tuuli- ja aurinkovoimahankkeisiin kasvattaakseen omaa tuotantokapasiteettiaan ja tarjotakseen asiakkailleen uusiutuvaa s\u00e4hk\u00f6\u00e4.<\/li><li><strong>Julkisen sektorin sijoittajat<\/strong>, kuten kunnat, sijoittavat uusiutuvaan s\u00e4hk\u00f6ntuotantoon edist\u00e4\u00e4kseen energiasiirtym\u00e4\u00e4 ja paikallista kest\u00e4v\u00e4\u00e4 kehityst\u00e4.<\/li><\/ul><p>Eolus on aiemmin myynyt tuulivoimahankkeistaan osakkuuksia my\u00f6s kuluttajille ja yrityksille. Nykyisin keskitymme suuremman mittaluokan projekteihin. Suhtaudumme kuitenkin avoimesti yhteisomistajuusmahdollisuuksiin.<\/p>\t\t\t\t\t\t\t\t<\/div>\n\t\t\t\t<\/div>\n\t\t\t\t<\/div>\n\t\t<div class=\"elementor-element elementor-element-4282eab1 e-con-full e-flex e-con e-child\" data-id=\"4282eab1\" data-element_type=\"container\" data-settings=\"{&quot;jet_parallax_layout_list&quot;:[]}\">\n\t\t<div class=\"elementor-element elementor-element-69b91af0 e-flex e-con-boxed elementor-invisible e-con e-child\" data-id=\"69b91af0\" data-element_type=\"container\" data-settings=\"{&quot;jet_parallax_layout_list&quot;:[],&quot;animation&quot;:&quot;fadeIn&quot;,&quot;animation_delay&quot;:&quot;100&quot;}\">\n\t\t\t\t\t<div class=\"e-con-inner\">\n\t\t\t\t\t<\/div>\n\t\t\t\t<\/div>\n\t\t\t\t<\/div>\n\t\t\t\t\t<\/div>\n\t\t\t\t<\/div>\n\t\t\t\t<\/div>\n\t\t<div class=\"elementor-element elementor-element-7f2b7963 e-flex e-con-boxed e-con e-parent\" data-id=\"7f2b7963\" data-element_type=\"container\" data-settings=\"{&quot;jet_parallax_layout_list&quot;:[]}\">\n\t\t\t\t\t<div class=\"e-con-inner\">\n\t\t<div class=\"elementor-element elementor-element-739633b7 e-flex e-con-boxed elementor-invisible e-con e-child\" data-id=\"739633b7\" data-element_type=\"container\" data-settings=\"{&quot;background_background&quot;:&quot;classic&quot;,&quot;jet_parallax_layout_list&quot;:[],&quot;animation&quot;:&quot;fadeIn&quot;}\">\n\t\t\t\t\t<div class=\"e-con-inner\">\n\t\t\t\t<div class=\"elementor-element elementor-element-2e65eaa0 elementor-widget elementor-widget-heading\" data-id=\"2e65eaa0\" data-element_type=\"widget\" data-widget_type=\"heading.default\">\n\t\t\t\t<div class=\"elementor-widget-container\">\n\t\t\t\t\t<h6 class=\"elementor-heading-title elementor-size-default\">Stor-Sk\u00e4lsj\u00f6n tuulipuisto Ruotsin Sundsvallissa<\/h6>\t\t\t\t<\/div>\n\t\t\t\t<\/div>\n\t\t\t\t\t<\/div>\n\t\t\t\t<\/div>\n\t\t<div class=\"elementor-element elementor-element-1424b064 e-flex e-con-boxed e-con e-child\" data-id=\"1424b064\" data-element_type=\"container\" data-settings=\"{&quot;jet_parallax_layout_list&quot;:[]}\">\n\t\t\t\t\t<div class=\"e-con-inner\">\n\t\t\t\t<div class=\"elementor-element elementor-element-6ab2f9e1 elementor-invisible elementor-widget elementor-widget-heading\" data-id=\"6ab2f9e1\" data-element_type=\"widget\" data-settings=\"{&quot;_animation&quot;:&quot;fadeIn&quot;}\" data-widget_type=\"heading.default\">\n\t\t\t\t<div class=\"elementor-widget-container\">\n\t\t\t\t\t<h5 class=\"elementor-heading-title elementor-size-default\">Kumppanit ja sidosryhm\u00e4t<\/h5>\t\t\t\t<\/div>\n\t\t\t\t<\/div>\n\t\t\t\t<div class=\"elementor-element elementor-element-39d9b5fc elementor-invisible elementor-widget elementor-widget-text-editor\" data-id=\"39d9b5fc\" data-element_type=\"widget\" data-settings=\"{&quot;_animation&quot;:&quot;fadeIn&quot;}\" data-widget_type=\"text-editor.default\">\n\t\t\t\t<div class=\"elementor-widget-container\">\n\t\t\t\t\t\t\t\t\t<p>Kyky mukautua maailman ja markkinoiden jatkuviin muutoksiin on kriittisen t\u00e4rke\u00e4\u00e4 toimintamme kannalta. Me pyrimme Eoluksella ketteryyteen, jotta olemme aina valmiita vastaamaan muuttuviin markkinavaatimuksiin.<\/p><p>Me uskomme, etteiv\u00e4t sidosryhm\u00e4mme ja kumppanimme valinneet meit\u00e4 yhteisty\u00f6kumppanikseen sattumalta. Valinnan taustalla on yli kolmen vuosikymmenen pituinen kokemuksemme sek\u00e4 kykymme toteuttaa hankkeet alusta loppuun asti. Yhdess\u00e4 voimme rakentaa tulevaisuutta, joka on vastuullisempi niin talouden kuin planeettammekin kannalta.<\/p>\t\t\t\t\t\t\t\t<\/div>\n\t\t\t\t<\/div>\n\t\t\t\t\t<\/div>\n\t\t\t\t<\/div>\n\t\t\t\t\t<\/div>\n\t\t\t\t<\/div>\n\t\t<div class=\"elementor-element elementor-element-46b4790d e-con-full e-flex elementor-invisible e-con e-parent\" data-id=\"46b4790d\" data-element_type=\"container\" data-settings=\"{&quot;animation&quot;:&quot;fadeIn&quot;,&quot;jet_parallax_layout_list&quot;:[]}\">\n\t\t<div class=\"elementor-element elementor-element-7e35144 e-con-full e-flex e-con e-child\" data-id=\"7e35144\" data-element_type=\"container\" data-settings=\"{&quot;jet_parallax_layout_list&quot;:[]}\">\n\t\t<div class=\"elementor-element elementor-element-79bc738e e-flex e-con-boxed elementor-invisible e-con e-child\" data-id=\"79bc738e\" data-element_type=\"container\" data-settings=\"{&quot;jet_parallax_layout_list&quot;:[],&quot;animation&quot;:&quot;fadeIn&quot;}\">\n\t\t\t\t\t<div class=\"e-con-inner\">\n\t\t\t\t<div class=\"elementor-element elementor-element-3d92a38f elementor-widget elementor-widget-two-blocks\" data-id=\"3d92a38f\" data-element_type=\"widget\" data-widget_type=\"two-blocks.default\">\n\t\t\t\t<div class=\"elementor-widget-container\">\n\t\t\t\t\t\n\t\t<article class=\"two-blocks two-blocks--small\">\n\t\t\t\n\t\t\t<div class=\"two-blocks-text group two-blocks-text--small-image-right\">\n\t\t\t\t<h4 class=\"two-blocks-heading\">Rakennusvaiheen hankkeemme<\/h4>\n\n\t\t\t\t<div class=\"text-container\"><p>Tutustu rakennusvaiheen hankkeisiimme<\/p><\/div>\n\n\t\t\t\t\t\t\t\t\t\t\t\t\t\t\t<a href=\"\/en\/projects\/?phases=under_construction\" class=\"two-blocks-link\">\n\t\t\t\t\t\t\tLue lis\u00e4\u00e4\t\t\t\t\t\t\t<span class=\"absolute inset-0\"><\/span>\n\t\t\t\t\t\t<\/a>\n\t\t\t\t\t\t\t\t\t\t\t\t<\/div>\n\n\t\t\t\t\t\t\t<div class=\"w-full lg:w-1\/2 relative isolate flex pr-5\">\n\t\t\t\t\t<div class=\"bg-gradient-to-b from-v2-yellow via-v2-green to-v2-blue-500 absolute inset-0 rounded-[20px] z-[-1]\"><\/div>\n\n\t\t\t\t\t<img fetchpriority=\"high\" decoding=\"async\" width=\"1024\" height=\"720\" src=\"https:\/\/www.eolus.com\/wp-content\/uploads\/2023\/12\/Eolus-Utterberget-Drone-1024x720.webp\" class=\"attachment-large size-large\" alt=\"\" srcset=\"https:\/\/www.eolus.com\/wp-content\/uploads\/2023\/12\/Eolus-Utterberget-Drone-1024x720.webp 1024w, https:\/\/www.eolus.com\/wp-content\/uploads\/2023\/12\/Eolus-Utterberget-Drone-300x211.webp 300w, https:\/\/www.eolus.com\/wp-content\/uploads\/2023\/12\/Eolus-Utterberget-Drone-768x540.webp 768w, https:\/\/www.eolus.com\/wp-content\/uploads\/2023\/12\/Eolus-Utterberget-Drone-540x380.webp 540w, https:\/\/www.eolus.com\/wp-content\/uploads\/2023\/12\/Eolus-Utterberget-Drone.webp 1280w\" sizes=\"(max-width: 1024px) 100vw, 1024px\" \/>\t\t\t\t<\/div>\n\t\t\t\t\t<\/article>\n\t\t\t\t<\/div>\n\t\t\t\t<\/div>\n\t\t\t\t\t<\/div>\n\t\t\t\t<\/div>\n\t\t\t\t<\/div>\n\t\t\t\t<\/div>\n\t\t\t\t<\/div>\n\t\t","protected":false},"excerpt":{"rendered":"<p>Eoluksen asiakas- ja sijoittajasuhteet perustuvat yli 30 vuoden kokemukseemme uusiutuvan energian hankekehityksest\u00e4. T\u00e4n\u00e4 aikana olemme osoittaneet kykymme vastata markkinoiden kehittyviin vaatimuksiin. R\u00e4\u00e4t\u00e4l\u00f6imme uusiutuvan energian hankkeemme niiden omistajien tarpeisiin. Vuosikymmenten varrella asiakaskuntamme on muuttunut. Nykyisin se koostuu p\u00e4\u00e4osin kansainv\u00e4lisist\u00e4 institutionaalisista sijoittajista ja suurista energiankuluttajista, jotka haluavat olla mukana rakentamassa energiasiirtym\u00e4\u00e4. Institutionaaliset sijoittajat investoivat uusiutuvaan energiaan pitk\u00e4ll\u00e4 [&hellip;]<\/p>\n","protected":false},"author":16,"featured_media":0,"parent":26980,"menu_order":0,"comment_status":"closed","ping_status":"closed","template":"","meta":{"_acf_changed":false,"footnotes":""},"class_list":["post-27294","page","type-page","status-publish","hentry"],"acf":[],"yoast_head":"<!-- This site is optimized with the Yoast SEO plugin v26.5 - https:\/\/yoast.com\/wordpress\/plugins\/seo\/ -->\n<title>Hankesijoittajat<\/title>\n<meta name=\"description\" content=\"Eoluksella on pitk\u00e4j\u00e4nteiset suhteet sijoittajiemme kanssa. Valttinamme on kyky vastata jatkuvasti markkinoiden kehittyviin vaatimuksiin.\" \/>\n<meta name=\"robots\" content=\"index, follow, max-snippet:-1, max-image-preview:large, max-video-preview:-1\" \/>\n<link rel=\"canonical\" href=\"https:\/\/www.eolus.com\/fi\/mita-me-teemme\/projektin-sijoittajat\/\" \/>\n<meta property=\"og:locale\" content=\"fi_FI\" \/>\n<meta property=\"og:type\" content=\"article\" \/>\n<meta property=\"og:title\" content=\"Hankesijoittajat\" \/>\n<meta property=\"og:description\" content=\"Eoluksella on pitk\u00e4j\u00e4nteiset suhteet sijoittajiemme kanssa. Valttinamme on kyky vastata jatkuvasti markkinoiden kehittyviin vaatimuksiin.\" \/>\n<meta property=\"og:url\" content=\"https:\/\/www.eolus.com\/fi\/mita-me-teemme\/projektin-sijoittajat\/\" \/>\n<meta property=\"og:site_name\" content=\"Eolus\" \/>\n<meta property=\"article:modified_time\" content=\"2025-08-01T13:07:53+00:00\" \/>\n<meta property=\"og:image\" content=\"https:\/\/www.eolus.com\/wp-content\/uploads\/2023\/12\/Eolus-Utterberget-Drone-1024x720.webp\" \/>\n<meta name=\"twitter:card\" content=\"summary_large_image\" \/>\n<meta name=\"twitter:label1\" content=\"Arvioitu lukuaika\" \/>\n\t<meta name=\"twitter:data1\" content=\"2 minuuttia\" \/>\n<script type=\"application\/ld+json\" class=\"yoast-schema-graph\">{\"@context\":\"https:\/\/schema.org\",\"@graph\":[{\"@type\":\"WebPage\",\"@id\":\"https:\/\/www.eolus.com\/fi\/mita-me-teemme\/projektin-sijoittajat\/\",\"url\":\"https:\/\/www.eolus.com\/fi\/mita-me-teemme\/projektin-sijoittajat\/\",\"name\":\"Hankesijoittajat\",\"isPartOf\":{\"@id\":\"https:\/\/www.eolus.com\/#website\"},\"primaryImageOfPage\":{\"@id\":\"https:\/\/www.eolus.com\/fi\/mita-me-teemme\/projektin-sijoittajat\/#primaryimage\"},\"image\":{\"@id\":\"https:\/\/www.eolus.com\/fi\/mita-me-teemme\/projektin-sijoittajat\/#primaryimage\"},\"thumbnailUrl\":\"https:\/\/www.eolus.com\/wp-content\/uploads\/2023\/12\/Eolus-Utterberget-Drone-1024x720.webp\",\"datePublished\":\"2024-01-16T13:00:24+00:00\",\"dateModified\":\"2025-08-01T13:07:53+00:00\",\"description\":\"Eoluksella on pitk\u00e4j\u00e4nteiset suhteet sijoittajiemme kanssa. Valttinamme on kyky vastata jatkuvasti markkinoiden kehittyviin vaatimuksiin.\",\"breadcrumb\":{\"@id\":\"https:\/\/www.eolus.com\/fi\/mita-me-teemme\/projektin-sijoittajat\/#breadcrumb\"},\"inLanguage\":\"fi\",\"potentialAction\":[{\"@type\":\"ReadAction\",\"target\":[\"https:\/\/www.eolus.com\/fi\/mita-me-teemme\/projektin-sijoittajat\/\"]}]},{\"@type\":\"ImageObject\",\"inLanguage\":\"fi\",\"@id\":\"https:\/\/www.eolus.com\/fi\/mita-me-teemme\/projektin-sijoittajat\/#primaryimage\",\"url\":\"https:\/\/www.eolus.com\/wp-content\/uploads\/2023\/12\/Eolus-Utterberget-Drone-1024x720.webp\",\"contentUrl\":\"https:\/\/www.eolus.com\/wp-content\/uploads\/2023\/12\/Eolus-Utterberget-Drone-1024x720.webp\"},{\"@type\":\"BreadcrumbList\",\"@id\":\"https:\/\/www.eolus.com\/fi\/mita-me-teemme\/projektin-sijoittajat\/#breadcrumb\",\"itemListElement\":[{\"@type\":\"ListItem\",\"position\":1,\"name\":\"Home\",\"item\":\"https:\/\/www.eolus.com\/\"},{\"@type\":\"ListItem\",\"position\":2,\"name\":\"Toimintamme\",\"item\":\"https:\/\/www.eolus.com\/pl\/czym-sie-zajmujemy\/\"},{\"@type\":\"ListItem\",\"position\":3,\"name\":\"Hankesijoittajat\"}]},{\"@type\":\"WebSite\",\"@id\":\"https:\/\/www.eolus.com\/#website\",\"url\":\"https:\/\/www.eolus.com\/\",\"name\":\"Eolus\",\"description\":\"Shaping the Future of Renewable Energy\",\"potentialAction\":[{\"@type\":\"SearchAction\",\"target\":{\"@type\":\"EntryPoint\",\"urlTemplate\":\"https:\/\/www.eolus.com\/?s={search_term_string}\"},\"query-input\":{\"@type\":\"PropertyValueSpecification\",\"valueRequired\":true,\"valueName\":\"search_term_string\"}}],\"inLanguage\":\"fi\"}]}<\/script>\n<!-- \/ Yoast SEO plugin. -->","yoast_head_json":{"title":"Hankesijoittajat","description":"Eoluksella on pitk\u00e4j\u00e4nteiset suhteet sijoittajiemme kanssa. Valttinamme on kyky vastata jatkuvasti markkinoiden kehittyviin vaatimuksiin.","robots":{"index":"index","follow":"follow","max-snippet":"max-snippet:-1","max-image-preview":"max-image-preview:large","max-video-preview":"max-video-preview:-1"},"canonical":"https:\/\/www.eolus.com\/fi\/mita-me-teemme\/projektin-sijoittajat\/","og_locale":"fi_FI","og_type":"article","og_title":"Hankesijoittajat","og_description":"Eoluksella on pitk\u00e4j\u00e4nteiset suhteet sijoittajiemme kanssa. Valttinamme on kyky vastata jatkuvasti markkinoiden kehittyviin vaatimuksiin.","og_url":"https:\/\/www.eolus.com\/fi\/mita-me-teemme\/projektin-sijoittajat\/","og_site_name":"Eolus","article_modified_time":"2025-08-01T13:07:53+00:00","og_image":[{"url":"https:\/\/www.eolus.com\/wp-content\/uploads\/2023\/12\/Eolus-Utterberget-Drone-1024x720.webp","type":"","width":"","height":""}],"twitter_card":"summary_large_image","twitter_misc":{"Arvioitu lukuaika":"2 minuuttia"},"schema":{"@context":"https:\/\/schema.org","@graph":[{"@type":"WebPage","@id":"https:\/\/www.eolus.com\/fi\/mita-me-teemme\/projektin-sijoittajat\/","url":"https:\/\/www.eolus.com\/fi\/mita-me-teemme\/projektin-sijoittajat\/","name":"Hankesijoittajat","isPartOf":{"@id":"https:\/\/www.eolus.com\/#website"},"primaryImageOfPage":{"@id":"https:\/\/www.eolus.com\/fi\/mita-me-teemme\/projektin-sijoittajat\/#primaryimage"},"image":{"@id":"https:\/\/www.eolus.com\/fi\/mita-me-teemme\/projektin-sijoittajat\/#primaryimage"},"thumbnailUrl":"https:\/\/www.eolus.com\/wp-content\/uploads\/2023\/12\/Eolus-Utterberget-Drone-1024x720.webp","datePublished":"2024-01-16T13:00:24+00:00","dateModified":"2025-08-01T13:07:53+00:00","description":"Eoluksella on pitk\u00e4j\u00e4nteiset suhteet sijoittajiemme kanssa. Valttinamme on kyky vastata jatkuvasti markkinoiden kehittyviin vaatimuksiin.","breadcrumb":{"@id":"https:\/\/www.eolus.com\/fi\/mita-me-teemme\/projektin-sijoittajat\/#breadcrumb"},"inLanguage":"fi","potentialAction":[{"@type":"ReadAction","target":["https:\/\/www.eolus.com\/fi\/mita-me-teemme\/projektin-sijoittajat\/"]}]},{"@type":"ImageObject","inLanguage":"fi","@id":"https:\/\/www.eolus.com\/fi\/mita-me-teemme\/projektin-sijoittajat\/#primaryimage","url":"https:\/\/www.eolus.com\/wp-content\/uploads\/2023\/12\/Eolus-Utterberget-Drone-1024x720.webp","contentUrl":"https:\/\/www.eolus.com\/wp-content\/uploads\/2023\/12\/Eolus-Utterberget-Drone-1024x720.webp"},{"@type":"BreadcrumbList","@id":"https:\/\/www.eolus.com\/fi\/mita-me-teemme\/projektin-sijoittajat\/#breadcrumb","itemListElement":[{"@type":"ListItem","position":1,"name":"Home","item":"https:\/\/www.eolus.com\/"},{"@type":"ListItem","position":2,"name":"Toimintamme","item":"https:\/\/www.eolus.com\/pl\/czym-sie-zajmujemy\/"},{"@type":"ListItem","position":3,"name":"Hankesijoittajat"}]},{"@type":"WebSite","@id":"https:\/\/www.eolus.com\/#website","url":"https:\/\/www.eolus.com\/","name":"Eolus","description":"Shaping the Future of Renewable Energy","potentialAction":[{"@type":"SearchAction","target":{"@type":"EntryPoint","urlTemplate":"https:\/\/www.eolus.com\/?s={search_term_string}"},"query-input":{"@type":"PropertyValueSpecification","valueRequired":true,"valueName":"search_term_string"}}],"inLanguage":"fi"}]}},"_links":{"self":[{"href":"https:\/\/www.eolus.com\/fi\/wp-json\/wp\/v2\/pages\/27294","targetHints":{"allow":["GET"]}}],"collection":[{"href":"https:\/\/www.eolus.com\/fi\/wp-json\/wp\/v2\/pages"}],"about":[{"href":"https:\/\/www.eolus.com\/fi\/wp-json\/wp\/v2\/types\/page"}],"author":[{"embeddable":true,"href":"https:\/\/www.eolus.com\/fi\/wp-json\/wp\/v2\/users\/16"}],"replies":[{"embeddable":true,"href":"https:\/\/www.eolus.com\/fi\/wp-json\/wp\/v2\/comments?post=27294"}],"version-history":[{"count":67,"href":"https:\/\/www.eolus.com\/fi\/wp-json\/wp\/v2\/pages\/27294\/revisions"}],"predecessor-version":[{"id":62750,"href":"https:\/\/www.eolus.com\/fi\/wp-json\/wp\/v2\/pages\/27294\/revisions\/62750"}],"up":[{"embeddable":true,"href":"https:\/\/www.eolus.com\/fi\/wp-json\/wp\/v2\/pages\/26980"}],"wp:attachment":[{"href":"https:\/\/www.eolus.com\/fi\/wp-json\/wp\/v2\/media?parent=27294"}],"curies":[{"name":"wp","href":"https:\/\/api.w.org\/{rel}","templated":true}]}}