{"id":27315,"date":"2024-01-16T14:09:55","date_gmt":"2024-01-16T13:09:55","guid":{"rendered":"https:\/\/www.eolus.com\/meista\/"},"modified":"2025-09-15T15:59:35","modified_gmt":"2025-09-15T13:59:35","slug":"meista","status":"publish","type":"page","link":"https:\/\/www.eolus.com\/fi\/meista\/","title":{"rendered":"Meist\u00e4"},"content":{"rendered":"\t\t<div data-elementor-type=\"wp-page\" data-elementor-id=\"27315\" class=\"elementor elementor-27315 elementor-23186\" data-elementor-post-type=\"page\">\n\t\t\t\t<div class=\"elementor-element elementor-element-266c12fa e-con-full animated-slow e-flex elementor-invisible e-con e-parent\" data-id=\"266c12fa\" data-element_type=\"container\" data-settings=\"{&quot;background_background&quot;:&quot;classic&quot;,&quot;animation&quot;:&quot;fadeIn&quot;,&quot;jet_parallax_layout_list&quot;:[]}\">\n\t\t<div class=\"elementor-element elementor-element-33d7db e-flex e-con-boxed e-con e-child\" data-id=\"33d7db\" data-element_type=\"container\" data-settings=\"{&quot;jet_parallax_layout_list&quot;:[]}\">\n\t\t\t\t\t<div class=\"e-con-inner\">\n\t\t<div class=\"elementor-element elementor-element-1392164e e-con-full e-flex e-con e-child\" data-id=\"1392164e\" data-element_type=\"container\" data-settings=\"{&quot;jet_parallax_layout_list&quot;:[]}\">\n\t\t\t\t<div class=\"elementor-element elementor-element-4bcada98 elementor-invisible elementor-widget elementor-widget-heading\" data-id=\"4bcada98\" data-element_type=\"widget\" data-settings=\"{&quot;_animation&quot;:&quot;fadeIn&quot;}\" data-widget_type=\"heading.default\">\n\t\t\t\t<div class=\"elementor-widget-container\">\n\t\t\t\t\t<h4 class=\"elementor-heading-title elementor-size-default\">Meist\u00e4<\/h4>\t\t\t\t<\/div>\n\t\t\t\t<\/div>\n\t\t\t\t<div class=\"elementor-element elementor-element-1f9a8b01 elementor-invisible elementor-widget elementor-widget-text-editor\" data-id=\"1f9a8b01\" data-element_type=\"widget\" data-settings=\"{&quot;_animation&quot;:&quot;fadeIn&quot;,&quot;_animation_delay&quot;:&quot;200&quot;}\" data-widget_type=\"text-editor.default\">\n\t\t\t\t<div class=\"elementor-widget-container\">\n\t\t\t\t\t\t\t\t\t<p>Sata vuotta sitten planeetallamme eli kaksi miljardia ihmist\u00e4 ja yleisin viestint\u00e4v\u00e4line oli sanomalehti. Nyt meit\u00e4 on nelj\u00e4 kertaa enemm\u00e4n, ja tieto liikkuu valonnopeudella. Maailma muuttuu nopeammin kuin koskaan aikaisemmin.<\/p>\n<p>Niin muutumme mekin.<\/p>\n<p>Vuonna 1990 meill\u00e4 oli visio uusiutuvasta tulevaisuudesta \u2013 huomisesta, joka ei riippuisi fossiilisista polttoaineista, jossa kasvu ja kest\u00e4v\u00e4 kehitys voisivat el\u00e4\u00e4 rinnakkain, ja jossa jokaisella olisi mahdollisuus el\u00e4\u00e4 hyv\u00e4\u00e4 ja kest\u00e4v\u00e4\u00e4 el\u00e4m\u00e4\u00e4. Kolme vuosikymment\u00e4 my\u00f6hemmin ty\u00f6llist\u00e4mme yli 100 ty\u00f6ntekij\u00e4\u00e4 Euroopassa ja Pohjois-Amerikassa. Matkamme on siis ollut jo pitk\u00e4.<\/p>\n<p>Visionamme on edelleen tulevaisuus, jossa kaikkien on mahdollista el\u00e4\u00e4 hyv\u00e4\u00e4 el\u00e4m\u00e4\u00e4 planeettamme kestokyvyn rajoissa. Uskomme, ett\u00e4 se onnistuu parhaiten innovatiivisten ja r\u00e4\u00e4t\u00e4l\u00f6ityjen energiaratkaisujen avulla, on kyse sitten tuuli- tai aurinkovoimasta tai jostakin aivan uudesta tuotantomuodosta. Emme viel\u00e4 tunne kaikkia mahdollisia ratkaisuja, mutta sen tied\u00e4mme, ett\u00e4 tulevaisuus rakentuu uusiutuvalle energialle.<\/p>\n<p>Tied\u00e4mme, mist\u00e4 olemme ponnistaneet. Suurten innovaatioiden takana on aina pieni\u00e4 ideoita, ja suurimmat saavutukset perustuvat aina pieniin askeleisiin oikeaan suuntaan. Lopulta toimintamme pohjautuu aina ihmisten v\u00e4liseen luottamukseen.<\/p>\n<p>Siksi uskomme toimintamme paikallisuuteen. Olemme samanaikaisesti pieni ja paikallinen ja suuri ja kansainv\u00e4linen. N\u00e4in me rakennamme uusiutuvan energian tulevaisuutta.<\/p>\n\t\t\t\t\t\t\t\t<\/div>\n\t\t\t\t<\/div>\n\t\t\t\t<\/div>\n\t\t<div class=\"elementor-element elementor-element-600b1be7 e-con-full e-flex e-con e-child\" data-id=\"600b1be7\" data-element_type=\"container\" data-settings=\"{&quot;jet_parallax_layout_list&quot;:[]}\">\n\t\t<div class=\"elementor-element elementor-element-56033d30 e-flex e-con-boxed elementor-invisible e-con e-child\" data-id=\"56033d30\" data-element_type=\"container\" data-settings=\"{&quot;jet_parallax_layout_list&quot;:[],&quot;animation&quot;:&quot;fadeIn&quot;,&quot;animation_delay&quot;:&quot;100&quot;}\">\n\t\t\t\t\t<div class=\"e-con-inner\">\n\t\t\t\t\t<\/div>\n\t\t\t\t<\/div>\n\t\t\t\t<\/div>\n\t\t\t\t\t<\/div>\n\t\t\t\t<\/div>\n\t\t\t\t<\/div>\n\t\t<div class=\"elementor-element elementor-element-1ac5c794 e-flex e-con-boxed elementor-invisible e-con e-parent\" data-id=\"1ac5c794\" data-element_type=\"container\" data-settings=\"{&quot;jet_parallax_layout_list&quot;:[],&quot;animation&quot;:&quot;fadeIn&quot;}\">\n\t\t\t\t\t<div class=\"e-con-inner\">\n\t\t<div class=\"elementor-element elementor-element-e89b5d7 e-flex e-con-boxed e-con e-child\" data-id=\"e89b5d7\" data-element_type=\"container\" data-settings=\"{&quot;background_background&quot;:&quot;classic&quot;,&quot;jet_parallax_layout_list&quot;:[]}\">\n\t\t\t\t\t<div class=\"e-con-inner\">\n\t\t<div class=\"elementor-element elementor-element-57578939 e-con-full e-flex e-con e-child\" data-id=\"57578939\" data-element_type=\"container\" data-settings=\"{&quot;jet_parallax_layout_list&quot;:[]}\">\n\t\t\t\t<div class=\"elementor-element elementor-element-798574fb elementor-invisible elementor-widget elementor-widget-heading\" data-id=\"798574fb\" data-element_type=\"widget\" data-settings=\"{&quot;_animation&quot;:&quot;fadeIn&quot;,&quot;_animation_delay&quot;:&quot;800&quot;}\" data-widget_type=\"heading.default\">\n\t\t\t\t<div class=\"elementor-widget-container\">\n\t\t\t\t\t<h5 class=\"elementor-heading-title elementor-size-default\">Keit\u00e4 me olemme?<\/h5>\t\t\t\t<\/div>\n\t\t\t\t<\/div>\n\t\t\t\t<div class=\"elementor-element elementor-element-75009cb elementor-invisible elementor-widget elementor-widget-text-editor\" data-id=\"75009cb\" data-element_type=\"widget\" data-settings=\"{&quot;_animation&quot;:&quot;fadeIn&quot;,&quot;_animation_delay&quot;:&quot;1100&quot;}\" data-widget_type=\"text-editor.default\">\n\t\t\t\t<div class=\"elementor-widget-container\">\n\t\t\t\t\t\t\t\t\t<p>Tutustu videolla Eoluksen toimintaan ja organisaatioon.<\/p>\n<p><a href=\"https:\/\/www.eolus.com\/fi\/meista\/organisaatio\/\">Organisaatiomme<\/a><\/p>\n\t\t\t\t\t\t\t\t<\/div>\n\t\t\t\t<\/div>\n\t\t\t\t<\/div>\n\t\t<div class=\"elementor-element elementor-element-60b4d0b0 e-flex e-con-boxed elementor-invisible e-con e-child\" data-id=\"60b4d0b0\" data-element_type=\"container\" data-settings=\"{&quot;jet_parallax_layout_list&quot;:[],&quot;animation&quot;:&quot;fadeIn&quot;,&quot;animation_delay&quot;:&quot;1400&quot;}\">\n\t\t\t\t\t<div class=\"e-con-inner\">\n\t\t\t\t<div class=\"elementor-element elementor-element-5c396e95 elementor-widget elementor-widget-video\" data-id=\"5c396e95\" data-element_type=\"widget\" data-settings=\"{&quot;video_type&quot;:&quot;vimeo&quot;,&quot;show_image_overlay&quot;:&quot;yes&quot;,&quot;image_overlay&quot;:{&quot;url&quot;:&quot;https:\\\/\\\/www.eolus.com\\\/wp-content\\\/uploads\\\/2023\\\/12\\\/Eolus-Group-Picture.webp&quot;,&quot;id&quot;:24323,&quot;size&quot;:&quot;&quot;,&quot;alt&quot;:&quot;&quot;,&quot;source&quot;:&quot;library&quot;}}\" data-widget_type=\"video.default\">\n\t\t\t\t<div class=\"elementor-widget-container\">\n\t\t\t\t\t\t\t<div class=\"elementor-wrapper elementor-open-inline\">\n\t\t\t<iframe class=\"elementor-video-iframe\" allowfullscreen allow=\"clipboard-write\" title=\"vimeo-videosoitin\" src=\"https:\/\/player.vimeo.com\/video\/892177968?color=4BCCAE&amp;autopause=0&amp;loop=0&amp;muted=0&amp;title=0&amp;portrait=0&amp;byline=0#t=\"><\/iframe>\t\t\t\t<div class=\"elementor-custom-embed-image-overlay\" style=\"background-image: url(https:\/\/www.eolus.com\/wp-content\/uploads\/2023\/12\/Eolus-Group-Picture.webp);\">\n\t\t\t\t\t\t\t\t\t\t\t\t\t\t\t\t<div class=\"elementor-custom-embed-play\" role=\"button\" aria-label=\"Katso video\" tabindex=\"0\">\n\t\t\t\t\t\t\t<svg xmlns=\"http:\/\/www.w3.org\/2000\/svg\" xmlns:xlink=\"http:\/\/www.w3.org\/1999\/xlink\" id=\"play\" x=\"0px\" y=\"0px\" viewBox=\"0 0 10 12\" style=\"enable-background:new 0 0 10 12;\" xml:space=\"preserve\"><style type=\"text\/css\">\t.st0{fill-rule:evenodd;clip-rule:evenodd;fill:#1EC09A;}<\/style><g>\t<g transform=\"translate(-65 -3803)\">\t\t<g transform=\"translate(56 160)\">\t\t\t<path class=\"st0\" d=\"M18.1,3650.7l-5.8,3.9c-1.4,0.9-3.3,0-3.3-1.7v-7.8c0-1.7,1.9-2.7,3.3-1.7l5.8,3.9c1,0.6,1.2,1.9,0.6,2.9    C18.5,3650.4,18.3,3650.6,18.1,3650.7\"><\/path>\t\t<\/g>\t<\/g><\/g><\/svg>\t\t\t\t\t\t<\/div>\n\t\t\t\t\t\t\t\t\t<\/div>\n\t\t\t\t\t<\/div>\n\t\t\t\t\t\t<\/div>\n\t\t\t\t<\/div>\n\t\t\t\t\t<\/div>\n\t\t\t\t<\/div>\n\t\t\t\t\t<\/div>\n\t\t\t\t<\/div>\n\t\t\t\t\t<\/div>\n\t\t\t\t<\/div>\n\t\t<div class=\"elementor-element elementor-element-37541fa6 e-con-full e-flex e-con e-parent\" data-id=\"37541fa6\" data-element_type=\"container\" data-settings=\"{&quot;jet_parallax_layout_list&quot;:[]}\">\n\t\t<div class=\"elementor-element elementor-element-6b70584e e-flex e-con-boxed e-con e-child\" data-id=\"6b70584e\" data-element_type=\"container\" data-settings=\"{&quot;jet_parallax_layout_list&quot;:[]}\">\n\t\t\t\t\t<div class=\"e-con-inner\">\n\t\t\t\t<div class=\"elementor-element elementor-element-68f14dfd elementor-invisible elementor-widget elementor-widget-heading\" data-id=\"68f14dfd\" data-element_type=\"widget\" data-settings=\"{&quot;_animation&quot;:&quot;fadeIn&quot;}\" data-widget_type=\"heading.default\">\n\t\t\t\t<div class=\"elementor-widget-container\">\n\t\t\t\t\t<h4 class=\"elementor-heading-title elementor-size-default\">Yrityksemme <b>avainluvut<\/b><\/h4>\t\t\t\t<\/div>\n\t\t\t\t<\/div>\n\t\t\t\t\t<\/div>\n\t\t\t\t<\/div>\n\t\t<div class=\"elementor-element elementor-element-6467c810 e-flex e-con-boxed elementor-invisible e-con e-child\" data-id=\"6467c810\" data-element_type=\"container\" data-settings=\"{&quot;jet_parallax_layout_list&quot;:[],&quot;animation&quot;:&quot;fadeIn&quot;,&quot;animation_delay&quot;:&quot;400&quot;}\">\n\t\t\t\t\t<div class=\"e-con-inner\">\n\t\t<div class=\"elementor-element elementor-element-1ad7af07 e-flex e-con-boxed e-con e-child\" data-id=\"1ad7af07\" data-element_type=\"container\" data-settings=\"{&quot;jet_parallax_layout_list&quot;:[]}\">\n\t\t\t\t\t<div class=\"e-con-inner\">\n\t\t<div class=\"elementor-element elementor-element-b5639a6 e-flex e-con-boxed e-con e-child\" data-id=\"b5639a6\" data-element_type=\"container\" data-settings=\"{&quot;jet_parallax_layout_list&quot;:[]}\">\n\t\t\t\t\t<div class=\"e-con-inner\">\n\t\t<div class=\"elementor-element elementor-element-5c1f0c8c e-flex e-con-boxed e-con e-child\" data-id=\"5c1f0c8c\" data-element_type=\"container\" data-settings=\"{&quot;jet_parallax_layout_list&quot;:[]}\">\n\t\t\t\t\t<div class=\"e-con-inner\">\n\t\t\t\t<div class=\"elementor-element elementor-element-626bfefb elementor-widget elementor-widget-counter\" data-id=\"626bfefb\" data-element_type=\"widget\" data-widget_type=\"counter.default\">\n\t\t\t\t<div class=\"elementor-widget-container\">\n\t\t\t\t\t\t\t<div class=\"elementor-counter\">\n\t\t\t<div class=\"elementor-counter-title\">Ty\u00f6ntekij\u00e4\u00e4<\/div>\t\t\t<div class=\"elementor-counter-number-wrapper\">\n\t\t\t\t<span class=\"elementor-counter-number-prefix\"><\/span>\n\t\t\t\t<span class=\"elementor-counter-number\" data-duration=\"500\" data-to-value=\"110\" data-from-value=\"0\" data-delimiter=\",\">0<\/span>\n\t\t\t\t<span class=\"elementor-counter-number-suffix\">+<\/span>\n\t\t\t<\/div>\n\t\t<\/div>\n\t\t\t\t\t\t<\/div>\n\t\t\t\t<\/div>\n\t\t\t\t\t<\/div>\n\t\t\t\t<\/div>\n\t\t\t\t\t<\/div>\n\t\t\t\t<\/div>\n\t\t\t\t\t<\/div>\n\t\t\t\t<\/div>\n\t\t<div class=\"elementor-element elementor-element-30f93ae e-flex e-con-boxed e-con e-child\" data-id=\"30f93ae\" data-element_type=\"container\" data-settings=\"{&quot;jet_parallax_layout_list&quot;:[]}\">\n\t\t\t\t\t<div class=\"e-con-inner\">\n\t\t<div class=\"elementor-element elementor-element-58d636e5 e-flex e-con-boxed e-con e-child\" data-id=\"58d636e5\" data-element_type=\"container\" data-settings=\"{&quot;jet_parallax_layout_list&quot;:[]}\">\n\t\t\t\t\t<div class=\"e-con-inner\">\n\t\t<div class=\"elementor-element elementor-element-6e6b2346 e-flex e-con-boxed e-con e-child\" data-id=\"6e6b2346\" data-element_type=\"container\" data-settings=\"{&quot;jet_parallax_layout_list&quot;:[]}\">\n\t\t\t\t\t<div class=\"e-con-inner\">\n\t\t\t\t<div class=\"elementor-element elementor-element-e4e5c13 elementor-widget elementor-widget-counter\" data-id=\"e4e5c13\" data-element_type=\"widget\" data-widget_type=\"counter.default\">\n\t\t\t\t<div class=\"elementor-widget-container\">\n\t\t\t\t\t\t\t<div class=\"elementor-counter\">\n\t\t\t<div class=\"elementor-counter-title\">Perustamisvuosi<\/div>\t\t\t<div class=\"elementor-counter-number-wrapper\">\n\t\t\t\t<span class=\"elementor-counter-number-prefix\"><\/span>\n\t\t\t\t<span class=\"elementor-counter-number\" data-duration=\"600\" data-to-value=\"1990\" data-from-value=\"0\">0<\/span>\n\t\t\t\t<span class=\"elementor-counter-number-suffix\"><\/span>\n\t\t\t<\/div>\n\t\t<\/div>\n\t\t\t\t\t\t<\/div>\n\t\t\t\t<\/div>\n\t\t\t\t\t<\/div>\n\t\t\t\t<\/div>\n\t\t\t\t\t<\/div>\n\t\t\t\t<\/div>\n\t\t\t\t\t<\/div>\n\t\t\t\t<\/div>\n\t\t<div class=\"elementor-element elementor-element-76ba1435 e-flex e-con-boxed e-con e-child\" data-id=\"76ba1435\" data-element_type=\"container\" data-settings=\"{&quot;jet_parallax_layout_list&quot;:[]}\">\n\t\t\t\t\t<div class=\"e-con-inner\">\n\t\t<div class=\"elementor-element elementor-element-89d03ec e-flex e-con-boxed e-con e-child\" data-id=\"89d03ec\" data-element_type=\"container\" data-settings=\"{&quot;jet_parallax_layout_list&quot;:[]}\">\n\t\t\t\t\t<div class=\"e-con-inner\">\n\t\t<div class=\"elementor-element elementor-element-6ecc0bde e-flex e-con-boxed e-con e-child\" data-id=\"6ecc0bde\" data-element_type=\"container\" data-settings=\"{&quot;jet_parallax_layout_list&quot;:[]}\">\n\t\t\t\t\t<div class=\"e-con-inner\">\n\t\t\t\t<div class=\"elementor-element elementor-element-7d7d729d elementor-widget elementor-widget-counter\" data-id=\"7d7d729d\" data-element_type=\"widget\" data-widget_type=\"counter.default\">\n\t\t\t\t<div class=\"elementor-widget-container\">\n\t\t\t\t\t\t\t<div class=\"elementor-counter\">\n\t\t\t<div class=\"elementor-counter-title\">Toimistoa<\/div>\t\t\t<div class=\"elementor-counter-number-wrapper\">\n\t\t\t\t<span class=\"elementor-counter-number-prefix\"><\/span>\n\t\t\t\t<span class=\"elementor-counter-number\" data-duration=\"700\" data-to-value=\"9\" data-from-value=\"0\" data-delimiter=\",\">0<\/span>\n\t\t\t\t<span class=\"elementor-counter-number-suffix\"><\/span>\n\t\t\t<\/div>\n\t\t<\/div>\n\t\t\t\t\t\t<\/div>\n\t\t\t\t<\/div>\n\t\t\t\t\t<\/div>\n\t\t\t\t<\/div>\n\t\t\t\t\t<\/div>\n\t\t\t\t<\/div>\n\t\t\t\t\t<\/div>\n\t\t\t\t<\/div>\n\t\t\t\t\t<\/div>\n\t\t\t\t<\/div>\n\t\t\t\t<\/div>\n\t\t<div class=\"elementor-element elementor-element-1e2f627d e-con-full e-flex elementor-invisible e-con e-parent\" data-id=\"1e2f627d\" data-element_type=\"container\" data-settings=\"{&quot;animation&quot;:&quot;fadeIn&quot;,&quot;jet_parallax_layout_list&quot;:[],&quot;background_background&quot;:&quot;classic&quot;}\">\n\t\t<div class=\"elementor-element elementor-element-1249d860 e-con-full e-flex e-con e-child\" data-id=\"1249d860\" data-element_type=\"container\" data-settings=\"{&quot;jet_parallax_layout_list&quot;:[]}\">\n\t\t<div class=\"elementor-element elementor-element-789e7a39 e-flex e-con-boxed elementor-invisible e-con e-child\" data-id=\"789e7a39\" data-element_type=\"container\" data-settings=\"{&quot;jet_parallax_layout_list&quot;:[],&quot;animation&quot;:&quot;fadeIn&quot;}\">\n\t\t\t\t\t<div class=\"e-con-inner\">\n\t\t\t\t<div class=\"elementor-element elementor-element-43fa7efe elementor-widget elementor-widget-two-blocks\" data-id=\"43fa7efe\" data-element_type=\"widget\" data-widget_type=\"two-blocks.default\">\n\t\t\t\t<div class=\"elementor-widget-container\">\n\t\t\t\t\t\n\t\t<article class=\"two-blocks two-blocks--small\">\n\t\t\t\n\t\t\t<div class=\"two-blocks-text group two-blocks-text--small-image-right\">\n\t\t\t\t<h4 class=\"two-blocks-heading\">Hankkeemme<\/h4>\n\n\t\t\t\t<div class=\"text-container\"><p>Lue lis\u00e4\u00e4 projekteistamme, joilla rakennamme uusiutuvan energian tulevaisuutta.<\/p><\/div>\n\n\t\t\t\t\t\t\t\t\t\t\t\t\t\t\t<a href=\"\/fi\/hankkeemme\/\" class=\"two-blocks-link\">\n\t\t\t\t\t\t\tTutustu hankesivuihimme\t\t\t\t\t\t\t<span class=\"absolute inset-0\"><\/span>\n\t\t\t\t\t\t<\/a>\n\t\t\t\t\t\t\t\t\t\t\t\t<\/div>\n\n\t\t\t\t\t\t\t<div class=\"w-full lg:w-1\/2 relative isolate flex pr-5\">\n\t\t\t\t\t<div class=\"bg-gradient-to-b from-v2-yellow via-v2-green to-v2-blue-500 absolute inset-0 rounded-[20px] z-[-1]\"><\/div>\n\n\t\t\t\t\t<img fetchpriority=\"high\" decoding=\"async\" width=\"1024\" height=\"720\" src=\"https:\/\/www.eolus.com\/wp-content\/uploads\/2023\/12\/Eolus-Utterberget-1024x720.webp\" class=\"attachment-large size-large\" alt=\"\" srcset=\"https:\/\/www.eolus.com\/wp-content\/uploads\/2023\/12\/Eolus-Utterberget-1024x720.webp 1024w, https:\/\/www.eolus.com\/wp-content\/uploads\/2023\/12\/Eolus-Utterberget-300x211.webp 300w, https:\/\/www.eolus.com\/wp-content\/uploads\/2023\/12\/Eolus-Utterberget-768x540.webp 768w, https:\/\/www.eolus.com\/wp-content\/uploads\/2023\/12\/Eolus-Utterberget-540x380.webp 540w, https:\/\/www.eolus.com\/wp-content\/uploads\/2023\/12\/Eolus-Utterberget.webp 1280w\" sizes=\"(max-width: 1024px) 100vw, 1024px\" \/>\t\t\t\t<\/div>\n\t\t\t\t\t<\/article>\n\t\t\t\t<\/div>\n\t\t\t\t<\/div>\n\t\t\t\t\t<\/div>\n\t\t\t\t<\/div>\n\t\t\t\t<\/div>\n\t\t\t\t<\/div>\n\t\t\t\t<\/div>\n\t\t","protected":false},"excerpt":{"rendered":"<p>Sata vuotta sitten planeetallamme eli kaksi miljardia ihmist\u00e4 ja yleisin viestint\u00e4v\u00e4line oli sanomalehti. Nyt meit\u00e4 on nelj\u00e4 kertaa enemm\u00e4n, ja tieto liikkuu valonnopeudella. Maailma muuttuu nopeammin kuin koskaan aikaisemmin. Niin muutumme mekin. Vuonna 1990 meill\u00e4 oli visio uusiutuvasta tulevaisuudesta \u2013 huomisesta, joka ei riippuisi fossiilisista polttoaineista, jossa kasvu ja kest\u00e4v\u00e4 kehitys voisivat el\u00e4\u00e4 rinnakkain, ja [&hellip;]<\/p>\n","protected":false},"author":16,"featured_media":0,"parent":0,"menu_order":0,"comment_status":"closed","ping_status":"closed","template":"","meta":{"_acf_changed":false,"footnotes":""},"class_list":["post-27315","page","type-page","status-publish","hentry"],"acf":[],"yoast_head":"<!-- This site is optimized with the Yoast SEO plugin v26.5 - https:\/\/yoast.com\/wordpress\/plugins\/seo\/ -->\n<title>Meist\u00e4<\/title>\n<meta name=\"description\" content=\"Eolus toteuttaa uusiutuvan energian hankkeita ja tarjoaa vastuullisia sijoituskohteita paikallisille ja kansainv\u00e4lisille kumppaneillemme.\" \/>\n<meta name=\"robots\" content=\"index, follow, max-snippet:-1, max-image-preview:large, max-video-preview:-1\" \/>\n<link rel=\"canonical\" href=\"https:\/\/www.eolus.com\/vilka-vi-ar\/\" \/>\n<meta property=\"og:locale\" content=\"fi_FI\" \/>\n<meta property=\"og:type\" content=\"article\" \/>\n<meta property=\"og:title\" content=\"Meist\u00e4\" \/>\n<meta property=\"og:description\" content=\"Eolus toteuttaa uusiutuvan energian hankkeita ja tarjoaa vastuullisia sijoituskohteita paikallisille ja kansainv\u00e4lisille kumppaneillemme.\" \/>\n<meta property=\"og:url\" content=\"https:\/\/www.eolus.com\/vilka-vi-ar\/\" \/>\n<meta property=\"og:site_name\" content=\"Eolus\" \/>\n<meta property=\"article:modified_time\" content=\"2025-09-15T13:59:35+00:00\" \/>\n<meta property=\"og:image\" content=\"https:\/\/www.eolus.com\/wp-content\/uploads\/2023\/12\/Eolus-Utterberget-1024x720.webp\" \/>\n<meta name=\"twitter:card\" content=\"summary_large_image\" \/>\n<meta name=\"twitter:label1\" content=\"Arvioitu lukuaika\" \/>\n\t<meta name=\"twitter:data1\" content=\"1 minuutti\" \/>\n<script type=\"application\/ld+json\" class=\"yoast-schema-graph\">{\"@context\":\"https:\/\/schema.org\",\"@graph\":[{\"@type\":\"WebPage\",\"@id\":\"https:\/\/www.eolus.com\/vilka-vi-ar\/\",\"url\":\"https:\/\/www.eolus.com\/vilka-vi-ar\/\",\"name\":\"Meist\u00e4\",\"isPartOf\":{\"@id\":\"https:\/\/www.eolus.com\/#website\"},\"primaryImageOfPage\":{\"@id\":\"https:\/\/www.eolus.com\/vilka-vi-ar\/#primaryimage\"},\"image\":{\"@id\":\"https:\/\/www.eolus.com\/vilka-vi-ar\/#primaryimage\"},\"thumbnailUrl\":\"https:\/\/www.eolus.com\/wp-content\/uploads\/2023\/12\/Eolus-Utterberget-1024x720.webp\",\"datePublished\":\"2024-01-16T13:09:55+00:00\",\"dateModified\":\"2025-09-15T13:59:35+00:00\",\"description\":\"Eolus toteuttaa uusiutuvan energian hankkeita ja tarjoaa vastuullisia sijoituskohteita paikallisille ja kansainv\u00e4lisille kumppaneillemme.\",\"breadcrumb\":{\"@id\":\"https:\/\/www.eolus.com\/vilka-vi-ar\/#breadcrumb\"},\"inLanguage\":\"fi\",\"potentialAction\":[{\"@type\":\"ReadAction\",\"target\":[\"https:\/\/www.eolus.com\/vilka-vi-ar\/\"]}]},{\"@type\":\"ImageObject\",\"inLanguage\":\"fi\",\"@id\":\"https:\/\/www.eolus.com\/vilka-vi-ar\/#primaryimage\",\"url\":\"https:\/\/www.eolus.com\/wp-content\/uploads\/2023\/12\/Eolus-Utterberget-1024x720.webp\",\"contentUrl\":\"https:\/\/www.eolus.com\/wp-content\/uploads\/2023\/12\/Eolus-Utterberget-1024x720.webp\"},{\"@type\":\"BreadcrumbList\",\"@id\":\"https:\/\/www.eolus.com\/vilka-vi-ar\/#breadcrumb\",\"itemListElement\":[{\"@type\":\"ListItem\",\"position\":1,\"name\":\"Home\",\"item\":\"https:\/\/www.eolus.com\/\"},{\"@type\":\"ListItem\",\"position\":2,\"name\":\"Meist\u00e4\"}]},{\"@type\":\"WebSite\",\"@id\":\"https:\/\/www.eolus.com\/#website\",\"url\":\"https:\/\/www.eolus.com\/\",\"name\":\"Eolus\",\"description\":\"Shaping the Future of Renewable Energy\",\"potentialAction\":[{\"@type\":\"SearchAction\",\"target\":{\"@type\":\"EntryPoint\",\"urlTemplate\":\"https:\/\/www.eolus.com\/?s={search_term_string}\"},\"query-input\":{\"@type\":\"PropertyValueSpecification\",\"valueRequired\":true,\"valueName\":\"search_term_string\"}}],\"inLanguage\":\"fi\"}]}<\/script>\n<!-- \/ Yoast SEO plugin. -->","yoast_head_json":{"title":"Meist\u00e4","description":"Eolus toteuttaa uusiutuvan energian hankkeita ja tarjoaa vastuullisia sijoituskohteita paikallisille ja kansainv\u00e4lisille kumppaneillemme.","robots":{"index":"index","follow":"follow","max-snippet":"max-snippet:-1","max-image-preview":"max-image-preview:large","max-video-preview":"max-video-preview:-1"},"canonical":"https:\/\/www.eolus.com\/vilka-vi-ar\/","og_locale":"fi_FI","og_type":"article","og_title":"Meist\u00e4","og_description":"Eolus toteuttaa uusiutuvan energian hankkeita ja tarjoaa vastuullisia sijoituskohteita paikallisille ja kansainv\u00e4lisille kumppaneillemme.","og_url":"https:\/\/www.eolus.com\/vilka-vi-ar\/","og_site_name":"Eolus","article_modified_time":"2025-09-15T13:59:35+00:00","og_image":[{"url":"https:\/\/www.eolus.com\/wp-content\/uploads\/2023\/12\/Eolus-Utterberget-1024x720.webp","type":"","width":"","height":""}],"twitter_card":"summary_large_image","twitter_misc":{"Arvioitu lukuaika":"1 minuutti"},"schema":{"@context":"https:\/\/schema.org","@graph":[{"@type":"WebPage","@id":"https:\/\/www.eolus.com\/vilka-vi-ar\/","url":"https:\/\/www.eolus.com\/vilka-vi-ar\/","name":"Meist\u00e4","isPartOf":{"@id":"https:\/\/www.eolus.com\/#website"},"primaryImageOfPage":{"@id":"https:\/\/www.eolus.com\/vilka-vi-ar\/#primaryimage"},"image":{"@id":"https:\/\/www.eolus.com\/vilka-vi-ar\/#primaryimage"},"thumbnailUrl":"https:\/\/www.eolus.com\/wp-content\/uploads\/2023\/12\/Eolus-Utterberget-1024x720.webp","datePublished":"2024-01-16T13:09:55+00:00","dateModified":"2025-09-15T13:59:35+00:00","description":"Eolus toteuttaa uusiutuvan energian hankkeita ja tarjoaa vastuullisia sijoituskohteita paikallisille ja kansainv\u00e4lisille kumppaneillemme.","breadcrumb":{"@id":"https:\/\/www.eolus.com\/vilka-vi-ar\/#breadcrumb"},"inLanguage":"fi","potentialAction":[{"@type":"ReadAction","target":["https:\/\/www.eolus.com\/vilka-vi-ar\/"]}]},{"@type":"ImageObject","inLanguage":"fi","@id":"https:\/\/www.eolus.com\/vilka-vi-ar\/#primaryimage","url":"https:\/\/www.eolus.com\/wp-content\/uploads\/2023\/12\/Eolus-Utterberget-1024x720.webp","contentUrl":"https:\/\/www.eolus.com\/wp-content\/uploads\/2023\/12\/Eolus-Utterberget-1024x720.webp"},{"@type":"BreadcrumbList","@id":"https:\/\/www.eolus.com\/vilka-vi-ar\/#breadcrumb","itemListElement":[{"@type":"ListItem","position":1,"name":"Home","item":"https:\/\/www.eolus.com\/"},{"@type":"ListItem","position":2,"name":"Meist\u00e4"}]},{"@type":"WebSite","@id":"https:\/\/www.eolus.com\/#website","url":"https:\/\/www.eolus.com\/","name":"Eolus","description":"Shaping the Future of Renewable Energy","potentialAction":[{"@type":"SearchAction","target":{"@type":"EntryPoint","urlTemplate":"https:\/\/www.eolus.com\/?s={search_term_string}"},"query-input":{"@type":"PropertyValueSpecification","valueRequired":true,"valueName":"search_term_string"}}],"inLanguage":"fi"}]}},"_links":{"self":[{"href":"https:\/\/www.eolus.com\/fi\/wp-json\/wp\/v2\/pages\/27315","targetHints":{"allow":["GET"]}}],"collection":[{"href":"https:\/\/www.eolus.com\/fi\/wp-json\/wp\/v2\/pages"}],"about":[{"href":"https:\/\/www.eolus.com\/fi\/wp-json\/wp\/v2\/types\/page"}],"author":[{"embeddable":true,"href":"https:\/\/www.eolus.com\/fi\/wp-json\/wp\/v2\/users\/16"}],"replies":[{"embeddable":true,"href":"https:\/\/www.eolus.com\/fi\/wp-json\/wp\/v2\/comments?post=27315"}],"version-history":[{"count":15,"href":"https:\/\/www.eolus.com\/fi\/wp-json\/wp\/v2\/pages\/27315\/revisions"}],"predecessor-version":[{"id":63108,"href":"https:\/\/www.eolus.com\/fi\/wp-json\/wp\/v2\/pages\/27315\/revisions\/63108"}],"wp:attachment":[{"href":"https:\/\/www.eolus.com\/fi\/wp-json\/wp\/v2\/media?parent=27315"}],"curies":[{"name":"wp","href":"https:\/\/api.w.org\/{rel}","templated":true}]}}