{"id":27325,"date":"2024-01-16T14:16:42","date_gmt":"2024-01-16T13:16:42","guid":{"rendered":"https:\/\/www.eolus.com\/meista\/historia-ja-nimi\/"},"modified":"2025-09-19T12:23:10","modified_gmt":"2025-09-19T10:23:10","slug":"historia-ja-nimi","status":"publish","type":"page","link":"https:\/\/www.eolus.com\/fi\/meista\/historia-ja-nimi\/","title":{"rendered":"Historia ja nimi"},"content":{"rendered":"\t\t<div data-elementor-type=\"wp-page\" data-elementor-id=\"27325\" class=\"elementor elementor-27325 elementor-22086\" data-elementor-post-type=\"page\">\n\t\t\t\t<div class=\"elementor-element elementor-element-758c449f e-con-full animated-slow e-flex elementor-invisible e-con e-parent\" data-id=\"758c449f\" data-element_type=\"container\" data-e-type=\"container\" data-settings=\"{&quot;background_background&quot;:&quot;classic&quot;,&quot;animation&quot;:&quot;fadeIn&quot;,&quot;jet_parallax_layout_list&quot;:[]}\">\n\t\t<div class=\"elementor-element elementor-element-4e02d735 e-flex e-con-boxed e-con e-child\" data-id=\"4e02d735\" data-element_type=\"container\" data-e-type=\"container\" data-settings=\"{&quot;jet_parallax_layout_list&quot;:[]}\">\n\t\t\t\t\t<div class=\"e-con-inner\">\n\t\t<div class=\"elementor-element elementor-element-5c850b7d e-con-full e-flex e-con e-child\" data-id=\"5c850b7d\" data-element_type=\"container\" data-e-type=\"container\" data-settings=\"{&quot;jet_parallax_layout_list&quot;:[]}\">\n\t\t\t\t<div class=\"elementor-element elementor-element-8046e59 elementor-invisible elementor-widget elementor-widget-heading\" data-id=\"8046e59\" data-element_type=\"widget\" data-e-type=\"widget\" data-settings=\"{&quot;_animation&quot;:&quot;fadeIn&quot;}\" data-widget_type=\"heading.default\">\n\t\t\t\t<div class=\"elementor-widget-container\">\n\t\t\t\t\t<h4 class=\"elementor-heading-title elementor-size-default\">Historia ja nimi<\/h4>\t\t\t\t<\/div>\n\t\t\t\t<\/div>\n\t\t\t\t<div class=\"elementor-element elementor-element-113003ca elementor-invisible elementor-widget elementor-widget-text-editor\" data-id=\"113003ca\" data-element_type=\"widget\" data-e-type=\"widget\" data-settings=\"{&quot;_animation&quot;:&quot;fadeIn&quot;,&quot;_animation_delay&quot;:&quot;200&quot;}\" data-widget_type=\"text-editor.default\">\n\t\t\t\t<div class=\"elementor-widget-container\">\n\t\t\t\t\t\t\t\t\t<p>Kun Eolus perustettiin vuonna 1990, olimme Ruotsissa edell\u00e4k\u00e4vij\u00e4 ja yksi koko maan tuulivoima-alan tienraivaajista. Juuremme ovat Etel\u00e4-Ruotsin Sk\u00e5nessa, mutta olemme aina t\u00e4hd\u00e4nneet korkeammalle, kohti kest\u00e4v\u00e4mp\u00e4\u00e4 tulevaisuutta.<\/p>\n<p>Yhti\u00f6mme alkutaipaleella toteutimme pienimuotoisia ja innovatiivisia uusiutuvan energian hankkeita yhdess\u00e4 asiakkaittemme kanssa. Yli 30 vuotta my\u00f6hemmin toimintamme on laajentunut useaan eri maahan, ja kehit\u00e4mme maatuulivoiman ohella muitakin uusiutuvan energian teknologioita. Nykyisin olemme yksi Ruotsin merkitt\u00e4vimmist\u00e4 uusiutuvan energian hankekehitykseen keskittyvist\u00e4 p\u00f6rssiyhti\u00f6ist\u00e4.<\/p>\n\t\t\t\t\t\t\t\t<\/div>\n\t\t\t\t<\/div>\n\t\t\t\t<div class=\"elementor-element elementor-element-7a4d6fb0 elementor-invisible elementor-widget elementor-widget-heading\" data-id=\"7a4d6fb0\" data-element_type=\"widget\" data-e-type=\"widget\" data-settings=\"{&quot;_animation&quot;:&quot;fadeIn&quot;,&quot;_animation_delay&quot;:&quot;400&quot;}\" data-widget_type=\"heading.default\">\n\t\t\t\t<div class=\"elementor-widget-container\">\n\t\t\t\t\t<h5 class=\"elementor-heading-title elementor-size-default\">Historiamme<\/h5>\t\t\t\t<\/div>\n\t\t\t\t<\/div>\n\t\t\t\t<div class=\"elementor-element elementor-element-7db61bb0 elementor-invisible elementor-widget elementor-widget-text-editor\" data-id=\"7db61bb0\" data-element_type=\"widget\" data-e-type=\"widget\" data-settings=\"{&quot;_animation&quot;:&quot;fadeIn&quot;,&quot;_animation_delay&quot;:&quot;600&quot;}\" data-widget_type=\"text-editor.default\">\n\t\t\t\t<div class=\"elementor-widget-container\">\n\t\t\t\t\t\t\t\t\t<p><strong>1990<\/strong> Eolus perustetaan Sk\u00e5nen Osbyss\u00e4.<\/p>\n<p><strong>1991<\/strong> Eolus asentaa ensimm\u00e4isen 0,2 megawatin (MW) tehoisen tuulivoimalan \u00d6\u00f6lantiin.<\/p>\n<p><strong>1996<\/strong> Eolus asentaa ensimm\u00e4isen 0,6 megawatin tehoisen tuulivoimalan Gotlantiin.<\/p>\n<p><strong>2002<\/strong> Eolus asentaa ensimm\u00e4isen 1,8 megawatin tehoisen tuulivoimalan Sk\u00e5neen.<\/p>\n<p><strong>2004<\/strong> Eolus muuttaa Etel\u00e4-Ruotsin H\u00e4ssleholmiin. Eolus asentaa yhti\u00f6n 100. tuulivoimalan.<\/p>\n<p><strong>2009<\/strong> Eolus listautuu Tukholman p\u00f6rssin First North -listalle. Eolus asentaa yhti\u00f6n 200. tuulivoimalan.<\/p>\n<p><strong>2012<\/strong> Eolus laajentaa toimintaansa Baltian maihin.<\/p>\n<p><strong>2012<\/strong> Per Witalisson nimitet\u00e4\u00e4n Eoluksen toimitusjohtajaksi. H\u00e4n toimi aiemmin vuosina 2006\u20132012 Eoluksen talousjohtajana.<\/p>\n<p><strong>2013<\/strong> Eolus asentaa yhti\u00f6n 400. tuulivoimalan.<\/p>\n\t\t\t\t\t\t\t\t<\/div>\n\t\t\t\t<\/div>\n\t\t<div class=\"elementor-element elementor-element-10368461 e-flex e-con-boxed elementor-invisible e-con e-child\" data-id=\"10368461\" data-element_type=\"container\" data-e-type=\"container\" data-settings=\"{&quot;background_background&quot;:&quot;classic&quot;,&quot;jet_parallax_layout_list&quot;:[],&quot;animation&quot;:&quot;fadeIn&quot;,&quot;animation_delay&quot;:&quot;600&quot;}\">\n\t\t\t\t\t<div class=\"e-con-inner\">\n\t\t\t\t<div class=\"elementor-element elementor-element-a1d5152 elementor-widget elementor-widget-heading\" data-id=\"a1d5152\" data-element_type=\"widget\" data-e-type=\"widget\" data-widget_type=\"heading.default\">\n\t\t\t\t<div class=\"elementor-widget-container\">\n\t\t\t\t\t<h6 class=\"elementor-heading-title elementor-size-default\">Wind Wall -hanke: Vanhan tuulivoimapuiston uusiminen Yhdysvalloissa<\/h6>\t\t\t\t<\/div>\n\t\t\t\t<\/div>\n\t\t\t\t\t<\/div>\n\t\t\t\t<\/div>\n\t\t<div class=\"elementor-element elementor-element-19584b7d e-flex e-con-boxed e-con e-child\" data-id=\"19584b7d\" data-element_type=\"container\" data-e-type=\"container\" data-settings=\"{&quot;jet_parallax_layout_list&quot;:[]}\">\n\t\t\t\t\t<div class=\"e-con-inner\">\n\t\t\t\t<div class=\"elementor-element elementor-element-2d62ae2d elementor-widget__width-initial elementor-invisible elementor-widget elementor-widget-text-editor\" data-id=\"2d62ae2d\" data-element_type=\"widget\" data-e-type=\"widget\" data-settings=\"{&quot;_animation&quot;:&quot;fadeIn&quot;}\" data-widget_type=\"text-editor.default\">\n\t\t\t\t<div class=\"elementor-widget-container\">\n\t\t\t\t\t\t\t\t\t<p><strong>2014<\/strong> Eolus laajentuu Suomeen ostamalla kaksi kehitysvaiheessa olevaa hanketta. Norjan \u00d8yfjellet-tuulivoimahankkeen luvitus valmistuu.<\/p>\n<p><strong>2015<\/strong> Eolus listaa B-osakesarjansa Tukholman p\u00f6rssin Small Cap -listalle. Eolus aloittaa toiminnan Yhdysvalloissa ja hankkii kaksi tuulivoimaprojektia Nevadasta.<\/p>\n<p><strong>2017<\/strong> Liiketoimintakonsepti laajenee maatuulivoiman lis\u00e4ksi muihin uusiutuvan energian tuotannon ja varastoinnin muotoihin. Eolus asentaa yhti\u00f6n 500. tuulivoimalan.<\/p>\n<p><strong>2018<\/strong> Eolus jatkaa laajenemistaan Yhdysvalloissa hankkimalla varhaisen kehitysvaiheen aurinkoenergia- ja akkuvarastohankkeen.<\/p>\n<p><strong>2019<\/strong> Yhdysvalloissa k\u00e4ynnistyy Wind Wall 1 -hankkeen rakentaminen, jossa Eolus uusii vanhemman tuulivoimapuiston voimalat. Eolus allekirjoittaa Amazon Web Servicesin kanssa s\u00e4hk\u00f6nostosopimuksen (Power Purchase Agreement, PPA). Eoluksella on nyt toimintaa Ruotsissa, Norjassa, Suomessa, Virossa, Latviassa ja Yhdysvalloissa.<\/p>\n<p><strong>2020 <\/strong>Eoluksen B-osakesarja siirret\u00e4\u00e4n Tukholman p\u00f6rssin Mid Cap -listalle. \u00d8yfjellet-tuulivoimahankkeen rakentaminen k\u00e4ynnistyy Norjassa. Eolus asentaa yhti\u00f6n 600. tuulivoimalan.<\/p>\n<p><strong>2021<\/strong> Eolus laajentaa toimintaansa Puolaan. Yhti\u00f6n maajohtajaksi nimitet\u00e4\u00e4n Daniel Larsson. Suomeen perustetaan oma maaorganisaatio.<\/p>\n<p><strong>2022<\/strong> Eolus luovuttaa Yhdysvalloissa 120 megawatin akkuprojektin sek\u00e4 750 megawatin aurinkoenergia- ja akkuvarastoprojektin. Eolus luovuttaa Ruotsissa Stor-Sk\u00e4lsj\u00f6nin tuulivoimahankkeen MEAG:lle.<\/p>\n<p><strong>2023<\/strong> Eoluksella on yli 100 ty\u00f6ntekij\u00e4\u00e4 ja toimintaa Ruotsissa, Norjassa, Suomessa, Baltian maissa, Puolassa, Yhdysvalloissa ja Espanjassa. \u00d8yfjellet-hanke valmistuu Norjassa. Eolus luovuttaa Ruotsissa Skallberget-, Utterberget-, Tj\u00e4rn\u00e4s- ja Rosenskog -tuulivoimahankkeet sveitsil\u00e4iselle BKW:lle.<\/p>\n\t\t\t\t\t\t\t\t<\/div>\n\t\t\t\t<\/div>\n\t\t\t\t\t<\/div>\n\t\t\t\t<\/div>\n\t\t\t\t<\/div>\n\t\t<div class=\"elementor-element elementor-element-3dcd4cf1 e-con-full e-flex e-con e-child\" data-id=\"3dcd4cf1\" data-element_type=\"container\" data-e-type=\"container\" data-settings=\"{&quot;jet_parallax_layout_list&quot;:[]}\">\n\t\t<div class=\"elementor-element elementor-element-308ee5ac e-flex e-con-boxed elementor-invisible e-con e-child\" data-id=\"308ee5ac\" data-element_type=\"container\" data-e-type=\"container\" data-settings=\"{&quot;jet_parallax_layout_list&quot;:[],&quot;animation&quot;:&quot;fadeIn&quot;,&quot;animation_delay&quot;:&quot;100&quot;}\">\n\t\t\t\t\t<div class=\"e-con-inner\">\n\t\t\t\t\t<\/div>\n\t\t\t\t<\/div>\n\t\t\t\t<\/div>\n\t\t\t\t\t<\/div>\n\t\t\t\t<\/div>\n\t\t\t\t<\/div>\n\t\t<div class=\"elementor-element elementor-element-4053d513 e-flex e-con-boxed e-con e-parent\" data-id=\"4053d513\" data-element_type=\"container\" data-e-type=\"container\" data-settings=\"{&quot;jet_parallax_layout_list&quot;:[]}\">\n\t\t\t\t\t<div class=\"e-con-inner\">\n\t\t<div class=\"elementor-element elementor-element-22739f72 e-flex e-con-boxed elementor-invisible e-con e-child\" data-id=\"22739f72\" data-element_type=\"container\" data-e-type=\"container\" data-settings=\"{&quot;background_background&quot;:&quot;classic&quot;,&quot;jet_parallax_layout_list&quot;:[],&quot;animation&quot;:&quot;fadeIn&quot;}\">\n\t\t\t\t\t<div class=\"e-con-inner\">\n\t\t\t\t<div class=\"elementor-element elementor-element-6bbb164f elementor-widget elementor-widget-heading\" data-id=\"6bbb164f\" data-element_type=\"widget\" data-e-type=\"widget\" data-widget_type=\"heading.default\">\n\t\t\t\t<div class=\"elementor-widget-container\">\n\t\t\t\t\t<h6 class=\"elementor-heading-title elementor-size-default\">Eolus listautui Tukholman p\u00f6rssiin vuonna 2009<\/h6>\t\t\t\t<\/div>\n\t\t\t\t<\/div>\n\t\t\t\t\t<\/div>\n\t\t\t\t<\/div>\n\t\t<div class=\"elementor-element elementor-element-8be52d8 e-flex e-con-boxed e-con e-child\" data-id=\"8be52d8\" data-element_type=\"container\" data-e-type=\"container\" data-settings=\"{&quot;jet_parallax_layout_list&quot;:[]}\">\n\t\t\t\t\t<div class=\"e-con-inner\">\n\t\t\t\t<div class=\"elementor-element elementor-element-3ffe25a7 elementor-invisible elementor-widget elementor-widget-heading\" data-id=\"3ffe25a7\" data-element_type=\"widget\" data-e-type=\"widget\" data-settings=\"{&quot;_animation&quot;:&quot;fadeIn&quot;}\" data-widget_type=\"heading.default\">\n\t\t\t\t<div class=\"elementor-widget-container\">\n\t\t\t\t\t<h5 class=\"elementor-heading-title elementor-size-default\">Eolus<\/h5>\t\t\t\t<\/div>\n\t\t\t\t<\/div>\n\t\t\t\t<div class=\"elementor-element elementor-element-1139369f elementor-invisible elementor-widget elementor-widget-text-editor\" data-id=\"1139369f\" data-element_type=\"widget\" data-e-type=\"widget\" data-settings=\"{&quot;_animation&quot;:&quot;fadeIn&quot;}\" data-widget_type=\"text-editor.default\">\n\t\t\t\t<div class=\"elementor-widget-container\">\n\t\t\t\t\t\t\t\t\t<p>Eolus on vanha ruotsinkielinen muoto kreikkalaisen tuulten jumala Aioloksen nimest\u00e4. Aiolos esiintyy Odysseiassa, jossa h\u00e4n hallitsee tuulia Aeolian saarella.<\/p>\n\t\t\t\t\t\t\t\t<\/div>\n\t\t\t\t<\/div>\n\t\t\t\t\t<\/div>\n\t\t\t\t<\/div>\n\t\t\t\t\t<\/div>\n\t\t\t\t<\/div>\n\t\t\t\t<\/div>\n\t\t","protected":false},"excerpt":{"rendered":"<p>Kun Eolus perustettiin vuonna 1990, olimme Ruotsissa edell\u00e4k\u00e4vij\u00e4 ja yksi koko maan tuulivoima-alan tienraivaajista. Juuremme ovat Etel\u00e4-Ruotsin Sk\u00e5nessa, mutta olemme aina t\u00e4hd\u00e4nneet korkeammalle, kohti kest\u00e4v\u00e4mp\u00e4\u00e4 tulevaisuutta. Yhti\u00f6mme alkutaipaleella toteutimme pienimuotoisia ja innovatiivisia uusiutuvan energian hankkeita yhdess\u00e4 asiakkaittemme kanssa. Yli 30 vuotta my\u00f6hemmin toimintamme on laajentunut useaan eri maahan, ja kehit\u00e4mme maatuulivoiman ohella muitakin uusiutuvan energian [&hellip;]<\/p>\n","protected":false},"author":16,"featured_media":0,"parent":27315,"menu_order":0,"comment_status":"closed","ping_status":"closed","template":"","meta":{"_acf_changed":false,"footnotes":""},"class_list":["post-27325","page","type-page","status-publish","hentry"],"acf":[],"yoast_head":"<!-- This site is optimized with the Yoast SEO plugin v27.3 - https:\/\/yoast.com\/product\/yoast-seo-wordpress\/ -->\n<title>Historia ja nimi<\/title>\n<meta name=\"description\" content=\"Eolus perustettiin Ruotsissa vuonna 1990. Perustamisestamme l\u00e4htien olemme olleet mukana rakentamassa uusiutuvan energian tulevaisuutta.\" \/>\n<meta name=\"robots\" content=\"index, follow, max-snippet:-1, max-image-preview:large, max-video-preview:-1\" \/>\n<link rel=\"canonical\" href=\"https:\/\/www.eolus.com\/vilka-vi-ar\/historia-namn\/\" \/>\n<meta property=\"og:locale\" content=\"fi_FI\" \/>\n<meta property=\"og:type\" content=\"article\" \/>\n<meta property=\"og:title\" content=\"Historia ja nimi\" \/>\n<meta property=\"og:description\" content=\"Eolus perustettiin Ruotsissa vuonna 1990. Perustamisestamme l\u00e4htien olemme olleet mukana rakentamassa uusiutuvan energian tulevaisuutta.\" \/>\n<meta property=\"og:url\" content=\"https:\/\/www.eolus.com\/vilka-vi-ar\/historia-namn\/\" \/>\n<meta property=\"og:site_name\" content=\"Eolus\" \/>\n<meta property=\"article:modified_time\" content=\"2025-09-19T10:23:10+00:00\" \/>\n<meta name=\"twitter:card\" content=\"summary_large_image\" \/>\n<meta name=\"twitter:label1\" content=\"Arvioitu lukuaika\" \/>\n\t<meta name=\"twitter:data1\" content=\"3 minuuttia\" \/>\n<script type=\"application\/ld+json\" class=\"yoast-schema-graph\">{\"@context\":\"https:\\\/\\\/schema.org\",\"@graph\":[{\"@type\":\"WebPage\",\"@id\":\"https:\\\/\\\/www.eolus.com\\\/vilka-vi-ar\\\/historia-namn\\\/\",\"url\":\"https:\\\/\\\/www.eolus.com\\\/vilka-vi-ar\\\/historia-namn\\\/\",\"name\":\"Historia ja nimi\",\"isPartOf\":{\"@id\":\"https:\\\/\\\/www.eolus.com\\\/#website\"},\"datePublished\":\"2024-01-16T13:16:42+00:00\",\"dateModified\":\"2025-09-19T10:23:10+00:00\",\"description\":\"Eolus perustettiin Ruotsissa vuonna 1990. Perustamisestamme l\u00e4htien olemme olleet mukana rakentamassa uusiutuvan energian tulevaisuutta.\",\"breadcrumb\":{\"@id\":\"https:\\\/\\\/www.eolus.com\\\/vilka-vi-ar\\\/historia-namn\\\/#breadcrumb\"},\"inLanguage\":\"fi\",\"potentialAction\":[{\"@type\":\"ReadAction\",\"target\":[\"https:\\\/\\\/www.eolus.com\\\/vilka-vi-ar\\\/historia-namn\\\/\"]}]},{\"@type\":\"BreadcrumbList\",\"@id\":\"https:\\\/\\\/www.eolus.com\\\/vilka-vi-ar\\\/historia-namn\\\/#breadcrumb\",\"itemListElement\":[{\"@type\":\"ListItem\",\"position\":1,\"name\":\"Home\",\"item\":\"https:\\\/\\\/www.eolus.com\\\/\"},{\"@type\":\"ListItem\",\"position\":2,\"name\":\"Meist\u00e4\",\"item\":\"https:\\\/\\\/www.eolus.com\\\/vilka-vi-ar\\\/\"},{\"@type\":\"ListItem\",\"position\":3,\"name\":\"Historia ja nimi\"}]},{\"@type\":\"WebSite\",\"@id\":\"https:\\\/\\\/www.eolus.com\\\/#website\",\"url\":\"https:\\\/\\\/www.eolus.com\\\/\",\"name\":\"Eolus\",\"description\":\"Shaping the Future of Renewable Energy\",\"potentialAction\":[{\"@type\":\"SearchAction\",\"target\":{\"@type\":\"EntryPoint\",\"urlTemplate\":\"https:\\\/\\\/www.eolus.com\\\/?s={search_term_string}\"},\"query-input\":{\"@type\":\"PropertyValueSpecification\",\"valueRequired\":true,\"valueName\":\"search_term_string\"}}],\"inLanguage\":\"fi\"}]}<\/script>\n<!-- \/ Yoast SEO plugin. -->","yoast_head_json":{"title":"Historia ja nimi","description":"Eolus perustettiin Ruotsissa vuonna 1990. Perustamisestamme l\u00e4htien olemme olleet mukana rakentamassa uusiutuvan energian tulevaisuutta.","robots":{"index":"index","follow":"follow","max-snippet":"max-snippet:-1","max-image-preview":"max-image-preview:large","max-video-preview":"max-video-preview:-1"},"canonical":"https:\/\/www.eolus.com\/vilka-vi-ar\/historia-namn\/","og_locale":"fi_FI","og_type":"article","og_title":"Historia ja nimi","og_description":"Eolus perustettiin Ruotsissa vuonna 1990. Perustamisestamme l\u00e4htien olemme olleet mukana rakentamassa uusiutuvan energian tulevaisuutta.","og_url":"https:\/\/www.eolus.com\/vilka-vi-ar\/historia-namn\/","og_site_name":"Eolus","article_modified_time":"2025-09-19T10:23:10+00:00","twitter_card":"summary_large_image","twitter_misc":{"Arvioitu lukuaika":"3 minuuttia"},"schema":{"@context":"https:\/\/schema.org","@graph":[{"@type":"WebPage","@id":"https:\/\/www.eolus.com\/vilka-vi-ar\/historia-namn\/","url":"https:\/\/www.eolus.com\/vilka-vi-ar\/historia-namn\/","name":"Historia ja nimi","isPartOf":{"@id":"https:\/\/www.eolus.com\/#website"},"datePublished":"2024-01-16T13:16:42+00:00","dateModified":"2025-09-19T10:23:10+00:00","description":"Eolus perustettiin Ruotsissa vuonna 1990. Perustamisestamme l\u00e4htien olemme olleet mukana rakentamassa uusiutuvan energian tulevaisuutta.","breadcrumb":{"@id":"https:\/\/www.eolus.com\/vilka-vi-ar\/historia-namn\/#breadcrumb"},"inLanguage":"fi","potentialAction":[{"@type":"ReadAction","target":["https:\/\/www.eolus.com\/vilka-vi-ar\/historia-namn\/"]}]},{"@type":"BreadcrumbList","@id":"https:\/\/www.eolus.com\/vilka-vi-ar\/historia-namn\/#breadcrumb","itemListElement":[{"@type":"ListItem","position":1,"name":"Home","item":"https:\/\/www.eolus.com\/"},{"@type":"ListItem","position":2,"name":"Meist\u00e4","item":"https:\/\/www.eolus.com\/vilka-vi-ar\/"},{"@type":"ListItem","position":3,"name":"Historia ja nimi"}]},{"@type":"WebSite","@id":"https:\/\/www.eolus.com\/#website","url":"https:\/\/www.eolus.com\/","name":"Eolus","description":"Shaping the Future of Renewable Energy","potentialAction":[{"@type":"SearchAction","target":{"@type":"EntryPoint","urlTemplate":"https:\/\/www.eolus.com\/?s={search_term_string}"},"query-input":{"@type":"PropertyValueSpecification","valueRequired":true,"valueName":"search_term_string"}}],"inLanguage":"fi"}]}},"_links":{"self":[{"href":"https:\/\/www.eolus.com\/fi\/wp-json\/wp\/v2\/pages\/27325","targetHints":{"allow":["GET"]}}],"collection":[{"href":"https:\/\/www.eolus.com\/fi\/wp-json\/wp\/v2\/pages"}],"about":[{"href":"https:\/\/www.eolus.com\/fi\/wp-json\/wp\/v2\/types\/page"}],"author":[{"embeddable":true,"href":"https:\/\/www.eolus.com\/fi\/wp-json\/wp\/v2\/users\/16"}],"replies":[{"embeddable":true,"href":"https:\/\/www.eolus.com\/fi\/wp-json\/wp\/v2\/comments?post=27325"}],"version-history":[{"count":42,"href":"https:\/\/www.eolus.com\/fi\/wp-json\/wp\/v2\/pages\/27325\/revisions"}],"predecessor-version":[{"id":63186,"href":"https:\/\/www.eolus.com\/fi\/wp-json\/wp\/v2\/pages\/27325\/revisions\/63186"}],"up":[{"embeddable":true,"href":"https:\/\/www.eolus.com\/fi\/wp-json\/wp\/v2\/pages\/27315"}],"wp:attachment":[{"href":"https:\/\/www.eolus.com\/fi\/wp-json\/wp\/v2\/media?parent=27325"}],"curies":[{"name":"wp","href":"https:\/\/api.w.org\/{rel}","templated":true}]}}