{"id":30880,"date":"2024-02-02T10:14:41","date_gmt":"2024-02-02T09:14:41","guid":{"rendered":"https:\/\/www.eolus.com\/processing-of-personal-data\/"},"modified":"2026-01-02T10:53:47","modified_gmt":"2026-01-02T09:53:47","slug":"processing-of-personal-data","status":"publish","type":"page","link":"https:\/\/www.eolus.com\/fi\/processing-of-personal-data\/","title":{"rendered":"Henkil\u00f6tietojen k\u00e4sittely"},"content":{"rendered":"\t\t<div data-elementor-type=\"wp-page\" data-elementor-id=\"30880\" class=\"elementor elementor-30880 elementor-26969\" data-elementor-post-type=\"page\">\n\t\t\t\t<div class=\"elementor-element elementor-element-7c03c39b e-con-full animated-slow e-flex elementor-invisible e-con e-parent\" data-id=\"7c03c39b\" data-element_type=\"container\" data-e-type=\"container\" data-settings=\"{&quot;background_background&quot;:&quot;classic&quot;,&quot;animation&quot;:&quot;fadeIn&quot;,&quot;jet_parallax_layout_list&quot;:[]}\">\n\t\t<div class=\"elementor-element elementor-element-383f0ff7 e-flex e-con-boxed e-con e-child\" data-id=\"383f0ff7\" data-element_type=\"container\" data-e-type=\"container\" data-settings=\"{&quot;jet_parallax_layout_list&quot;:[]}\">\n\t\t\t\t\t<div class=\"e-con-inner\">\n\t\t<div class=\"elementor-element elementor-element-69786642 e-con-full e-flex e-con e-child\" data-id=\"69786642\" data-element_type=\"container\" data-e-type=\"container\" data-settings=\"{&quot;jet_parallax_layout_list&quot;:[]}\">\n\t\t\t\t<div class=\"elementor-element elementor-element-67683b66 elementor-invisible elementor-widget elementor-widget-heading\" data-id=\"67683b66\" data-element_type=\"widget\" data-e-type=\"widget\" data-settings=\"{&quot;_animation&quot;:&quot;fadeIn&quot;}\" data-widget_type=\"heading.default\">\n\t\t\t\t<div class=\"elementor-widget-container\">\n\t\t\t\t\t<h4 class=\"elementor-heading-title elementor-size-default\">Henkil\u00f6tietojen k\u00e4sittely<\/h4>\t\t\t\t<\/div>\n\t\t\t\t<\/div>\n\t\t\t\t<div class=\"elementor-element elementor-element-274b0cfc elementor-invisible elementor-widget elementor-widget-text-editor\" data-id=\"274b0cfc\" data-element_type=\"widget\" data-e-type=\"widget\" data-settings=\"{&quot;_animation&quot;:&quot;fadeIn&quot;,&quot;_animation_delay&quot;:&quot;200&quot;}\" data-widget_type=\"text-editor.default\">\n\t\t\t\t<div class=\"elementor-widget-container\">\n\t\t\t\t\t\t\t\t\t<h5><strong>Tietoa henkil\u00f6tietojen k\u00e4sittelyst\u00e4 Eoluksella<\/strong><\/h5><br>Eolus AB (Ruotsin yritysnumero 556389-3956, j\u00e4ljemp\u00e4n\u00e4 &#8221;me\u201d) pyrkii varmistamaan, ett\u00e4 henkil\u00f6tietojesi l\u00e4hett\u00e4minen meille on turvallista. K\u00e4sittelemme jokaisen henkil\u00f6tietoja EU:n yleisen tietosuoja-asetuksen (GDPR) mukaisesti.<br><br>T\u00e4ll\u00e4 sivulle kerromme, kuinka k\u00e4sittelemme henkil\u00f6tietoja, olivatpa ne sitten asianomaisen itse l\u00e4hett\u00e4mi\u00e4 tai muuten ker\u00e4tty laillisella, avoimella ja oikeudenmukaisella tavalla. Eolus vastaa siit\u00e4, ett\u00e4 ty\u00f6ntekij\u00e4mme k\u00e4sittelev\u00e4t ty\u00f6ss\u00e4\u00e4n henkil\u00f6tietojasi sallitulla ja lainmukaisella tavalla. Alta l\u00f6yd\u00e4t vastauksia joihinkin yleisiin henkil\u00f6tietojesi k\u00e4sittely\u00e4 koskeviin kysymyksiin.<br><h6>Mit\u00e4 henkil\u00f6tietoja k\u00e4sittelemme ja miksi?<\/h6><br>K\u00e4sittelem\u00e4mme henkil\u00f6tiedot voidaan jakaa kolmeen kategoriaan, jotka sis\u00e4lt\u00e4v\u00e4t nykyiset ja potentiaaliset tahot: ty\u00f6ntekij\u00f6ihin, asiakkaisiin sek\u00e4 toimittajiin.<br><br>Ty\u00f6ntekij\u00f6iden osalta k\u00e4sittelemme yhteystietoja sek\u00e4 ty\u00f6nantajavelvoitteidemme t\u00e4ytt\u00e4miseen tarvittavia tietoja.<br><br>Nykyisten ja potentiaalisten asiakkaiden osalta k\u00e4sittelemme p\u00e4\u00e4asiassa yhteystietoja ja tarvittaessa sopimusvelvoitteiden t\u00e4ytt\u00e4miseksi tarvittavia tietoja.<br><br>Nykyisten ja mahdollisten toimittajien osalta k\u00e4sittelemme p\u00e4\u00e4asiassa yhteystietoja ja tarvittaessa sopimusvelvoitteidemme t\u00e4ytt\u00e4miseen tarvittavia tietoja.<br><br>Yksityishenkil\u00f6ilt\u00e4, jotka ovat ilmoittaneet kiinnostuksensa saada tietoa Eolukselta esimerkiksi tilaamalla lehdist\u00f6tiedotteita, uutisia ja uutiskirjeit\u00e4, s\u00e4ilyt\u00e4mme vain s\u00e4hk\u00f6postiosoitteet.<br><h6>Miten ker\u00e4\u00e4mme henkil\u00f6tietoja?<\/h6><br>Henkil\u00f6tietoja ker\u00e4t\u00e4\u00e4n usein s\u00e4hk\u00f6postitse, puhelimitse, postitse tai muun viestint\u00e4kanavan kautta. Saatamme ker\u00e4t\u00e4 yhteistietoja my\u00f6s julkisista l\u00e4hteist\u00e4, kuten verkkosivuilta ja julkisista rekistereist\u00e4.<br><h6><strong>Kenell\u00e4 on p\u00e4\u00e4sy henkil\u00f6tietoihin?<\/strong><\/h6><br>Perusperiaatteemme on, ett\u00e4 emme jaa henkil\u00f6tietojasi kolmansille osapuolille. Saatamme kuitenkin joutua jakamaan tietoja, jos k\u00e4yt\u00e4mme ulkopuolisia palveluntoimittajia, kuten IT-palveluntarjoajia tai CRM- ja s\u00e4hk\u00f6postij\u00e4rjestelmien toimittajia ja niin edelleen. T\u00e4llaisissa tapauksissa olemme tehneet ulkopuolisten toimittajien kanssa erityisi\u00e4 tietojenk\u00e4sittelysopimuksia varmistaaksemme, ett\u00e4 huolehdimme tietosuoja-asioista henkil\u00f6tietojesi k\u00e4sittelyss\u00e4.<br><h6><strong>Kuinka kauan s\u00e4ilyt\u00e4mme henkil\u00f6tietoja?<\/strong><\/h6><br>Henkil\u00f6tietoja s\u00e4ilytet\u00e4\u00e4n niin kauan kuin se katsotaan tarpeelliseksi niiden k\u00e4sittelyn kannalta. K\u00e4sittelemme henkil\u00f6tietojasi tietoturvallisesti ja pyrimme varmistamaan, ett\u00e4 ne on suojattu lainvastaiselta tai luvattomalta k\u00e4sittelylt\u00e4.<br><h6><strong>Sinun oikeutesi<\/strong><\/h6><br>Meill\u00e4 on k\u00e4yt\u00f6ss\u00e4 prosesseja, joilla turvaamme yksil\u00f6lliset oikeutesi henkil\u00f6tietojen k\u00e4sittelyss\u00e4. N\u00e4it\u00e4 oikeuksia ovat:<br><ol>\r\n \t<li><strong>Oikeus saada tietoa\r\n<\/strong>Sinulla on oikeus pyyt\u00e4\u00e4 ja saada tietoa siit\u00e4, mit\u00e4 henkil\u00f6tietoja k\u00e4sittelemme ja miten k\u00e4sittelemme niit\u00e4.<\/li>\r\n \t<li><strong>Oikeus oikaisuun\r\n<\/strong>Jos katsot, ett\u00e4 sinua koskevat tiedot ovat puutteellisia tai virheellisi\u00e4, sinulla on oikeus pyyt\u00e4\u00e4 tietojen muuttamista.<\/li>\r\n \t<li><strong>Oikeus poistaa\r\n<\/strong>Voit tietyiss\u00e4 olosuhteissa pyyt\u00e4\u00e4 henkil\u00f6tietojesi poistamista. Emme hyv\u00e4ksy poistopyynt\u00f6j\u00e4 tapauksissa, jossa laki velvoittaa meit\u00e4 s\u00e4ilytt\u00e4m\u00e4\u00e4n sinua koskevia tietoja.<\/li>\r\n \t<li><strong>Oikeus tietojenk\u00e4sittelyn rajoittamiseen\r\n<\/strong>Henkil\u00f6tietojesi k\u00e4sittely\u00e4 voidaan pyynn\u00f6st\u00e4si rajoittaa.<\/li>\r\n \t<li><strong>Tietojen siirrett\u00e4vyys\r\n<\/strong>Sinulla on oikeus saada ja k\u00e4ytt\u00e4\u00e4 henkil\u00f6tietojasi toisaalla. Meid\u00e4n on helpotettava t\u00e4m\u00e4n kaltaista tietojen saamista tai siirtoa.<\/li>\r\n \t<li><strong>Oikeus vastustaa tietojenk\u00e4sittely\u00e4\r\n<\/strong>Sinulla on oikeus vastustaa sit\u00e4, ett\u00e4 k\u00e4sittelemme henkil\u00f6tietojasi.<\/li>\r\n \t<li><strong>Automatisoitu p\u00e4\u00e4t\u00f6ksenteko\r\n<\/strong>Sinulla on oikeus olla joutumatta sellaisen p\u00e4\u00e4t\u00f6ksen kohteeksi, joka perustuu yksinomaan automatisoituun p\u00e4\u00e4t\u00f6ksentekoon, mukaan lukien tietojen profilointiin, jos p\u00e4\u00e4t\u00f6ksell\u00e4 voi olla sinulle oikeudellisia vaikutuksia.<\/li>\r\n \t<li><strong>Oikeus valittaa ja saada korvausta\r\n<\/strong>Jos katsot, ett\u00e4 k\u00e4sittelemme henkil\u00f6tietoja tavalla, joka rikkoo EU:n yleist\u00e4 tietosuoja-asetusta (GDPR), sinulla on oikeus valittaa asiasta meille tai valvovalle viranomaiselle. Jos sinulle on aiheutunut henkil\u00f6tietojesi k\u00e4sittelyst\u00e4 vahinkoa, sinulla voi tietyiss\u00e4 tapauksissa olla my\u00f6s oikeus hakea korvausta.<\/li>\r\n<\/ol><br><h6>Ota yhteytt\u00e4<\/h6><br>Jos sinulla on kysytt\u00e4v\u00e4\u00e4 henkil\u00f6tietojesi k\u00e4sittelyst\u00e4 tai jos haluat kertoa harjoittavasi jotakin yll\u00e4 kuvatuista oikeuksistasi, <a href=\"mailto:info@eolusvind.com\">ota meihin yhteytt\u00e4.<\/a>\t\t\t\t\t\t\t\t<\/div>\n\t\t\t\t<\/div>\n\t\t\t\t<\/div>\n\t\t<div class=\"elementor-element elementor-element-14e2e29a e-con-full e-flex e-con e-child\" data-id=\"14e2e29a\" data-element_type=\"container\" data-e-type=\"container\" data-settings=\"{&quot;jet_parallax_layout_list&quot;:[]}\">\n\t\t<div class=\"elementor-element elementor-element-1a12a7f e-flex e-con-boxed elementor-invisible e-con e-child\" data-id=\"1a12a7f\" data-element_type=\"container\" data-e-type=\"container\" data-settings=\"{&quot;jet_parallax_layout_list&quot;:[],&quot;animation&quot;:&quot;fadeIn&quot;,&quot;animation_delay&quot;:&quot;100&quot;}\">\n\t\t\t\t\t<div class=\"e-con-inner\">\n\t\t\t\t\t<\/div>\n\t\t\t\t<\/div>\n\t\t\t\t<\/div>\n\t\t\t\t\t<\/div>\n\t\t\t\t<\/div>\n\t\t\t\t<\/div>\n\t\t\t\t<\/div>\n\t\t","protected":false},"excerpt":{"rendered":"<p>Tietoa henkil\u00f6tietojen k\u00e4sittelyst\u00e4 Eoluksella Eolus AB (Ruotsin yritysnumero 556389-3956, j\u00e4ljemp\u00e4n\u00e4 &#8221;me\u201d) pyrkii varmistamaan, ett\u00e4 henkil\u00f6tietojesi l\u00e4hett\u00e4minen meille on turvallista. K\u00e4sittelemme jokaisen henkil\u00f6tietoja EU:n yleisen tietosuoja-asetuksen (GDPR) mukaisesti. T\u00e4ll\u00e4 sivulle kerromme, kuinka k\u00e4sittelemme henkil\u00f6tietoja, olivatpa ne sitten asianomaisen itse l\u00e4hett\u00e4mi\u00e4 tai muuten ker\u00e4tty laillisella, avoimella ja oikeudenmukaisella tavalla. Eolus vastaa siit\u00e4, ett\u00e4 ty\u00f6ntekij\u00e4mme k\u00e4sittelev\u00e4t ty\u00f6ss\u00e4\u00e4n henkil\u00f6tietojasi [&hellip;]<\/p>\n","protected":false},"author":16,"featured_media":0,"parent":0,"menu_order":0,"comment_status":"closed","ping_status":"closed","template":"","meta":{"_acf_changed":false,"footnotes":""},"class_list":["post-30880","page","type-page","status-publish","hentry"],"acf":[],"yoast_head":"<!-- This site is optimized with the Yoast SEO plugin v27.3 - https:\/\/yoast.com\/product\/yoast-seo-wordpress\/ -->\n<title>Henkil\u00f6tietojen k\u00e4sittely - Eolus<\/title>\n<meta name=\"robots\" content=\"index, follow, max-snippet:-1, max-image-preview:large, max-video-preview:-1\" \/>\n<link rel=\"canonical\" href=\"https:\/\/www.eolus.com\/behandling-av-personuppgifter\/\" \/>\n<meta property=\"og:locale\" content=\"fi_FI\" \/>\n<meta property=\"og:type\" content=\"article\" \/>\n<meta property=\"og:title\" content=\"Henkil\u00f6tietojen k\u00e4sittely - Eolus\" \/>\n<meta property=\"og:description\" content=\"Tietoa henkil\u00f6tietojen k\u00e4sittelyst\u00e4 Eoluksella Eolus AB (Ruotsin yritysnumero 556389-3956, j\u00e4ljemp\u00e4n\u00e4 &#8221;me\u201d) pyrkii varmistamaan, ett\u00e4 henkil\u00f6tietojesi l\u00e4hett\u00e4minen meille on turvallista. K\u00e4sittelemme jokaisen henkil\u00f6tietoja EU:n yleisen tietosuoja-asetuksen (GDPR) mukaisesti. T\u00e4ll\u00e4 sivulle kerromme, kuinka k\u00e4sittelemme henkil\u00f6tietoja, olivatpa ne sitten asianomaisen itse l\u00e4hett\u00e4mi\u00e4 tai muuten ker\u00e4tty laillisella, avoimella ja oikeudenmukaisella tavalla. Eolus vastaa siit\u00e4, ett\u00e4 ty\u00f6ntekij\u00e4mme k\u00e4sittelev\u00e4t ty\u00f6ss\u00e4\u00e4n henkil\u00f6tietojasi [&hellip;]\" \/>\n<meta property=\"og:url\" content=\"https:\/\/www.eolus.com\/behandling-av-personuppgifter\/\" \/>\n<meta property=\"og:site_name\" content=\"Eolus\" \/>\n<meta property=\"article:modified_time\" content=\"2026-01-02T09:53:47+00:00\" \/>\n<meta name=\"twitter:card\" content=\"summary_large_image\" \/>\n<meta name=\"twitter:label1\" content=\"Arvioitu lukuaika\" \/>\n\t<meta name=\"twitter:data1\" content=\"3 minuuttia\" \/>\n<script type=\"application\/ld+json\" class=\"yoast-schema-graph\">{\"@context\":\"https:\\\/\\\/schema.org\",\"@graph\":[{\"@type\":\"WebPage\",\"@id\":\"https:\\\/\\\/www.eolus.com\\\/behandling-av-personuppgifter\\\/\",\"url\":\"https:\\\/\\\/www.eolus.com\\\/behandling-av-personuppgifter\\\/\",\"name\":\"Henkil\u00f6tietojen k\u00e4sittely - Eolus\",\"isPartOf\":{\"@id\":\"https:\\\/\\\/www.eolus.com\\\/#website\"},\"datePublished\":\"2024-02-02T09:14:41+00:00\",\"dateModified\":\"2026-01-02T09:53:47+00:00\",\"breadcrumb\":{\"@id\":\"https:\\\/\\\/www.eolus.com\\\/behandling-av-personuppgifter\\\/#breadcrumb\"},\"inLanguage\":\"fi\",\"potentialAction\":[{\"@type\":\"ReadAction\",\"target\":[\"https:\\\/\\\/www.eolus.com\\\/behandling-av-personuppgifter\\\/\"]}]},{\"@type\":\"BreadcrumbList\",\"@id\":\"https:\\\/\\\/www.eolus.com\\\/behandling-av-personuppgifter\\\/#breadcrumb\",\"itemListElement\":[{\"@type\":\"ListItem\",\"position\":1,\"name\":\"Home\",\"item\":\"https:\\\/\\\/www.eolus.com\\\/\"},{\"@type\":\"ListItem\",\"position\":2,\"name\":\"Henkil\u00f6tietojen k\u00e4sittely\"}]},{\"@type\":\"WebSite\",\"@id\":\"https:\\\/\\\/www.eolus.com\\\/#website\",\"url\":\"https:\\\/\\\/www.eolus.com\\\/\",\"name\":\"Eolus\",\"description\":\"Shaping the Future of Renewable Energy\",\"potentialAction\":[{\"@type\":\"SearchAction\",\"target\":{\"@type\":\"EntryPoint\",\"urlTemplate\":\"https:\\\/\\\/www.eolus.com\\\/?s={search_term_string}\"},\"query-input\":{\"@type\":\"PropertyValueSpecification\",\"valueRequired\":true,\"valueName\":\"search_term_string\"}}],\"inLanguage\":\"fi\"}]}<\/script>\n<!-- \/ Yoast SEO plugin. -->","yoast_head_json":{"title":"Henkil\u00f6tietojen k\u00e4sittely - Eolus","robots":{"index":"index","follow":"follow","max-snippet":"max-snippet:-1","max-image-preview":"max-image-preview:large","max-video-preview":"max-video-preview:-1"},"canonical":"https:\/\/www.eolus.com\/behandling-av-personuppgifter\/","og_locale":"fi_FI","og_type":"article","og_title":"Henkil\u00f6tietojen k\u00e4sittely - Eolus","og_description":"Tietoa henkil\u00f6tietojen k\u00e4sittelyst\u00e4 Eoluksella Eolus AB (Ruotsin yritysnumero 556389-3956, j\u00e4ljemp\u00e4n\u00e4 &#8221;me\u201d) pyrkii varmistamaan, ett\u00e4 henkil\u00f6tietojesi l\u00e4hett\u00e4minen meille on turvallista. K\u00e4sittelemme jokaisen henkil\u00f6tietoja EU:n yleisen tietosuoja-asetuksen (GDPR) mukaisesti. T\u00e4ll\u00e4 sivulle kerromme, kuinka k\u00e4sittelemme henkil\u00f6tietoja, olivatpa ne sitten asianomaisen itse l\u00e4hett\u00e4mi\u00e4 tai muuten ker\u00e4tty laillisella, avoimella ja oikeudenmukaisella tavalla. Eolus vastaa siit\u00e4, ett\u00e4 ty\u00f6ntekij\u00e4mme k\u00e4sittelev\u00e4t ty\u00f6ss\u00e4\u00e4n henkil\u00f6tietojasi [&hellip;]","og_url":"https:\/\/www.eolus.com\/behandling-av-personuppgifter\/","og_site_name":"Eolus","article_modified_time":"2026-01-02T09:53:47+00:00","twitter_card":"summary_large_image","twitter_misc":{"Arvioitu lukuaika":"3 minuuttia"},"schema":{"@context":"https:\/\/schema.org","@graph":[{"@type":"WebPage","@id":"https:\/\/www.eolus.com\/behandling-av-personuppgifter\/","url":"https:\/\/www.eolus.com\/behandling-av-personuppgifter\/","name":"Henkil\u00f6tietojen k\u00e4sittely - Eolus","isPartOf":{"@id":"https:\/\/www.eolus.com\/#website"},"datePublished":"2024-02-02T09:14:41+00:00","dateModified":"2026-01-02T09:53:47+00:00","breadcrumb":{"@id":"https:\/\/www.eolus.com\/behandling-av-personuppgifter\/#breadcrumb"},"inLanguage":"fi","potentialAction":[{"@type":"ReadAction","target":["https:\/\/www.eolus.com\/behandling-av-personuppgifter\/"]}]},{"@type":"BreadcrumbList","@id":"https:\/\/www.eolus.com\/behandling-av-personuppgifter\/#breadcrumb","itemListElement":[{"@type":"ListItem","position":1,"name":"Home","item":"https:\/\/www.eolus.com\/"},{"@type":"ListItem","position":2,"name":"Henkil\u00f6tietojen k\u00e4sittely"}]},{"@type":"WebSite","@id":"https:\/\/www.eolus.com\/#website","url":"https:\/\/www.eolus.com\/","name":"Eolus","description":"Shaping the Future of Renewable Energy","potentialAction":[{"@type":"SearchAction","target":{"@type":"EntryPoint","urlTemplate":"https:\/\/www.eolus.com\/?s={search_term_string}"},"query-input":{"@type":"PropertyValueSpecification","valueRequired":true,"valueName":"search_term_string"}}],"inLanguage":"fi"}]}},"_links":{"self":[{"href":"https:\/\/www.eolus.com\/fi\/wp-json\/wp\/v2\/pages\/30880","targetHints":{"allow":["GET"]}}],"collection":[{"href":"https:\/\/www.eolus.com\/fi\/wp-json\/wp\/v2\/pages"}],"about":[{"href":"https:\/\/www.eolus.com\/fi\/wp-json\/wp\/v2\/types\/page"}],"author":[{"embeddable":true,"href":"https:\/\/www.eolus.com\/fi\/wp-json\/wp\/v2\/users\/16"}],"replies":[{"embeddable":true,"href":"https:\/\/www.eolus.com\/fi\/wp-json\/wp\/v2\/comments?post=30880"}],"version-history":[{"count":6,"href":"https:\/\/www.eolus.com\/fi\/wp-json\/wp\/v2\/pages\/30880\/revisions"}],"predecessor-version":[{"id":63900,"href":"https:\/\/www.eolus.com\/fi\/wp-json\/wp\/v2\/pages\/30880\/revisions\/63900"}],"wp:attachment":[{"href":"https:\/\/www.eolus.com\/fi\/wp-json\/wp\/v2\/media?parent=30880"}],"curies":[{"name":"wp","href":"https:\/\/api.w.org\/{rel}","templated":true}]}}