{"id":33300,"date":"2024-02-16T13:50:04","date_gmt":"2024-02-16T12:50:04","guid":{"rendered":"https:\/\/www.eolus.com\/?page_id=33300"},"modified":"2025-01-08T10:17:01","modified_gmt":"2025-01-08T09:17:01","slug":"itameri-sitoumus","status":"publish","type":"page","link":"https:\/\/www.eolus.com\/fi\/meista\/itameri-sitoumus\/","title":{"rendered":"It\u00e4meri-sitoumus"},"content":{"rendered":"\t\t<div data-elementor-type=\"wp-page\" data-elementor-id=\"33300\" class=\"elementor elementor-33300\" data-elementor-post-type=\"page\">\n\t\t\t\t<div class=\"elementor-element elementor-element-eee3c53 e-con-full animated-slow e-flex elementor-invisible e-con e-parent\" data-id=\"eee3c53\" data-element_type=\"container\" data-e-type=\"container\" data-settings=\"{&quot;background_background&quot;:&quot;classic&quot;,&quot;animation&quot;:&quot;fadeIn&quot;,&quot;jet_parallax_layout_list&quot;:[]}\">\n\t\t<div class=\"elementor-element elementor-element-7dd00aee e-flex e-con-boxed e-con e-child\" data-id=\"7dd00aee\" data-element_type=\"container\" data-e-type=\"container\" data-settings=\"{&quot;jet_parallax_layout_list&quot;:[]}\">\n\t\t\t\t\t<div class=\"e-con-inner\">\n\t\t<div class=\"elementor-element elementor-element-72cbaf2c e-con-full e-flex e-con e-child\" data-id=\"72cbaf2c\" data-element_type=\"container\" data-e-type=\"container\" data-settings=\"{&quot;jet_parallax_layout_list&quot;:[]}\">\n\t\t\t\t<div class=\"elementor-element elementor-element-35c0b2ca elementor-invisible elementor-widget elementor-widget-heading\" data-id=\"35c0b2ca\" data-element_type=\"widget\" data-e-type=\"widget\" data-settings=\"{&quot;_animation&quot;:&quot;fadeIn&quot;}\" data-widget_type=\"heading.default\">\n\t\t\t\t<div class=\"elementor-widget-container\">\n\t\t\t\t\t<h4 class=\"elementor-heading-title elementor-size-default\">It\u00e4meri-sitoumus<\/h4>\t\t\t\t<\/div>\n\t\t\t\t<\/div>\n\t\t\t\t<div class=\"elementor-element elementor-element-2c3a528c elementor-invisible elementor-widget elementor-widget-text-editor\" data-id=\"2c3a528c\" data-element_type=\"widget\" data-e-type=\"widget\" data-settings=\"{&quot;_animation&quot;:&quot;fadeIn&quot;,&quot;_animation_delay&quot;:&quot;200&quot;}\" data-widget_type=\"text-editor.default\">\n\t\t\t\t<div class=\"elementor-widget-container\">\n\t\t\t\t\t\t\t\t\t<p>Eolus sitoutuu toimimaan It\u00e4meren suojelun puolesta merituulivoiman kehitykseen liittyv\u00e4ss\u00e4 toiminnassaan.\u00a0Sitoumus koskee Eoluksen kaikkia It\u00e4meren alueella sijaitsevia hankkeita. HELCOMin It\u00e4meri-toimintasuunnitelma on toiminut tausta-asiakirjana sitoumuksen m\u00e4\u00e4rittelyss\u00e4.<\/p>\t\t\t\t\t\t\t\t<\/div>\n\t\t\t\t<\/div>\n\t\t\t\t<\/div>\n\t\t<div class=\"elementor-element elementor-element-540107b7 e-con-full e-flex e-con e-child\" data-id=\"540107b7\" data-element_type=\"container\" data-e-type=\"container\" data-settings=\"{&quot;jet_parallax_layout_list&quot;:[]}\">\n\t\t<div class=\"elementor-element elementor-element-69cae13a e-flex e-con-boxed elementor-invisible e-con e-child\" data-id=\"69cae13a\" data-element_type=\"container\" data-e-type=\"container\" data-settings=\"{&quot;background_background&quot;:&quot;classic&quot;,&quot;jet_parallax_layout_list&quot;:[],&quot;animation&quot;:&quot;fadeIn&quot;,&quot;animation_delay&quot;:&quot;600&quot;}\">\n\t\t\t\t\t<div class=\"e-con-inner\">\n\t\t\t\t<div class=\"elementor-element elementor-element-416ee1e0 elementor-widget elementor-widget-image\" data-id=\"416ee1e0\" data-element_type=\"widget\" data-e-type=\"widget\" data-widget_type=\"image.default\">\n\t\t\t\t<div class=\"elementor-widget-container\">\n\t\t\t\t\t\t\t\t\t\t\t\t\t\t\t<img fetchpriority=\"high\" decoding=\"async\" width=\"300\" height=\"300\" src=\"https:\/\/www.eolus.com\/wp-content\/uploads\/2024\/02\/BSAG_itameri-sitoumuksen_tekija_logo-300x300-1.png\" class=\"attachment-large size-large wp-image-33305\" alt=\"\" srcset=\"https:\/\/www.eolus.com\/wp-content\/uploads\/2024\/02\/BSAG_itameri-sitoumuksen_tekija_logo-300x300-1.png 300w, https:\/\/www.eolus.com\/wp-content\/uploads\/2024\/02\/BSAG_itameri-sitoumuksen_tekija_logo-300x300-1-150x150.png 150w\" sizes=\"(max-width: 300px) 100vw, 300px\" \/>\t\t\t\t\t\t\t\t\t\t\t\t\t\t\t<\/div>\n\t\t\t\t<\/div>\n\t\t\t\t\t<\/div>\n\t\t\t\t<\/div>\n\t\t\t\t<\/div>\n\t\t\t\t\t<\/div>\n\t\t\t\t<\/div>\n\t\t\t\t<\/div>\n\t\t<div class=\"elementor-element elementor-element-34d55f30 e-flex e-con-boxed e-con e-parent\" data-id=\"34d55f30\" data-element_type=\"container\" data-e-type=\"container\" data-settings=\"{&quot;jet_parallax_layout_list&quot;:[]}\">\n\t\t\t\t\t<div class=\"e-con-inner\">\n\t\t<div class=\"elementor-element elementor-element-c81254b e-flex e-con-boxed elementor-invisible e-con e-child\" data-id=\"c81254b\" data-element_type=\"container\" data-e-type=\"container\" data-settings=\"{&quot;background_background&quot;:&quot;classic&quot;,&quot;jet_parallax_layout_list&quot;:[],&quot;animation&quot;:&quot;fadeIn&quot;}\">\n\t\t\t\t\t<div class=\"e-con-inner\">\n\t\t\t\t<div class=\"elementor-element elementor-element-1ec194d8 elementor-widget elementor-widget-heading\" data-id=\"1ec194d8\" data-element_type=\"widget\" data-e-type=\"widget\" data-widget_type=\"heading.default\">\n\t\t\t\t<div class=\"elementor-widget-container\">\n\t\t\t\t\t<h6 class=\"elementor-heading-title elementor-size-default\">Merituulivoima<\/h6>\t\t\t\t<\/div>\n\t\t\t\t<\/div>\n\t\t\t\t\t<\/div>\n\t\t\t\t<\/div>\n\t\t<div class=\"elementor-element elementor-element-2de380cd e-flex e-con-boxed e-con e-child\" data-id=\"2de380cd\" data-element_type=\"container\" data-e-type=\"container\" data-settings=\"{&quot;jet_parallax_layout_list&quot;:[]}\">\n\t\t\t\t\t<div class=\"e-con-inner\">\n\t\t\t\t<div class=\"elementor-element elementor-element-2878a9f1 elementor-invisible elementor-widget elementor-widget-heading\" data-id=\"2878a9f1\" data-element_type=\"widget\" data-e-type=\"widget\" data-settings=\"{&quot;_animation&quot;:&quot;fadeIn&quot;}\" data-widget_type=\"heading.default\">\n\t\t\t\t<div class=\"elementor-widget-container\">\n\t\t\t\t\t<h5 class=\"elementor-heading-title elementor-size-default\">Eoluksen It\u00e4meri-sitoumuksen tavoitteet 2022\u20132025<\/h5>\t\t\t\t<\/div>\n\t\t\t\t<\/div>\n\t\t\t\t<div class=\"elementor-element elementor-element-afd9455 elementor-invisible elementor-widget elementor-widget-text-editor\" data-id=\"afd9455\" data-element_type=\"widget\" data-e-type=\"widget\" data-settings=\"{&quot;_animation&quot;:&quot;fadeIn&quot;}\" data-widget_type=\"text-editor.default\">\n\t\t\t\t<div class=\"elementor-widget-container\">\n\t\t\t\t\t\t\t\t\t<p><strong>1. tavoite<\/strong><\/p><p><strong>Eolus pyrkii tunnistamaan ja v\u00e4hent\u00e4m\u00e4\u00e4n merenpohjan rakentamisesta aiheutuvat vaikutukset vedenalaiseen meriymp\u00e4rist\u00f6\u00f6n, erityisesti voimaloiden perustusten, kaapeliurien ja kaapeleiden rantautumispaikkojen alueilla. Ymp\u00e4rist\u00f6n\u00e4k\u00f6kohdilla on merkitt\u00e4v\u00e4 rooli kaikessa p\u00e4\u00e4t\u00f6ksenteossa, my\u00f6s yhteisty\u00f6kumppaneiden valinnassa.<\/strong><\/p><p><em>Toteutus<\/em><\/p><p>Eolus rakentaa avointa vuoropuhelua asiantuntijaorganisaatioiden kanssa sek\u00e4 j\u00e4rjest\u00e4\u00e4 ty\u00f6pajoja t\u00e4rkeimpien aiheiden tunnistamiseksi. Ty\u00f6pajat j\u00e4rjestet\u00e4\u00e4n kansallisella tasolla. Aiheet voivat vaihdella alueittain ja paikasta riippuen, mutta keskeisimpi\u00e4 ovat vedenalainen melu, vaeltavat lajit sek\u00e4 It\u00e4meren avainlajit. Vuoropuhelun avulla Eolus my\u00f6s kehitt\u00e4\u00e4 tiedon jakamista merituulivoiman rakentamisesta.<\/p><p>Ensimm\u00e4inen ty\u00f6paja toteutetaan Suomessa vuonna 2023, ja mukaan kutsutaan asiantuntijaorganisaatiot kuten Mets\u00e4hallitus, Luonnonvarakeskus (Luke), Geologian tutkimuskeskus (GTK), Suomen ymp\u00e4rist\u00f6keskus (Syke), Turun ammattikorkeakoulu (vedenalaisen melun tutkimus) ja Baltic Sea Action Group (BSAG). Lis\u00e4ksi ymp\u00e4rist\u00f6vaikutusten arvioinnin konsultti osallistuu ty\u00f6h\u00f6n.<\/p><p>Vastaavia ty\u00f6pajoja j\u00e4rjestet\u00e4\u00e4n my\u00f6s muissa maissa, joissa Eoluksella on merituulivoimahankkeita. Ty\u00f6pajojen tulokset jaetaan Eoluksen sis\u00e4ll\u00e4 tukemaan kest\u00e4v\u00e4\u00e4 hankekehityst\u00e4 muilla hankealueilla.<\/p><p><em>Seuranta<\/em><\/p><p>Eolus m\u00e4\u00e4ritt\u00e4\u00e4 ensimm\u00e4isen\u00e4 laadulliset mittarit. Kun luonnon monimuotoisuuden mittaamisesta on enemm\u00e4n ymm\u00e4rryst\u00e4, m\u00e4\u00e4ritell\u00e4\u00e4n my\u00f6s kvantitatiiviset mittarit (KPI). Eolus lis\u00e4\u00e4 ymm\u00e4rryst\u00e4 luonnon monimuotoisuuden mittaamisesta osallistumalla Ecogainin CLIMB-projektiin (Changing Land Use Impact on Biodiversity) vuosien 2022-2023 aikana.<\/p><p>Lis\u00e4ksi edistymist\u00e4 arvioidaan BSAG:n kanssa j\u00e4rjestett\u00e4viss\u00e4 vuosittaisissa tapaamisissa.<\/p><p>\u00a0<\/p>\t\t\t\t\t\t\t\t<\/div>\n\t\t\t\t<\/div>\n\t\t\t\t<div class=\"elementor-element elementor-element-d5b6490 elementor-invisible elementor-widget elementor-widget-text-editor\" data-id=\"d5b6490\" data-element_type=\"widget\" data-e-type=\"widget\" data-settings=\"{&quot;_animation&quot;:&quot;fadeIn&quot;}\" data-widget_type=\"text-editor.default\">\n\t\t\t\t<div class=\"elementor-widget-container\">\n\t\t\t\t\t\t\t\t\t<p><b>2. tavoite<\/b><\/p><p><b>Eolus pyrkii lis\u00e4\u00e4m\u00e4\u00e4n tiet\u00e4myst\u00e4 ja yleist\u00e4 tietoisuutta (1) merituulivoiman rakentamisen vaikutuksista meriymp\u00e4rist\u00f6\u00f6n, (2) mahdollisuuksista hallita vaikutuksia parhaalla tavalla sek\u00e4 (3) uusiutuvan energian my\u00f6nteisist\u00e4 vaikutuksista It\u00e4merelle.<\/b><\/p><p><em style=\"text-align: var(--text-align);background-color: var( --e-global-color-e2abd25 );color: var( --e-global-color-primary );font-family: var( --e-global-typography-text-font-family ), Helvetica Neue;font-size: var( --e-global-typography-text-font-size );font-weight: var( --e-global-typography-text-font-weight )\">Toteutus<\/em><\/p><p>Eolus suunnittelee ja toteuttaa It\u00e4merta hy\u00f6dytt\u00e4v\u00e4n tutkimusapurahan. Apurahan teemat pohjautuvat yhdess\u00e4 tutkimusorganisaatioiden ja BSAG:n kanssa tunnistettuihin aiheisiin, joista tarvitaan lis\u00e4\u00e4 ym\u00e4rryst\u00e4. Apuraha on tarkoitus lanseerata vuonna 2024. Apurahaa voi hakea vuosittain. Eolus harkitsee my\u00f6s ymp\u00e4rist\u00f6vaikutusten arviointimenettelyn aikana ker\u00e4tyn tiedon jakamista tutkimustarkoituksiin.<\/p><p>Eolus tekee yhteisty\u00f6t\u00e4 koulujen, yliopistojen, korkeakoulujen ja tutkimusorganisaatioiden kanssa tarjoamalla tapaustutkimuksia sek\u00e4 vierailevia luennoitsijoita tavoitteen 2 sis\u00e4ll\u00f6ist\u00e4.<\/p><p>Yleisen tietoisuuden lis\u00e4\u00e4miseksi Eolus julkaisee tavoitteen sis\u00e4ll\u00f6ist\u00e4 uutisartikkeleita, blogeja ja julkaisuja sosiaalisessa mediassa eri kanavien kautta.<\/p><p>Eolus pohtii my\u00f6s mahdollisuuksia jakaa tuloksia toimialan ty\u00f6ryhmiss\u00e4, joita ovat esimerkiksi Wind Europe ja kansalliset tuulivoima- ja uusiutuvan energian yhdistykset.<\/p><p><em>Seuranta<\/em><\/p><ul><li class=\"p1\">Eolus on suunnitellut ja lanseerannut apurahan vuoteen 2024 menness\u00e4.<\/li><li class=\"p1\">Eolus tekee yhteisty\u00f6t\u00e4 koulujen kanssa tekem\u00e4ll\u00e4 v\u00e4hint\u00e4\u00e4n kaksi kouluvierailua vuodessa.<\/li><li class=\"p1\">Eolus julkaisee nelj\u00e4nnesvuosittain uutisartikkelin\/blogin\/sosiaalisen median julkaisun tavoitteen sis\u00e4ll\u00f6st\u00e4.<\/li><li class=\"p1\">Eolus viestii sis\u00e4isesti sitoumuksen edistymisest\u00e4 mm. yhti\u00f6n intranetin ja sis\u00e4isten kokousten kautta.<br \/><br \/><\/li><\/ul>\t\t\t\t\t\t\t\t<\/div>\n\t\t\t\t<\/div>\n\t\t\t\t<div class=\"elementor-element elementor-element-d92ba66 elementor-invisible elementor-widget elementor-widget-text-editor\" data-id=\"d92ba66\" data-element_type=\"widget\" data-e-type=\"widget\" data-settings=\"{&quot;_animation&quot;:&quot;fadeIn&quot;}\" data-widget_type=\"text-editor.default\">\n\t\t\t\t<div class=\"elementor-widget-container\">\n\t\t\t\t\t\t\t\t\t<p><span style=\"text-align: var(--text-align);background-color: var( --e-global-color-e2abd25 )\"><b>3. tavoite<\/b><\/span><\/p><p><strong>Eolus pyrkii minimoimaan meriliikenteen ymp\u00e4rist\u00f6vaikutukset merell\u00e4 sijaitsevien tuulipuistojen kehitt\u00e4misen, rakentamisen ja k\u00e4yt\u00f6n aikana.<br \/><\/strong><\/p><p><em>Toteutus<\/em><\/p><p class=\"p1\">Eolus soveltaa elinkaarin\u00e4k\u00f6kulmaa kaikessa p\u00e4\u00e4t\u00f6ksenteossaan. Eolus selvent\u00e4\u00e4 hankintaprosessin vaatimuksia, joita ovat muun muassa Code of Conduct ja hankintasopimusten uusiminen. Eolus k\u00e4sittelee meriliikenteen vaikutuksia ilmastoon ja meriymp\u00e4rist\u00f6\u00f6n yhteisty\u00f6ss\u00e4 toimittajien kanssa. Vaikutuksiin kuuluvat muun muassa kasvihuonekaasup\u00e4\u00e4st\u00f6t, j\u00e4tevedet ja vedenalainen melu. Eolus ohjeistaa toimijoita ja edellytt\u00e4\u00e4 vastuullisuutta osana hankintaprosessia.<\/p><p><em>Seuranta<\/em><\/p><ul><li class=\"p1\">Eolus kehitt\u00e4\u00e4 ymp\u00e4rist\u00f6raportointij\u00e4rjestelm\u00e4\u00e4, joka soveltuu merituulivoiman kehitt\u00e4miseen ja rakentamiseen.<\/li><li class=\"p1\">Eolus kehitt\u00e4\u00e4 toimittajapolitiikkaa ja -sopimuksia vuoden 2023 aikana.<\/li><\/ul><p>\u00a0<\/p>\t\t\t\t\t\t\t\t<\/div>\n\t\t\t\t<\/div>\n\t\t\t\t<div class=\"elementor-element elementor-element-778afe2 elementor-invisible elementor-widget elementor-widget-text-editor\" data-id=\"778afe2\" data-element_type=\"widget\" data-e-type=\"widget\" data-settings=\"{&quot;_animation&quot;:&quot;fadeIn&quot;}\" data-widget_type=\"text-editor.default\">\n\t\t\t\t<div class=\"elementor-widget-container\">\n\t\t\t\t\t\t\t\t\t<p><span style=\"text-align: var(--text-align);background-color: var( --e-global-color-e2abd25 )\"><b>4. tavoite<\/b><\/span><\/p><p><strong>Eolus osallistuu It\u00e4meren hyvinvointia edist\u00e4viin hankkeisiin ja aktiviteetteihin.<\/strong><\/p><p><em>Toteutus<\/em><\/p><p class=\"p1\">Eolus osallistuu aktiivisesti hankkeisiin, jotka liittyv\u00e4t Eoluksen It\u00e4meri-sitoumukseen. Lis\u00e4ksi Eolus osallistuu It\u00e4meren hyvinvointia tukeviin toimiin ja k\u00e4ynnist\u00e4\u00e4 my\u00f6s niit\u00e4. Esimerkkej\u00e4 mahdollisista toimista ovat muovin ker\u00e4\u00e4minen merest\u00e4 ja ekosysteemien ennallistamisprojektien tukeminen.<\/p><p><em>Seuranta<\/em><\/p><p>Tarkennetaan tulevina vuosina.<\/p><p>Lue lis\u00e4\u00e4\u00a0<a href=\"https:\/\/www.bsag.fi\/yritysyhteistyo\/itameri-sitoumus\/\" target=\"_blank\" rel=\"noopener\">Baltic Sea Action Groupista ja It\u00e4meri-sitoumuksesta<\/a>.<\/p>\t\t\t\t\t\t\t\t<\/div>\n\t\t\t\t<\/div>\n\t\t\t\t\t<\/div>\n\t\t\t\t<\/div>\n\t\t\t\t\t<\/div>\n\t\t\t\t<\/div>\n\t\t\t\t<\/div>\n\t\t","protected":false},"excerpt":{"rendered":"<p>Eolus sitoutuu toimimaan It\u00e4meren suojelun puolesta merituulivoiman kehitykseen liittyv\u00e4ss\u00e4 toiminnassaan.\u00a0Sitoumus koskee Eoluksen kaikkia It\u00e4meren alueella sijaitsevia hankkeita. HELCOMin It\u00e4meri-toimintasuunnitelma on toiminut tausta-asiakirjana sitoumuksen m\u00e4\u00e4rittelyss\u00e4. Merituulivoima Eoluksen It\u00e4meri-sitoumuksen tavoitteet 2022\u20132025 1. tavoite Eolus pyrkii tunnistamaan ja v\u00e4hent\u00e4m\u00e4\u00e4n merenpohjan rakentamisesta aiheutuvat vaikutukset vedenalaiseen meriymp\u00e4rist\u00f6\u00f6n, erityisesti voimaloiden perustusten, kaapeliurien ja kaapeleiden rantautumispaikkojen alueilla. Ymp\u00e4rist\u00f6n\u00e4k\u00f6kohdilla on merkitt\u00e4v\u00e4 rooli kaikessa [&hellip;]<\/p>\n","protected":false},"author":25,"featured_media":0,"parent":27315,"menu_order":0,"comment_status":"closed","ping_status":"closed","template":"","meta":{"_acf_changed":false,"footnotes":""},"class_list":["post-33300","page","type-page","status-publish","hentry"],"acf":[],"yoast_head":"<!-- This site is optimized with the Yoast SEO plugin v27.3 - https:\/\/yoast.com\/product\/yoast-seo-wordpress\/ -->\n<title>It\u00e4meri-sitoumus - Eolus<\/title>\n<meta name=\"description\" content=\"Eolus sitoutuu toimimaan It\u00e4meren suojelun puolesta merituulivoiman kehitykseen liittyv\u00e4ss\u00e4 toiminnassaan.\" \/>\n<meta name=\"robots\" content=\"index, follow, max-snippet:-1, max-image-preview:large, max-video-preview:-1\" \/>\n<link rel=\"canonical\" href=\"https:\/\/www.eolus.com\/fi\/meista\/itameri-sitoumus\/\" \/>\n<meta property=\"og:locale\" content=\"fi_FI\" \/>\n<meta property=\"og:type\" content=\"article\" \/>\n<meta property=\"og:title\" content=\"It\u00e4meri-sitoumus - Eolus\" \/>\n<meta property=\"og:description\" content=\"Eolus sitoutuu toimimaan It\u00e4meren suojelun puolesta merituulivoiman kehitykseen liittyv\u00e4ss\u00e4 toiminnassaan.\" \/>\n<meta property=\"og:url\" content=\"https:\/\/www.eolus.com\/fi\/meista\/itameri-sitoumus\/\" \/>\n<meta property=\"og:site_name\" content=\"Eolus\" \/>\n<meta property=\"article:modified_time\" content=\"2025-01-08T09:17:01+00:00\" \/>\n<meta property=\"og:image\" content=\"https:\/\/www.eolus.com\/wp-content\/uploads\/2024\/02\/BSAG_itameri-sitoumuksen_tekija_logo-300x300-1.png\" \/>\n<meta name=\"twitter:card\" content=\"summary_large_image\" \/>\n<meta name=\"twitter:label1\" content=\"Arvioitu lukuaika\" \/>\n\t<meta name=\"twitter:data1\" content=\"4 minuuttia\" \/>\n<script type=\"application\/ld+json\" class=\"yoast-schema-graph\">{\"@context\":\"https:\\\/\\\/schema.org\",\"@graph\":[{\"@type\":\"WebPage\",\"@id\":\"https:\\\/\\\/www.eolus.com\\\/fi\\\/meista\\\/itameri-sitoumus\\\/\",\"url\":\"https:\\\/\\\/www.eolus.com\\\/fi\\\/meista\\\/itameri-sitoumus\\\/\",\"name\":\"It\u00e4meri-sitoumus - Eolus\",\"isPartOf\":{\"@id\":\"https:\\\/\\\/www.eolus.com\\\/#website\"},\"primaryImageOfPage\":{\"@id\":\"https:\\\/\\\/www.eolus.com\\\/fi\\\/meista\\\/itameri-sitoumus\\\/#primaryimage\"},\"image\":{\"@id\":\"https:\\\/\\\/www.eolus.com\\\/fi\\\/meista\\\/itameri-sitoumus\\\/#primaryimage\"},\"thumbnailUrl\":\"https:\\\/\\\/www.eolus.com\\\/wp-content\\\/uploads\\\/2024\\\/02\\\/BSAG_itameri-sitoumuksen_tekija_logo-300x300-1.png\",\"datePublished\":\"2024-02-16T12:50:04+00:00\",\"dateModified\":\"2025-01-08T09:17:01+00:00\",\"description\":\"Eolus sitoutuu toimimaan It\u00e4meren suojelun puolesta merituulivoiman kehitykseen liittyv\u00e4ss\u00e4 toiminnassaan.\",\"breadcrumb\":{\"@id\":\"https:\\\/\\\/www.eolus.com\\\/fi\\\/meista\\\/itameri-sitoumus\\\/#breadcrumb\"},\"inLanguage\":\"fi\",\"potentialAction\":[{\"@type\":\"ReadAction\",\"target\":[\"https:\\\/\\\/www.eolus.com\\\/fi\\\/meista\\\/itameri-sitoumus\\\/\"]}]},{\"@type\":\"ImageObject\",\"inLanguage\":\"fi\",\"@id\":\"https:\\\/\\\/www.eolus.com\\\/fi\\\/meista\\\/itameri-sitoumus\\\/#primaryimage\",\"url\":\"https:\\\/\\\/www.eolus.com\\\/wp-content\\\/uploads\\\/2024\\\/02\\\/BSAG_itameri-sitoumuksen_tekija_logo-300x300-1.png\",\"contentUrl\":\"https:\\\/\\\/www.eolus.com\\\/wp-content\\\/uploads\\\/2024\\\/02\\\/BSAG_itameri-sitoumuksen_tekija_logo-300x300-1.png\"},{\"@type\":\"BreadcrumbList\",\"@id\":\"https:\\\/\\\/www.eolus.com\\\/fi\\\/meista\\\/itameri-sitoumus\\\/#breadcrumb\",\"itemListElement\":[{\"@type\":\"ListItem\",\"position\":1,\"name\":\"Home\",\"item\":\"https:\\\/\\\/www.eolus.com\\\/\"},{\"@type\":\"ListItem\",\"position\":2,\"name\":\"Meist\u00e4\",\"item\":\"https:\\\/\\\/www.eolus.com\\\/vilka-vi-ar\\\/\"},{\"@type\":\"ListItem\",\"position\":3,\"name\":\"It\u00e4meri-sitoumus\"}]},{\"@type\":\"WebSite\",\"@id\":\"https:\\\/\\\/www.eolus.com\\\/#website\",\"url\":\"https:\\\/\\\/www.eolus.com\\\/\",\"name\":\"Eolus\",\"description\":\"Shaping the Future of Renewable Energy\",\"potentialAction\":[{\"@type\":\"SearchAction\",\"target\":{\"@type\":\"EntryPoint\",\"urlTemplate\":\"https:\\\/\\\/www.eolus.com\\\/?s={search_term_string}\"},\"query-input\":{\"@type\":\"PropertyValueSpecification\",\"valueRequired\":true,\"valueName\":\"search_term_string\"}}],\"inLanguage\":\"fi\"}]}<\/script>\n<!-- \/ Yoast SEO plugin. -->","yoast_head_json":{"title":"It\u00e4meri-sitoumus - Eolus","description":"Eolus sitoutuu toimimaan It\u00e4meren suojelun puolesta merituulivoiman kehitykseen liittyv\u00e4ss\u00e4 toiminnassaan.","robots":{"index":"index","follow":"follow","max-snippet":"max-snippet:-1","max-image-preview":"max-image-preview:large","max-video-preview":"max-video-preview:-1"},"canonical":"https:\/\/www.eolus.com\/fi\/meista\/itameri-sitoumus\/","og_locale":"fi_FI","og_type":"article","og_title":"It\u00e4meri-sitoumus - Eolus","og_description":"Eolus sitoutuu toimimaan It\u00e4meren suojelun puolesta merituulivoiman kehitykseen liittyv\u00e4ss\u00e4 toiminnassaan.","og_url":"https:\/\/www.eolus.com\/fi\/meista\/itameri-sitoumus\/","og_site_name":"Eolus","article_modified_time":"2025-01-08T09:17:01+00:00","og_image":[{"url":"https:\/\/www.eolus.com\/wp-content\/uploads\/2024\/02\/BSAG_itameri-sitoumuksen_tekija_logo-300x300-1.png","type":"","width":"","height":""}],"twitter_card":"summary_large_image","twitter_misc":{"Arvioitu lukuaika":"4 minuuttia"},"schema":{"@context":"https:\/\/schema.org","@graph":[{"@type":"WebPage","@id":"https:\/\/www.eolus.com\/fi\/meista\/itameri-sitoumus\/","url":"https:\/\/www.eolus.com\/fi\/meista\/itameri-sitoumus\/","name":"It\u00e4meri-sitoumus - Eolus","isPartOf":{"@id":"https:\/\/www.eolus.com\/#website"},"primaryImageOfPage":{"@id":"https:\/\/www.eolus.com\/fi\/meista\/itameri-sitoumus\/#primaryimage"},"image":{"@id":"https:\/\/www.eolus.com\/fi\/meista\/itameri-sitoumus\/#primaryimage"},"thumbnailUrl":"https:\/\/www.eolus.com\/wp-content\/uploads\/2024\/02\/BSAG_itameri-sitoumuksen_tekija_logo-300x300-1.png","datePublished":"2024-02-16T12:50:04+00:00","dateModified":"2025-01-08T09:17:01+00:00","description":"Eolus sitoutuu toimimaan It\u00e4meren suojelun puolesta merituulivoiman kehitykseen liittyv\u00e4ss\u00e4 toiminnassaan.","breadcrumb":{"@id":"https:\/\/www.eolus.com\/fi\/meista\/itameri-sitoumus\/#breadcrumb"},"inLanguage":"fi","potentialAction":[{"@type":"ReadAction","target":["https:\/\/www.eolus.com\/fi\/meista\/itameri-sitoumus\/"]}]},{"@type":"ImageObject","inLanguage":"fi","@id":"https:\/\/www.eolus.com\/fi\/meista\/itameri-sitoumus\/#primaryimage","url":"https:\/\/www.eolus.com\/wp-content\/uploads\/2024\/02\/BSAG_itameri-sitoumuksen_tekija_logo-300x300-1.png","contentUrl":"https:\/\/www.eolus.com\/wp-content\/uploads\/2024\/02\/BSAG_itameri-sitoumuksen_tekija_logo-300x300-1.png"},{"@type":"BreadcrumbList","@id":"https:\/\/www.eolus.com\/fi\/meista\/itameri-sitoumus\/#breadcrumb","itemListElement":[{"@type":"ListItem","position":1,"name":"Home","item":"https:\/\/www.eolus.com\/"},{"@type":"ListItem","position":2,"name":"Meist\u00e4","item":"https:\/\/www.eolus.com\/vilka-vi-ar\/"},{"@type":"ListItem","position":3,"name":"It\u00e4meri-sitoumus"}]},{"@type":"WebSite","@id":"https:\/\/www.eolus.com\/#website","url":"https:\/\/www.eolus.com\/","name":"Eolus","description":"Shaping the Future of Renewable Energy","potentialAction":[{"@type":"SearchAction","target":{"@type":"EntryPoint","urlTemplate":"https:\/\/www.eolus.com\/?s={search_term_string}"},"query-input":{"@type":"PropertyValueSpecification","valueRequired":true,"valueName":"search_term_string"}}],"inLanguage":"fi"}]}},"_links":{"self":[{"href":"https:\/\/www.eolus.com\/fi\/wp-json\/wp\/v2\/pages\/33300","targetHints":{"allow":["GET"]}}],"collection":[{"href":"https:\/\/www.eolus.com\/fi\/wp-json\/wp\/v2\/pages"}],"about":[{"href":"https:\/\/www.eolus.com\/fi\/wp-json\/wp\/v2\/types\/page"}],"author":[{"embeddable":true,"href":"https:\/\/www.eolus.com\/fi\/wp-json\/wp\/v2\/users\/25"}],"replies":[{"embeddable":true,"href":"https:\/\/www.eolus.com\/fi\/wp-json\/wp\/v2\/comments?post=33300"}],"version-history":[{"count":38,"href":"https:\/\/www.eolus.com\/fi\/wp-json\/wp\/v2\/pages\/33300\/revisions"}],"predecessor-version":[{"id":58492,"href":"https:\/\/www.eolus.com\/fi\/wp-json\/wp\/v2\/pages\/33300\/revisions\/58492"}],"up":[{"embeddable":true,"href":"https:\/\/www.eolus.com\/fi\/wp-json\/wp\/v2\/pages\/27315"}],"wp:attachment":[{"href":"https:\/\/www.eolus.com\/fi\/wp-json\/wp\/v2\/media?parent=33300"}],"curies":[{"name":"wp","href":"https:\/\/api.w.org\/{rel}","templated":true}]}}