{"id":53077,"date":"2024-03-26T10:10:24","date_gmt":"2024-03-26T09:10:24","guid":{"rendered":"https:\/\/www.eolus.com\/?page_id=53077"},"modified":"2025-04-15T08:36:38","modified_gmt":"2025-04-15T06:36:38","slug":"biodiversity","status":"publish","type":"page","link":"https:\/\/www.eolus.com\/fi\/sustainability\/environment\/biodiversity\/","title":{"rendered":"Biodiversity"},"content":{"rendered":"\t\t<div data-elementor-type=\"wp-page\" data-elementor-id=\"53077\" class=\"elementor elementor-53077 elementor-52724\" data-elementor-post-type=\"page\">\n\t\t\t\t<div class=\"elementor-element elementor-element-5c501958 e-con-full animated-slow e-flex elementor-invisible e-con e-parent\" data-id=\"5c501958\" data-element_type=\"container\" data-settings=\"{&quot;background_background&quot;:&quot;classic&quot;,&quot;animation&quot;:&quot;fadeIn&quot;,&quot;jet_parallax_layout_list&quot;:[]}\">\n\t\t<div class=\"elementor-element elementor-element-29a5e666 e-flex e-con-boxed e-con e-child\" data-id=\"29a5e666\" data-element_type=\"container\" data-settings=\"{&quot;jet_parallax_layout_list&quot;:[]}\">\n\t\t\t\t\t<div class=\"e-con-inner\">\n\t\t<div class=\"elementor-element elementor-element-26ebc465 e-con-full e-flex e-con e-child\" data-id=\"26ebc465\" data-element_type=\"container\" data-settings=\"{&quot;jet_parallax_layout_list&quot;:[]}\">\n\t\t\t\t<div class=\"elementor-element elementor-element-4b313504 elementor-invisible elementor-widget elementor-widget-heading\" data-id=\"4b313504\" data-element_type=\"widget\" data-settings=\"{&quot;_animation&quot;:&quot;fadeIn&quot;}\" data-widget_type=\"heading.default\">\n\t\t\t\t<div class=\"elementor-widget-container\">\n\t\t\t\t\t<h4 class=\"elementor-heading-title elementor-size-default\">Biodiversity<\/h4>\t\t\t\t<\/div>\n\t\t\t\t<\/div>\n\t\t\t\t<div class=\"elementor-element elementor-element-52588ac0 elementor-invisible elementor-widget elementor-widget-text-editor\" data-id=\"52588ac0\" data-element_type=\"widget\" data-settings=\"{&quot;_animation&quot;:&quot;fadeIn&quot;,&quot;_animation_delay&quot;:&quot;200&quot;}\" data-widget_type=\"text-editor.default\">\n\t\t\t\t<div class=\"elementor-widget-container\">\n\t\t\t\t\t\t\t\t\t<p>Since climate change is one of the main drivers of biodiversity loss, Eolus contributes significantly to reducing the negative impact on biodiversity through its role in the expansion of renewable energy. However, it is essential that we identify and proactively manage the negative effects that the development of renewable energy itself may have on wildlife, habitats, and ecosystems.<\/p>\n<p>In Eolus\u2019s sustainability strategy, we have set a goal to achieve a net positive impact on biodiversity \u2014 both on land and at sea \u2014 by 2030, within the areas where we have influence. This means that the activities carried out by Eolus should have an overall positive effect on the conservation and enhancement of biodiversity.<\/p>\n\t\t\t\t\t\t\t\t<\/div>\n\t\t\t\t<\/div>\n\t\t\t\t<\/div>\n\t\t<div class=\"elementor-element elementor-element-3d94cda7 e-con-full e-flex e-con e-child\" data-id=\"3d94cda7\" data-element_type=\"container\" data-settings=\"{&quot;jet_parallax_layout_list&quot;:[]}\">\n\t\t<div class=\"elementor-element elementor-element-13636efc e-con-full e-flex elementor-invisible e-con e-child\" data-id=\"13636efc\" data-element_type=\"container\" data-settings=\"{&quot;jet_parallax_layout_list&quot;:[],&quot;animation&quot;:&quot;fadeIn&quot;,&quot;animation_delay&quot;:&quot;100&quot;}\">\n\t\t\t\t<\/div>\n\t\t\t\t<\/div>\n\t\t\t\t\t<\/div>\n\t\t\t\t<\/div>\n\t\t\t\t<\/div>\n\t\t<div class=\"elementor-element elementor-element-2766366f e-flex e-con-boxed e-con e-parent\" data-id=\"2766366f\" data-element_type=\"container\" data-settings=\"{&quot;background_background&quot;:&quot;classic&quot;,&quot;jet_parallax_layout_list&quot;:[]}\">\n\t\t\t\t\t<div class=\"e-con-inner\">\n\t\t<div class=\"elementor-element elementor-element-67cb38eb e-flex e-con-boxed e-con e-child\" data-id=\"67cb38eb\" data-element_type=\"container\" data-settings=\"{&quot;jet_parallax_layout_list&quot;:[]}\">\n\t\t\t\t\t<div class=\"e-con-inner\">\n\t\t<div class=\"elementor-element elementor-element-1880f2d2 e-flex e-con-boxed elementor-invisible e-con e-child\" data-id=\"1880f2d2\" data-element_type=\"container\" data-settings=\"{&quot;background_background&quot;:&quot;classic&quot;,&quot;jet_parallax_layout_list&quot;:[],&quot;animation&quot;:&quot;fadeIn&quot;}\">\n\t\t\t\t\t<div class=\"e-con-inner\">\n\t\t\t\t<div class=\"elementor-element elementor-element-3ce14171 elementor-invisible elementor-widget elementor-widget-heading\" data-id=\"3ce14171\" data-element_type=\"widget\" data-settings=\"{&quot;_animation&quot;:&quot;fadeIn&quot;,&quot;_animation_delay&quot;:&quot;200&quot;}\" data-widget_type=\"heading.default\">\n\t\t\t\t<div class=\"elementor-widget-container\">\n\t\t\t\t\t<h5 class=\"elementor-heading-title elementor-size-default\">Net-Positive Impact on Biodiversity by 2030<\/h5>\t\t\t\t<\/div>\n\t\t\t\t<\/div>\n\t\t\t\t<div class=\"elementor-element elementor-element-39b26c24 elementor-invisible elementor-widget elementor-widget-text-editor\" data-id=\"39b26c24\" data-element_type=\"widget\" data-settings=\"{&quot;_animation&quot;:&quot;fadeIn&quot;,&quot;_animation_delay&quot;:&quot;400&quot;}\" data-widget_type=\"text-editor.default\">\n\t\t\t\t<div class=\"elementor-widget-container\">\n\t\t\t\t\t\t\t\t\t<p>Since climate change is one of the major causes of biodiversity loss, the expansion of renewable energy plays a crucial role in reducing the negative impact on biodiversity. Therefore, Eolus&#8217; core business activities play an important role and the way we develop our projects is a significant opportunity to strengthen biodiversity. To achieve the goal of a net-positive impact on biodiversity, we need to continuously develop and systematize our approach to project development. We work systematically according to the mitigation hierarchy: avoid, minimize, restore, and compensate and continuously assess biodiversity risks. We aim to set science-based targets for biodiversity and are evaluating Science Based Targets for Nature (SBTn) as a potential method for this.<\/p>\n\t\t\t\t\t\t\t\t<\/div>\n\t\t\t\t<\/div>\n\t\t\t\t\t<\/div>\n\t\t\t\t<\/div>\n\t\t\t\t\t<\/div>\n\t\t\t\t<\/div>\n\t\t\t\t\t<\/div>\n\t\t\t\t<\/div>\n\t\t<div class=\"elementor-element elementor-element-6c22e205 e-flex e-con-boxed e-con e-parent\" data-id=\"6c22e205\" data-element_type=\"container\" data-settings=\"{&quot;background_background&quot;:&quot;classic&quot;,&quot;jet_parallax_layout_list&quot;:[]}\">\n\t\t\t\t\t<div class=\"e-con-inner\">\n\t\t<div class=\"elementor-element elementor-element-919066c e-con-full e-flex e-con e-child\" data-id=\"919066c\" data-element_type=\"container\" data-settings=\"{&quot;jet_parallax_layout_list&quot;:[]}\">\n\t\t<div class=\"elementor-element elementor-element-163ca8e e-flex e-con-boxed e-con e-child\" data-id=\"163ca8e\" data-element_type=\"container\" data-settings=\"{&quot;jet_parallax_layout_list&quot;:[]}\">\n\t\t\t\t\t<div class=\"e-con-inner\">\n\t\t<div class=\"elementor-element elementor-element-0f9de11 e-flex e-con-boxed e-con e-child\" data-id=\"0f9de11\" data-element_type=\"container\" data-settings=\"{&quot;jet_parallax_layout_list&quot;:[]}\">\n\t\t\t\t\t<div class=\"e-con-inner\">\n\t\t\t\t<div class=\"elementor-element elementor-element-5bd5108 elementor-invisible elementor-widget elementor-widget-image\" data-id=\"5bd5108\" data-element_type=\"widget\" data-settings=\"{&quot;_animation&quot;:&quot;fadeIn&quot;}\" data-widget_type=\"image.default\">\n\t\t\t\t<div class=\"elementor-widget-container\">\n\t\t\t\t\t\t\t\t\t\t\t\t\t\t\t<img fetchpriority=\"high\" decoding=\"async\" width=\"1024\" height=\"768\" src=\"https:\/\/www.eolus.com\/wp-content\/uploads\/2025\/04\/kraktorpet_restaurering-1.jpg\" class=\"attachment-large size-large wp-image-60890\" alt=\"\" srcset=\"https:\/\/www.eolus.com\/wp-content\/uploads\/2025\/04\/kraktorpet_restaurering-1.jpg 1024w, https:\/\/www.eolus.com\/wp-content\/uploads\/2025\/04\/kraktorpet_restaurering-1-300x225.jpg 300w, https:\/\/www.eolus.com\/wp-content\/uploads\/2025\/04\/kraktorpet_restaurering-1-768x576.jpg 768w, https:\/\/www.eolus.com\/wp-content\/uploads\/2025\/04\/kraktorpet_restaurering-1-540x405.jpg 540w\" sizes=\"(max-width: 1024px) 100vw, 1024px\" \/>\t\t\t\t\t\t\t\t\t\t\t\t\t\t\t<\/div>\n\t\t\t\t<\/div>\n\t\t\t\t\t<\/div>\n\t\t\t\t<\/div>\n\t\t<div class=\"elementor-element elementor-element-eaf3297 e-flex e-con-boxed e-con e-child\" data-id=\"eaf3297\" data-element_type=\"container\" data-settings=\"{&quot;jet_parallax_layout_list&quot;:[]}\">\n\t\t\t\t\t<div class=\"e-con-inner\">\n\t\t\t\t<div class=\"elementor-element elementor-element-31deb70 elementor-invisible elementor-widget elementor-widget-heading\" data-id=\"31deb70\" data-element_type=\"widget\" data-settings=\"{&quot;_animation&quot;:&quot;fadeIn&quot;,&quot;_animation_delay&quot;:&quot;400&quot;}\" data-widget_type=\"heading.default\">\n\t\t\t\t<div class=\"elementor-widget-container\">\n\t\t\t\t\t<h5 class=\"elementor-heading-title elementor-size-default\">Stream Restoration in the Kr\u00e5ktorpet Wind Farm<\/h5>\t\t\t\t<\/div>\n\t\t\t\t<\/div>\n\t\t\t\t<div class=\"elementor-element elementor-element-dc77f80 elementor-invisible elementor-widget elementor-widget-text-editor\" data-id=\"dc77f80\" data-element_type=\"widget\" data-settings=\"{&quot;_animation&quot;:&quot;fadeIn&quot;,&quot;_animation_delay&quot;:&quot;600&quot;}\" data-widget_type=\"text-editor.default\">\n\t\t\t\t<div class=\"elementor-widget-container\">\n\t\t\t\t\t\t\t\t\t<p class=\"\" data-start=\"0\" data-end=\"262\">In 2024, Eolus sponsored the restoration of a stream in the Kr\u00e5ktorpet Wind Farm, which is managed by Eolus. The purpose of the project is to support trout populations and the red-listed freshwater pearl mussel.<\/p>\n<p class=\"\" data-start=\"264\" data-end=\"611\">The project was carried out in collaboration with the J\u00e4rkvissle-V\u00e4stan\u00e5 Fishing Conservation Association, the consultancy firm Svensk Naturv\u00e5rd, and with funding from the County Administrative Board of V\u00e4sternorrland, with the approval of the landowner, SCA. Sigrid Carstairs, Sustainability Specialist at Eolus, participated on-site for one day.<\/p>\n\t\t\t\t\t\t\t\t<\/div>\n\t\t\t\t<\/div>\n\t\t\t\t\t<\/div>\n\t\t\t\t<\/div>\n\t\t\t\t\t<\/div>\n\t\t\t\t<\/div>\n\t\t<div class=\"elementor-element elementor-element-df19206 e-flex e-con-boxed e-con e-child\" data-id=\"df19206\" data-element_type=\"container\" data-settings=\"{&quot;jet_parallax_layout_list&quot;:[]}\">\n\t\t\t\t\t<div class=\"e-con-inner\">\n\t\t<div class=\"elementor-element elementor-element-afd8d55 e-flex e-con-boxed e-con e-child\" data-id=\"afd8d55\" data-element_type=\"container\" data-settings=\"{&quot;jet_parallax_layout_list&quot;:[]}\">\n\t\t\t\t\t<div class=\"e-con-inner\">\n\t\t\t\t<div class=\"elementor-element elementor-element-e096df2 elementor-invisible elementor-widget elementor-widget-image\" data-id=\"e096df2\" data-element_type=\"widget\" data-settings=\"{&quot;_animation&quot;:&quot;fadeIn&quot;}\" data-widget_type=\"image.default\">\n\t\t\t\t<div class=\"elementor-widget-container\">\n\t\t\t\t\t\t\t\t\t\t\t\t\t\t\t<img decoding=\"async\" width=\"1024\" height=\"768\" src=\"https:\/\/www.eolus.com\/wp-content\/uploads\/2025\/04\/varldenslangstablomsterang-1.jpg\" class=\"attachment-large size-large wp-image-60896\" alt=\"\" srcset=\"https:\/\/www.eolus.com\/wp-content\/uploads\/2025\/04\/varldenslangstablomsterang-1.jpg 1024w, https:\/\/www.eolus.com\/wp-content\/uploads\/2025\/04\/varldenslangstablomsterang-1-300x225.jpg 300w, https:\/\/www.eolus.com\/wp-content\/uploads\/2025\/04\/varldenslangstablomsterang-1-768x576.jpg 768w, https:\/\/www.eolus.com\/wp-content\/uploads\/2025\/04\/varldenslangstablomsterang-1-540x405.jpg 540w\" sizes=\"(max-width: 1024px) 100vw, 1024px\" \/>\t\t\t\t\t\t\t\t\t\t\t\t\t\t\t<\/div>\n\t\t\t\t<\/div>\n\t\t\t\t\t<\/div>\n\t\t\t\t<\/div>\n\t\t<div class=\"elementor-element elementor-element-e2c3515 e-flex e-con-boxed e-con e-child\" data-id=\"e2c3515\" data-element_type=\"container\" data-settings=\"{&quot;jet_parallax_layout_list&quot;:[]}\">\n\t\t\t\t\t<div class=\"e-con-inner\">\n\t\t\t\t<div class=\"elementor-element elementor-element-ee5ed1d elementor-invisible elementor-widget elementor-widget-heading\" data-id=\"ee5ed1d\" data-element_type=\"widget\" data-settings=\"{&quot;_animation&quot;:&quot;fadeIn&quot;,&quot;_animation_delay&quot;:&quot;400&quot;}\" data-widget_type=\"heading.default\">\n\t\t\t\t<div class=\"elementor-widget-container\">\n\t\t\t\t\t<h5 class=\"elementor-heading-title elementor-size-default\">The World\u2019s Longest Flower Meadow<\/h5>\t\t\t\t<\/div>\n\t\t\t\t<\/div>\n\t\t\t\t<div class=\"elementor-element elementor-element-a73e835 elementor-invisible elementor-widget elementor-widget-text-editor\" data-id=\"a73e835\" data-element_type=\"widget\" data-settings=\"{&quot;_animation&quot;:&quot;fadeIn&quot;,&quot;_animation_delay&quot;:&quot;600&quot;}\" data-widget_type=\"text-editor.default\">\n\t\t\t\t<div class=\"elementor-widget-container\">\n\t\t\t\t\t\t\t\t\t<p>During the year, Eolus contributed to the project \u201cThe World\u2019s Longest Flower Meadow,\u201d run by the Swedish Society for Nature Conservation (Naturskyddsf\u00f6reningen). In connection with a site visit to the T\u00e4ppeshusen Wind Farm, which is managed by Eolus, employees worked together to carry out a plant survey along the road. Based on the survey, a management plan was developed to support the landowner in maintaining the land in a way that promotes biodiversity. The purpose of the activity was to explore how collaboration with landowners can help us achieve our biodiversity goals.<\/p>\n\t\t\t\t\t\t\t\t<\/div>\n\t\t\t\t<\/div>\n\t\t\t\t\t<\/div>\n\t\t\t\t<\/div>\n\t\t\t\t\t<\/div>\n\t\t\t\t<\/div>\n\t\t\t\t<\/div>\n\t\t\t\t\t<\/div>\n\t\t\t\t<\/div>\n\t\t\t\t<\/div>\n\t\t","protected":false},"excerpt":{"rendered":"<p>Since climate change is one of the main drivers of biodiversity loss, Eolus contributes significantly to reducing the negative impact on biodiversity through its role in the expansion of renewable energy. However, it is essential that we identify and proactively manage the negative effects that the development of renewable energy itself may have on wildlife, [&hellip;]<\/p>\n","protected":false},"author":16,"featured_media":52587,"parent":53057,"menu_order":0,"comment_status":"closed","ping_status":"closed","template":"","meta":{"_acf_changed":false,"footnotes":""},"class_list":["post-53077","page","type-page","status-publish","has-post-thumbnail","hentry"],"acf":[],"yoast_head":"<!-- This site is optimized with the Yoast SEO plugin v26.5 - https:\/\/yoast.com\/wordpress\/plugins\/seo\/ -->\n<title>Biodiversity - Eolus<\/title>\n<meta name=\"robots\" content=\"index, follow, max-snippet:-1, max-image-preview:large, max-video-preview:-1\" \/>\n<link rel=\"canonical\" href=\"https:\/\/www.eolus.com\/hallbarhet\/miljo\/biologisk-mangfald\/\" \/>\n<meta property=\"og:locale\" content=\"fi_FI\" \/>\n<meta property=\"og:type\" content=\"article\" \/>\n<meta property=\"og:title\" content=\"Biodiversity - Eolus\" \/>\n<meta property=\"og:description\" content=\"Since climate change is one of the main drivers of biodiversity loss, Eolus contributes significantly to reducing the negative impact on biodiversity through its role in the expansion of renewable energy. However, it is essential that we identify and proactively manage the negative effects that the development of renewable energy itself may have on wildlife, [&hellip;]\" \/>\n<meta property=\"og:url\" content=\"https:\/\/www.eolus.com\/hallbarhet\/miljo\/biologisk-mangfald\/\" \/>\n<meta property=\"og:site_name\" content=\"Eolus\" \/>\n<meta property=\"article:modified_time\" content=\"2025-04-15T06:36:38+00:00\" \/>\n<meta property=\"og:image\" content=\"https:\/\/www.eolus.com\/wp-content\/uploads\/2024\/03\/eolus_sustainability_biodiversity_small.webp\" \/>\n\t<meta property=\"og:image:width\" content=\"1344\" \/>\n\t<meta property=\"og:image:height\" content=\"755\" \/>\n\t<meta property=\"og:image:type\" content=\"image\/webp\" \/>\n<meta name=\"twitter:card\" content=\"summary_large_image\" \/>\n<meta name=\"twitter:label1\" content=\"Arvioitu lukuaika\" \/>\n\t<meta name=\"twitter:data1\" content=\"4 minuuttia\" \/>\n<script type=\"application\/ld+json\" class=\"yoast-schema-graph\">{\"@context\":\"https:\/\/schema.org\",\"@graph\":[{\"@type\":\"WebPage\",\"@id\":\"https:\/\/www.eolus.com\/hallbarhet\/miljo\/biologisk-mangfald\/\",\"url\":\"https:\/\/www.eolus.com\/hallbarhet\/miljo\/biologisk-mangfald\/\",\"name\":\"Biodiversity - Eolus\",\"isPartOf\":{\"@id\":\"https:\/\/www.eolus.com\/#website\"},\"primaryImageOfPage\":{\"@id\":\"https:\/\/www.eolus.com\/hallbarhet\/miljo\/biologisk-mangfald\/#primaryimage\"},\"image\":{\"@id\":\"https:\/\/www.eolus.com\/hallbarhet\/miljo\/biologisk-mangfald\/#primaryimage\"},\"thumbnailUrl\":\"https:\/\/www.eolus.com\/wp-content\/uploads\/2024\/03\/eolus_sustainability_biodiversity_small.webp\",\"datePublished\":\"2024-03-26T09:10:24+00:00\",\"dateModified\":\"2025-04-15T06:36:38+00:00\",\"breadcrumb\":{\"@id\":\"https:\/\/www.eolus.com\/hallbarhet\/miljo\/biologisk-mangfald\/#breadcrumb\"},\"inLanguage\":\"fi\",\"potentialAction\":[{\"@type\":\"ReadAction\",\"target\":[\"https:\/\/www.eolus.com\/hallbarhet\/miljo\/biologisk-mangfald\/\"]}]},{\"@type\":\"ImageObject\",\"inLanguage\":\"fi\",\"@id\":\"https:\/\/www.eolus.com\/hallbarhet\/miljo\/biologisk-mangfald\/#primaryimage\",\"url\":\"https:\/\/www.eolus.com\/wp-content\/uploads\/2024\/03\/eolus_sustainability_biodiversity_small.webp\",\"contentUrl\":\"https:\/\/www.eolus.com\/wp-content\/uploads\/2024\/03\/eolus_sustainability_biodiversity_small.webp\",\"width\":1344,\"height\":755},{\"@type\":\"BreadcrumbList\",\"@id\":\"https:\/\/www.eolus.com\/hallbarhet\/miljo\/biologisk-mangfald\/#breadcrumb\",\"itemListElement\":[{\"@type\":\"ListItem\",\"position\":1,\"name\":\"Home\",\"item\":\"https:\/\/www.eolus.com\/\"},{\"@type\":\"ListItem\",\"position\":2,\"name\":\"Sustainability\",\"item\":\"https:\/\/www.eolus.com\/hallbarhet\/\"},{\"@type\":\"ListItem\",\"position\":3,\"name\":\"Environment\",\"item\":\"https:\/\/www.eolus.com\/hallbarhet\/miljo\/\"},{\"@type\":\"ListItem\",\"position\":4,\"name\":\"Biodiversity\"}]},{\"@type\":\"WebSite\",\"@id\":\"https:\/\/www.eolus.com\/#website\",\"url\":\"https:\/\/www.eolus.com\/\",\"name\":\"Eolus\",\"description\":\"Shaping the Future of Renewable Energy\",\"potentialAction\":[{\"@type\":\"SearchAction\",\"target\":{\"@type\":\"EntryPoint\",\"urlTemplate\":\"https:\/\/www.eolus.com\/?s={search_term_string}\"},\"query-input\":{\"@type\":\"PropertyValueSpecification\",\"valueRequired\":true,\"valueName\":\"search_term_string\"}}],\"inLanguage\":\"fi\"}]}<\/script>\n<!-- \/ Yoast SEO plugin. -->","yoast_head_json":{"title":"Biodiversity - Eolus","robots":{"index":"index","follow":"follow","max-snippet":"max-snippet:-1","max-image-preview":"max-image-preview:large","max-video-preview":"max-video-preview:-1"},"canonical":"https:\/\/www.eolus.com\/hallbarhet\/miljo\/biologisk-mangfald\/","og_locale":"fi_FI","og_type":"article","og_title":"Biodiversity - Eolus","og_description":"Since climate change is one of the main drivers of biodiversity loss, Eolus contributes significantly to reducing the negative impact on biodiversity through its role in the expansion of renewable energy. However, it is essential that we identify and proactively manage the negative effects that the development of renewable energy itself may have on wildlife, [&hellip;]","og_url":"https:\/\/www.eolus.com\/hallbarhet\/miljo\/biologisk-mangfald\/","og_site_name":"Eolus","article_modified_time":"2025-04-15T06:36:38+00:00","og_image":[{"width":1344,"height":755,"url":"https:\/\/www.eolus.com\/wp-content\/uploads\/2024\/03\/eolus_sustainability_biodiversity_small.webp","type":"image\/webp"}],"twitter_card":"summary_large_image","twitter_misc":{"Arvioitu lukuaika":"4 minuuttia"},"schema":{"@context":"https:\/\/schema.org","@graph":[{"@type":"WebPage","@id":"https:\/\/www.eolus.com\/hallbarhet\/miljo\/biologisk-mangfald\/","url":"https:\/\/www.eolus.com\/hallbarhet\/miljo\/biologisk-mangfald\/","name":"Biodiversity - Eolus","isPartOf":{"@id":"https:\/\/www.eolus.com\/#website"},"primaryImageOfPage":{"@id":"https:\/\/www.eolus.com\/hallbarhet\/miljo\/biologisk-mangfald\/#primaryimage"},"image":{"@id":"https:\/\/www.eolus.com\/hallbarhet\/miljo\/biologisk-mangfald\/#primaryimage"},"thumbnailUrl":"https:\/\/www.eolus.com\/wp-content\/uploads\/2024\/03\/eolus_sustainability_biodiversity_small.webp","datePublished":"2024-03-26T09:10:24+00:00","dateModified":"2025-04-15T06:36:38+00:00","breadcrumb":{"@id":"https:\/\/www.eolus.com\/hallbarhet\/miljo\/biologisk-mangfald\/#breadcrumb"},"inLanguage":"fi","potentialAction":[{"@type":"ReadAction","target":["https:\/\/www.eolus.com\/hallbarhet\/miljo\/biologisk-mangfald\/"]}]},{"@type":"ImageObject","inLanguage":"fi","@id":"https:\/\/www.eolus.com\/hallbarhet\/miljo\/biologisk-mangfald\/#primaryimage","url":"https:\/\/www.eolus.com\/wp-content\/uploads\/2024\/03\/eolus_sustainability_biodiversity_small.webp","contentUrl":"https:\/\/www.eolus.com\/wp-content\/uploads\/2024\/03\/eolus_sustainability_biodiversity_small.webp","width":1344,"height":755},{"@type":"BreadcrumbList","@id":"https:\/\/www.eolus.com\/hallbarhet\/miljo\/biologisk-mangfald\/#breadcrumb","itemListElement":[{"@type":"ListItem","position":1,"name":"Home","item":"https:\/\/www.eolus.com\/"},{"@type":"ListItem","position":2,"name":"Sustainability","item":"https:\/\/www.eolus.com\/hallbarhet\/"},{"@type":"ListItem","position":3,"name":"Environment","item":"https:\/\/www.eolus.com\/hallbarhet\/miljo\/"},{"@type":"ListItem","position":4,"name":"Biodiversity"}]},{"@type":"WebSite","@id":"https:\/\/www.eolus.com\/#website","url":"https:\/\/www.eolus.com\/","name":"Eolus","description":"Shaping the Future of Renewable Energy","potentialAction":[{"@type":"SearchAction","target":{"@type":"EntryPoint","urlTemplate":"https:\/\/www.eolus.com\/?s={search_term_string}"},"query-input":{"@type":"PropertyValueSpecification","valueRequired":true,"valueName":"search_term_string"}}],"inLanguage":"fi"}]}},"_links":{"self":[{"href":"https:\/\/www.eolus.com\/fi\/wp-json\/wp\/v2\/pages\/53077","targetHints":{"allow":["GET"]}}],"collection":[{"href":"https:\/\/www.eolus.com\/fi\/wp-json\/wp\/v2\/pages"}],"about":[{"href":"https:\/\/www.eolus.com\/fi\/wp-json\/wp\/v2\/types\/page"}],"author":[{"embeddable":true,"href":"https:\/\/www.eolus.com\/fi\/wp-json\/wp\/v2\/users\/16"}],"replies":[{"embeddable":true,"href":"https:\/\/www.eolus.com\/fi\/wp-json\/wp\/v2\/comments?post=53077"}],"version-history":[{"count":9,"href":"https:\/\/www.eolus.com\/fi\/wp-json\/wp\/v2\/pages\/53077\/revisions"}],"predecessor-version":[{"id":60906,"href":"https:\/\/www.eolus.com\/fi\/wp-json\/wp\/v2\/pages\/53077\/revisions\/60906"}],"up":[{"embeddable":true,"href":"https:\/\/www.eolus.com\/fi\/wp-json\/wp\/v2\/pages\/53057"}],"wp:featuredmedia":[{"embeddable":true,"href":"https:\/\/www.eolus.com\/fi\/wp-json\/wp\/v2\/media\/52587"}],"wp:attachment":[{"href":"https:\/\/www.eolus.com\/fi\/wp-json\/wp\/v2\/media?parent=53077"}],"curies":[{"name":"wp","href":"https:\/\/api.w.org\/{rel}","templated":true}]}}