{"id":64751,"date":"2026-04-28T10:43:09","date_gmt":"2026-04-28T08:43:09","guid":{"rendered":"https:\/\/www.eolus.com\/ura\/"},"modified":"2026-04-28T10:43:11","modified_gmt":"2026-04-28T08:43:11","slug":"ura","status":"publish","type":"page","link":"https:\/\/www.eolus.com\/fi\/ura\/","title":{"rendered":"Ura"},"content":{"rendered":"\t\t<div data-elementor-type=\"wp-page\" data-elementor-id=\"64751\" class=\"elementor elementor-64751 elementor-64661\" data-elementor-post-type=\"page\">\n\t\t\t\t<div class=\"elementor-element elementor-element-07a3358 e-con-full e-flex e-con e-parent\" data-id=\"07a3358\" data-element_type=\"container\" data-e-type=\"container\" data-settings=\"{&quot;jet_parallax_layout_list&quot;:[]}\">\n\t\t\t\t<div class=\"elementor-element elementor-element-ff62bef elementor-widget elementor-widget-hero-ir\" data-id=\"ff62bef\" data-element_type=\"widget\" data-e-type=\"widget\" data-widget_type=\"hero-ir.default\">\n\t\t\t\t<div class=\"elementor-widget-container\">\n\t\t\t\t\t        <section class=\"relative overflow-hidden text-white flex flex-col justify-end items-start w-full pt-20 pb-16 min-h-[560px] bg-cover bg-center bg-no-repeat\" style=\"background-color: #78A1BC; background-image: url(&#039;https:\/\/www.eolus.com\/wp-content\/uploads\/2026\/04\/eolus_career5.webp&#039;)\">\n\n            <div class=\"absolute inset-0 bg-gradient-to-b from-v2-blue-500 to-v2-blue-400 mix-blend-overlay pointer-events-none\" style=\"opacity: 0;\"><\/div>\n\n            <div class=\"relative z-10 w-full max-w-full lg:max-w-[1488px] mx-auto px-6 md:px-8 flex flex-col gap-8 lg:flex-row lg:items-end\">\n                <div class=\"flex-1 min-w-0 flex flex-col justify-end gap-6 min-h-[320px]\">\n                    <h2 class=\"hero-heading\">Liity Eolukseen<\/h2>\n                                    <\/div>\n\n                            <\/div>\n        <\/section>\n\t\t\t\t<\/div>\n\t\t\t\t<\/div>\n\t\t\t\t<\/div>\n\t\t<div class=\"elementor-element elementor-element-5f17e5e e-con-full animated-slow e-flex elementor-invisible e-con e-parent\" data-id=\"5f17e5e\" data-element_type=\"container\" data-e-type=\"container\" data-settings=\"{&quot;background_background&quot;:&quot;classic&quot;,&quot;animation&quot;:&quot;fadeIn&quot;,&quot;jet_parallax_layout_list&quot;:[]}\">\n\t\t<div class=\"elementor-element elementor-element-e2c48f5 e-flex e-con-boxed e-con e-child\" data-id=\"e2c48f5\" data-element_type=\"container\" data-e-type=\"container\" data-settings=\"{&quot;jet_parallax_layout_list&quot;:[]}\">\n\t\t\t\t\t<div class=\"e-con-inner\">\n\t\t<div class=\"elementor-element elementor-element-e49488b e-con-full e-flex e-con e-child\" data-id=\"e49488b\" data-element_type=\"container\" data-e-type=\"container\" data-settings=\"{&quot;jet_parallax_layout_list&quot;:[]}\">\n\t\t\t\t<div class=\"elementor-element elementor-element-d0e547e elementor-invisible elementor-widget elementor-widget-heading\" data-id=\"d0e547e\" data-element_type=\"widget\" data-e-type=\"widget\" data-settings=\"{&quot;_animation&quot;:&quot;fadeIn&quot;}\" data-widget_type=\"heading.default\">\n\t\t\t\t<div class=\"elementor-widget-container\">\n\t\t\t\t\t<h4 class=\"elementor-heading-title elementor-size-default\">Ura<\/h4>\t\t\t\t<\/div>\n\t\t\t\t<\/div>\n\t\t\t\t<div class=\"elementor-element elementor-element-9705bb7 elementor-invisible elementor-widget elementor-widget-text-editor\" data-id=\"9705bb7\" data-element_type=\"widget\" data-e-type=\"widget\" data-settings=\"{&quot;_animation&quot;:&quot;fadeIn&quot;,&quot;_animation_delay&quot;:&quot;200&quot;}\" data-widget_type=\"text-editor.default\">\n\t\t\t\t<div class=\"elementor-widget-container\">\n\t\t\t\t\t\t\t\t\t<p><b><i>Muovaamassa uusiutuvan energian tulevaisuutta<\/i><\/b><\/p>\n<p>Eoluksella olemme sitoutuneet muovaamaan uusiutuvan energian tulevaisuutta \u2013 sellaista, jossa jokainen voi el\u00e4\u00e4 merkityksellist\u00e4 ja kest\u00e4v\u00e4\u00e4 el\u00e4m\u00e4\u00e4. Perustamisestamme vuodesta 1990 l\u00e4htien olemme kehitt\u00e4neet hankkeita Euroopassa ja Pohjois-Amerikassa.<\/p>\n<p>Menestyksemme perustuu innovatiivisuuteen, ennakkoluulottomaan ajatteluun sek\u00e4 vahvaan yhteisty\u00f6kulttuuriin. Liity Eolukseen ja hy\u00f6dynn\u00e4 mahdollisuus vaikuttaa aidosti energiamurrokseen osallistumalla uusien ratkaisujen kehitt\u00e4miseen.<\/p>\n\t\t\t\t\t\t\t\t<\/div>\n\t\t\t\t<\/div>\n\t\t\t\t<div class=\"elementor-element elementor-element-8a07f07 elementor-widget elementor-widget-hero_button\" data-id=\"8a07f07\" data-element_type=\"widget\" data-e-type=\"widget\" data-widget_type=\"hero_button.default\">\n\t\t\t\t<div class=\"elementor-widget-container\">\n\t\t\t\t\t        <a href=\"https:\/\/www.eolus.com\/fi\/?page_id=59772\" class=\"hero-button hero-button--small\">\n            <span class=\"hero-button-icon\">\n                <svg xmlns=\"http:\/\/www.w3.org\/2000\/svg\" width=\"17.2\" height=\"17.2\" viewBox=\"0 0 17.2 17.2\">\n                    <path d=\"M12.081.628A1.029,1.029,0,0,0,11.149,0H1.019a1.013,1.013,0,0,0,0,2.026H8.708L.3,10.424a1.017,1.017,0,1,0,1.439,1.439l8.4-8.408v7.689a1.013,1.013,0,1,0,2.026,0V1.013A1.013,1.013,0,0,0,12.081.628Z\" transform=\"translate(8.6) rotate(45)\" fill=\"#fff\" \/>\n                <\/svg>\n            <\/span>\n            Open positions (EN)        <\/a>\n\t\t\t\t<\/div>\n\t\t\t\t<\/div>\n\t\t\t\t<\/div>\n\t\t<div class=\"elementor-element elementor-element-42bfd52 e-con-full e-flex e-con e-child\" data-id=\"42bfd52\" data-element_type=\"container\" data-e-type=\"container\" data-settings=\"{&quot;jet_parallax_layout_list&quot;:[]}\">\n\t\t<div class=\"elementor-element elementor-element-12895e5 elementor-hidden-mobile e-flex e-con-boxed elementor-invisible e-con e-child\" data-id=\"12895e5\" data-element_type=\"container\" data-e-type=\"container\" data-settings=\"{&quot;jet_parallax_layout_list&quot;:[],&quot;animation&quot;:&quot;fadeIn&quot;,&quot;animation_delay&quot;:&quot;100&quot;}\">\n\t\t\t\t\t<div class=\"e-con-inner\">\n\t\t\t\t<div class=\"elementor-element elementor-element-54fea20 elementor-cta--layout-image-above elementor-cta--skin-classic elementor-animated-content elementor-widget elementor-widget-call-to-action\" data-id=\"54fea20\" data-element_type=\"widget\" data-e-type=\"widget\" data-widget_type=\"call-to-action.default\">\n\t\t\t\t<div class=\"elementor-widget-container\">\n\t\t\t\t\t\t\t<div class=\"elementor-cta\">\n\t\t\t\t\t<div class=\"elementor-cta__bg-wrapper\">\n\t\t\t\t<div class=\"elementor-cta__bg elementor-bg\" style=\"background-image: url(https:\/\/www.eolus.com\/wp-content\/uploads\/2025\/04\/2024.09.18_AspenasHerrgard-2-11-1024x683.jpg);\" role=\"img\" aria-label=\"2024.09.18_Aspen\u00e4sHerrg\u00e5rd-2-11\"><\/div>\n\t\t\t\t<div class=\"elementor-cta__bg-overlay\"><\/div>\n\t\t\t<\/div>\n\t\t\t\t\t\t\t<div class=\"elementor-cta__content\">\n\t\t\t\t\n\t\t\t\t\t\t\t\t\t<h5 class=\"elementor-cta__title elementor-cta__content-item elementor-content-item\">\n\t\t\t\t\t\tTy\u00f6skentele Eoluksella\t\t\t\t\t<\/h5>\n\t\t\t\t\n\t\t\t\t\t\t\t\t\t<div class=\"elementor-cta__description elementor-cta__content-item elementor-content-item\">\n\t\t\t\t\t\t<p>Lue lis\u00e4\u00e4 meist\u00e4 ja arvoistamme.<\/p>\n\t\t\t\t\t<\/div>\n\t\t\t\t\n\t\t\t\t\t\t\t<\/div>\n\t\t\t\t\t\t<\/div>\n\t\t\t\t\t\t<\/div>\n\t\t\t\t<\/div>\n\t\t\t\t\t<\/div>\n\t\t\t\t<\/div>\n\t\t\t\t<\/div>\n\t\t\t\t\t<\/div>\n\t\t\t\t<\/div>\n\t\t\t\t<\/div>\n\t\t<div class=\"elementor-element elementor-element-88564ad e-flex e-con-boxed e-con e-parent\" data-id=\"88564ad\" data-element_type=\"container\" data-e-type=\"container\" data-settings=\"{&quot;jet_parallax_layout_list&quot;:[]}\">\n\t\t\t\t\t<div class=\"e-con-inner\">\n\t\t\t\t\t<\/div>\n\t\t\t\t<\/div>\n\t\t\t\t<\/div>\n\t\t","protected":false},"excerpt":{"rendered":"<p>Liity Eolukseen Muovaamassa uusiutuvan energian tulevaisuutta Eoluksella olemme sitoutuneet muovaamaan uusiutuvan energian tulevaisuutta \u2013 sellaista, jossa jokainen voi el\u00e4\u00e4 merkityksellist\u00e4 ja kest\u00e4v\u00e4\u00e4 el\u00e4m\u00e4\u00e4. Perustamisestamme vuodesta 1990 l\u00e4htien olemme kehitt\u00e4neet hankkeita Euroopassa ja Pohjois-Amerikassa. Menestyksemme perustuu innovatiivisuuteen, ennakkoluulottomaan ajatteluun sek\u00e4 vahvaan yhteisty\u00f6kulttuuriin. Liity Eolukseen ja hy\u00f6dynn\u00e4 mahdollisuus vaikuttaa aidosti energiamurrokseen osallistumalla uusien ratkaisujen kehitt\u00e4miseen. Open positions [&hellip;]<\/p>\n","protected":false},"author":17,"featured_media":0,"parent":0,"menu_order":0,"comment_status":"closed","ping_status":"closed","template":"","meta":{"_acf_changed":false,"footnotes":""},"class_list":["post-64751","page","type-page","status-publish","hentry"],"acf":[],"yoast_head":"<!-- This site is optimized with the Yoast SEO plugin v27.3 - https:\/\/yoast.com\/product\/yoast-seo-wordpress\/ -->\n<title>Ura - Eolus<\/title>\n<meta name=\"robots\" content=\"index, follow, max-snippet:-1, max-image-preview:large, max-video-preview:-1\" \/>\n<link rel=\"canonical\" href=\"https:\/\/www.eolus.com\/fi\/ura\/\" \/>\n<meta property=\"og:locale\" content=\"fi_FI\" \/>\n<meta property=\"og:type\" content=\"article\" \/>\n<meta property=\"og:title\" content=\"Ura - Eolus\" \/>\n<meta property=\"og:description\" content=\"Liity Eolukseen Muovaamassa uusiutuvan energian tulevaisuutta Eoluksella olemme sitoutuneet muovaamaan uusiutuvan energian tulevaisuutta \u2013 sellaista, jossa jokainen voi el\u00e4\u00e4 merkityksellist\u00e4 ja kest\u00e4v\u00e4\u00e4 el\u00e4m\u00e4\u00e4. Perustamisestamme vuodesta 1990 l\u00e4htien olemme kehitt\u00e4neet hankkeita Euroopassa ja Pohjois-Amerikassa. Menestyksemme perustuu innovatiivisuuteen, ennakkoluulottomaan ajatteluun sek\u00e4 vahvaan yhteisty\u00f6kulttuuriin. Liity Eolukseen ja hy\u00f6dynn\u00e4 mahdollisuus vaikuttaa aidosti energiamurrokseen osallistumalla uusien ratkaisujen kehitt\u00e4miseen. Open positions [&hellip;]\" \/>\n<meta property=\"og:url\" content=\"https:\/\/www.eolus.com\/fi\/ura\/\" \/>\n<meta property=\"og:site_name\" content=\"Eolus\" \/>\n<meta property=\"article:modified_time\" content=\"2026-04-28T08:43:11+00:00\" \/>\n<meta name=\"twitter:card\" content=\"summary_large_image\" \/>\n<script type=\"application\/ld+json\" class=\"yoast-schema-graph\">{\"@context\":\"https:\\\/\\\/schema.org\",\"@graph\":[{\"@type\":\"WebPage\",\"@id\":\"https:\\\/\\\/www.eolus.com\\\/fi\\\/ura\\\/\",\"url\":\"https:\\\/\\\/www.eolus.com\\\/fi\\\/ura\\\/\",\"name\":\"Ura - Eolus\",\"isPartOf\":{\"@id\":\"https:\\\/\\\/www.eolus.com\\\/#website\"},\"datePublished\":\"2026-04-28T08:43:09+00:00\",\"dateModified\":\"2026-04-28T08:43:11+00:00\",\"breadcrumb\":{\"@id\":\"https:\\\/\\\/www.eolus.com\\\/fi\\\/ura\\\/#breadcrumb\"},\"inLanguage\":\"fi\",\"potentialAction\":[{\"@type\":\"ReadAction\",\"target\":[\"https:\\\/\\\/www.eolus.com\\\/fi\\\/ura\\\/\"]}]},{\"@type\":\"BreadcrumbList\",\"@id\":\"https:\\\/\\\/www.eolus.com\\\/fi\\\/ura\\\/#breadcrumb\",\"itemListElement\":[{\"@type\":\"ListItem\",\"position\":1,\"name\":\"Home\",\"item\":\"https:\\\/\\\/www.eolus.com\\\/\"},{\"@type\":\"ListItem\",\"position\":2,\"name\":\"Ura\"}]},{\"@type\":\"WebSite\",\"@id\":\"https:\\\/\\\/www.eolus.com\\\/#website\",\"url\":\"https:\\\/\\\/www.eolus.com\\\/\",\"name\":\"Eolus\",\"description\":\"Shaping the Future of Renewable Energy\",\"potentialAction\":[{\"@type\":\"SearchAction\",\"target\":{\"@type\":\"EntryPoint\",\"urlTemplate\":\"https:\\\/\\\/www.eolus.com\\\/?s={search_term_string}\"},\"query-input\":{\"@type\":\"PropertyValueSpecification\",\"valueRequired\":true,\"valueName\":\"search_term_string\"}}],\"inLanguage\":\"fi\"}]}<\/script>\n<!-- \/ Yoast SEO plugin. -->","yoast_head_json":{"title":"Ura - Eolus","robots":{"index":"index","follow":"follow","max-snippet":"max-snippet:-1","max-image-preview":"max-image-preview:large","max-video-preview":"max-video-preview:-1"},"canonical":"https:\/\/www.eolus.com\/fi\/ura\/","og_locale":"fi_FI","og_type":"article","og_title":"Ura - Eolus","og_description":"Liity Eolukseen Muovaamassa uusiutuvan energian tulevaisuutta Eoluksella olemme sitoutuneet muovaamaan uusiutuvan energian tulevaisuutta \u2013 sellaista, jossa jokainen voi el\u00e4\u00e4 merkityksellist\u00e4 ja kest\u00e4v\u00e4\u00e4 el\u00e4m\u00e4\u00e4. Perustamisestamme vuodesta 1990 l\u00e4htien olemme kehitt\u00e4neet hankkeita Euroopassa ja Pohjois-Amerikassa. Menestyksemme perustuu innovatiivisuuteen, ennakkoluulottomaan ajatteluun sek\u00e4 vahvaan yhteisty\u00f6kulttuuriin. Liity Eolukseen ja hy\u00f6dynn\u00e4 mahdollisuus vaikuttaa aidosti energiamurrokseen osallistumalla uusien ratkaisujen kehitt\u00e4miseen. Open positions [&hellip;]","og_url":"https:\/\/www.eolus.com\/fi\/ura\/","og_site_name":"Eolus","article_modified_time":"2026-04-28T08:43:11+00:00","twitter_card":"summary_large_image","schema":{"@context":"https:\/\/schema.org","@graph":[{"@type":"WebPage","@id":"https:\/\/www.eolus.com\/fi\/ura\/","url":"https:\/\/www.eolus.com\/fi\/ura\/","name":"Ura - Eolus","isPartOf":{"@id":"https:\/\/www.eolus.com\/#website"},"datePublished":"2026-04-28T08:43:09+00:00","dateModified":"2026-04-28T08:43:11+00:00","breadcrumb":{"@id":"https:\/\/www.eolus.com\/fi\/ura\/#breadcrumb"},"inLanguage":"fi","potentialAction":[{"@type":"ReadAction","target":["https:\/\/www.eolus.com\/fi\/ura\/"]}]},{"@type":"BreadcrumbList","@id":"https:\/\/www.eolus.com\/fi\/ura\/#breadcrumb","itemListElement":[{"@type":"ListItem","position":1,"name":"Home","item":"https:\/\/www.eolus.com\/"},{"@type":"ListItem","position":2,"name":"Ura"}]},{"@type":"WebSite","@id":"https:\/\/www.eolus.com\/#website","url":"https:\/\/www.eolus.com\/","name":"Eolus","description":"Shaping the Future of Renewable Energy","potentialAction":[{"@type":"SearchAction","target":{"@type":"EntryPoint","urlTemplate":"https:\/\/www.eolus.com\/?s={search_term_string}"},"query-input":{"@type":"PropertyValueSpecification","valueRequired":true,"valueName":"search_term_string"}}],"inLanguage":"fi"}]}},"_links":{"self":[{"href":"https:\/\/www.eolus.com\/fi\/wp-json\/wp\/v2\/pages\/64751","targetHints":{"allow":["GET"]}}],"collection":[{"href":"https:\/\/www.eolus.com\/fi\/wp-json\/wp\/v2\/pages"}],"about":[{"href":"https:\/\/www.eolus.com\/fi\/wp-json\/wp\/v2\/types\/page"}],"author":[{"embeddable":true,"href":"https:\/\/www.eolus.com\/fi\/wp-json\/wp\/v2\/users\/17"}],"replies":[{"embeddable":true,"href":"https:\/\/www.eolus.com\/fi\/wp-json\/wp\/v2\/comments?post=64751"}],"version-history":[{"count":1,"href":"https:\/\/www.eolus.com\/fi\/wp-json\/wp\/v2\/pages\/64751\/revisions"}],"predecessor-version":[{"id":64754,"href":"https:\/\/www.eolus.com\/fi\/wp-json\/wp\/v2\/pages\/64751\/revisions\/64754"}],"wp:attachment":[{"href":"https:\/\/www.eolus.com\/fi\/wp-json\/wp\/v2\/media?parent=64751"}],"curies":[{"name":"wp","href":"https:\/\/api.w.org\/{rel}","templated":true}]}}