{"id":27870,"date":"2024-01-17T13:34:46","date_gmt":"2024-01-17T12:34:46","guid":{"rendered":"https:\/\/www.eolus.com\/investors\/financial-calendar\/"},"modified":"2024-11-05T14:25:04","modified_gmt":"2024-11-05T13:25:04","slug":"financial-calendar","status":"publish","type":"page","link":"https:\/\/www.eolus.com\/lv\/investors\/financial-calendar\/","title":{"rendered":"Financial Calendar"},"content":{"rendered":"\t\t<div data-elementor-type=\"wp-page\" data-elementor-id=\"27870\" class=\"elementor elementor-27870 elementor-23208\" data-elementor-post-type=\"page\">\n\t\t\t\t<div class=\"elementor-element elementor-element-e9e8789 e-con-full animated-slow e-flex elementor-invisible e-con e-parent\" data-id=\"e9e8789\" data-element_type=\"container\" data-e-type=\"container\" data-settings=\"{&quot;background_background&quot;:&quot;classic&quot;,&quot;animation&quot;:&quot;fadeIn&quot;,&quot;jet_parallax_layout_list&quot;:[]}\">\n\t\t<div class=\"elementor-element elementor-element-697cf57a e-flex e-con-boxed e-con e-child\" data-id=\"697cf57a\" data-element_type=\"container\" data-e-type=\"container\" data-settings=\"{&quot;jet_parallax_layout_list&quot;:[]}\">\n\t\t\t\t\t<div class=\"e-con-inner\">\n\t\t<div class=\"elementor-element elementor-element-713c06e5 e-con-full e-flex e-con e-child\" data-id=\"713c06e5\" data-element_type=\"container\" data-e-type=\"container\" data-settings=\"{&quot;jet_parallax_layout_list&quot;:[]}\">\n\t\t\t\t<div class=\"elementor-element elementor-element-14ce3540 elementor-invisible elementor-widget elementor-widget-heading\" data-id=\"14ce3540\" data-element_type=\"widget\" data-e-type=\"widget\" data-settings=\"{&quot;_animation&quot;:&quot;fadeIn&quot;}\" data-widget_type=\"heading.default\">\n\t\t\t\t<div class=\"elementor-widget-container\">\n\t\t\t\t\t<h4 class=\"elementor-heading-title elementor-size-default\">Financial Calendar<\/h4>\t\t\t\t<\/div>\n\t\t\t\t<\/div>\n\t\t\t\t<div class=\"elementor-element elementor-element-7556f028 elementor-invisible elementor-widget elementor-widget-text-editor\" data-id=\"7556f028\" data-element_type=\"widget\" data-e-type=\"widget\" data-settings=\"{&quot;_animation&quot;:&quot;fadeIn&quot;,&quot;_animation_delay&quot;:&quot;200&quot;}\" data-widget_type=\"text-editor.default\">\n\t\t\t\t<div class=\"elementor-widget-container\">\n\t\t\t\t\t\t\t\t\t<p>Explore our financial calendar below for important market events. Easily add dates to your calendar using the buttons provided.<\/p>\n\t\t\t\t\t\t\t\t<\/div>\n\t\t\t\t<\/div>\n\t\t\t\t<\/div>\n\t\t<div class=\"elementor-element elementor-element-26494bcd e-con-full e-flex e-con e-child\" data-id=\"26494bcd\" data-element_type=\"container\" data-e-type=\"container\" data-settings=\"{&quot;jet_parallax_layout_list&quot;:[]}\">\n\t\t<div class=\"elementor-element elementor-element-74e15262 e-flex e-con-boxed elementor-invisible e-con e-child\" data-id=\"74e15262\" data-element_type=\"container\" data-e-type=\"container\" data-settings=\"{&quot;jet_parallax_layout_list&quot;:[],&quot;animation&quot;:&quot;fadeIn&quot;,&quot;animation_delay&quot;:&quot;100&quot;}\">\n\t\t\t\t\t<div class=\"e-con-inner\">\n\t\t\t\t\t<\/div>\n\t\t\t\t<\/div>\n\t\t\t\t<\/div>\n\t\t\t\t\t<\/div>\n\t\t\t\t<\/div>\n\t\t\t\t<\/div>\n\t\t<div class=\"elementor-element elementor-element-5d6a3a3 e-flex e-con-boxed e-con e-parent\" data-id=\"5d6a3a3\" data-element_type=\"container\" data-e-type=\"container\" data-settings=\"{&quot;jet_parallax_layout_list&quot;:[]}\">\n\t\t\t\t\t<div class=\"e-con-inner\">\n\t\t\t\t<div class=\"elementor-element elementor-element-88e7947 elementor-widget elementor-widget-financial-calendar\" data-id=\"88e7947\" data-element_type=\"widget\" data-e-type=\"widget\" data-widget_type=\"financial-calendar.default\">\n\t\t\t\t<div class=\"elementor-widget-container\">\n\t\t\t\t\t        <div class=\"flex flex-col gap-y-7\">\n                    <\/div>\n\t\t\t\t<\/div>\n\t\t\t\t<\/div>\n\t\t\t\t\t<\/div>\n\t\t\t\t<\/div>\n\t\t<div class=\"elementor-element elementor-element-1c7a56e2 e-con-full e-flex elementor-invisible e-con e-parent\" data-id=\"1c7a56e2\" data-element_type=\"container\" data-e-type=\"container\" data-settings=\"{&quot;animation&quot;:&quot;fadeIn&quot;,&quot;jet_parallax_layout_list&quot;:[]}\">\n\t\t<div class=\"elementor-element elementor-element-403569f e-con-full e-flex e-con e-child\" data-id=\"403569f\" data-element_type=\"container\" data-e-type=\"container\" data-settings=\"{&quot;jet_parallax_layout_list&quot;:[]}\">\n\t\t<div class=\"elementor-element elementor-element-7709d524 e-flex e-con-boxed elementor-invisible e-con e-child\" data-id=\"7709d524\" data-element_type=\"container\" data-e-type=\"container\" data-settings=\"{&quot;jet_parallax_layout_list&quot;:[],&quot;animation&quot;:&quot;fadeIn&quot;}\">\n\t\t\t\t\t<div class=\"e-con-inner\">\n\t\t\t\t<div class=\"elementor-element elementor-element-17752b28 elementor-widget elementor-widget-two-blocks\" data-id=\"17752b28\" data-element_type=\"widget\" data-e-type=\"widget\" data-widget_type=\"two-blocks.default\">\n\t\t\t\t<div class=\"elementor-widget-container\">\n\t\t\t\t\t\n\t\t<article class=\"two-blocks two-blocks--small\">\n\t\t\t\n\t\t\t<div class=\"two-blocks-text group two-blocks-text--small-image-right\">\n\t\t\t\t<h4 class=\"two-blocks-heading\">Financial Reports<\/h4>\n\n\t\t\t\t<div class=\"text-container\"><p>Looking for our annual and sustainability reports, our interim reports, and presentations?<\/p><\/div>\n\n\t\t\t\t\t\t\t\t\t\t\t\t\t\t\t<a href=\"\/financial-reports\/\" class=\"two-blocks-link\">\n\t\t\t\t\t\t\tAccess our financial reports here\t\t\t\t\t\t\t<span class=\"absolute inset-0\"><\/span>\n\t\t\t\t\t\t<\/a>\n\t\t\t\t\t\t\t\t\t\t\t\t<\/div>\n\n\t\t\t\t\t\t\t<div class=\"w-full lg:w-1\/2 relative isolate flex pr-5\">\n\t\t\t\t\t<div class=\"bg-gradient-to-b from-v2-yellow via-v2-green to-v2-blue-500 absolute inset-0 rounded-[20px] z-[-1]\"><\/div>\n\n\t\t\t\t\t\t\t\t\t<\/div>\n\t\t\t\t\t<\/article>\n\t\t\t\t<\/div>\n\t\t\t\t<\/div>\n\t\t\t\t\t<\/div>\n\t\t\t\t<\/div>\n\t\t\t\t<\/div>\n\t\t\t\t<\/div>\n\t\t\t\t<\/div>\n\t\t","protected":false},"excerpt":{"rendered":"<p>Explore our financial calendar below for important market events. Easily add dates to your calendar using the buttons provided. 2024-11-20 Del\u00e5rsrapport Q3 2024 Del\u00e5rsrapport f\u00f6r Q3 2024 offentligg\u00f6rs kl. 07:45 CET den 20 november 2024. Add to calendar 2025-02-13 Bokslutskommunik\u00e9 2024 Bokslutskommunik\u00e9 f\u00f6r 2024 offentligg\u00f6rs kl. 07:45 CET den 13 februari 2025. Add to calendar [&hellip;]<\/p>\n","protected":false},"author":16,"featured_media":0,"parent":27850,"menu_order":0,"comment_status":"closed","ping_status":"closed","template":"","meta":{"_acf_changed":false,"footnotes":""},"class_list":["post-27870","page","type-page","status-publish","hentry"],"acf":[],"yoast_head":"<!-- This site is optimized with the Yoast SEO plugin v27.3 - https:\/\/yoast.com\/product\/yoast-seo-wordpress\/ -->\n<title>Financial Calendar<\/title>\n<meta name=\"description\" content=\"Explore our financial calendar below for important market events. Easily add dates to your calendar using the buttons provided.\" \/>\n<meta name=\"robots\" content=\"index, follow, max-snippet:-1, max-image-preview:large, max-video-preview:-1\" \/>\n<link rel=\"canonical\" href=\"https:\/\/www.eolus.com\/investerare\/finansiell-kalender\/\" \/>\n<meta property=\"og:locale\" content=\"lv_LV\" \/>\n<meta property=\"og:type\" content=\"article\" \/>\n<meta property=\"og:title\" content=\"Financial Calendar\" \/>\n<meta property=\"og:description\" content=\"Explore our financial calendar below for important market events. Easily add dates to your calendar using the buttons provided.\" \/>\n<meta property=\"og:url\" content=\"https:\/\/www.eolus.com\/investerare\/finansiell-kalender\/\" \/>\n<meta property=\"og:site_name\" content=\"Eolus\" \/>\n<meta property=\"article:modified_time\" content=\"2024-11-05T13:25:04+00:00\" \/>\n<meta property=\"og:image\" content=\"https:\/\/www.eolus.com\/wp-content\/uploads\/2024\/11\/Eolus-Per-Witalisson-Conference-1.webp\" \/>\n<meta name=\"twitter:card\" content=\"summary_large_image\" \/>\n<meta name=\"twitter:label1\" content=\"Est. reading time\" \/>\n\t<meta name=\"twitter:data1\" content=\"2 minutes\" \/>\n<script type=\"application\/ld+json\" class=\"yoast-schema-graph\">{\"@context\":\"https:\\\/\\\/schema.org\",\"@graph\":[{\"@type\":\"WebPage\",\"@id\":\"https:\\\/\\\/www.eolus.com\\\/investerare\\\/finansiell-kalender\\\/\",\"url\":\"https:\\\/\\\/www.eolus.com\\\/investerare\\\/finansiell-kalender\\\/\",\"name\":\"Financial Calendar\",\"isPartOf\":{\"@id\":\"https:\\\/\\\/www.eolus.com\\\/#website\"},\"primaryImageOfPage\":{\"@id\":\"https:\\\/\\\/www.eolus.com\\\/investerare\\\/finansiell-kalender\\\/#primaryimage\"},\"image\":{\"@id\":\"https:\\\/\\\/www.eolus.com\\\/investerare\\\/finansiell-kalender\\\/#primaryimage\"},\"thumbnailUrl\":\"https:\\\/\\\/www.eolus.com\\\/wp-content\\\/uploads\\\/2024\\\/11\\\/Eolus-Per-Witalisson-Conference-1.webp\",\"datePublished\":\"2024-01-17T12:34:46+00:00\",\"dateModified\":\"2024-11-05T13:25:04+00:00\",\"description\":\"Explore our financial calendar below for important market events. Easily add dates to your calendar using the buttons provided.\",\"breadcrumb\":{\"@id\":\"https:\\\/\\\/www.eolus.com\\\/investerare\\\/finansiell-kalender\\\/#breadcrumb\"},\"inLanguage\":\"lv-LV\",\"potentialAction\":[{\"@type\":\"ReadAction\",\"target\":[\"https:\\\/\\\/www.eolus.com\\\/investerare\\\/finansiell-kalender\\\/\"]}]},{\"@type\":\"ImageObject\",\"inLanguage\":\"lv-LV\",\"@id\":\"https:\\\/\\\/www.eolus.com\\\/investerare\\\/finansiell-kalender\\\/#primaryimage\",\"url\":\"https:\\\/\\\/www.eolus.com\\\/wp-content\\\/uploads\\\/2024\\\/11\\\/Eolus-Per-Witalisson-Conference-1.webp\",\"contentUrl\":\"https:\\\/\\\/www.eolus.com\\\/wp-content\\\/uploads\\\/2024\\\/11\\\/Eolus-Per-Witalisson-Conference-1.webp\"},{\"@type\":\"BreadcrumbList\",\"@id\":\"https:\\\/\\\/www.eolus.com\\\/investerare\\\/finansiell-kalender\\\/#breadcrumb\",\"itemListElement\":[{\"@type\":\"ListItem\",\"position\":1,\"name\":\"Home\",\"item\":\"https:\\\/\\\/www.eolus.com\\\/lv\\\/\"},{\"@type\":\"ListItem\",\"position\":2,\"name\":\"Investors\",\"item\":\"https:\\\/\\\/www.eolus.com\\\/investerare\\\/\"},{\"@type\":\"ListItem\",\"position\":3,\"name\":\"Financial Calendar\"}]},{\"@type\":\"WebSite\",\"@id\":\"https:\\\/\\\/www.eolus.com\\\/#website\",\"url\":\"https:\\\/\\\/www.eolus.com\\\/\",\"name\":\"Eolus\",\"description\":\"Shaping the Future of Renewable Energy\",\"potentialAction\":[{\"@type\":\"SearchAction\",\"target\":{\"@type\":\"EntryPoint\",\"urlTemplate\":\"https:\\\/\\\/www.eolus.com\\\/?s={search_term_string}\"},\"query-input\":{\"@type\":\"PropertyValueSpecification\",\"valueRequired\":true,\"valueName\":\"search_term_string\"}}],\"inLanguage\":\"lv-LV\"}]}<\/script>\n<!-- \/ Yoast SEO plugin. -->","yoast_head_json":{"title":"Financial Calendar","description":"Explore our financial calendar below for important market events. Easily add dates to your calendar using the buttons provided.","robots":{"index":"index","follow":"follow","max-snippet":"max-snippet:-1","max-image-preview":"max-image-preview:large","max-video-preview":"max-video-preview:-1"},"canonical":"https:\/\/www.eolus.com\/investerare\/finansiell-kalender\/","og_locale":"lv_LV","og_type":"article","og_title":"Financial Calendar","og_description":"Explore our financial calendar below for important market events. Easily add dates to your calendar using the buttons provided.","og_url":"https:\/\/www.eolus.com\/investerare\/finansiell-kalender\/","og_site_name":"Eolus","article_modified_time":"2024-11-05T13:25:04+00:00","og_image":[{"url":"https:\/\/www.eolus.com\/wp-content\/uploads\/2024\/11\/Eolus-Per-Witalisson-Conference-1.webp","type":"","width":"","height":""}],"twitter_card":"summary_large_image","twitter_misc":{"Est. reading time":"2 minutes"},"schema":{"@context":"https:\/\/schema.org","@graph":[{"@type":"WebPage","@id":"https:\/\/www.eolus.com\/investerare\/finansiell-kalender\/","url":"https:\/\/www.eolus.com\/investerare\/finansiell-kalender\/","name":"Financial Calendar","isPartOf":{"@id":"https:\/\/www.eolus.com\/#website"},"primaryImageOfPage":{"@id":"https:\/\/www.eolus.com\/investerare\/finansiell-kalender\/#primaryimage"},"image":{"@id":"https:\/\/www.eolus.com\/investerare\/finansiell-kalender\/#primaryimage"},"thumbnailUrl":"https:\/\/www.eolus.com\/wp-content\/uploads\/2024\/11\/Eolus-Per-Witalisson-Conference-1.webp","datePublished":"2024-01-17T12:34:46+00:00","dateModified":"2024-11-05T13:25:04+00:00","description":"Explore our financial calendar below for important market events. Easily add dates to your calendar using the buttons provided.","breadcrumb":{"@id":"https:\/\/www.eolus.com\/investerare\/finansiell-kalender\/#breadcrumb"},"inLanguage":"lv-LV","potentialAction":[{"@type":"ReadAction","target":["https:\/\/www.eolus.com\/investerare\/finansiell-kalender\/"]}]},{"@type":"ImageObject","inLanguage":"lv-LV","@id":"https:\/\/www.eolus.com\/investerare\/finansiell-kalender\/#primaryimage","url":"https:\/\/www.eolus.com\/wp-content\/uploads\/2024\/11\/Eolus-Per-Witalisson-Conference-1.webp","contentUrl":"https:\/\/www.eolus.com\/wp-content\/uploads\/2024\/11\/Eolus-Per-Witalisson-Conference-1.webp"},{"@type":"BreadcrumbList","@id":"https:\/\/www.eolus.com\/investerare\/finansiell-kalender\/#breadcrumb","itemListElement":[{"@type":"ListItem","position":1,"name":"Home","item":"https:\/\/www.eolus.com\/lv\/"},{"@type":"ListItem","position":2,"name":"Investors","item":"https:\/\/www.eolus.com\/investerare\/"},{"@type":"ListItem","position":3,"name":"Financial Calendar"}]},{"@type":"WebSite","@id":"https:\/\/www.eolus.com\/#website","url":"https:\/\/www.eolus.com\/","name":"Eolus","description":"Shaping the Future of Renewable Energy","potentialAction":[{"@type":"SearchAction","target":{"@type":"EntryPoint","urlTemplate":"https:\/\/www.eolus.com\/?s={search_term_string}"},"query-input":{"@type":"PropertyValueSpecification","valueRequired":true,"valueName":"search_term_string"}}],"inLanguage":"lv-LV"}]}},"_links":{"self":[{"href":"https:\/\/www.eolus.com\/lv\/wp-json\/wp\/v2\/pages\/27870","targetHints":{"allow":["GET"]}}],"collection":[{"href":"https:\/\/www.eolus.com\/lv\/wp-json\/wp\/v2\/pages"}],"about":[{"href":"https:\/\/www.eolus.com\/lv\/wp-json\/wp\/v2\/types\/page"}],"author":[{"embeddable":true,"href":"https:\/\/www.eolus.com\/lv\/wp-json\/wp\/v2\/users\/16"}],"replies":[{"embeddable":true,"href":"https:\/\/www.eolus.com\/lv\/wp-json\/wp\/v2\/comments?post=27870"}],"version-history":[{"count":7,"href":"https:\/\/www.eolus.com\/lv\/wp-json\/wp\/v2\/pages\/27870\/revisions"}],"predecessor-version":[{"id":57322,"href":"https:\/\/www.eolus.com\/lv\/wp-json\/wp\/v2\/pages\/27870\/revisions\/57322"}],"up":[{"embeddable":true,"href":"https:\/\/www.eolus.com\/lv\/wp-json\/wp\/v2\/pages\/27850"}],"wp:attachment":[{"href":"https:\/\/www.eolus.com\/lv\/wp-json\/wp\/v2\/media?parent=27870"}],"curies":[{"name":"wp","href":"https:\/\/api.w.org\/{rel}","templated":true}]}}