{"id":27920,"date":"2024-01-18T11:08:27","date_gmt":"2024-01-18T10:08:27","guid":{"rendered":"https:\/\/www.eolus.com\/kas-mes-esam\/"},"modified":"2025-09-15T14:43:59","modified_gmt":"2025-09-15T12:43:59","slug":"kas-mes-esam","status":"publish","type":"page","link":"https:\/\/www.eolus.com\/lv\/kas-mes-esam\/","title":{"rendered":"Kas m\u0113s esam"},"content":{"rendered":"\t\t<div data-elementor-type=\"wp-page\" data-elementor-id=\"27920\" class=\"elementor elementor-27920 elementor-23186\" data-elementor-post-type=\"page\">\n\t\t\t\t<div class=\"elementor-element elementor-element-266c12fa e-con-full animated-slow e-flex elementor-invisible e-con e-parent\" data-id=\"266c12fa\" data-element_type=\"container\" data-settings=\"{&quot;background_background&quot;:&quot;classic&quot;,&quot;animation&quot;:&quot;fadeIn&quot;,&quot;jet_parallax_layout_list&quot;:[]}\">\n\t\t<div class=\"elementor-element elementor-element-33d7db e-flex e-con-boxed e-con e-child\" data-id=\"33d7db\" data-element_type=\"container\" data-settings=\"{&quot;jet_parallax_layout_list&quot;:[]}\">\n\t\t\t\t\t<div class=\"e-con-inner\">\n\t\t<div class=\"elementor-element elementor-element-1392164e e-con-full e-flex e-con e-child\" data-id=\"1392164e\" data-element_type=\"container\" data-settings=\"{&quot;jet_parallax_layout_list&quot;:[]}\">\n\t\t\t\t<div class=\"elementor-element elementor-element-4bcada98 elementor-invisible elementor-widget elementor-widget-heading\" data-id=\"4bcada98\" data-element_type=\"widget\" data-settings=\"{&quot;_animation&quot;:&quot;fadeIn&quot;}\" data-widget_type=\"heading.default\">\n\t\t\t\t<div class=\"elementor-widget-container\">\n\t\t\t\t\t<h4 class=\"elementor-heading-title elementor-size-default\">Kas m\u0113s esam<\/h4>\t\t\t\t<\/div>\n\t\t\t\t<\/div>\n\t\t\t\t<div class=\"elementor-element elementor-element-1f9a8b01 elementor-invisible elementor-widget elementor-widget-text-editor\" data-id=\"1f9a8b01\" data-element_type=\"widget\" data-settings=\"{&quot;_animation&quot;:&quot;fadeIn&quot;,&quot;_animation_delay&quot;:&quot;200&quot;}\" data-widget_type=\"text-editor.default\">\n\t\t\t\t<div class=\"elementor-widget-container\">\n\t\t\t\t\t\t\t\t\t<p>Pirms simts gadiem plan\u0113tu apdz\u012bvoja divi miljardi cilv\u0113ku un izplat\u012bt\u0101kais komunik\u0101cijas veids bija av\u012bzes. \u0160odien m\u0113s esam \u010detras reizes vair\u0101k. Inform\u0101cija ir digit\u0101la, un t\u0101 ce\u013co gaismas \u0101trum\u0101, padarot m\u016bsdienu dz\u012bvi gan sare\u017e\u0123\u012btu, gan aizraujo\u0161u. Pasaule main\u0101s \u0101tr\u0101k nek\u0101 jebkad agr\u0101k.<\/p>\n<p>Ar\u012b Eolus.<\/p>\n<p>1990. gad\u0101 m\u0113s bij\u0101m tikai ideja. V\u012bzija par ilgtsp\u0113j\u012bgu n\u0101kotni \u2500 r\u012btdiena, kas ir neatkar\u012bga no fosil\u0101 kurin\u0101m\u0101 un kur ilgtsp\u0113j\u012bba un izaugsme var past\u0101v\u0113t vienlaikus. Kur\u0101 ikviens var\u0113tu dz\u012bvot pilnv\u0113rt\u012bgu un ilgtsp\u0113j\u012bgu dz\u012bvi. \u0160odien, tr\u012bs desmitgades v\u0113l\u0101k, Eolus ir vair\u0101k nek\u0101 100 darbinieku un uz\u0146\u0113mums darbojas vis\u0101 Eirop\u0101 un Zieme\u013camerik\u0101. M\u0113s esam paveiku\u0161i garu ce\u013cu.<\/p>\n<p>M\u0113s esam p\u0101rliecin\u0101ti, ka lab\u0101kais veids, lai j\u016bs sp\u0113tu dz\u012bvot ilgtsp\u0113j\u012bg\u0101 vid\u0113, ir nodro\u0161in\u0101t inovat\u012bvus un piel\u0101gotus ener\u0123\u0113tikas risin\u0101jumus. V\u0113ja ener\u0123ija, saules ener\u0123ija vai jaunas tehnolo\u0123ijas \u2500 m\u0113s prec\u012bzi nezin\u0101m, k\u0101 to sasniegt, bet m\u0113s zin\u0101m\u00a0 to, ka atjaunojam\u0101 ener\u0123ija ir m\u016bsu n\u0101kotne.<\/p>\n<p>M\u0113s zin\u0101m, no kurienes m\u0113s n\u0101kam. Lielas inov\u0101cijas vienm\u0113r ir balst\u012btas uz maz\u0101k\u0101m idej\u0101m, un, lai sasniegtu lielus rezult\u0101tus, ir j\u0101veic mazi so\u013ci. Tie\u0161i t\u0101, k\u0101 m\u0113s to dar\u012bj\u0101m pirmss\u0101kumos. Un t\u0101, k\u0101 m\u0113s turpin\u0101m to dar\u012bt ar\u012b \u0161odien. Mazas darb\u012bbas var rad\u012bt lielas p\u0101rmai\u0146as, un t\u0101s vienm\u0113r s\u0101kas tad, kad cilv\u0113ki viens otram uzticas.<\/p>\n<p>M\u0113s uzskat\u0101m, ka uz\u0146\u0113m\u0113jdarb\u012bba ir re\u0123ion\u0101la. T\u0101p\u0113c m\u016bsu uz\u0146\u0113m\u0113jdarb\u012bba notiek gan liel\u0101, gan maz\u0101 m\u0113rog\u0101. Un t\u0101p\u0113c m\u0113s veidojam atjaunojam\u0101s ener\u0123ijas n\u0101kotni.<\/p>\n\t\t\t\t\t\t\t\t<\/div>\n\t\t\t\t<\/div>\n\t\t\t\t<\/div>\n\t\t<div class=\"elementor-element elementor-element-600b1be7 e-con-full e-flex e-con e-child\" data-id=\"600b1be7\" data-element_type=\"container\" data-settings=\"{&quot;jet_parallax_layout_list&quot;:[]}\">\n\t\t<div class=\"elementor-element elementor-element-56033d30 e-flex e-con-boxed elementor-invisible e-con e-child\" data-id=\"56033d30\" data-element_type=\"container\" data-settings=\"{&quot;jet_parallax_layout_list&quot;:[],&quot;animation&quot;:&quot;fadeIn&quot;,&quot;animation_delay&quot;:&quot;100&quot;}\">\n\t\t\t\t\t<div class=\"e-con-inner\">\n\t\t\t\t\t<\/div>\n\t\t\t\t<\/div>\n\t\t\t\t<\/div>\n\t\t\t\t\t<\/div>\n\t\t\t\t<\/div>\n\t\t\t\t<\/div>\n\t\t<div class=\"elementor-element elementor-element-1ac5c794 e-flex e-con-boxed elementor-invisible e-con e-parent\" data-id=\"1ac5c794\" data-element_type=\"container\" data-settings=\"{&quot;jet_parallax_layout_list&quot;:[],&quot;animation&quot;:&quot;fadeIn&quot;}\">\n\t\t\t\t\t<div class=\"e-con-inner\">\n\t\t<div class=\"elementor-element elementor-element-e89b5d7 e-flex e-con-boxed e-con e-child\" data-id=\"e89b5d7\" data-element_type=\"container\" data-settings=\"{&quot;background_background&quot;:&quot;classic&quot;,&quot;jet_parallax_layout_list&quot;:[]}\">\n\t\t\t\t\t<div class=\"e-con-inner\">\n\t\t<div class=\"elementor-element elementor-element-57578939 e-con-full e-flex e-con e-child\" data-id=\"57578939\" data-element_type=\"container\" data-settings=\"{&quot;jet_parallax_layout_list&quot;:[]}\">\n\t\t\t\t<div class=\"elementor-element elementor-element-798574fb elementor-invisible elementor-widget elementor-widget-heading\" data-id=\"798574fb\" data-element_type=\"widget\" data-settings=\"{&quot;_animation&quot;:&quot;fadeIn&quot;,&quot;_animation_delay&quot;:&quot;800&quot;}\" data-widget_type=\"heading.default\">\n\t\t\t\t<div class=\"elementor-widget-container\">\n\t\t\t\t\t<h5 class=\"elementor-heading-title elementor-size-default\">Kas m\u0113s esam?<\/h5>\t\t\t\t<\/div>\n\t\t\t\t<\/div>\n\t\t\t\t<div class=\"elementor-element elementor-element-75009cb elementor-invisible elementor-widget elementor-widget-text-editor\" data-id=\"75009cb\" data-element_type=\"widget\" data-settings=\"{&quot;_animation&quot;:&quot;fadeIn&quot;,&quot;_animation_delay&quot;:&quot;1100&quot;}\" data-widget_type=\"text-editor.default\">\n\t\t\t\t<div class=\"elementor-widget-container\">\n\t\t\t\t\t\t\t\t\t<p>Uzzini kas m\u0113s esam un ko m\u0113s daram, str\u0101dajot Eolus, noskatoties da\u017eu min\u016b\u0161u garu video.<\/p>\n<p><a href=\"https:\/\/www.eolus.com\/lv\/kas-mes-esam\/organizacija\/\">Vair\u0101k par m\u016bsu noda\u013c\u0101m<\/a><\/p>\n\t\t\t\t\t\t\t\t<\/div>\n\t\t\t\t<\/div>\n\t\t\t\t<\/div>\n\t\t<div class=\"elementor-element elementor-element-60b4d0b0 e-flex e-con-boxed elementor-invisible e-con e-child\" data-id=\"60b4d0b0\" data-element_type=\"container\" data-settings=\"{&quot;jet_parallax_layout_list&quot;:[],&quot;animation&quot;:&quot;fadeIn&quot;,&quot;animation_delay&quot;:&quot;1400&quot;}\">\n\t\t\t\t\t<div class=\"e-con-inner\">\n\t\t\t\t<div class=\"elementor-element elementor-element-5c396e95 elementor-widget elementor-widget-video\" data-id=\"5c396e95\" data-element_type=\"widget\" data-settings=\"{&quot;video_type&quot;:&quot;vimeo&quot;,&quot;show_image_overlay&quot;:&quot;yes&quot;,&quot;image_overlay&quot;:{&quot;url&quot;:&quot;https:\\\/\\\/www.eolus.com\\\/wp-content\\\/uploads\\\/2023\\\/12\\\/Eolus-Group-Picture.webp&quot;,&quot;id&quot;:24324,&quot;size&quot;:&quot;&quot;,&quot;alt&quot;:&quot;&quot;,&quot;source&quot;:&quot;library&quot;}}\" data-widget_type=\"video.default\">\n\t\t\t\t<div class=\"elementor-widget-container\">\n\t\t\t\t\t\t\t<div class=\"elementor-wrapper elementor-open-inline\">\n\t\t\t<iframe class=\"elementor-video-iframe\" allowfullscreen allow=\"clipboard-write\" title=\"vimeo Video Player\" src=\"https:\/\/player.vimeo.com\/video\/892177968?color=4BCCAE&amp;autopause=0&amp;loop=0&amp;muted=0&amp;title=0&amp;portrait=0&amp;byline=0#t=\"><\/iframe>\t\t\t\t<div class=\"elementor-custom-embed-image-overlay\" style=\"background-image: url(https:\/\/www.eolus.com\/wp-content\/uploads\/2023\/12\/Eolus-Group-Picture.webp);\">\n\t\t\t\t\t\t\t\t\t\t\t\t\t\t\t\t<div class=\"elementor-custom-embed-play\" role=\"button\" aria-label=\"Play Video\" tabindex=\"0\">\n\t\t\t\t\t\t\t<svg xmlns=\"http:\/\/www.w3.org\/2000\/svg\" xmlns:xlink=\"http:\/\/www.w3.org\/1999\/xlink\" id=\"play\" x=\"0px\" y=\"0px\" viewBox=\"0 0 10 12\" style=\"enable-background:new 0 0 10 12;\" xml:space=\"preserve\"><style type=\"text\/css\">\t.st0{fill-rule:evenodd;clip-rule:evenodd;fill:#1EC09A;}<\/style><g>\t<g transform=\"translate(-65 -3803)\">\t\t<g transform=\"translate(56 160)\">\t\t\t<path class=\"st0\" d=\"M18.1,3650.7l-5.8,3.9c-1.4,0.9-3.3,0-3.3-1.7v-7.8c0-1.7,1.9-2.7,3.3-1.7l5.8,3.9c1,0.6,1.2,1.9,0.6,2.9    C18.5,3650.4,18.3,3650.6,18.1,3650.7\"><\/path>\t\t<\/g>\t<\/g><\/g><\/svg>\t\t\t\t\t\t<\/div>\n\t\t\t\t\t\t\t\t\t<\/div>\n\t\t\t\t\t<\/div>\n\t\t\t\t\t\t<\/div>\n\t\t\t\t<\/div>\n\t\t\t\t\t<\/div>\n\t\t\t\t<\/div>\n\t\t\t\t\t<\/div>\n\t\t\t\t<\/div>\n\t\t\t\t\t<\/div>\n\t\t\t\t<\/div>\n\t\t<div class=\"elementor-element elementor-element-37541fa6 e-con-full e-flex e-con e-parent\" data-id=\"37541fa6\" data-element_type=\"container\" data-settings=\"{&quot;jet_parallax_layout_list&quot;:[]}\">\n\t\t<div class=\"elementor-element elementor-element-6b70584e e-flex e-con-boxed e-con e-child\" data-id=\"6b70584e\" data-element_type=\"container\" data-settings=\"{&quot;jet_parallax_layout_list&quot;:[]}\">\n\t\t\t\t\t<div class=\"e-con-inner\">\n\t\t\t\t<div class=\"elementor-element elementor-element-68f14dfd elementor-invisible elementor-widget elementor-widget-heading\" data-id=\"68f14dfd\" data-element_type=\"widget\" data-settings=\"{&quot;_animation&quot;:&quot;fadeIn&quot;}\" data-widget_type=\"heading.default\">\n\t\t\t\t<div class=\"elementor-widget-container\">\n\t\t\t\t\t<h4 class=\"elementor-heading-title elementor-size-default\">Eolus <b>skait\u013cos<\/b><\/h4>\t\t\t\t<\/div>\n\t\t\t\t<\/div>\n\t\t\t\t\t<\/div>\n\t\t\t\t<\/div>\n\t\t<div class=\"elementor-element elementor-element-6467c810 e-flex e-con-boxed elementor-invisible e-con e-child\" data-id=\"6467c810\" data-element_type=\"container\" data-settings=\"{&quot;jet_parallax_layout_list&quot;:[],&quot;animation&quot;:&quot;fadeIn&quot;,&quot;animation_delay&quot;:&quot;400&quot;}\">\n\t\t\t\t\t<div class=\"e-con-inner\">\n\t\t<div class=\"elementor-element elementor-element-1ad7af07 e-flex e-con-boxed e-con e-child\" data-id=\"1ad7af07\" data-element_type=\"container\" data-settings=\"{&quot;jet_parallax_layout_list&quot;:[]}\">\n\t\t\t\t\t<div class=\"e-con-inner\">\n\t\t<div class=\"elementor-element elementor-element-b5639a6 e-flex e-con-boxed e-con e-child\" data-id=\"b5639a6\" data-element_type=\"container\" data-settings=\"{&quot;jet_parallax_layout_list&quot;:[]}\">\n\t\t\t\t\t<div class=\"e-con-inner\">\n\t\t<div class=\"elementor-element elementor-element-5c1f0c8c e-flex e-con-boxed e-con e-child\" data-id=\"5c1f0c8c\" data-element_type=\"container\" data-settings=\"{&quot;jet_parallax_layout_list&quot;:[]}\">\n\t\t\t\t\t<div class=\"e-con-inner\">\n\t\t\t\t<div class=\"elementor-element elementor-element-626bfefb elementor-widget elementor-widget-counter\" data-id=\"626bfefb\" data-element_type=\"widget\" data-widget_type=\"counter.default\">\n\t\t\t\t<div class=\"elementor-widget-container\">\n\t\t\t\t\t\t\t<div class=\"elementor-counter\">\n\t\t\t<div class=\"elementor-counter-title\">Darbinieki<\/div>\t\t\t<div class=\"elementor-counter-number-wrapper\">\n\t\t\t\t<span class=\"elementor-counter-number-prefix\"><\/span>\n\t\t\t\t<span class=\"elementor-counter-number\" data-duration=\"500\" data-to-value=\"110\" data-from-value=\"0\" data-delimiter=\",\">0<\/span>\n\t\t\t\t<span class=\"elementor-counter-number-suffix\">+<\/span>\n\t\t\t<\/div>\n\t\t<\/div>\n\t\t\t\t\t\t<\/div>\n\t\t\t\t<\/div>\n\t\t\t\t\t<\/div>\n\t\t\t\t<\/div>\n\t\t\t\t\t<\/div>\n\t\t\t\t<\/div>\n\t\t\t\t\t<\/div>\n\t\t\t\t<\/div>\n\t\t<div class=\"elementor-element elementor-element-30f93ae e-flex e-con-boxed e-con e-child\" data-id=\"30f93ae\" data-element_type=\"container\" data-settings=\"{&quot;jet_parallax_layout_list&quot;:[]}\">\n\t\t\t\t\t<div class=\"e-con-inner\">\n\t\t<div class=\"elementor-element elementor-element-58d636e5 e-flex e-con-boxed e-con e-child\" data-id=\"58d636e5\" data-element_type=\"container\" data-settings=\"{&quot;jet_parallax_layout_list&quot;:[]}\">\n\t\t\t\t\t<div class=\"e-con-inner\">\n\t\t<div class=\"elementor-element elementor-element-6e6b2346 e-flex e-con-boxed e-con e-child\" data-id=\"6e6b2346\" data-element_type=\"container\" data-settings=\"{&quot;jet_parallax_layout_list&quot;:[]}\">\n\t\t\t\t\t<div class=\"e-con-inner\">\n\t\t\t\t<div class=\"elementor-element elementor-element-e4e5c13 elementor-widget elementor-widget-counter\" data-id=\"e4e5c13\" data-element_type=\"widget\" data-widget_type=\"counter.default\">\n\t\t\t\t<div class=\"elementor-widget-container\">\n\t\t\t\t\t\t\t<div class=\"elementor-counter\">\n\t\t\t<div class=\"elementor-counter-title\">Dibin\u0101ts<\/div>\t\t\t<div class=\"elementor-counter-number-wrapper\">\n\t\t\t\t<span class=\"elementor-counter-number-prefix\"><\/span>\n\t\t\t\t<span class=\"elementor-counter-number\" data-duration=\"600\" data-to-value=\"1990\" data-from-value=\"0\">0<\/span>\n\t\t\t\t<span class=\"elementor-counter-number-suffix\"><\/span>\n\t\t\t<\/div>\n\t\t<\/div>\n\t\t\t\t\t\t<\/div>\n\t\t\t\t<\/div>\n\t\t\t\t\t<\/div>\n\t\t\t\t<\/div>\n\t\t\t\t\t<\/div>\n\t\t\t\t<\/div>\n\t\t\t\t\t<\/div>\n\t\t\t\t<\/div>\n\t\t<div class=\"elementor-element elementor-element-76ba1435 e-flex e-con-boxed e-con e-child\" data-id=\"76ba1435\" data-element_type=\"container\" data-settings=\"{&quot;jet_parallax_layout_list&quot;:[]}\">\n\t\t\t\t\t<div class=\"e-con-inner\">\n\t\t<div class=\"elementor-element elementor-element-89d03ec e-flex e-con-boxed e-con e-child\" data-id=\"89d03ec\" data-element_type=\"container\" data-settings=\"{&quot;jet_parallax_layout_list&quot;:[]}\">\n\t\t\t\t\t<div class=\"e-con-inner\">\n\t\t<div class=\"elementor-element elementor-element-6ecc0bde e-flex e-con-boxed e-con e-child\" data-id=\"6ecc0bde\" data-element_type=\"container\" data-settings=\"{&quot;jet_parallax_layout_list&quot;:[]}\">\n\t\t\t\t\t<div class=\"e-con-inner\">\n\t\t\t\t<div class=\"elementor-element elementor-element-7d7d729d elementor-widget elementor-widget-counter\" data-id=\"7d7d729d\" data-element_type=\"widget\" data-widget_type=\"counter.default\">\n\t\t\t\t<div class=\"elementor-widget-container\">\n\t\t\t\t\t\t\t<div class=\"elementor-counter\">\n\t\t\t<div class=\"elementor-counter-title\">Ofisi<\/div>\t\t\t<div class=\"elementor-counter-number-wrapper\">\n\t\t\t\t<span class=\"elementor-counter-number-prefix\"><\/span>\n\t\t\t\t<span class=\"elementor-counter-number\" data-duration=\"700\" data-to-value=\"9\" data-from-value=\"0\" data-delimiter=\",\">0<\/span>\n\t\t\t\t<span class=\"elementor-counter-number-suffix\"><\/span>\n\t\t\t<\/div>\n\t\t<\/div>\n\t\t\t\t\t\t<\/div>\n\t\t\t\t<\/div>\n\t\t\t\t\t<\/div>\n\t\t\t\t<\/div>\n\t\t\t\t\t<\/div>\n\t\t\t\t<\/div>\n\t\t\t\t\t<\/div>\n\t\t\t\t<\/div>\n\t\t\t\t\t<\/div>\n\t\t\t\t<\/div>\n\t\t\t\t<\/div>\n\t\t<div class=\"elementor-element elementor-element-1e2f627d e-con-full e-flex elementor-invisible e-con e-parent\" data-id=\"1e2f627d\" data-element_type=\"container\" data-settings=\"{&quot;animation&quot;:&quot;fadeIn&quot;,&quot;jet_parallax_layout_list&quot;:[],&quot;background_background&quot;:&quot;classic&quot;}\">\n\t\t<div class=\"elementor-element elementor-element-1249d860 e-con-full e-flex e-con e-child\" data-id=\"1249d860\" data-element_type=\"container\" data-settings=\"{&quot;jet_parallax_layout_list&quot;:[]}\">\n\t\t<div class=\"elementor-element elementor-element-789e7a39 e-flex e-con-boxed elementor-invisible e-con e-child\" data-id=\"789e7a39\" data-element_type=\"container\" data-settings=\"{&quot;jet_parallax_layout_list&quot;:[],&quot;animation&quot;:&quot;fadeIn&quot;}\">\n\t\t\t\t\t<div class=\"e-con-inner\">\n\t\t\t\t<div class=\"elementor-element elementor-element-43fa7efe elementor-widget elementor-widget-two-blocks\" data-id=\"43fa7efe\" data-element_type=\"widget\" data-widget_type=\"two-blocks.default\">\n\t\t\t\t<div class=\"elementor-widget-container\">\n\t\t\t\t\t\n\t\t<article class=\"two-blocks two-blocks--small\">\n\t\t\t\n\t\t\t<div class=\"two-blocks-text group two-blocks-text--small-image-right\">\n\t\t\t\t<h4 class=\"two-blocks-heading\">Projects<\/h4>\n\n\t\t\t\t<div class=\"text-container\"><p>Explore our ongoing projects to witness our commitment to renewable energy! Discover where we're establishing sustainable electricity production at Eolus.<\/p><\/div>\n\n\t\t\t\t\t\t\t\t\t\t\t\t\t\t\t<a href=\"\/lv\/projekti\/\" class=\"two-blocks-link\">\n\t\t\t\t\t\t\tvisit our project pages\t\t\t\t\t\t\t<span class=\"absolute inset-0\"><\/span>\n\t\t\t\t\t\t<\/a>\n\t\t\t\t\t\t\t\t\t\t\t\t<\/div>\n\n\t\t\t\t\t\t\t<div class=\"w-full lg:w-1\/2 relative isolate flex pr-5\">\n\t\t\t\t\t<div class=\"bg-gradient-to-b from-v2-yellow via-v2-green to-v2-blue-500 absolute inset-0 rounded-[20px] z-[-1]\"><\/div>\n\n\t\t\t\t\t<img fetchpriority=\"high\" decoding=\"async\" width=\"1024\" height=\"720\" src=\"https:\/\/www.eolus.com\/wp-content\/uploads\/2023\/12\/Eolus-Utterberget-1024x720.webp\" class=\"attachment-large size-large\" alt=\"\" srcset=\"https:\/\/www.eolus.com\/wp-content\/uploads\/2023\/12\/Eolus-Utterberget-1024x720.webp 1024w, https:\/\/www.eolus.com\/wp-content\/uploads\/2023\/12\/Eolus-Utterberget-300x211.webp 300w, https:\/\/www.eolus.com\/wp-content\/uploads\/2023\/12\/Eolus-Utterberget-768x540.webp 768w, https:\/\/www.eolus.com\/wp-content\/uploads\/2023\/12\/Eolus-Utterberget-540x380.webp 540w, https:\/\/www.eolus.com\/wp-content\/uploads\/2023\/12\/Eolus-Utterberget.webp 1280w\" sizes=\"(max-width: 1024px) 100vw, 1024px\" \/>\t\t\t\t<\/div>\n\t\t\t\t\t<\/article>\n\t\t\t\t<\/div>\n\t\t\t\t<\/div>\n\t\t\t\t\t<\/div>\n\t\t\t\t<\/div>\n\t\t\t\t<\/div>\n\t\t\t\t<\/div>\n\t\t\t\t<\/div>\n\t\t","protected":false},"excerpt":{"rendered":"<p>Pirms simts gadiem plan\u0113tu apdz\u012bvoja divi miljardi cilv\u0113ku un izplat\u012bt\u0101kais komunik\u0101cijas veids bija av\u012bzes. \u0160odien m\u0113s esam \u010detras reizes vair\u0101k. Inform\u0101cija ir digit\u0101la, un t\u0101 ce\u013co gaismas \u0101trum\u0101, padarot m\u016bsdienu dz\u012bvi gan sare\u017e\u0123\u012btu, gan aizraujo\u0161u. Pasaule main\u0101s \u0101tr\u0101k nek\u0101 jebkad agr\u0101k. Ar\u012b Eolus. 1990. gad\u0101 m\u0113s bij\u0101m tikai ideja. V\u012bzija par ilgtsp\u0113j\u012bgu n\u0101kotni \u2500 r\u012btdiena, [&hellip;]<\/p>\n","protected":false},"author":16,"featured_media":0,"parent":0,"menu_order":0,"comment_status":"closed","ping_status":"closed","template":"","meta":{"_acf_changed":false,"footnotes":""},"class_list":["post-27920","page","type-page","status-publish","hentry"],"acf":[],"yoast_head":"<!-- This site is optimized with the Yoast SEO plugin v26.5 - https:\/\/yoast.com\/wordpress\/plugins\/seo\/ -->\n<title>Kas m\u0113s esam<\/title>\n<meta name=\"description\" content=\"Eolus is shaping the renewable energy solutions of the future and enabling sustainable investments for local and international partners.\" \/>\n<meta name=\"robots\" content=\"index, follow, max-snippet:-1, max-image-preview:large, max-video-preview:-1\" \/>\n<link rel=\"canonical\" href=\"https:\/\/www.eolus.com\/vilka-vi-ar\/\" \/>\n<meta property=\"og:locale\" content=\"lv_LV\" \/>\n<meta property=\"og:type\" content=\"article\" \/>\n<meta property=\"og:title\" content=\"Kas m\u0113s esam\" \/>\n<meta property=\"og:description\" content=\"Eolus is shaping the renewable energy solutions of the future and enabling sustainable investments for local and international partners.\" \/>\n<meta property=\"og:url\" content=\"https:\/\/www.eolus.com\/vilka-vi-ar\/\" \/>\n<meta property=\"og:site_name\" content=\"Eolus\" \/>\n<meta property=\"article:modified_time\" content=\"2025-09-15T12:43:59+00:00\" \/>\n<meta property=\"og:image\" content=\"https:\/\/www.eolus.com\/wp-content\/uploads\/2023\/12\/Eolus-Utterberget-1024x720.webp\" \/>\n<meta name=\"twitter:card\" content=\"summary_large_image\" \/>\n<meta name=\"twitter:label1\" content=\"Est. reading time\" \/>\n\t<meta name=\"twitter:data1\" content=\"2 minutes\" \/>\n<script type=\"application\/ld+json\" class=\"yoast-schema-graph\">{\"@context\":\"https:\/\/schema.org\",\"@graph\":[{\"@type\":\"WebPage\",\"@id\":\"https:\/\/www.eolus.com\/vilka-vi-ar\/\",\"url\":\"https:\/\/www.eolus.com\/vilka-vi-ar\/\",\"name\":\"Kas m\u0113s esam\",\"isPartOf\":{\"@id\":\"https:\/\/www.eolus.com\/#website\"},\"primaryImageOfPage\":{\"@id\":\"https:\/\/www.eolus.com\/vilka-vi-ar\/#primaryimage\"},\"image\":{\"@id\":\"https:\/\/www.eolus.com\/vilka-vi-ar\/#primaryimage\"},\"thumbnailUrl\":\"https:\/\/www.eolus.com\/wp-content\/uploads\/2023\/12\/Eolus-Utterberget-1024x720.webp\",\"datePublished\":\"2024-01-18T10:08:27+00:00\",\"dateModified\":\"2025-09-15T12:43:59+00:00\",\"description\":\"Eolus is shaping the renewable energy solutions of the future and enabling sustainable investments for local and international partners.\",\"breadcrumb\":{\"@id\":\"https:\/\/www.eolus.com\/vilka-vi-ar\/#breadcrumb\"},\"inLanguage\":\"lv-LV\",\"potentialAction\":[{\"@type\":\"ReadAction\",\"target\":[\"https:\/\/www.eolus.com\/vilka-vi-ar\/\"]}]},{\"@type\":\"ImageObject\",\"inLanguage\":\"lv-LV\",\"@id\":\"https:\/\/www.eolus.com\/vilka-vi-ar\/#primaryimage\",\"url\":\"https:\/\/www.eolus.com\/wp-content\/uploads\/2023\/12\/Eolus-Utterberget-1024x720.webp\",\"contentUrl\":\"https:\/\/www.eolus.com\/wp-content\/uploads\/2023\/12\/Eolus-Utterberget-1024x720.webp\"},{\"@type\":\"BreadcrumbList\",\"@id\":\"https:\/\/www.eolus.com\/vilka-vi-ar\/#breadcrumb\",\"itemListElement\":[{\"@type\":\"ListItem\",\"position\":1,\"name\":\"Home\",\"item\":\"https:\/\/www.eolus.com\/lv\/\"},{\"@type\":\"ListItem\",\"position\":2,\"name\":\"Kas m\u0113s esam\"}]},{\"@type\":\"WebSite\",\"@id\":\"https:\/\/www.eolus.com\/#website\",\"url\":\"https:\/\/www.eolus.com\/\",\"name\":\"Eolus\",\"description\":\"Shaping the Future of Renewable Energy\",\"potentialAction\":[{\"@type\":\"SearchAction\",\"target\":{\"@type\":\"EntryPoint\",\"urlTemplate\":\"https:\/\/www.eolus.com\/?s={search_term_string}\"},\"query-input\":{\"@type\":\"PropertyValueSpecification\",\"valueRequired\":true,\"valueName\":\"search_term_string\"}}],\"inLanguage\":\"lv-LV\"}]}<\/script>\n<!-- \/ Yoast SEO plugin. -->","yoast_head_json":{"title":"Kas m\u0113s esam","description":"Eolus is shaping the renewable energy solutions of the future and enabling sustainable investments for local and international partners.","robots":{"index":"index","follow":"follow","max-snippet":"max-snippet:-1","max-image-preview":"max-image-preview:large","max-video-preview":"max-video-preview:-1"},"canonical":"https:\/\/www.eolus.com\/vilka-vi-ar\/","og_locale":"lv_LV","og_type":"article","og_title":"Kas m\u0113s esam","og_description":"Eolus is shaping the renewable energy solutions of the future and enabling sustainable investments for local and international partners.","og_url":"https:\/\/www.eolus.com\/vilka-vi-ar\/","og_site_name":"Eolus","article_modified_time":"2025-09-15T12:43:59+00:00","og_image":[{"url":"https:\/\/www.eolus.com\/wp-content\/uploads\/2023\/12\/Eolus-Utterberget-1024x720.webp","type":"","width":"","height":""}],"twitter_card":"summary_large_image","twitter_misc":{"Est. reading time":"2 minutes"},"schema":{"@context":"https:\/\/schema.org","@graph":[{"@type":"WebPage","@id":"https:\/\/www.eolus.com\/vilka-vi-ar\/","url":"https:\/\/www.eolus.com\/vilka-vi-ar\/","name":"Kas m\u0113s esam","isPartOf":{"@id":"https:\/\/www.eolus.com\/#website"},"primaryImageOfPage":{"@id":"https:\/\/www.eolus.com\/vilka-vi-ar\/#primaryimage"},"image":{"@id":"https:\/\/www.eolus.com\/vilka-vi-ar\/#primaryimage"},"thumbnailUrl":"https:\/\/www.eolus.com\/wp-content\/uploads\/2023\/12\/Eolus-Utterberget-1024x720.webp","datePublished":"2024-01-18T10:08:27+00:00","dateModified":"2025-09-15T12:43:59+00:00","description":"Eolus is shaping the renewable energy solutions of the future and enabling sustainable investments for local and international partners.","breadcrumb":{"@id":"https:\/\/www.eolus.com\/vilka-vi-ar\/#breadcrumb"},"inLanguage":"lv-LV","potentialAction":[{"@type":"ReadAction","target":["https:\/\/www.eolus.com\/vilka-vi-ar\/"]}]},{"@type":"ImageObject","inLanguage":"lv-LV","@id":"https:\/\/www.eolus.com\/vilka-vi-ar\/#primaryimage","url":"https:\/\/www.eolus.com\/wp-content\/uploads\/2023\/12\/Eolus-Utterberget-1024x720.webp","contentUrl":"https:\/\/www.eolus.com\/wp-content\/uploads\/2023\/12\/Eolus-Utterberget-1024x720.webp"},{"@type":"BreadcrumbList","@id":"https:\/\/www.eolus.com\/vilka-vi-ar\/#breadcrumb","itemListElement":[{"@type":"ListItem","position":1,"name":"Home","item":"https:\/\/www.eolus.com\/lv\/"},{"@type":"ListItem","position":2,"name":"Kas m\u0113s esam"}]},{"@type":"WebSite","@id":"https:\/\/www.eolus.com\/#website","url":"https:\/\/www.eolus.com\/","name":"Eolus","description":"Shaping the Future of Renewable Energy","potentialAction":[{"@type":"SearchAction","target":{"@type":"EntryPoint","urlTemplate":"https:\/\/www.eolus.com\/?s={search_term_string}"},"query-input":{"@type":"PropertyValueSpecification","valueRequired":true,"valueName":"search_term_string"}}],"inLanguage":"lv-LV"}]}},"_links":{"self":[{"href":"https:\/\/www.eolus.com\/lv\/wp-json\/wp\/v2\/pages\/27920","targetHints":{"allow":["GET"]}}],"collection":[{"href":"https:\/\/www.eolus.com\/lv\/wp-json\/wp\/v2\/pages"}],"about":[{"href":"https:\/\/www.eolus.com\/lv\/wp-json\/wp\/v2\/types\/page"}],"author":[{"embeddable":true,"href":"https:\/\/www.eolus.com\/lv\/wp-json\/wp\/v2\/users\/16"}],"replies":[{"embeddable":true,"href":"https:\/\/www.eolus.com\/lv\/wp-json\/wp\/v2\/comments?post=27920"}],"version-history":[{"count":6,"href":"https:\/\/www.eolus.com\/lv\/wp-json\/wp\/v2\/pages\/27920\/revisions"}],"predecessor-version":[{"id":63102,"href":"https:\/\/www.eolus.com\/lv\/wp-json\/wp\/v2\/pages\/27920\/revisions\/63102"}],"wp:attachment":[{"href":"https:\/\/www.eolus.com\/lv\/wp-json\/wp\/v2\/media?parent=27920"}],"curies":[{"name":"wp","href":"https:\/\/api.w.org\/{rel}","templated":true}]}}