{"id":27924,"date":"2024-01-18T11:09:49","date_gmt":"2024-01-18T10:09:49","guid":{"rendered":"https:\/\/www.eolus.com\/kas-mes-esam\/eolus-baltija-tirgu\/"},"modified":"2024-12-09T15:52:00","modified_gmt":"2024-12-09T14:52:00","slug":"eolus-baltija-tirgu","status":"publish","type":"page","link":"https:\/\/www.eolus.com\/lv\/kas-mes-esam\/eolus-baltija-tirgu\/","title":{"rendered":"Eolus Baltija tirg\u016b"},"content":{"rendered":"\t\t<div data-elementor-type=\"wp-page\" data-elementor-id=\"27924\" class=\"elementor elementor-27924 elementor-27321\" data-elementor-post-type=\"page\">\n\t\t\t\t<div class=\"elementor-element elementor-element-955f9e e-con-full animated-slow e-flex elementor-invisible e-con e-parent\" data-id=\"955f9e\" data-element_type=\"container\" data-settings=\"{&quot;background_background&quot;:&quot;classic&quot;,&quot;animation&quot;:&quot;fadeIn&quot;,&quot;jet_parallax_layout_list&quot;:[]}\">\n\t\t<div class=\"elementor-element elementor-element-2c517b57 e-flex e-con-boxed e-con e-child\" data-id=\"2c517b57\" data-element_type=\"container\" data-settings=\"{&quot;jet_parallax_layout_list&quot;:[]}\">\n\t\t\t\t\t<div class=\"e-con-inner\">\n\t\t<div class=\"elementor-element elementor-element-447d9342 e-con-full e-flex e-con e-child\" data-id=\"447d9342\" data-element_type=\"container\" data-settings=\"{&quot;jet_parallax_layout_list&quot;:[]}\">\n\t\t\t\t<div class=\"elementor-element elementor-element-5843aa24 elementor-invisible elementor-widget elementor-widget-heading\" data-id=\"5843aa24\" data-element_type=\"widget\" data-settings=\"{&quot;_animation&quot;:&quot;fadeIn&quot;}\" data-widget_type=\"heading.default\">\n\t\t\t\t<div class=\"elementor-widget-container\">\n\t\t\t\t\t<h4 class=\"elementor-heading-title elementor-size-default\">Eolus Baltija tirg\u016b<\/h4>\t\t\t\t<\/div>\n\t\t\t\t<\/div>\n\t\t\t\t<div class=\"elementor-element elementor-element-2d47411f elementor-invisible elementor-widget elementor-widget-text-editor\" data-id=\"2d47411f\" data-element_type=\"widget\" data-settings=\"{&quot;_animation&quot;:&quot;fadeIn&quot;,&quot;_animation_delay&quot;:&quot;200&quot;}\" data-widget_type=\"text-editor.default\">\n\t\t\t\t<div class=\"elementor-widget-container\">\n\t\t\t\t\t\t\t\t\t<p>2011. gada\u0304 Eolus Vind AB dibina\u0304ja SIA Eolus \u2013 meitas uz\u0146\u0113mumu Latvija\u0304. Kop\u0161 t\u0101 br\u012b\u017ea uz\u0146\u0113mums ir veicina\u0304jis dialogu ar pas\u030cvaldi\u0304ba\u0304m, valsts institu\u0304cija\u0304m un saisti\u0304taja\u0304m kopien\u0101m, ka\u0304 ari\u0304 uzs\u0101cis projektus, lai atti\u0304sti\u0304tu ve\u0304ja energ\u0327iju Latvija\u0304. 2024.gada beig\u0101s projektu portfe\u013ca jauda Latvij\u0101 ir 746 MW.<\/p><p>Projektu att\u012bst\u012bb\u0101 Eolus koncentr\u0113jas uz ilgtsp\u0113ju, atbalstot valsts centienus un amb\u012bcijas sasniegt klimata neitralit\u0101ti, ES za\u013c\u0101 kursa m\u0113r\u0137us, k\u0101 ar\u012b ar savu pienesumu veicina viet\u0113j\u0101s ekonomikas izaugsmi un nodro\u0161ina darba vietas. Eolus turpina atti\u0304sti\u0304t esos\u030cos projektus un pe\u0304ta jaunas atti\u0304sti\u0304bas iespe\u0304jas, kas saisti\u0304tas ar ve\u0304ja un saules energ\u0327ijas atti\u0304sti\u0304bu Latvija\u0304 un pa\u0304re\u0304ja\u0304s Baltijas valsti\u0304s. N\u0327emot ve\u0304ra\u0304 ES klimata neitralita\u0304tes me\u0304rk\u0327us, izmain\u0327as Latvijas un ES likumdos\u030cana\u0304 attieci\u0304ba\u0304 uz energ\u0327e\u0304tikas tirgu, atjaunojamo energoresursu nozare\u0304 tiek sagaidi\u0304ta bu\u0304tiska izaugsme. Viena no SIA Eolus galvenaja\u0304m priorita\u0304te\u0304m ir komunika\u0304cijas veidos\u030cana ar viet\u0113jiem iedz\u012bvot\u0101jiem viet\u0101s, kur uz\u0146\u0113mums att\u012bsta projektus, priek\u0161pl\u0101n\u0101 izvirzot viet\u0113jo kopienu intereses.<\/p><p>Ties\u030ci ta\u0304pe\u0304c ari\u0304 Eolus sav\u0101 darb\u012bb\u0101 galveno fokusu v\u0113r\u0161 uz vides ilgtspe\u0304ju un sadarbi\u0304bu ar viete\u0304jiem iedzi\u0304vota\u0304jiem.\u00a0 Eolus Baltijas vad\u012bt\u0101ja ir Inga \u0100boli\u0146a\u2013 pieredz\u0113jusi profesion\u0101le ar vair\u0101k nek\u0101 20 gadu pieredzi elektroener\u0123ijas nozar\u0113. Vi\u0146a uzsver: \u201cEolus galven\u0101s priorita\u0304tes Latvij\u0101 ir cie\u0146a pret dabas v\u0113rt\u012bb\u0101m, komunika\u0304cijas veidos\u030cana ar viet\u0113jiem iedz\u012bvot\u0101jiem, kur tiek att\u012bst\u012bti uz\u0146\u0113muma projekti, respekt\u0113jot kopienu intereses.\u201d<\/p>\t\t\t\t\t\t\t\t<\/div>\n\t\t\t\t<\/div>\n\t\t\t\t<\/div>\n\t\t<div class=\"elementor-element elementor-element-e0782c4 e-con-full e-flex e-con e-child\" data-id=\"e0782c4\" data-element_type=\"container\" data-settings=\"{&quot;jet_parallax_layout_list&quot;:[]}\">\n\t\t<div class=\"elementor-element elementor-element-1195433a e-flex e-con-boxed elementor-invisible e-con e-child\" data-id=\"1195433a\" data-element_type=\"container\" data-settings=\"{&quot;jet_parallax_layout_list&quot;:[],&quot;animation&quot;:&quot;fadeIn&quot;,&quot;animation_delay&quot;:&quot;100&quot;}\">\n\t\t\t\t\t<div class=\"e-con-inner\">\n\t\t\t\t\t<\/div>\n\t\t\t\t<\/div>\n\t\t\t\t<\/div>\n\t\t\t\t\t<\/div>\n\t\t\t\t<\/div>\n\t\t\t\t<\/div>\n\t\t\t\t<\/div>\n\t\t","protected":false},"excerpt":{"rendered":"<p>2011. gada\u0304 Eolus Vind AB dibina\u0304ja SIA Eolus \u2013 meitas uz\u0146\u0113mumu Latvija\u0304. Kop\u0161 t\u0101 br\u012b\u017ea uz\u0146\u0113mums ir veicina\u0304jis dialogu ar pas\u030cvaldi\u0304ba\u0304m, valsts institu\u0304cija\u0304m un saisti\u0304taja\u0304m kopien\u0101m, ka\u0304 ari\u0304 uzs\u0101cis projektus, lai atti\u0304sti\u0304tu ve\u0304ja energ\u0327iju Latvija\u0304. 2024.gada beig\u0101s projektu portfe\u013ca jauda Latvij\u0101 ir 746 MW. Projektu att\u012bst\u012bb\u0101 Eolus koncentr\u0113jas uz ilgtsp\u0113ju, atbalstot valsts centienus un amb\u012bcijas [&hellip;]<\/p>\n","protected":false},"author":16,"featured_media":0,"parent":27920,"menu_order":0,"comment_status":"closed","ping_status":"closed","template":"","meta":{"_acf_changed":false,"footnotes":""},"class_list":["post-27924","page","type-page","status-publish","hentry"],"acf":[],"yoast_head":"<!-- This site is optimized with the Yoast SEO plugin v26.5 - https:\/\/yoast.com\/wordpress\/plugins\/seo\/ -->\n<title>Eolus Baltija tirg\u016b - Eolus<\/title>\n<meta name=\"robots\" content=\"index, follow, max-snippet:-1, max-image-preview:large, max-video-preview:-1\" \/>\n<link rel=\"canonical\" href=\"https:\/\/www.eolus.com\/lv\/kas-mes-esam\/eolus-baltija-tirgu\/\" \/>\n<meta property=\"og:locale\" content=\"lv_LV\" \/>\n<meta property=\"og:type\" content=\"article\" \/>\n<meta property=\"og:title\" content=\"Eolus Baltija tirg\u016b - Eolus\" \/>\n<meta property=\"og:description\" content=\"2011. gada\u0304 Eolus Vind AB dibina\u0304ja SIA Eolus \u2013 meitas uz\u0146\u0113mumu Latvija\u0304. Kop\u0161 t\u0101 br\u012b\u017ea uz\u0146\u0113mums ir veicina\u0304jis dialogu ar pas\u030cvaldi\u0304ba\u0304m, valsts institu\u0304cija\u0304m un saisti\u0304taja\u0304m kopien\u0101m, ka\u0304 ari\u0304 uzs\u0101cis projektus, lai atti\u0304sti\u0304tu ve\u0304ja energ\u0327iju Latvija\u0304. 2024.gada beig\u0101s projektu portfe\u013ca jauda Latvij\u0101 ir 746 MW. Projektu att\u012bst\u012bb\u0101 Eolus koncentr\u0113jas uz ilgtsp\u0113ju, atbalstot valsts centienus un amb\u012bcijas [&hellip;]\" \/>\n<meta property=\"og:url\" content=\"https:\/\/www.eolus.com\/lv\/kas-mes-esam\/eolus-baltija-tirgu\/\" \/>\n<meta property=\"og:site_name\" content=\"Eolus\" \/>\n<meta property=\"article:modified_time\" content=\"2024-12-09T14:52:00+00:00\" \/>\n<meta name=\"twitter:card\" content=\"summary_large_image\" \/>\n<meta name=\"twitter:label1\" content=\"Est. reading time\" \/>\n\t<meta name=\"twitter:data1\" content=\"2 minutes\" \/>\n<script type=\"application\/ld+json\" class=\"yoast-schema-graph\">{\"@context\":\"https:\/\/schema.org\",\"@graph\":[{\"@type\":\"WebPage\",\"@id\":\"https:\/\/www.eolus.com\/lv\/kas-mes-esam\/eolus-baltija-tirgu\/\",\"url\":\"https:\/\/www.eolus.com\/lv\/kas-mes-esam\/eolus-baltija-tirgu\/\",\"name\":\"Eolus Baltija tirg\u016b - Eolus\",\"isPartOf\":{\"@id\":\"https:\/\/www.eolus.com\/#website\"},\"datePublished\":\"2024-01-18T10:09:49+00:00\",\"dateModified\":\"2024-12-09T14:52:00+00:00\",\"breadcrumb\":{\"@id\":\"https:\/\/www.eolus.com\/lv\/kas-mes-esam\/eolus-baltija-tirgu\/#breadcrumb\"},\"inLanguage\":\"lv-LV\",\"potentialAction\":[{\"@type\":\"ReadAction\",\"target\":[\"https:\/\/www.eolus.com\/lv\/kas-mes-esam\/eolus-baltija-tirgu\/\"]}]},{\"@type\":\"BreadcrumbList\",\"@id\":\"https:\/\/www.eolus.com\/lv\/kas-mes-esam\/eolus-baltija-tirgu\/#breadcrumb\",\"itemListElement\":[{\"@type\":\"ListItem\",\"position\":1,\"name\":\"Home\",\"item\":\"https:\/\/www.eolus.com\/lv\/\"},{\"@type\":\"ListItem\",\"position\":2,\"name\":\"Kas m\u0113s esam\",\"item\":\"https:\/\/www.eolus.com\/vilka-vi-ar\/\"},{\"@type\":\"ListItem\",\"position\":3,\"name\":\"Eolus Baltija tirg\u016b\"}]},{\"@type\":\"WebSite\",\"@id\":\"https:\/\/www.eolus.com\/#website\",\"url\":\"https:\/\/www.eolus.com\/\",\"name\":\"Eolus\",\"description\":\"Shaping the Future of Renewable Energy\",\"potentialAction\":[{\"@type\":\"SearchAction\",\"target\":{\"@type\":\"EntryPoint\",\"urlTemplate\":\"https:\/\/www.eolus.com\/?s={search_term_string}\"},\"query-input\":{\"@type\":\"PropertyValueSpecification\",\"valueRequired\":true,\"valueName\":\"search_term_string\"}}],\"inLanguage\":\"lv-LV\"}]}<\/script>\n<!-- \/ Yoast SEO plugin. -->","yoast_head_json":{"title":"Eolus Baltija tirg\u016b - Eolus","robots":{"index":"index","follow":"follow","max-snippet":"max-snippet:-1","max-image-preview":"max-image-preview:large","max-video-preview":"max-video-preview:-1"},"canonical":"https:\/\/www.eolus.com\/lv\/kas-mes-esam\/eolus-baltija-tirgu\/","og_locale":"lv_LV","og_type":"article","og_title":"Eolus Baltija tirg\u016b - Eolus","og_description":"2011. gada\u0304 Eolus Vind AB dibina\u0304ja SIA Eolus \u2013 meitas uz\u0146\u0113mumu Latvija\u0304. Kop\u0161 t\u0101 br\u012b\u017ea uz\u0146\u0113mums ir veicina\u0304jis dialogu ar pas\u030cvaldi\u0304ba\u0304m, valsts institu\u0304cija\u0304m un saisti\u0304taja\u0304m kopien\u0101m, ka\u0304 ari\u0304 uzs\u0101cis projektus, lai atti\u0304sti\u0304tu ve\u0304ja energ\u0327iju Latvija\u0304. 2024.gada beig\u0101s projektu portfe\u013ca jauda Latvij\u0101 ir 746 MW. Projektu att\u012bst\u012bb\u0101 Eolus koncentr\u0113jas uz ilgtsp\u0113ju, atbalstot valsts centienus un amb\u012bcijas [&hellip;]","og_url":"https:\/\/www.eolus.com\/lv\/kas-mes-esam\/eolus-baltija-tirgu\/","og_site_name":"Eolus","article_modified_time":"2024-12-09T14:52:00+00:00","twitter_card":"summary_large_image","twitter_misc":{"Est. reading time":"2 minutes"},"schema":{"@context":"https:\/\/schema.org","@graph":[{"@type":"WebPage","@id":"https:\/\/www.eolus.com\/lv\/kas-mes-esam\/eolus-baltija-tirgu\/","url":"https:\/\/www.eolus.com\/lv\/kas-mes-esam\/eolus-baltija-tirgu\/","name":"Eolus Baltija tirg\u016b - Eolus","isPartOf":{"@id":"https:\/\/www.eolus.com\/#website"},"datePublished":"2024-01-18T10:09:49+00:00","dateModified":"2024-12-09T14:52:00+00:00","breadcrumb":{"@id":"https:\/\/www.eolus.com\/lv\/kas-mes-esam\/eolus-baltija-tirgu\/#breadcrumb"},"inLanguage":"lv-LV","potentialAction":[{"@type":"ReadAction","target":["https:\/\/www.eolus.com\/lv\/kas-mes-esam\/eolus-baltija-tirgu\/"]}]},{"@type":"BreadcrumbList","@id":"https:\/\/www.eolus.com\/lv\/kas-mes-esam\/eolus-baltija-tirgu\/#breadcrumb","itemListElement":[{"@type":"ListItem","position":1,"name":"Home","item":"https:\/\/www.eolus.com\/lv\/"},{"@type":"ListItem","position":2,"name":"Kas m\u0113s esam","item":"https:\/\/www.eolus.com\/vilka-vi-ar\/"},{"@type":"ListItem","position":3,"name":"Eolus Baltija tirg\u016b"}]},{"@type":"WebSite","@id":"https:\/\/www.eolus.com\/#website","url":"https:\/\/www.eolus.com\/","name":"Eolus","description":"Shaping the Future of Renewable Energy","potentialAction":[{"@type":"SearchAction","target":{"@type":"EntryPoint","urlTemplate":"https:\/\/www.eolus.com\/?s={search_term_string}"},"query-input":{"@type":"PropertyValueSpecification","valueRequired":true,"valueName":"search_term_string"}}],"inLanguage":"lv-LV"}]}},"_links":{"self":[{"href":"https:\/\/www.eolus.com\/lv\/wp-json\/wp\/v2\/pages\/27924","targetHints":{"allow":["GET"]}}],"collection":[{"href":"https:\/\/www.eolus.com\/lv\/wp-json\/wp\/v2\/pages"}],"about":[{"href":"https:\/\/www.eolus.com\/lv\/wp-json\/wp\/v2\/types\/page"}],"author":[{"embeddable":true,"href":"https:\/\/www.eolus.com\/lv\/wp-json\/wp\/v2\/users\/16"}],"replies":[{"embeddable":true,"href":"https:\/\/www.eolus.com\/lv\/wp-json\/wp\/v2\/comments?post=27924"}],"version-history":[{"count":5,"href":"https:\/\/www.eolus.com\/lv\/wp-json\/wp\/v2\/pages\/27924\/revisions"}],"predecessor-version":[{"id":57881,"href":"https:\/\/www.eolus.com\/lv\/wp-json\/wp\/v2\/pages\/27924\/revisions\/57881"}],"up":[{"embeddable":true,"href":"https:\/\/www.eolus.com\/lv\/wp-json\/wp\/v2\/pages\/27920"}],"wp:attachment":[{"href":"https:\/\/www.eolus.com\/lv\/wp-json\/wp\/v2\/media?parent=27924"}],"curies":[{"name":"wp","href":"https:\/\/api.w.org\/{rel}","templated":true}]}}