{"id":27927,"date":"2024-01-18T11:11:08","date_gmt":"2024-01-18T10:11:08","guid":{"rendered":"https:\/\/www.eolus.com\/kas-mes-esam\/uznemuma-vesture-un-nosaukums\/"},"modified":"2024-04-03T11:19:18","modified_gmt":"2024-04-03T09:19:18","slug":"uznemuma-vesture-un-nosaukums","status":"publish","type":"page","link":"https:\/\/www.eolus.com\/lv\/kas-mes-esam\/uznemuma-vesture-un-nosaukums\/","title":{"rendered":"Uz\u0146\u0113muma v\u0113sture un nosaukums"},"content":{"rendered":"\t\t<div data-elementor-type=\"wp-page\" data-elementor-id=\"27927\" class=\"elementor elementor-27927 elementor-22086\" data-elementor-post-type=\"page\">\n\t\t\t\t<div class=\"elementor-element elementor-element-758c449f e-con-full animated-slow e-flex elementor-invisible e-con e-parent\" data-id=\"758c449f\" data-element_type=\"container\" data-e-type=\"container\" data-settings=\"{&quot;background_background&quot;:&quot;classic&quot;,&quot;animation&quot;:&quot;fadeIn&quot;,&quot;jet_parallax_layout_list&quot;:[]}\">\n\t\t<div class=\"elementor-element elementor-element-4e02d735 e-flex e-con-boxed e-con e-child\" data-id=\"4e02d735\" data-element_type=\"container\" data-e-type=\"container\" data-settings=\"{&quot;jet_parallax_layout_list&quot;:[]}\">\n\t\t\t\t\t<div class=\"e-con-inner\">\n\t\t<div class=\"elementor-element elementor-element-5c850b7d e-con-full e-flex e-con e-child\" data-id=\"5c850b7d\" data-element_type=\"container\" data-e-type=\"container\" data-settings=\"{&quot;jet_parallax_layout_list&quot;:[]}\">\n\t\t\t\t<div class=\"elementor-element elementor-element-8046e59 elementor-invisible elementor-widget elementor-widget-heading\" data-id=\"8046e59\" data-element_type=\"widget\" data-e-type=\"widget\" data-settings=\"{&quot;_animation&quot;:&quot;fadeIn&quot;}\" data-widget_type=\"heading.default\">\n\t\t\t\t<div class=\"elementor-widget-container\">\n\t\t\t\t\t<h4 class=\"elementor-heading-title elementor-size-default\">Uz\u0146\u0113muma v\u0113sture un nosaukums<\/h4>\t\t\t\t<\/div>\n\t\t\t\t<\/div>\n\t\t\t\t<div class=\"elementor-element elementor-element-113003ca elementor-invisible elementor-widget elementor-widget-text-editor\" data-id=\"113003ca\" data-element_type=\"widget\" data-e-type=\"widget\" data-settings=\"{&quot;_animation&quot;:&quot;fadeIn&quot;,&quot;_animation_delay&quot;:&quot;200&quot;}\" data-widget_type=\"text-editor.default\">\n\t\t\t\t<div class=\"elementor-widget-container\">\n\t\t\t\t\t\t\t\t\t<p>1990. gad\u0101 tika dibin\u0101ts Eolus, tad m\u0113s bij\u0101m savas jomas pionieri Zviedrij\u0101. M\u0113s varam pietic\u012bgi un ar lepnumu apgalvot, ka bru\u0123\u0113j\u0101m ce\u013cu v\u0113ja ener\u0123ijas nozares komercializ\u0101cijai Zviedrij\u0101. Dzi\u013ci iesak\u0146oju\u0161ies Skones zem\u0113, m\u0113s str\u0101d\u0101j\u0101m ar ilgtsp\u0113j\u012bgas n\u0101kotnes v\u012bziju. No maza m\u0113roga inovat\u012bvas ener\u0123ijas ra\u017eo\u0161anas cie\u0161\u0101 sadarb\u012bb\u0101 ar t\u0101lredz\u012bgiem klientiem, m\u0113s esam sasniegu\u0161i jaunus apv\u0101r\u0161\u0146us, un m\u016bs nav aptur\u0113jis ne \u0123eogr\u0101fiskais att\u0101lums, ne tehniskie izaicin\u0101jumi. Vair\u0101k nek\u0101 30 gadus v\u0113l\u0101k m\u0113s esam viens no Zviedrijas atz\u012bt\u0101kajiem bir\u017e\u0101 kot\u0113tajiem uz\u0146\u0113mumiem atjaunojam\u0101s ener\u0123ijas ra\u017eo\u0161anas projektu izstr\u0101d\u0113, kas darbojas piec\u0101s valst\u012bs.<\/p>\n\t\t\t\t\t\t\t\t<\/div>\n\t\t\t\t<\/div>\n\t\t\t\t<div class=\"elementor-element elementor-element-7a4d6fb0 elementor-invisible elementor-widget elementor-widget-heading\" data-id=\"7a4d6fb0\" data-element_type=\"widget\" data-e-type=\"widget\" data-settings=\"{&quot;_animation&quot;:&quot;fadeIn&quot;,&quot;_animation_delay&quot;:&quot;400&quot;}\" data-widget_type=\"heading.default\">\n\t\t\t\t<div class=\"elementor-widget-container\">\n\t\t\t\t\t<h5 class=\"elementor-heading-title elementor-size-default\">Uz\u0146\u0113muma v\u0113stures att\u012bst\u012bbas posmi<\/h5>\t\t\t\t<\/div>\n\t\t\t\t<\/div>\n\t\t\t\t<div class=\"elementor-element elementor-element-7db61bb0 elementor-invisible elementor-widget elementor-widget-text-editor\" data-id=\"7db61bb0\" data-element_type=\"widget\" data-e-type=\"widget\" data-settings=\"{&quot;_animation&quot;:&quot;fadeIn&quot;,&quot;_animation_delay&quot;:&quot;600&quot;}\" data-widget_type=\"text-editor.default\">\n\t\t\t\t<div class=\"elementor-widget-container\">\n\t\t\t\t\t\t\t\t\t<p><strong>1990<\/strong> Eolus tiek dibin\u0101tts \u016asbij\u0101<\/p>\n<p><strong>1991<\/strong> \u0112land\u0113 tiek uzst\u0101d\u012bta pirm\u0101 v\u0113ja turb\u012bna ar jaudu 0.2 MW.<\/p>\n<p><strong>1996<\/strong> Gotland\u0113 tiek uzst\u0101d\u012bta pirm\u0101 v\u0113ja turb\u012bna ar jaudu 0.6 MW.<\/p>\n<p><strong>2002<\/strong> Skon\u0113 tiek uzst\u0101d\u012bta pirm\u0101 v\u0113ja turb\u012bna ar jaudu 1.8 MW.<\/p>\n<p><strong>2004<\/strong> Uz\u0146\u0113mums p\u0101rce\u013cas uz Hesleholmu. Taj\u0101 pa\u0161\u0101 gad\u0101 tiek uzst\u0101d\u012bta m\u016bsu 100. v\u0113ja turb\u012bna.<\/p>\n<p><strong>2009<\/strong> Eolus akcijas tiek kot\u0113tas bir\u017e\u0101 <em>Nasdaq OMX First North.<\/em> Tiek pabeigta 200. v\u0113ja turb\u012bnas uzst\u0101d\u012b\u0161ana.<\/p>\n<p><strong>2012<\/strong> Uz\u0146\u0113muma dibin\u0101\u0161ana Baltijas tirg\u016b.<\/p>\n<p><strong>2012<\/strong> P\u0113rs Vitalisons tiek iecelts par Eolus izpilddirektoru, atst\u0101jot finan\u0161u direktora amatu, kur\u0101 str\u0101d\u0101ja no 2006. l\u012bdz 2012. gadam.<\/p>\n<p><strong>2013<\/strong> Tiek uzst\u0101d\u012bta Eolus 400. v\u0113ja turb\u012bna.<\/p>\n\t\t\t\t\t\t\t\t<\/div>\n\t\t\t\t<\/div>\n\t\t<div class=\"elementor-element elementor-element-10368461 e-flex e-con-boxed elementor-invisible e-con e-child\" data-id=\"10368461\" data-element_type=\"container\" data-e-type=\"container\" data-settings=\"{&quot;background_background&quot;:&quot;classic&quot;,&quot;jet_parallax_layout_list&quot;:[],&quot;animation&quot;:&quot;fadeIn&quot;,&quot;animation_delay&quot;:&quot;600&quot;}\">\n\t\t\t\t\t<div class=\"e-con-inner\">\n\t\t\t\t<div class=\"elementor-element elementor-element-a1d5152 elementor-widget elementor-widget-heading\" data-id=\"a1d5152\" data-element_type=\"widget\" data-e-type=\"widget\" data-widget_type=\"heading.default\">\n\t\t\t\t<div class=\"elementor-widget-container\">\n\t\t\t\t\t<h6 class=\"elementor-heading-title elementor-size-default\">V\u0113ja sienas projekts ASV<\/h6>\t\t\t\t<\/div>\n\t\t\t\t<\/div>\n\t\t\t\t\t<\/div>\n\t\t\t\t<\/div>\n\t\t<div class=\"elementor-element elementor-element-19584b7d e-flex e-con-boxed e-con e-child\" data-id=\"19584b7d\" data-element_type=\"container\" data-e-type=\"container\" data-settings=\"{&quot;jet_parallax_layout_list&quot;:[]}\">\n\t\t\t\t\t<div class=\"e-con-inner\">\n\t\t\t\t<div class=\"elementor-element elementor-element-2d62ae2d elementor-widget__width-initial elementor-invisible elementor-widget elementor-widget-text-editor\" data-id=\"2d62ae2d\" data-element_type=\"widget\" data-e-type=\"widget\" data-settings=\"{&quot;_animation&quot;:&quot;fadeIn&quot;}\" data-widget_type=\"text-editor.default\">\n\t\t\t\t<div class=\"elementor-widget-container\">\n\t\t\t\t\t\t\t\t\t<p><strong>2014<\/strong> Ieg\u0101d\u0101joties divus att\u012bst\u012bt\u0101ja projektus, Eolus uzs\u0101k uz\u0146\u0113m\u0113jdarb\u012bbu Somijas tirg\u016b. Tiek ieg\u016bta at\u013cauja att\u012bst\u012bt Ojfjelas v\u0113ja ener\u0123ijas projektu.<\/p>\n<p><strong>2015<\/strong> Eolus B klases akcijas tiek kot\u0113tas <em>Nasdaq Stockholm<\/em> bir\u017eas <em>Small Cap<\/em> sarakst\u0101. Ieg\u0101d\u0101joties divus v\u0113ja ener\u0123ijas projektus Nevadas \u0161tat\u0101, Eolus uzs\u0101k darb\u012bbu ASV tirg\u016b.<\/p>\n<p><strong>2017<\/strong> Uz\u0146\u0113muma darb\u012bbas koncepcija tiek papla\u0161in\u0101ta, darbojoties ne tikai ar v\u0113ja ener\u0123ijas projektiem, bet ar\u012b ar citiem atjaunojam\u0101s elektroener\u0123ijas ra\u017eo\u0161anas veidiem un ener\u0123ijas uzglab\u0101\u0161anas risin\u0101jumiem. Tiek uzst\u0101d\u012bta Eolus 500. v\u0113ja turb\u012bna.<\/p>\n<p><strong>2018<\/strong> Eolus, ieg\u0101d\u0101joties saules ener\u0123ijas un ener\u0123ijas uzglab\u0101\u0161anas kr\u0101tuves objektu t\u0101 agr\u012bn\u0101s att\u012bst\u012bbas stadij\u0101, papla\u0161ina uz\u0146\u0113muma darb\u012bbu ASV.<\/p>\n<p><strong>2019<\/strong> Jaudas atjauno\u0161anas projekta <em>Wind Wall 1<\/em> konstrukcija ASV. <em>Amazon Web Services, Inc<\/em> paraksta elektroener\u0123ijas iepirkuma l\u012bgumu. Eolus uz\u0146\u0113mums tagad darbojas Zviedrij\u0101, Norv\u0113\u0123ij\u0101, Somij\u0101, Igaunij\u0101, Latvij\u0101 un ASV.<\/p>\n<p><strong>2020<\/strong> Eolus B klases akcijas tiek p\u0101rceltas uz <em>Nasdaq Stockholm<\/em>\u2019s bir\u017eas <em>Mid Cap<\/em> sarakstu. Tiek uzs\u0101kts darbs pie Ojfjelas, Norv\u0113\u0123ij\u0101, v\u0113ja ener\u0123ijas projekta b\u016bvniec\u012bbas.\u00a0 Tiek uzst\u0101d\u012bta Eolus 600. v\u0113ja turb\u012bna.<\/p>\n<p><strong>2021<\/strong> Eolus ien\u0101k Polijas tirg\u016b un Daniels L\u0101rsons tiek iecelts par Polijas tirgus re\u0123ion\u0101lo vad\u012bt\u0101ju (Country Manager).<\/p>\n<p><strong>2022<\/strong> Eolus ASV atsavina bateriju projektu, kura kapacit\u0101te ir 120 MW, un saules ener\u0123ijas bateriju projektu, kura kapacit\u0101te ir 750 MW. St\u016br\u0161\u0113l\u0161\u0113nas projekts Zviedrij\u0101 tiek atsavin\u0101ts par labu MEAG.<\/p>\n<p><strong>2023. <\/strong>gad\u0101 uz\u0146\u0113mumam Eolus ir vair\u0101k nek\u0101 100 darbinieki un uz\u0146\u0113mums darbojas Zviedrij\u0101, Norv\u0113\u0123ij\u0101, Somij\u0101, Baltijas valst\u012bs, Polij\u0101, ASV un Sp\u0101nij\u0101. Tiek pabeigts Ojfjelas, Norv\u0113\u0123ij\u0101, v\u0113ja ener\u0123ijas projekts. Sk\u0101lbegetas, Uterbergetas, Tjern\u0113s un R\u016bsensk\u016bgas projekti Zviedrij\u0101 tiek atsavin\u0101ti par labu \u0160veices uz\u0146\u0113mumam BKW.<\/p>\n\t\t\t\t\t\t\t\t<\/div>\n\t\t\t\t<\/div>\n\t\t\t\t\t<\/div>\n\t\t\t\t<\/div>\n\t\t\t\t<\/div>\n\t\t<div class=\"elementor-element elementor-element-3dcd4cf1 e-con-full e-flex e-con e-child\" data-id=\"3dcd4cf1\" data-element_type=\"container\" data-e-type=\"container\" data-settings=\"{&quot;jet_parallax_layout_list&quot;:[]}\">\n\t\t<div class=\"elementor-element elementor-element-308ee5ac e-flex e-con-boxed elementor-invisible e-con e-child\" data-id=\"308ee5ac\" data-element_type=\"container\" data-e-type=\"container\" data-settings=\"{&quot;jet_parallax_layout_list&quot;:[],&quot;animation&quot;:&quot;fadeIn&quot;,&quot;animation_delay&quot;:&quot;100&quot;}\">\n\t\t\t\t\t<div class=\"e-con-inner\">\n\t\t\t\t<div class=\"elementor-element elementor-element-474bc19e elementor-widget elementor-widget-section_menu\" data-id=\"474bc19e\" data-element_type=\"widget\" data-e-type=\"widget\" data-widget_type=\"section_menu.default\">\n\t\t\t\t<div class=\"elementor-widget-container\">\n\t\t\t\t\t        <aside class=\"section-menu section-menu--dark\">\n                            <a class=\"section-menu-heading\" href=\"https:\/\/www.eolus.com\/lv\/kas-mes-esam\/\">\n                    Kas m\u0113s esam                <\/a>\n            \n            <menu class=\"section-menu__list section-menu__list--level-1\">\n                <li><div class=\"section-menu__item-row\"><a class=\"menu-item\" href=\"https:\/\/www.eolus.com\/lv\/kas-mes-esam\/eolus-baltija-tirgu\/\">Eolus Baltija tirg\u016b<\/a><\/div><\/li><li><div class=\"section-menu__item-row\"><a class=\"menu-item\" href=\"https:\/\/www.eolus.com\/lv\/kas-mes-esam\/vizija-un-misija\/\">V\u012bzija un misija<\/a><\/div><\/li><li><div class=\"section-menu__item-row\"><a class=\"menu-item\" href=\"https:\/\/www.eolus.com\/lv\/kas-mes-esam\/organizacija\/\">Organiz\u0101cija<\/a><\/div><\/li><li><div class=\"section-menu__item-row\"><div class=\"menu-item active\">Uz\u0146\u0113muma v\u0113sture un nosaukums<\/div><\/div><\/li><li><div class=\"section-menu__item-row\"><a class=\"menu-item\" href=\"https:\/\/www.eolus.com\/lv\/kas-mes-esam\/tirgi\/\">Tirgi<\/a><\/div><\/li>            <\/menu>\n        <\/aside>\n\t\t\t\t<\/div>\n\t\t\t\t<\/div>\n\t\t\t\t\t<\/div>\n\t\t\t\t<\/div>\n\t\t\t\t<\/div>\n\t\t\t\t\t<\/div>\n\t\t\t\t<\/div>\n\t\t\t\t<\/div>\n\t\t<div class=\"elementor-element elementor-element-4053d513 e-flex e-con-boxed e-con e-parent\" data-id=\"4053d513\" data-element_type=\"container\" data-e-type=\"container\" data-settings=\"{&quot;jet_parallax_layout_list&quot;:[]}\">\n\t\t\t\t\t<div class=\"e-con-inner\">\n\t\t<div class=\"elementor-element elementor-element-22739f72 e-flex e-con-boxed elementor-invisible e-con e-child\" data-id=\"22739f72\" data-element_type=\"container\" data-e-type=\"container\" data-settings=\"{&quot;background_background&quot;:&quot;classic&quot;,&quot;jet_parallax_layout_list&quot;:[],&quot;animation&quot;:&quot;fadeIn&quot;}\">\n\t\t\t\t\t<div class=\"e-con-inner\">\n\t\t\t\t<div class=\"elementor-element elementor-element-6bbb164f elementor-widget elementor-widget-heading\" data-id=\"6bbb164f\" data-element_type=\"widget\" data-e-type=\"widget\" data-widget_type=\"heading.default\">\n\t\t\t\t<div class=\"elementor-widget-container\">\n\t\t\t\t\t<h6 class=\"elementor-heading-title elementor-size-default\">Eolus tika kot\u0113ts Nashdaq bir\u017e\u0101 2009. gad\u0101<\/h6>\t\t\t\t<\/div>\n\t\t\t\t<\/div>\n\t\t\t\t\t<\/div>\n\t\t\t\t<\/div>\n\t\t<div class=\"elementor-element elementor-element-8be52d8 e-flex e-con-boxed e-con e-child\" data-id=\"8be52d8\" data-element_type=\"container\" data-e-type=\"container\" data-settings=\"{&quot;jet_parallax_layout_list&quot;:[]}\">\n\t\t\t\t\t<div class=\"e-con-inner\">\n\t\t\t\t<div class=\"elementor-element elementor-element-3ffe25a7 elementor-invisible elementor-widget elementor-widget-heading\" data-id=\"3ffe25a7\" data-element_type=\"widget\" data-e-type=\"widget\" data-settings=\"{&quot;_animation&quot;:&quot;fadeIn&quot;}\" data-widget_type=\"heading.default\">\n\t\t\t\t<div class=\"elementor-widget-container\">\n\t\t\t\t\t<h5 class=\"elementor-heading-title elementor-size-default\">Eolus<\/h5>\t\t\t\t<\/div>\n\t\t\t\t<\/div>\n\t\t\t\t<div class=\"elementor-element elementor-element-1139369f elementor-invisible elementor-widget elementor-widget-text-editor\" data-id=\"1139369f\" data-element_type=\"widget\" data-e-type=\"widget\" data-settings=\"{&quot;_animation&quot;:&quot;fadeIn&quot;}\" data-widget_type=\"text-editor.default\">\n\t\t\t\t<div class=\"elementor-widget-container\">\n\t\t\t\t\t\t\t\t\t<p>V\u0101rds Eolus (i\u02c8o\u02d0l\u028as) ir vec\u0101ka v\u0101rda forma zviedru valod\u0101, kas apz\u012bm\u0113 v\u0113ja dievu Aiolu sengrie\u0137u mitolo\u0123ij\u0101. \u201dOdisej\u0101\u201d tiek aprakst\u012bts, ka Aiols dz\u012bvoja uz Aiolijas salas un p\u0101rvald\u012bja v\u0113jus.<\/p>\n\t\t\t\t\t\t\t\t<\/div>\n\t\t\t\t<\/div>\n\t\t\t\t\t<\/div>\n\t\t\t\t<\/div>\n\t\t\t\t\t<\/div>\n\t\t\t\t<\/div>\n\t\t\t\t<\/div>\n\t\t","protected":false},"excerpt":{"rendered":"<p>1990. gad\u0101 tika dibin\u0101ts Eolus, tad m\u0113s bij\u0101m savas jomas pionieri Zviedrij\u0101. M\u0113s varam pietic\u012bgi un ar lepnumu apgalvot, ka bru\u0123\u0113j\u0101m ce\u013cu v\u0113ja ener\u0123ijas nozares komercializ\u0101cijai Zviedrij\u0101. Dzi\u013ci iesak\u0146oju\u0161ies Skones zem\u0113, m\u0113s str\u0101d\u0101j\u0101m ar ilgtsp\u0113j\u012bgas n\u0101kotnes v\u012bziju. No maza m\u0113roga inovat\u012bvas ener\u0123ijas ra\u017eo\u0161anas cie\u0161\u0101 sadarb\u012bb\u0101 ar t\u0101lredz\u012bgiem klientiem, m\u0113s esam sasniegu\u0161i jaunus apv\u0101r\u0161\u0146us, un m\u016bs [&hellip;]<\/p>\n","protected":false},"author":16,"featured_media":0,"parent":27920,"menu_order":0,"comment_status":"closed","ping_status":"closed","template":"","meta":{"_acf_changed":false,"footnotes":""},"class_list":["post-27927","page","type-page","status-publish","hentry"],"acf":[],"yoast_head":"<!-- This site is optimized with the Yoast SEO plugin v27.3 - https:\/\/yoast.com\/product\/yoast-seo-wordpress\/ -->\n<title>Uz\u0146\u0113muma v\u0113sture un nosaukums<\/title>\n<meta name=\"description\" content=\"Eolus was founded in 1990. We can with humility and pride state that we paved the way for the commercialization of the wind power industry in Sweden.\" \/>\n<meta name=\"robots\" content=\"index, follow, max-snippet:-1, max-image-preview:large, max-video-preview:-1\" \/>\n<link rel=\"canonical\" href=\"https:\/\/www.eolus.com\/vilka-vi-ar\/historia-namn\/\" \/>\n<meta property=\"og:locale\" content=\"lv_LV\" \/>\n<meta property=\"og:type\" content=\"article\" \/>\n<meta property=\"og:title\" content=\"Uz\u0146\u0113muma v\u0113sture un nosaukums\" \/>\n<meta property=\"og:description\" content=\"Eolus was founded in 1990. We can with humility and pride state that we paved the way for the commercialization of the wind power industry in Sweden.\" \/>\n<meta property=\"og:url\" content=\"https:\/\/www.eolus.com\/vilka-vi-ar\/historia-namn\/\" \/>\n<meta property=\"og:site_name\" content=\"Eolus\" \/>\n<meta property=\"article:modified_time\" content=\"2024-04-03T09:19:18+00:00\" \/>\n<meta name=\"twitter:card\" content=\"summary_large_image\" \/>\n<meta name=\"twitter:label1\" content=\"Est. reading time\" \/>\n\t<meta name=\"twitter:data1\" content=\"3 minutes\" \/>\n<script type=\"application\/ld+json\" class=\"yoast-schema-graph\">{\"@context\":\"https:\\\/\\\/schema.org\",\"@graph\":[{\"@type\":\"WebPage\",\"@id\":\"https:\\\/\\\/www.eolus.com\\\/vilka-vi-ar\\\/historia-namn\\\/\",\"url\":\"https:\\\/\\\/www.eolus.com\\\/vilka-vi-ar\\\/historia-namn\\\/\",\"name\":\"Uz\u0146\u0113muma v\u0113sture un nosaukums\",\"isPartOf\":{\"@id\":\"https:\\\/\\\/www.eolus.com\\\/#website\"},\"datePublished\":\"2024-01-18T10:11:08+00:00\",\"dateModified\":\"2024-04-03T09:19:18+00:00\",\"description\":\"Eolus was founded in 1990. We can with humility and pride state that we paved the way for the commercialization of the wind power industry in Sweden.\",\"breadcrumb\":{\"@id\":\"https:\\\/\\\/www.eolus.com\\\/vilka-vi-ar\\\/historia-namn\\\/#breadcrumb\"},\"inLanguage\":\"lv-LV\",\"potentialAction\":[{\"@type\":\"ReadAction\",\"target\":[\"https:\\\/\\\/www.eolus.com\\\/vilka-vi-ar\\\/historia-namn\\\/\"]}]},{\"@type\":\"BreadcrumbList\",\"@id\":\"https:\\\/\\\/www.eolus.com\\\/vilka-vi-ar\\\/historia-namn\\\/#breadcrumb\",\"itemListElement\":[{\"@type\":\"ListItem\",\"position\":1,\"name\":\"Home\",\"item\":\"https:\\\/\\\/www.eolus.com\\\/lv\\\/\"},{\"@type\":\"ListItem\",\"position\":2,\"name\":\"Kas m\u0113s esam\",\"item\":\"https:\\\/\\\/www.eolus.com\\\/vilka-vi-ar\\\/\"},{\"@type\":\"ListItem\",\"position\":3,\"name\":\"Uz\u0146\u0113muma v\u0113sture un nosaukums\"}]},{\"@type\":\"WebSite\",\"@id\":\"https:\\\/\\\/www.eolus.com\\\/#website\",\"url\":\"https:\\\/\\\/www.eolus.com\\\/\",\"name\":\"Eolus\",\"description\":\"Shaping the Future of Renewable Energy\",\"potentialAction\":[{\"@type\":\"SearchAction\",\"target\":{\"@type\":\"EntryPoint\",\"urlTemplate\":\"https:\\\/\\\/www.eolus.com\\\/?s={search_term_string}\"},\"query-input\":{\"@type\":\"PropertyValueSpecification\",\"valueRequired\":true,\"valueName\":\"search_term_string\"}}],\"inLanguage\":\"lv-LV\"}]}<\/script>\n<!-- \/ Yoast SEO plugin. -->","yoast_head_json":{"title":"Uz\u0146\u0113muma v\u0113sture un nosaukums","description":"Eolus was founded in 1990. We can with humility and pride state that we paved the way for the commercialization of the wind power industry in Sweden.","robots":{"index":"index","follow":"follow","max-snippet":"max-snippet:-1","max-image-preview":"max-image-preview:large","max-video-preview":"max-video-preview:-1"},"canonical":"https:\/\/www.eolus.com\/vilka-vi-ar\/historia-namn\/","og_locale":"lv_LV","og_type":"article","og_title":"Uz\u0146\u0113muma v\u0113sture un nosaukums","og_description":"Eolus was founded in 1990. We can with humility and pride state that we paved the way for the commercialization of the wind power industry in Sweden.","og_url":"https:\/\/www.eolus.com\/vilka-vi-ar\/historia-namn\/","og_site_name":"Eolus","article_modified_time":"2024-04-03T09:19:18+00:00","twitter_card":"summary_large_image","twitter_misc":{"Est. reading time":"3 minutes"},"schema":{"@context":"https:\/\/schema.org","@graph":[{"@type":"WebPage","@id":"https:\/\/www.eolus.com\/vilka-vi-ar\/historia-namn\/","url":"https:\/\/www.eolus.com\/vilka-vi-ar\/historia-namn\/","name":"Uz\u0146\u0113muma v\u0113sture un nosaukums","isPartOf":{"@id":"https:\/\/www.eolus.com\/#website"},"datePublished":"2024-01-18T10:11:08+00:00","dateModified":"2024-04-03T09:19:18+00:00","description":"Eolus was founded in 1990. We can with humility and pride state that we paved the way for the commercialization of the wind power industry in Sweden.","breadcrumb":{"@id":"https:\/\/www.eolus.com\/vilka-vi-ar\/historia-namn\/#breadcrumb"},"inLanguage":"lv-LV","potentialAction":[{"@type":"ReadAction","target":["https:\/\/www.eolus.com\/vilka-vi-ar\/historia-namn\/"]}]},{"@type":"BreadcrumbList","@id":"https:\/\/www.eolus.com\/vilka-vi-ar\/historia-namn\/#breadcrumb","itemListElement":[{"@type":"ListItem","position":1,"name":"Home","item":"https:\/\/www.eolus.com\/lv\/"},{"@type":"ListItem","position":2,"name":"Kas m\u0113s esam","item":"https:\/\/www.eolus.com\/vilka-vi-ar\/"},{"@type":"ListItem","position":3,"name":"Uz\u0146\u0113muma v\u0113sture un nosaukums"}]},{"@type":"WebSite","@id":"https:\/\/www.eolus.com\/#website","url":"https:\/\/www.eolus.com\/","name":"Eolus","description":"Shaping the Future of Renewable Energy","potentialAction":[{"@type":"SearchAction","target":{"@type":"EntryPoint","urlTemplate":"https:\/\/www.eolus.com\/?s={search_term_string}"},"query-input":{"@type":"PropertyValueSpecification","valueRequired":true,"valueName":"search_term_string"}}],"inLanguage":"lv-LV"}]}},"_links":{"self":[{"href":"https:\/\/www.eolus.com\/lv\/wp-json\/wp\/v2\/pages\/27927","targetHints":{"allow":["GET"]}}],"collection":[{"href":"https:\/\/www.eolus.com\/lv\/wp-json\/wp\/v2\/pages"}],"about":[{"href":"https:\/\/www.eolus.com\/lv\/wp-json\/wp\/v2\/types\/page"}],"author":[{"embeddable":true,"href":"https:\/\/www.eolus.com\/lv\/wp-json\/wp\/v2\/users\/16"}],"replies":[{"embeddable":true,"href":"https:\/\/www.eolus.com\/lv\/wp-json\/wp\/v2\/comments?post=27927"}],"version-history":[{"count":7,"href":"https:\/\/www.eolus.com\/lv\/wp-json\/wp\/v2\/pages\/27927\/revisions"}],"predecessor-version":[{"id":54308,"href":"https:\/\/www.eolus.com\/lv\/wp-json\/wp\/v2\/pages\/27927\/revisions\/54308"}],"up":[{"embeddable":true,"href":"https:\/\/www.eolus.com\/lv\/wp-json\/wp\/v2\/pages\/27920"}],"wp:attachment":[{"href":"https:\/\/www.eolus.com\/lv\/wp-json\/wp\/v2\/media?parent=27927"}],"curies":[{"name":"wp","href":"https:\/\/api.w.org\/{rel}","templated":true}]}}