{"id":27935,"date":"2024-01-18T11:14:04","date_gmt":"2024-01-18T10:14:04","guid":{"rendered":"https:\/\/www.eolus.com\/uznemuma-darbibas-virzieni\/saules-energija\/"},"modified":"2024-11-07T14:21:49","modified_gmt":"2024-11-07T13:21:49","slug":"saules-energija","status":"publish","type":"page","link":"https:\/\/www.eolus.com\/lv\/uznemuma-darbibas-virzieni\/saules-energija\/","title":{"rendered":"Saules ener\u0123ija"},"content":{"rendered":"\t\t<div data-elementor-type=\"wp-page\" data-elementor-id=\"27935\" class=\"elementor elementor-27935 elementor-22059\" data-elementor-post-type=\"page\">\n\t\t\t\t<div class=\"elementor-element elementor-element-535552c e-con-full animated-slow e-flex elementor-invisible e-con e-parent\" data-id=\"535552c\" data-element_type=\"container\" data-settings=\"{&quot;background_background&quot;:&quot;classic&quot;,&quot;animation&quot;:&quot;fadeIn&quot;,&quot;jet_parallax_layout_list&quot;:[]}\">\n\t\t<div class=\"elementor-element elementor-element-254dc680 e-flex e-con-boxed e-con e-child\" data-id=\"254dc680\" data-element_type=\"container\" data-settings=\"{&quot;jet_parallax_layout_list&quot;:[]}\">\n\t\t\t\t\t<div class=\"e-con-inner\">\n\t\t<div class=\"elementor-element elementor-element-66ebf5a3 e-con-full e-flex e-con e-child\" data-id=\"66ebf5a3\" data-element_type=\"container\" data-settings=\"{&quot;jet_parallax_layout_list&quot;:[]}\">\n\t\t\t\t<div class=\"elementor-element elementor-element-4fe10bc elementor-invisible elementor-widget elementor-widget-heading\" data-id=\"4fe10bc\" data-element_type=\"widget\" data-settings=\"{&quot;_animation&quot;:&quot;fadeIn&quot;}\" data-widget_type=\"heading.default\">\n\t\t\t\t<div class=\"elementor-widget-container\">\n\t\t\t\t\t<h4 class=\"elementor-heading-title elementor-size-default\">Saules ener\u0123ija<\/h4>\t\t\t\t<\/div>\n\t\t\t\t<\/div>\n\t\t\t\t<div class=\"elementor-element elementor-element-80e56fd elementor-invisible elementor-widget elementor-widget-text-editor\" data-id=\"80e56fd\" data-element_type=\"widget\" data-settings=\"{&quot;_animation&quot;:&quot;fadeIn&quot;,&quot;_animation_delay&quot;:&quot;200&quot;}\" data-widget_type=\"text-editor.default\">\n\t\t\t\t<div class=\"elementor-widget-container\">\n\t\t\t\t\t\t\t\t\t<p>Saules ener\u0123ijas ra\u017eo\u0161ana ir v\u0113l viena svar\u012bga da\u013ca no Eolus progres\u012bvajiem atjaunojam\u0101s ener\u0123ijas risin\u0101jumiem. Saules ener\u0123ija izmanto milz\u012bgo ener\u0123ijas daudzumu, ko saule izstaro katru dienu, lai ra\u017eotu elektr\u012bbu un siltumu.<\/p>\n<p>L\u012bdz\u012bgi k\u0101 sauszemes v\u0113ja ener\u0123ijas ra\u017eo\u0161ana ir l\u0113t\u0101kais veids, k\u0101 noteiktos tirgos pievienot jaunu ra\u017eo\u0161anas jaudu, citos tirgos l\u0113t\u0101kais veids ir saules ener\u0123ijas ra\u017eo\u0161ana. Izmaksu samazin\u0101jums apvienojum\u0101 ar da\u017e\u0101d\u0101m subs\u012bdij\u0101m ir veicin\u0101jis strauju att\u012bst\u012bbu vair\u0101k\u0101s valst\u012bs. Eolus saules ener\u0123ijas ra\u017eo\u0161anas uz\u0146\u0113mumi koncentr\u0113jas uz liel\u0101k\u0101m iek\u0101rt\u0101m un neveic darb\u012bbas, kas v\u0113rstas uz pat\u0113r\u0113t\u0101jiem. Pieredze, kas g\u016bta, vair\u0101k nek\u0101 30 gadus izstr\u0101d\u0101jot projektus v\u0113ja ener\u0123ijas ra\u017eo\u0161anas jom\u0101, ir devusi mums zin\u0101\u0161anas ar\u012b par saules ener\u0123ijas ra\u017eo\u0161anas iek\u0101rtu piesl\u0113g\u0161anu elektrot\u012bklam.<\/p>\n<p>Integr\u0113jot saules ener\u0123iju m\u016bsu atjaunojam\u0101s ener\u0123ijas risin\u0101jumu portfel\u012b, Eolus cen\u0161as samazin\u0101t atkar\u012bbu no neatjaunojamiem ener\u0123ijas avotiem un veicin\u0101t ilgtsp\u0113j\u012bg\u0101ku n\u0101kotni. Saules ener\u0123ija ir galvenais komponents, kas \u013cauj \u012bstenot ener\u0123\u0113tikas p\u0101reju un rad\u012bt pasauli, kur\u0101 ener\u0123ijas ra\u017eo\u0161ana notiek m\u016bsu plan\u0113tas iesp\u0113ju robe\u017e\u0101s un ar minim\u0101lu ietekmi uz vidi.<\/p>\n\t\t\t\t\t\t\t\t<\/div>\n\t\t\t\t<\/div>\n\t\t\t\t<\/div>\n\t\t<div class=\"elementor-element elementor-element-41738e25 e-con-full e-flex e-con e-child\" data-id=\"41738e25\" data-element_type=\"container\" data-settings=\"{&quot;jet_parallax_layout_list&quot;:[]}\">\n\t\t<div class=\"elementor-element elementor-element-75010e04 e-flex e-con-boxed elementor-invisible e-con e-child\" data-id=\"75010e04\" data-element_type=\"container\" data-settings=\"{&quot;jet_parallax_layout_list&quot;:[],&quot;animation&quot;:&quot;fadeIn&quot;,&quot;animation_delay&quot;:&quot;100&quot;}\">\n\t\t\t\t\t<div class=\"e-con-inner\">\n\t\t\t\t\t<\/div>\n\t\t\t\t<\/div>\n\t\t\t\t<\/div>\n\t\t\t\t\t<\/div>\n\t\t\t\t<\/div>\n\t\t\t\t<\/div>\n\t\t<div class=\"elementor-element elementor-element-1bb03f94 e-flex e-con-boxed e-con e-parent\" data-id=\"1bb03f94\" data-element_type=\"container\" data-settings=\"{&quot;jet_parallax_layout_list&quot;:[]}\">\n\t\t\t\t\t<div class=\"e-con-inner\">\n\t\t<div class=\"elementor-element elementor-element-3712d77f e-flex e-con-boxed elementor-invisible e-con e-child\" data-id=\"3712d77f\" data-element_type=\"container\" data-settings=\"{&quot;background_background&quot;:&quot;classic&quot;,&quot;jet_parallax_layout_list&quot;:[],&quot;animation&quot;:&quot;fadeIn&quot;}\">\n\t\t\t\t\t<div class=\"e-con-inner\">\n\t\t\t\t\t<\/div>\n\t\t\t\t<\/div>\n\t\t<div class=\"elementor-element elementor-element-7bff05 e-flex e-con-boxed e-con e-child\" data-id=\"7bff05\" data-element_type=\"container\" data-settings=\"{&quot;jet_parallax_layout_list&quot;:[]}\">\n\t\t\t\t\t<div class=\"e-con-inner\">\n\t\t\t\t<div class=\"elementor-element elementor-element-281e3801 elementor-invisible elementor-widget elementor-widget-heading\" data-id=\"281e3801\" data-element_type=\"widget\" data-settings=\"{&quot;_animation&quot;:&quot;fadeIn&quot;}\" data-widget_type=\"heading.default\">\n\t\t\t\t<div class=\"elementor-widget-container\">\n\t\t\t\t\t<h5 class=\"elementor-heading-title elementor-size-default\">Saules ener\u0123ijas p\u0101rvald\u012bbas iniciat\u012bva<\/h5>\t\t\t\t<\/div>\n\t\t\t\t<\/div>\n\t\t\t\t<div class=\"elementor-element elementor-element-6796c8d6 elementor-invisible elementor-widget elementor-widget-text-editor\" data-id=\"6796c8d6\" data-element_type=\"widget\" data-settings=\"{&quot;_animation&quot;:&quot;fadeIn&quot;}\" data-widget_type=\"text-editor.default\">\n\t\t\t\t<div class=\"elementor-widget-container\">\n\t\t\t\t\t\t\t\t\t<p>Eolus ir Saules ener\u0123ijas p\u0101rvald\u012bbas iniciat\u012bvas (SSI) dal\u012bbnieks, kas ir \u012bpa\u0161a saules ener\u0123ijas v\u0113rt\u012bbu \u0137\u0113des nodro\u0161in\u0101\u0161anas programma, kas apvieno pieg\u0101des \u0137\u0113des integrit\u0101ti ar uzlabotu vides, soci\u0101lo un p\u0101rvald\u012bbas (ESG) veiktsp\u0113ju. SSI atbalsta vair\u0101k nek\u0101 60 organiz\u0101cijas vis\u0101 glob\u0101laj\u0101 saules ener\u0123ijas v\u0113rt\u012bbu \u0137\u0113d\u0113, un t\u0101 darbojas, lai veicin\u0101tu atbild\u012bgu materi\u0101lu ieg\u016b\u0161anu un rafin\u0113\u0161anu, uzlabotu saules ener\u0123ijas produktu p\u0101rstr\u0101d\u0101jam\u012bbu un samazin\u0101tu ar saules pane\u013cu ra\u017eo\u0161anu saist\u012bto ietekmi uz vidi.<\/p>\n<p><a href=\"https:\/\/www.solarstewardshipinitiative.org\/\">\u200bLas\u012bt vair\u0101k \u0161eit<\/a><\/p>\n\t\t\t\t\t\t\t\t<\/div>\n\t\t\t\t<\/div>\n\t\t\t\t\t<\/div>\n\t\t\t\t<\/div>\n\t\t\t\t\t<\/div>\n\t\t\t\t<\/div>\n\t\t\t\t<\/div>\n\t\t","protected":false},"excerpt":{"rendered":"<p>Saules ener\u0123ijas ra\u017eo\u0161ana ir v\u0113l viena svar\u012bga da\u013ca no Eolus progres\u012bvajiem atjaunojam\u0101s ener\u0123ijas risin\u0101jumiem. Saules ener\u0123ija izmanto milz\u012bgo ener\u0123ijas daudzumu, ko saule izstaro katru dienu, lai ra\u017eotu elektr\u012bbu un siltumu. L\u012bdz\u012bgi k\u0101 sauszemes v\u0113ja ener\u0123ijas ra\u017eo\u0161ana ir l\u0113t\u0101kais veids, k\u0101 noteiktos tirgos pievienot jaunu ra\u017eo\u0161anas jaudu, citos tirgos l\u0113t\u0101kais veids ir saules ener\u0123ijas ra\u017eo\u0161ana. Izmaksu [&hellip;]<\/p>\n","protected":false},"author":16,"featured_media":0,"parent":27931,"menu_order":0,"comment_status":"closed","ping_status":"closed","template":"","meta":{"_acf_changed":false,"footnotes":""},"class_list":["post-27935","page","type-page","status-publish","hentry"],"acf":[],"yoast_head":"<!-- This site is optimized with the Yoast SEO plugin v26.5 - https:\/\/yoast.com\/wordpress\/plugins\/seo\/ -->\n<title>Saules ener\u0123ija<\/title>\n<meta name=\"description\" content=\"Solar power utilizes the enormous energy radiated every day by the sun to generate electricity and heat.\" \/>\n<meta name=\"robots\" content=\"index, follow, max-snippet:-1, max-image-preview:large, max-video-preview:-1\" \/>\n<link rel=\"canonical\" href=\"https:\/\/www.eolus.com\/pl\/czym-sie-zajmujemy\/energia-sloneczna-fotowoltaika\/\" \/>\n<meta property=\"og:locale\" content=\"lv_LV\" \/>\n<meta property=\"og:type\" content=\"article\" \/>\n<meta property=\"og:title\" content=\"Saules ener\u0123ija\" \/>\n<meta property=\"og:description\" content=\"Solar power utilizes the enormous energy radiated every day by the sun to generate electricity and heat.\" \/>\n<meta property=\"og:url\" content=\"https:\/\/www.eolus.com\/pl\/czym-sie-zajmujemy\/energia-sloneczna-fotowoltaika\/\" \/>\n<meta property=\"og:site_name\" content=\"Eolus\" \/>\n<meta property=\"article:modified_time\" content=\"2024-11-07T13:21:49+00:00\" \/>\n<meta name=\"twitter:card\" content=\"summary_large_image\" \/>\n<meta name=\"twitter:label1\" content=\"Est. reading time\" \/>\n\t<meta name=\"twitter:data1\" content=\"2 minutes\" \/>\n<script type=\"application\/ld+json\" class=\"yoast-schema-graph\">{\"@context\":\"https:\/\/schema.org\",\"@graph\":[{\"@type\":\"WebPage\",\"@id\":\"https:\/\/www.eolus.com\/pl\/czym-sie-zajmujemy\/energia-sloneczna-fotowoltaika\/\",\"url\":\"https:\/\/www.eolus.com\/pl\/czym-sie-zajmujemy\/energia-sloneczna-fotowoltaika\/\",\"name\":\"Saules ener\u0123ija\",\"isPartOf\":{\"@id\":\"https:\/\/www.eolus.com\/#website\"},\"datePublished\":\"2024-01-18T10:14:04+00:00\",\"dateModified\":\"2024-11-07T13:21:49+00:00\",\"description\":\"Solar power utilizes the enormous energy radiated every day by the sun to generate electricity and heat.\",\"breadcrumb\":{\"@id\":\"https:\/\/www.eolus.com\/pl\/czym-sie-zajmujemy\/energia-sloneczna-fotowoltaika\/#breadcrumb\"},\"inLanguage\":\"lv-LV\",\"potentialAction\":[{\"@type\":\"ReadAction\",\"target\":[\"https:\/\/www.eolus.com\/pl\/czym-sie-zajmujemy\/energia-sloneczna-fotowoltaika\/\"]}]},{\"@type\":\"BreadcrumbList\",\"@id\":\"https:\/\/www.eolus.com\/pl\/czym-sie-zajmujemy\/energia-sloneczna-fotowoltaika\/#breadcrumb\",\"itemListElement\":[{\"@type\":\"ListItem\",\"position\":1,\"name\":\"Home\",\"item\":\"https:\/\/www.eolus.com\/lv\/\"},{\"@type\":\"ListItem\",\"position\":2,\"name\":\"Uz\u0146\u0113muma darb\u012bbas virzieni\",\"item\":\"https:\/\/www.eolus.com\/pl\/czym-sie-zajmujemy\/\"},{\"@type\":\"ListItem\",\"position\":3,\"name\":\"Saules ener\u0123ija\"}]},{\"@type\":\"WebSite\",\"@id\":\"https:\/\/www.eolus.com\/#website\",\"url\":\"https:\/\/www.eolus.com\/\",\"name\":\"Eolus\",\"description\":\"Shaping the Future of Renewable Energy\",\"potentialAction\":[{\"@type\":\"SearchAction\",\"target\":{\"@type\":\"EntryPoint\",\"urlTemplate\":\"https:\/\/www.eolus.com\/?s={search_term_string}\"},\"query-input\":{\"@type\":\"PropertyValueSpecification\",\"valueRequired\":true,\"valueName\":\"search_term_string\"}}],\"inLanguage\":\"lv-LV\"}]}<\/script>\n<!-- \/ Yoast SEO plugin. -->","yoast_head_json":{"title":"Saules ener\u0123ija","description":"Solar power utilizes the enormous energy radiated every day by the sun to generate electricity and heat.","robots":{"index":"index","follow":"follow","max-snippet":"max-snippet:-1","max-image-preview":"max-image-preview:large","max-video-preview":"max-video-preview:-1"},"canonical":"https:\/\/www.eolus.com\/pl\/czym-sie-zajmujemy\/energia-sloneczna-fotowoltaika\/","og_locale":"lv_LV","og_type":"article","og_title":"Saules ener\u0123ija","og_description":"Solar power utilizes the enormous energy radiated every day by the sun to generate electricity and heat.","og_url":"https:\/\/www.eolus.com\/pl\/czym-sie-zajmujemy\/energia-sloneczna-fotowoltaika\/","og_site_name":"Eolus","article_modified_time":"2024-11-07T13:21:49+00:00","twitter_card":"summary_large_image","twitter_misc":{"Est. reading time":"2 minutes"},"schema":{"@context":"https:\/\/schema.org","@graph":[{"@type":"WebPage","@id":"https:\/\/www.eolus.com\/pl\/czym-sie-zajmujemy\/energia-sloneczna-fotowoltaika\/","url":"https:\/\/www.eolus.com\/pl\/czym-sie-zajmujemy\/energia-sloneczna-fotowoltaika\/","name":"Saules ener\u0123ija","isPartOf":{"@id":"https:\/\/www.eolus.com\/#website"},"datePublished":"2024-01-18T10:14:04+00:00","dateModified":"2024-11-07T13:21:49+00:00","description":"Solar power utilizes the enormous energy radiated every day by the sun to generate electricity and heat.","breadcrumb":{"@id":"https:\/\/www.eolus.com\/pl\/czym-sie-zajmujemy\/energia-sloneczna-fotowoltaika\/#breadcrumb"},"inLanguage":"lv-LV","potentialAction":[{"@type":"ReadAction","target":["https:\/\/www.eolus.com\/pl\/czym-sie-zajmujemy\/energia-sloneczna-fotowoltaika\/"]}]},{"@type":"BreadcrumbList","@id":"https:\/\/www.eolus.com\/pl\/czym-sie-zajmujemy\/energia-sloneczna-fotowoltaika\/#breadcrumb","itemListElement":[{"@type":"ListItem","position":1,"name":"Home","item":"https:\/\/www.eolus.com\/lv\/"},{"@type":"ListItem","position":2,"name":"Uz\u0146\u0113muma darb\u012bbas virzieni","item":"https:\/\/www.eolus.com\/pl\/czym-sie-zajmujemy\/"},{"@type":"ListItem","position":3,"name":"Saules ener\u0123ija"}]},{"@type":"WebSite","@id":"https:\/\/www.eolus.com\/#website","url":"https:\/\/www.eolus.com\/","name":"Eolus","description":"Shaping the Future of Renewable Energy","potentialAction":[{"@type":"SearchAction","target":{"@type":"EntryPoint","urlTemplate":"https:\/\/www.eolus.com\/?s={search_term_string}"},"query-input":{"@type":"PropertyValueSpecification","valueRequired":true,"valueName":"search_term_string"}}],"inLanguage":"lv-LV"}]}},"_links":{"self":[{"href":"https:\/\/www.eolus.com\/lv\/wp-json\/wp\/v2\/pages\/27935","targetHints":{"allow":["GET"]}}],"collection":[{"href":"https:\/\/www.eolus.com\/lv\/wp-json\/wp\/v2\/pages"}],"about":[{"href":"https:\/\/www.eolus.com\/lv\/wp-json\/wp\/v2\/types\/page"}],"author":[{"embeddable":true,"href":"https:\/\/www.eolus.com\/lv\/wp-json\/wp\/v2\/users\/16"}],"replies":[{"embeddable":true,"href":"https:\/\/www.eolus.com\/lv\/wp-json\/wp\/v2\/comments?post=27935"}],"version-history":[{"count":7,"href":"https:\/\/www.eolus.com\/lv\/wp-json\/wp\/v2\/pages\/27935\/revisions"}],"predecessor-version":[{"id":57396,"href":"https:\/\/www.eolus.com\/lv\/wp-json\/wp\/v2\/pages\/27935\/revisions\/57396"}],"up":[{"embeddable":true,"href":"https:\/\/www.eolus.com\/lv\/wp-json\/wp\/v2\/pages\/27931"}],"wp:attachment":[{"href":"https:\/\/www.eolus.com\/lv\/wp-json\/wp\/v2\/media?parent=27935"}],"curies":[{"name":"wp","href":"https:\/\/api.w.org\/{rel}","templated":true}]}}