{"id":27937,"date":"2024-01-18T11:14:35","date_gmt":"2024-01-18T10:14:35","guid":{"rendered":"https:\/\/www.eolus.com\/uznemuma-darbibas-virzieni\/energijas-uzglabasana\/"},"modified":"2024-04-03T11:14:59","modified_gmt":"2024-04-03T09:14:59","slug":"energijas-uzglabasana","status":"publish","type":"page","link":"https:\/\/www.eolus.com\/lv\/uznemuma-darbibas-virzieni\/energijas-uzglabasana\/","title":{"rendered":"Ener\u0123ijas uzglab\u0101\u0161ana"},"content":{"rendered":"\t\t<div data-elementor-type=\"wp-page\" data-elementor-id=\"27937\" class=\"elementor elementor-27937 elementor-22061\" data-elementor-post-type=\"page\">\n\t\t\t\t<div class=\"elementor-element elementor-element-7168706b e-con-full animated-slow e-flex elementor-invisible e-con e-parent\" data-id=\"7168706b\" data-element_type=\"container\" data-e-type=\"container\" data-settings=\"{&quot;background_background&quot;:&quot;classic&quot;,&quot;animation&quot;:&quot;fadeIn&quot;,&quot;jet_parallax_layout_list&quot;:[]}\">\n\t\t<div class=\"elementor-element elementor-element-75395910 e-flex e-con-boxed e-con e-child\" data-id=\"75395910\" data-element_type=\"container\" data-e-type=\"container\" data-settings=\"{&quot;jet_parallax_layout_list&quot;:[]}\">\n\t\t\t\t\t<div class=\"e-con-inner\">\n\t\t<div class=\"elementor-element elementor-element-57ee02d1 e-con-full e-flex e-con e-child\" data-id=\"57ee02d1\" data-element_type=\"container\" data-e-type=\"container\" data-settings=\"{&quot;jet_parallax_layout_list&quot;:[]}\">\n\t\t\t\t<div class=\"elementor-element elementor-element-2c9294be elementor-invisible elementor-widget elementor-widget-heading\" data-id=\"2c9294be\" data-element_type=\"widget\" data-e-type=\"widget\" data-settings=\"{&quot;_animation&quot;:&quot;fadeIn&quot;}\" data-widget_type=\"heading.default\">\n\t\t\t\t<div class=\"elementor-widget-container\">\n\t\t\t\t\t<h4 class=\"elementor-heading-title elementor-size-default\">Ener\u0123ijas uzglab\u0101\u0161ana<\/h4>\t\t\t\t<\/div>\n\t\t\t\t<\/div>\n\t\t\t\t<div class=\"elementor-element elementor-element-f959927 elementor-invisible elementor-widget elementor-widget-text-editor\" data-id=\"f959927\" data-element_type=\"widget\" data-e-type=\"widget\" data-settings=\"{&quot;_animation&quot;:&quot;fadeIn&quot;,&quot;_animation_delay&quot;:&quot;200&quot;}\" data-widget_type=\"text-editor.default\">\n\t\t\t\t<div class=\"elementor-widget-container\">\n\t\t\t\t\t\t\t\t\t<p>Pieaugot v\u0113ja un saules ener\u0123ijas \u012bpatsvaram, da\u017e\u0101di ener\u0123ijas uzkr\u0101\u0161anas veidi k\u013c\u016bs par arvien noz\u012bm\u012bg\u0101ku energosist\u0113mas sast\u0101vda\u013cu. Uzglab\u0101\u0161an\u0101 var izmantot da\u017e\u0101das tehnolo\u0123ijas, un ir iesp\u0113jams izmantot gan liela, gan maza m\u0113roga risin\u0101jumus.<\/p>\n<p>\u0145emot v\u0113r\u0101, ka saules un v\u0113ja ener\u0123ijas ra\u017eo\u0161ana ir atkar\u012bga no laikapst\u0101k\u013ciem, ra\u017eo\u0161ana laika gait\u0101 var main\u012bties. Ener\u0123ijas uzglab\u0101\u0161ana \u013cauj uzglab\u0101t ener\u0123ijas p\u0101rpalikumu, kas tiek sara\u017eots augstas intensit\u0101tes ra\u017eo\u0161anas periodos, un izmantot \u0161o ener\u0123iju, kad ra\u017eo\u0161ana ir zem\u0101ka vai kad piepras\u012bjums p\u0101rsniedz ra\u017eo\u0161anu. Ievie\u0161ot ener\u0123ijas uzglab\u0101\u0161anas sist\u0113mas, Eolus var nodro\u0161in\u0101t, ka v\u0113ja un saules ener\u0123iju var uzglab\u0101t un efekt\u012bvi izmantot, kad tas ir nepiecie\u0161ams, t\u0101d\u0113j\u0101di veicinot dro\u0161\u0101ku un ilgtsp\u0113j\u012bg\u0101ku ener\u0123\u0113tikas n\u0101kotni. Tas ar\u012b \u013cauj samazin\u0101t fosil\u0101 kurin\u0101m\u0101 izmanto\u0161anu un atbalst\u012bt p\u0101reju uz atjaunojamo energoresursu energoefekt\u012bvu n\u0101kotni.<\/p>\n\t\t\t\t\t\t\t\t<\/div>\n\t\t\t\t<\/div>\n\t\t\t\t<\/div>\n\t\t<div class=\"elementor-element elementor-element-11243874 e-con-full e-flex e-con e-child\" data-id=\"11243874\" data-element_type=\"container\" data-e-type=\"container\" data-settings=\"{&quot;jet_parallax_layout_list&quot;:[]}\">\n\t\t<div class=\"elementor-element elementor-element-72694cdc e-flex e-con-boxed elementor-invisible e-con e-child\" data-id=\"72694cdc\" data-element_type=\"container\" data-e-type=\"container\" data-settings=\"{&quot;jet_parallax_layout_list&quot;:[],&quot;animation&quot;:&quot;fadeIn&quot;,&quot;animation_delay&quot;:&quot;100&quot;}\">\n\t\t\t\t\t<div class=\"e-con-inner\">\n\t\t\t\t\t<\/div>\n\t\t\t\t<\/div>\n\t\t\t\t<\/div>\n\t\t\t\t\t<\/div>\n\t\t\t\t<\/div>\n\t\t\t\t<\/div>\n\t\t<div class=\"elementor-element elementor-element-5cda6f66 e-flex e-con-boxed e-con e-parent\" data-id=\"5cda6f66\" data-element_type=\"container\" data-e-type=\"container\" data-settings=\"{&quot;jet_parallax_layout_list&quot;:[]}\">\n\t\t\t\t\t<div class=\"e-con-inner\">\n\t\t<div class=\"elementor-element elementor-element-3319412c e-flex e-con-boxed elementor-invisible e-con e-child\" data-id=\"3319412c\" data-element_type=\"container\" data-e-type=\"container\" data-settings=\"{&quot;background_background&quot;:&quot;classic&quot;,&quot;jet_parallax_layout_list&quot;:[],&quot;animation&quot;:&quot;fadeIn&quot;}\">\n\t\t\t\t\t<div class=\"e-con-inner\">\n\t\t\t\t<div class=\"elementor-element elementor-element-76599df0 elementor-widget elementor-widget-heading\" data-id=\"76599df0\" data-element_type=\"widget\" data-e-type=\"widget\" data-widget_type=\"heading.default\">\n\t\t\t\t<div class=\"elementor-widget-container\">\n\t\t\t\t\t<h6 class=\"elementor-heading-title elementor-size-default\">BESS (Battery Energy Storage System) UZGLAB\u0100 ENER\u0122IJAS P\u0100RLIKUMU<\/h6>\t\t\t\t<\/div>\n\t\t\t\t<\/div>\n\t\t\t\t\t<\/div>\n\t\t\t\t<\/div>\n\t\t<div class=\"elementor-element elementor-element-223ebc80 e-flex e-con-boxed e-con e-child\" data-id=\"223ebc80\" data-element_type=\"container\" data-e-type=\"container\" data-settings=\"{&quot;jet_parallax_layout_list&quot;:[]}\">\n\t\t\t\t\t<div class=\"e-con-inner\">\n\t\t\t\t<div class=\"elementor-element elementor-element-19e062f6 elementor-invisible elementor-widget elementor-widget-heading\" data-id=\"19e062f6\" data-element_type=\"widget\" data-e-type=\"widget\" data-settings=\"{&quot;_animation&quot;:&quot;fadeIn&quot;}\" data-widget_type=\"heading.default\">\n\t\t\t\t<div class=\"elementor-widget-container\">\n\t\t\t\t\t<h5 class=\"elementor-heading-title elementor-size-default\">Atbild\u012bga pieg\u0101des \u0137\u0113de<\/h5>\t\t\t\t<\/div>\n\t\t\t\t<\/div>\n\t\t\t\t<div class=\"elementor-element elementor-element-4fef0b08 elementor-invisible elementor-widget elementor-widget-text-editor\" data-id=\"4fef0b08\" data-element_type=\"widget\" data-e-type=\"widget\" data-settings=\"{&quot;_animation&quot;:&quot;fadeIn&quot;}\" data-widget_type=\"text-editor.default\">\n\t\t\t\t<div class=\"elementor-widget-container\">\n\t\t\t\t\t\t\t\t\t<p>Eolus ieg\u0101d\u0101jas bateriju ener\u0123ijas sist\u0113mas no vado\u0161ajiem pieg\u0101d\u0101t\u0101jiem, jo mums nav pa\u0161u ra\u017eotnes energoresursiem. T\u0101 k\u0101 bateriju ener\u0123ijas uzglab\u0101\u0161anas sist\u0113mu ra\u017eo\u0161anai nepiecie\u0161amo izejvielu ieguve ir identific\u0113ta ar cilv\u0113kties\u012bbu p\u0101rk\u0101pumu riskiem un nelabv\u0113l\u012bgu ietekmi uz vidi, m\u0113s esam ieviesu\u0161i stingru p\u0101rbaudes procesu, lai izv\u0113rt\u0113tu m\u016bsu pieg\u0101d\u0101t\u0101jus. M\u0113s ar\u012b izv\u0113rt\u0113jam da\u017e\u0101das alternat\u012bvas, lai veicin\u0101tu bateriju pieg\u0101des \u0137\u0113des att\u012bst\u012bbu.<\/p>\n\t\t\t\t\t\t\t\t<\/div>\n\t\t\t\t<\/div>\n\t\t\t\t\t<\/div>\n\t\t\t\t<\/div>\n\t\t\t\t\t<\/div>\n\t\t\t\t<\/div>\n\t\t\t\t<\/div>\n\t\t","protected":false},"excerpt":{"rendered":"<p>Pieaugot v\u0113ja un saules ener\u0123ijas \u012bpatsvaram, da\u017e\u0101di ener\u0123ijas uzkr\u0101\u0161anas veidi k\u013c\u016bs par arvien noz\u012bm\u012bg\u0101ku energosist\u0113mas sast\u0101vda\u013cu. Uzglab\u0101\u0161an\u0101 var izmantot da\u017e\u0101das tehnolo\u0123ijas, un ir iesp\u0113jams izmantot gan liela, gan maza m\u0113roga risin\u0101jumus. \u0145emot v\u0113r\u0101, ka saules un v\u0113ja ener\u0123ijas ra\u017eo\u0161ana ir atkar\u012bga no laikapst\u0101k\u013ciem, ra\u017eo\u0161ana laika gait\u0101 var main\u012bties. Ener\u0123ijas uzglab\u0101\u0161ana \u013cauj uzglab\u0101t ener\u0123ijas p\u0101rpalikumu, kas [&hellip;]<\/p>\n","protected":false},"author":16,"featured_media":0,"parent":27931,"menu_order":0,"comment_status":"closed","ping_status":"closed","template":"","meta":{"_acf_changed":false,"footnotes":""},"class_list":["post-27937","page","type-page","status-publish","hentry"],"acf":[],"yoast_head":"<!-- This site is optimized with the Yoast SEO plugin v27.3 - https:\/\/yoast.com\/product\/yoast-seo-wordpress\/ -->\n<title>Ener\u0123ijas uzglab\u0101\u0161ana<\/title>\n<meta name=\"description\" content=\"Various forms of energy storage will become an increasingly important part of the power system as the share of wind and solar power rises.\" \/>\n<meta name=\"robots\" content=\"index, follow, max-snippet:-1, max-image-preview:large, max-video-preview:-1\" \/>\n<link rel=\"canonical\" href=\"https:\/\/www.eolus.com\/pl\/czym-sie-zajmujemy\/magazynowanie-energii\/\" \/>\n<meta property=\"og:locale\" content=\"lv_LV\" \/>\n<meta property=\"og:type\" content=\"article\" \/>\n<meta property=\"og:title\" content=\"Ener\u0123ijas uzglab\u0101\u0161ana\" \/>\n<meta property=\"og:description\" content=\"Various forms of energy storage will become an increasingly important part of the power system as the share of wind and solar power rises.\" \/>\n<meta property=\"og:url\" content=\"https:\/\/www.eolus.com\/pl\/czym-sie-zajmujemy\/magazynowanie-energii\/\" \/>\n<meta property=\"og:site_name\" content=\"Eolus\" \/>\n<meta property=\"article:modified_time\" content=\"2024-04-03T09:14:59+00:00\" \/>\n<meta name=\"twitter:card\" content=\"summary_large_image\" \/>\n<meta name=\"twitter:label1\" content=\"Est. reading time\" \/>\n\t<meta name=\"twitter:data1\" content=\"2 minutes\" \/>\n<script type=\"application\/ld+json\" class=\"yoast-schema-graph\">{\"@context\":\"https:\\\/\\\/schema.org\",\"@graph\":[{\"@type\":\"WebPage\",\"@id\":\"https:\\\/\\\/www.eolus.com\\\/pl\\\/czym-sie-zajmujemy\\\/magazynowanie-energii\\\/\",\"url\":\"https:\\\/\\\/www.eolus.com\\\/pl\\\/czym-sie-zajmujemy\\\/magazynowanie-energii\\\/\",\"name\":\"Ener\u0123ijas uzglab\u0101\u0161ana\",\"isPartOf\":{\"@id\":\"https:\\\/\\\/www.eolus.com\\\/#website\"},\"datePublished\":\"2024-01-18T10:14:35+00:00\",\"dateModified\":\"2024-04-03T09:14:59+00:00\",\"description\":\"Various forms of energy storage will become an increasingly important part of the power system as the share of wind and solar power rises.\",\"breadcrumb\":{\"@id\":\"https:\\\/\\\/www.eolus.com\\\/pl\\\/czym-sie-zajmujemy\\\/magazynowanie-energii\\\/#breadcrumb\"},\"inLanguage\":\"lv-LV\",\"potentialAction\":[{\"@type\":\"ReadAction\",\"target\":[\"https:\\\/\\\/www.eolus.com\\\/pl\\\/czym-sie-zajmujemy\\\/magazynowanie-energii\\\/\"]}]},{\"@type\":\"BreadcrumbList\",\"@id\":\"https:\\\/\\\/www.eolus.com\\\/pl\\\/czym-sie-zajmujemy\\\/magazynowanie-energii\\\/#breadcrumb\",\"itemListElement\":[{\"@type\":\"ListItem\",\"position\":1,\"name\":\"Home\",\"item\":\"https:\\\/\\\/www.eolus.com\\\/lv\\\/\"},{\"@type\":\"ListItem\",\"position\":2,\"name\":\"Uz\u0146\u0113muma darb\u012bbas virzieni\",\"item\":\"https:\\\/\\\/www.eolus.com\\\/pl\\\/czym-sie-zajmujemy\\\/\"},{\"@type\":\"ListItem\",\"position\":3,\"name\":\"Ener\u0123ijas uzglab\u0101\u0161ana\"}]},{\"@type\":\"WebSite\",\"@id\":\"https:\\\/\\\/www.eolus.com\\\/#website\",\"url\":\"https:\\\/\\\/www.eolus.com\\\/\",\"name\":\"Eolus\",\"description\":\"Shaping the Future of Renewable Energy\",\"potentialAction\":[{\"@type\":\"SearchAction\",\"target\":{\"@type\":\"EntryPoint\",\"urlTemplate\":\"https:\\\/\\\/www.eolus.com\\\/?s={search_term_string}\"},\"query-input\":{\"@type\":\"PropertyValueSpecification\",\"valueRequired\":true,\"valueName\":\"search_term_string\"}}],\"inLanguage\":\"lv-LV\"}]}<\/script>\n<!-- \/ Yoast SEO plugin. -->","yoast_head_json":{"title":"Ener\u0123ijas uzglab\u0101\u0161ana","description":"Various forms of energy storage will become an increasingly important part of the power system as the share of wind and solar power rises.","robots":{"index":"index","follow":"follow","max-snippet":"max-snippet:-1","max-image-preview":"max-image-preview:large","max-video-preview":"max-video-preview:-1"},"canonical":"https:\/\/www.eolus.com\/pl\/czym-sie-zajmujemy\/magazynowanie-energii\/","og_locale":"lv_LV","og_type":"article","og_title":"Ener\u0123ijas uzglab\u0101\u0161ana","og_description":"Various forms of energy storage will become an increasingly important part of the power system as the share of wind and solar power rises.","og_url":"https:\/\/www.eolus.com\/pl\/czym-sie-zajmujemy\/magazynowanie-energii\/","og_site_name":"Eolus","article_modified_time":"2024-04-03T09:14:59+00:00","twitter_card":"summary_large_image","twitter_misc":{"Est. reading time":"2 minutes"},"schema":{"@context":"https:\/\/schema.org","@graph":[{"@type":"WebPage","@id":"https:\/\/www.eolus.com\/pl\/czym-sie-zajmujemy\/magazynowanie-energii\/","url":"https:\/\/www.eolus.com\/pl\/czym-sie-zajmujemy\/magazynowanie-energii\/","name":"Ener\u0123ijas uzglab\u0101\u0161ana","isPartOf":{"@id":"https:\/\/www.eolus.com\/#website"},"datePublished":"2024-01-18T10:14:35+00:00","dateModified":"2024-04-03T09:14:59+00:00","description":"Various forms of energy storage will become an increasingly important part of the power system as the share of wind and solar power rises.","breadcrumb":{"@id":"https:\/\/www.eolus.com\/pl\/czym-sie-zajmujemy\/magazynowanie-energii\/#breadcrumb"},"inLanguage":"lv-LV","potentialAction":[{"@type":"ReadAction","target":["https:\/\/www.eolus.com\/pl\/czym-sie-zajmujemy\/magazynowanie-energii\/"]}]},{"@type":"BreadcrumbList","@id":"https:\/\/www.eolus.com\/pl\/czym-sie-zajmujemy\/magazynowanie-energii\/#breadcrumb","itemListElement":[{"@type":"ListItem","position":1,"name":"Home","item":"https:\/\/www.eolus.com\/lv\/"},{"@type":"ListItem","position":2,"name":"Uz\u0146\u0113muma darb\u012bbas virzieni","item":"https:\/\/www.eolus.com\/pl\/czym-sie-zajmujemy\/"},{"@type":"ListItem","position":3,"name":"Ener\u0123ijas uzglab\u0101\u0161ana"}]},{"@type":"WebSite","@id":"https:\/\/www.eolus.com\/#website","url":"https:\/\/www.eolus.com\/","name":"Eolus","description":"Shaping the Future of Renewable Energy","potentialAction":[{"@type":"SearchAction","target":{"@type":"EntryPoint","urlTemplate":"https:\/\/www.eolus.com\/?s={search_term_string}"},"query-input":{"@type":"PropertyValueSpecification","valueRequired":true,"valueName":"search_term_string"}}],"inLanguage":"lv-LV"}]}},"_links":{"self":[{"href":"https:\/\/www.eolus.com\/lv\/wp-json\/wp\/v2\/pages\/27937","targetHints":{"allow":["GET"]}}],"collection":[{"href":"https:\/\/www.eolus.com\/lv\/wp-json\/wp\/v2\/pages"}],"about":[{"href":"https:\/\/www.eolus.com\/lv\/wp-json\/wp\/v2\/types\/page"}],"author":[{"embeddable":true,"href":"https:\/\/www.eolus.com\/lv\/wp-json\/wp\/v2\/users\/16"}],"replies":[{"embeddable":true,"href":"https:\/\/www.eolus.com\/lv\/wp-json\/wp\/v2\/comments?post=27937"}],"version-history":[{"count":12,"href":"https:\/\/www.eolus.com\/lv\/wp-json\/wp\/v2\/pages\/27937\/revisions"}],"predecessor-version":[{"id":54289,"href":"https:\/\/www.eolus.com\/lv\/wp-json\/wp\/v2\/pages\/27937\/revisions\/54289"}],"up":[{"embeddable":true,"href":"https:\/\/www.eolus.com\/lv\/wp-json\/wp\/v2\/pages\/27931"}],"wp:attachment":[{"href":"https:\/\/www.eolus.com\/lv\/wp-json\/wp\/v2\/media?parent=27937"}],"curies":[{"name":"wp","href":"https:\/\/api.w.org\/{rel}","templated":true}]}}