{"id":27941,"date":"2024-01-18T11:15:29","date_gmt":"2024-01-18T10:15:29","guid":{"rendered":"https:\/\/www.eolus.com\/uznemuma-darbibas-virzieni\/projektu-investori\/"},"modified":"2025-08-01T15:01:52","modified_gmt":"2025-08-01T13:01:52","slug":"projektu-investori","status":"publish","type":"page","link":"https:\/\/www.eolus.com\/lv\/uznemuma-darbibas-virzieni\/projektu-investori\/","title":{"rendered":"Projektu investori"},"content":{"rendered":"\t\t<div data-elementor-type=\"wp-page\" data-elementor-id=\"27941\" class=\"elementor elementor-27941 elementor-23190\" data-elementor-post-type=\"page\">\n\t\t\t\t<div class=\"elementor-element elementor-element-5e9c6451 e-con-full animated-slow e-flex elementor-invisible e-con e-parent\" data-id=\"5e9c6451\" data-element_type=\"container\" data-e-type=\"container\" data-settings=\"{&quot;background_background&quot;:&quot;classic&quot;,&quot;animation&quot;:&quot;fadeIn&quot;,&quot;jet_parallax_layout_list&quot;:[]}\">\n\t\t<div class=\"elementor-element elementor-element-7f647189 e-flex e-con-boxed e-con e-child\" data-id=\"7f647189\" data-element_type=\"container\" data-e-type=\"container\" data-settings=\"{&quot;jet_parallax_layout_list&quot;:[]}\">\n\t\t\t\t\t<div class=\"e-con-inner\">\n\t\t<div class=\"elementor-element elementor-element-636341d e-con-full e-flex e-con e-child\" data-id=\"636341d\" data-element_type=\"container\" data-e-type=\"container\" data-settings=\"{&quot;jet_parallax_layout_list&quot;:[]}\">\n\t\t\t\t<div class=\"elementor-element elementor-element-497ff378 elementor-invisible elementor-widget elementor-widget-heading\" data-id=\"497ff378\" data-element_type=\"widget\" data-e-type=\"widget\" data-settings=\"{&quot;_animation&quot;:&quot;fadeIn&quot;}\" data-widget_type=\"heading.default\">\n\t\t\t\t<div class=\"elementor-widget-container\">\n\t\t\t\t\t<h4 class=\"elementor-heading-title elementor-size-default\">Projektu investori<\/h4>\t\t\t\t<\/div>\n\t\t\t\t<\/div>\n\t\t\t\t<div class=\"elementor-element elementor-element-2d71361f elementor-invisible elementor-widget elementor-widget-text-editor\" data-id=\"2d71361f\" data-element_type=\"widget\" data-e-type=\"widget\" data-settings=\"{&quot;_animation&quot;:&quot;fadeIn&quot;,&quot;_animation_delay&quot;:&quot;200&quot;}\" data-widget_type=\"text-editor.default\">\n\t\t\t\t<div class=\"elementor-widget-container\">\n\t\t\t\t\t\t\t\t\t<p>Eolus ir pla\u0161a pieredze un ir izveidotas attiec\u012bbas, kas balst\u012btas uz uztic\u012bbu ar klientiem un investoriem, pateicoties m\u016bsu visaptvero\u0161ajam uz\u0146\u0113m\u0113jdarb\u012bbas modelim un sp\u0113jai piel\u0101goties tirgus pras\u012bb\u0101m. M\u0113s esam uzkr\u0101ju\u0161i pieredzi un sp\u0113c\u012bgus finan\u0161u resursus v\u0113ja ener\u0123ijas, saules ener\u0123ijas un ener\u0123ijas uzglab\u0101\u0161anas jom\u0101, kas padara m\u016bs par uzticamu sadarb\u012bbas partneri. M\u0113s pied\u0101v\u0101jam katra klienta vajadz\u012bb\u0101m atbilsto\u0161as iek\u0101rtas par konkur\u0113tsp\u0113j\u012bg\u0101m izmaks\u0101m.<\/p><p>M\u016bsu klientu b\u0101ze ir att\u012bst\u012bjusies, un tagad t\u0101 galvenok\u0101rt ietver starptautiskus institucion\u0101los investorus un liel\u0101kos pat\u0113r\u0113t\u0101jus \u2013 klientus, kuri v\u0113las piedal\u012bties n\u0101kotnes atjaunojam\u0101s ener\u0123ijas veido\u0161an\u0101 un veicin\u0101t ilgtsp\u0113j\u012bgu p\u0101reju.<\/p><p><strong>Institucion\u0101lie investori<\/strong> koncentr\u0113jas uz ilgtermi\u0146a ieguld\u012bjumiem atjaunojam\u0101s ener\u0123ij\u0101 sektor\u0101, lai nodro\u0161in\u0101tu stabilu pe\u013c\u0146u un uzticamus dar\u012bjumus.<\/p><p><strong>Liel\u0101kie pat\u0113r\u0113t\u0101ji<\/strong> bie\u017ei vien izv\u0113las ilgtermi\u0146a elektroener\u0123ijas pirkuma l\u012bgumus, lai atbalst\u012btu za\u013co ener\u0123iju, pa\u0161iem nepiedaloties iek\u0101rtu ieg\u0101d\u0113.<\/p><p><strong>Ener\u0123\u0113tikas uz\u0146\u0113mumi<\/strong> saskata v\u0113ja un saules ener\u0123ijas invest\u012bciju potenci\u0101lu, lai palielin\u0101tu savu ra\u017eo\u0161anas jaudu un pied\u0101v\u0101tu za\u013co ener\u0123iju saviem klientiem.<\/p><p><strong>Publisk\u0101 sektora investori<\/strong>, piem\u0113ram, pa\u0161vald\u012bbas un re\u0123ioni, invest\u0113 atjaunojam\u0101s elektroener\u0123ijas ra\u017eo\u0161an\u0101, lai veicin\u0101tu ilgtsp\u0113j\u012bgu att\u012bst\u012bbu.<\/p><p>Eolus iepriek\u0161 ir p\u0101rdevis v\u0113ja turb\u012bnu akcijas pat\u0113r\u0113t\u0101jiem un uz\u0146\u0113mumiem, bet tagad galvenok\u0101rt koncentr\u0113jas uz liel\u0101kiem projektiem. Tom\u0113r m\u0113s joproj\u0101m esam gatavi n\u0101kotn\u0113 atk\u0101rtoti ieviest dal\u012bbas \u012bpa\u0161umties\u012bbu projektus, ja tas b\u016bs lietder\u012bgi.<\/p>\t\t\t\t\t\t\t\t<\/div>\n\t\t\t\t<\/div>\n\t\t\t\t<\/div>\n\t\t<div class=\"elementor-element elementor-element-4282eab1 e-con-full e-flex e-con e-child\" data-id=\"4282eab1\" data-element_type=\"container\" data-e-type=\"container\" data-settings=\"{&quot;jet_parallax_layout_list&quot;:[]}\">\n\t\t<div class=\"elementor-element elementor-element-69b91af0 e-flex e-con-boxed elementor-invisible e-con e-child\" data-id=\"69b91af0\" data-element_type=\"container\" data-e-type=\"container\" data-settings=\"{&quot;jet_parallax_layout_list&quot;:[],&quot;animation&quot;:&quot;fadeIn&quot;,&quot;animation_delay&quot;:&quot;100&quot;}\">\n\t\t\t\t\t<div class=\"e-con-inner\">\n\t\t\t\t\t<\/div>\n\t\t\t\t<\/div>\n\t\t\t\t<\/div>\n\t\t\t\t\t<\/div>\n\t\t\t\t<\/div>\n\t\t\t\t<\/div>\n\t\t<div class=\"elementor-element elementor-element-7f2b7963 e-flex e-con-boxed e-con e-parent\" data-id=\"7f2b7963\" data-element_type=\"container\" data-e-type=\"container\" data-settings=\"{&quot;jet_parallax_layout_list&quot;:[]}\">\n\t\t\t\t\t<div class=\"e-con-inner\">\n\t\t<div class=\"elementor-element elementor-element-739633b7 e-flex e-con-boxed elementor-invisible e-con e-child\" data-id=\"739633b7\" data-element_type=\"container\" data-e-type=\"container\" data-settings=\"{&quot;background_background&quot;:&quot;classic&quot;,&quot;jet_parallax_layout_list&quot;:[],&quot;animation&quot;:&quot;fadeIn&quot;}\">\n\t\t\t\t\t<div class=\"e-con-inner\">\n\t\t\t\t<div class=\"elementor-element elementor-element-2e65eaa0 elementor-widget elementor-widget-heading\" data-id=\"2e65eaa0\" data-element_type=\"widget\" data-e-type=\"widget\" data-widget_type=\"heading.default\">\n\t\t\t\t<div class=\"elementor-widget-container\">\n\t\t\t\t\t<h6 class=\"elementor-heading-title elementor-size-default\">STOR-SK\u00c4LSJ\u00d6N V\u0112JA PARKA, SUNDSVALL ZVIEDRIJA B\u016aVNIEC\u012aBA<\/h6>\t\t\t\t<\/div>\n\t\t\t\t<\/div>\n\t\t\t\t\t<\/div>\n\t\t\t\t<\/div>\n\t\t<div class=\"elementor-element elementor-element-1424b064 e-flex e-con-boxed e-con e-child\" data-id=\"1424b064\" data-element_type=\"container\" data-e-type=\"container\" data-settings=\"{&quot;jet_parallax_layout_list&quot;:[]}\">\n\t\t\t\t\t<div class=\"e-con-inner\">\n\t\t\t\t<div class=\"elementor-element elementor-element-6ab2f9e1 elementor-invisible elementor-widget elementor-widget-heading\" data-id=\"6ab2f9e1\" data-element_type=\"widget\" data-e-type=\"widget\" data-settings=\"{&quot;_animation&quot;:&quot;fadeIn&quot;}\" data-widget_type=\"heading.default\">\n\t\t\t\t<div class=\"elementor-widget-container\">\n\t\t\t\t\t<h5 class=\"elementor-heading-title elementor-size-default\">Sadarb\u012bbas partneri un iesaist\u012btas puses<\/h5>\t\t\t\t<\/div>\n\t\t\t\t<\/div>\n\t\t\t\t<div class=\"elementor-element elementor-element-39d9b5fc elementor-invisible elementor-widget elementor-widget-text-editor\" data-id=\"39d9b5fc\" data-element_type=\"widget\" data-e-type=\"widget\" data-settings=\"{&quot;_animation&quot;:&quot;fadeIn&quot;}\" data-widget_type=\"text-editor.default\">\n\t\t\t\t<div class=\"elementor-widget-container\">\n\t\t\t\t\t\t\t\t\t<p>Past\u0101v\u012bgi main\u012bgaj\u0101 tirg\u016b \u0101rk\u0101rt\u012bgi svar\u012bgs krit\u0113rijs ir sp\u0113ja piel\u0101goties. Eolus ir elast\u012bgs, gatavs \u0101tri rea\u0123\u0113t uz tirgus sv\u0101rst\u012bb\u0101m un apst\u0101k\u013ciem. M\u0113s nedom\u0101jam tikai par \u0161odienu, bet vienm\u0113r raug\u0101mies t\u0101l\u0101k, lai paredz\u0113tu r\u012btdienas iesp\u0113jas.<\/p>\n<p>Ne velti m\u016bsu partneri un ieinteres\u0113t\u0101s puses ir izv\u0113l\u0113ju\u0161\u0101s sadarboties ar Eolus. Mums ir ne tikai vair\u0101ku gadu desmitu ilga pieredze ener\u0123\u0113tikas jom\u0101, bet ar\u012b sp\u0113ja p\u0101rv\u0113rst v\u012bzijas taust\u0101mos, komerci\u0101li dz\u012bvotsp\u0113j\u012bgos projektos. Kop\u0101 veidosim ilgtsp\u0113j\u012bgu n\u0101kotni \u2500 finansi\u0101li stabilu un videi draudz\u012bgu!<\/p>\n<p style=\"margin-bottom: 6.0pt\">Iepaz\u012bstieties ar m\u016bsu sasniegumiem un j\u016bs atkl\u0101siet, k\u0101p\u0113c uz\u0146\u0113mumi, kuri ir ap\u0146\u0113mu\u0161ies sasniegt izcil\u012bbu atjaunojamo energoresursu jom\u0101, par savu sadarb\u012bbas partneri izv\u0113las Eolus. Sazinieties ar mums jau \u0161odien un dosimies \u0161aj\u0101 transform\u0113jo\u0161aj\u0101 ce\u013cojum\u0101 kop\u0101!<\/p>\n\t\t\t\t\t\t\t\t<\/div>\n\t\t\t\t<\/div>\n\t\t\t\t\t<\/div>\n\t\t\t\t<\/div>\n\t\t\t\t\t<\/div>\n\t\t\t\t<\/div>\n\t\t<div class=\"elementor-element elementor-element-46b4790d e-con-full e-flex elementor-invisible e-con e-parent\" data-id=\"46b4790d\" data-element_type=\"container\" data-e-type=\"container\" data-settings=\"{&quot;animation&quot;:&quot;fadeIn&quot;,&quot;jet_parallax_layout_list&quot;:[]}\">\n\t\t<div class=\"elementor-element elementor-element-7e35144 e-con-full e-flex e-con e-child\" data-id=\"7e35144\" data-element_type=\"container\" data-e-type=\"container\" data-settings=\"{&quot;jet_parallax_layout_list&quot;:[]}\">\n\t\t<div class=\"elementor-element elementor-element-79bc738e e-flex e-con-boxed elementor-invisible e-con e-child\" data-id=\"79bc738e\" data-element_type=\"container\" data-e-type=\"container\" data-settings=\"{&quot;jet_parallax_layout_list&quot;:[],&quot;animation&quot;:&quot;fadeIn&quot;}\">\n\t\t\t\t\t<div class=\"e-con-inner\">\n\t\t\t\t<div class=\"elementor-element elementor-element-3d92a38f elementor-widget elementor-widget-two-blocks\" data-id=\"3d92a38f\" data-element_type=\"widget\" data-e-type=\"widget\" data-widget_type=\"two-blocks.default\">\n\t\t\t\t<div class=\"elementor-widget-container\">\n\t\t\t\t\t\n\t\t<article class=\"two-blocks two-blocks--small\">\n\t\t\t\n\t\t\t<div class=\"two-blocks-text group two-blocks-text--small-image-right\">\n\t\t\t\t<h3 class=\"two-blocks-heading\">Projekti att\u012bst\u012bbas f\u0101z\u0113<\/h3>\n\n\t\t\t\t<div class=\"text-container\"><p>Vai interes\u0113, k\u0101di projekti mums \u0161obr\u012bd ir izstr\u0101des stadij\u0101? Apmekl\u0113jiet projektu lapu un uzziniet vair\u0101k.<\/p><\/div>\n\n\t\t\t\t\t\t\t\t\t\t\t\t\t\t\t<a href=\"\/lv\/projekti\/?phases=in_operation\" class=\"two-blocks-link\">\n\t\t\t\t\t\t\tIZP\u0112TIET M\u016aSU PROJEKTU\t\t\t\t\t\t\t<span class=\"absolute inset-0\"><\/span>\n\t\t\t\t\t\t<\/a>\n\t\t\t\t\t\t\t\t\t\t\t\t<\/div>\n\n\t\t\t\t\t\t\t<div class=\"w-full lg:w-1\/2 relative isolate flex pr-5\">\n\t\t\t\t\t<div class=\"bg-gradient-to-b from-v2-yellow via-v2-green to-v2-blue-500 absolute inset-0 rounded-[20px] z-[-1]\"><\/div>\n\n\t\t\t\t\t<img fetchpriority=\"high\" decoding=\"async\" width=\"1024\" height=\"720\" src=\"https:\/\/www.eolus.com\/wp-content\/uploads\/2023\/12\/Eolus-Utterberget-Drone-1024x720.webp\" class=\"attachment-large size-large\" alt=\"\" srcset=\"https:\/\/www.eolus.com\/wp-content\/uploads\/2023\/12\/Eolus-Utterberget-Drone-1024x720.webp 1024w, https:\/\/www.eolus.com\/wp-content\/uploads\/2023\/12\/Eolus-Utterberget-Drone-300x211.webp 300w, https:\/\/www.eolus.com\/wp-content\/uploads\/2023\/12\/Eolus-Utterberget-Drone-768x540.webp 768w, https:\/\/www.eolus.com\/wp-content\/uploads\/2023\/12\/Eolus-Utterberget-Drone-540x380.webp 540w, https:\/\/www.eolus.com\/wp-content\/uploads\/2023\/12\/Eolus-Utterberget-Drone.webp 1280w\" sizes=\"(max-width: 1024px) 100vw, 1024px\" \/>\t\t\t\t<\/div>\n\t\t\t\t\t<\/article>\n\t\t\t\t<\/div>\n\t\t\t\t<\/div>\n\t\t\t\t\t<\/div>\n\t\t\t\t<\/div>\n\t\t\t\t<\/div>\n\t\t\t\t<\/div>\n\t\t\t\t<\/div>\n\t\t","protected":false},"excerpt":{"rendered":"<p>Eolus ir pla\u0161a pieredze un ir izveidotas attiec\u012bbas, kas balst\u012btas uz uztic\u012bbu ar klientiem un investoriem, pateicoties m\u016bsu visaptvero\u0161ajam uz\u0146\u0113m\u0113jdarb\u012bbas modelim un sp\u0113jai piel\u0101goties tirgus pras\u012bb\u0101m. M\u0113s esam uzkr\u0101ju\u0161i pieredzi un sp\u0113c\u012bgus finan\u0161u resursus v\u0113ja ener\u0123ijas, saules ener\u0123ijas un ener\u0123ijas uzglab\u0101\u0161anas jom\u0101, kas padara m\u016bs par uzticamu sadarb\u012bbas partneri. M\u0113s pied\u0101v\u0101jam katra klienta vajadz\u012bb\u0101m atbilsto\u0161as [&hellip;]<\/p>\n","protected":false},"author":16,"featured_media":0,"parent":27931,"menu_order":0,"comment_status":"closed","ping_status":"closed","template":"","meta":{"_acf_changed":false,"footnotes":""},"class_list":["post-27941","page","type-page","status-publish","hentry"],"acf":[],"yoast_head":"<!-- This site is optimized with the Yoast SEO plugin v27.3 - https:\/\/yoast.com\/product\/yoast-seo-wordpress\/ -->\n<title>Projektu investori<\/title>\n<meta name=\"description\" content=\"Eolus has extensive experience and trusting relationships with customers and investors thanks to our ability to adapt to market requirements.\" \/>\n<meta name=\"robots\" content=\"index, follow, max-snippet:-1, max-image-preview:large, max-video-preview:-1\" \/>\n<link rel=\"canonical\" href=\"https:\/\/www.eolus.com\/fi\/mita-me-teemme\/projektin-sijoittajat\/\" \/>\n<meta property=\"og:locale\" content=\"lv_LV\" \/>\n<meta property=\"og:type\" content=\"article\" \/>\n<meta property=\"og:title\" content=\"Projektu investori\" \/>\n<meta property=\"og:description\" content=\"Eolus has extensive experience and trusting relationships with customers and investors thanks to our ability to adapt to market requirements.\" \/>\n<meta property=\"og:url\" content=\"https:\/\/www.eolus.com\/fi\/mita-me-teemme\/projektin-sijoittajat\/\" \/>\n<meta property=\"og:site_name\" content=\"Eolus\" \/>\n<meta property=\"article:modified_time\" content=\"2025-08-01T13:01:52+00:00\" \/>\n<meta property=\"og:image\" content=\"https:\/\/www.eolus.com\/wp-content\/uploads\/2023\/12\/Eolus-Utterberget-Drone-1024x720.webp\" \/>\n<meta name=\"twitter:card\" content=\"summary_large_image\" \/>\n<meta name=\"twitter:label1\" content=\"Est. reading time\" \/>\n\t<meta name=\"twitter:data1\" content=\"3 minutes\" \/>\n<script type=\"application\/ld+json\" class=\"yoast-schema-graph\">{\"@context\":\"https:\\\/\\\/schema.org\",\"@graph\":[{\"@type\":\"WebPage\",\"@id\":\"https:\\\/\\\/www.eolus.com\\\/fi\\\/mita-me-teemme\\\/projektin-sijoittajat\\\/\",\"url\":\"https:\\\/\\\/www.eolus.com\\\/fi\\\/mita-me-teemme\\\/projektin-sijoittajat\\\/\",\"name\":\"Projektu investori\",\"isPartOf\":{\"@id\":\"https:\\\/\\\/www.eolus.com\\\/#website\"},\"primaryImageOfPage\":{\"@id\":\"https:\\\/\\\/www.eolus.com\\\/fi\\\/mita-me-teemme\\\/projektin-sijoittajat\\\/#primaryimage\"},\"image\":{\"@id\":\"https:\\\/\\\/www.eolus.com\\\/fi\\\/mita-me-teemme\\\/projektin-sijoittajat\\\/#primaryimage\"},\"thumbnailUrl\":\"https:\\\/\\\/www.eolus.com\\\/wp-content\\\/uploads\\\/2023\\\/12\\\/Eolus-Utterberget-Drone-1024x720.webp\",\"datePublished\":\"2024-01-18T10:15:29+00:00\",\"dateModified\":\"2025-08-01T13:01:52+00:00\",\"description\":\"Eolus has extensive experience and trusting relationships with customers and investors thanks to our ability to adapt to market requirements.\",\"breadcrumb\":{\"@id\":\"https:\\\/\\\/www.eolus.com\\\/fi\\\/mita-me-teemme\\\/projektin-sijoittajat\\\/#breadcrumb\"},\"inLanguage\":\"lv-LV\",\"potentialAction\":[{\"@type\":\"ReadAction\",\"target\":[\"https:\\\/\\\/www.eolus.com\\\/fi\\\/mita-me-teemme\\\/projektin-sijoittajat\\\/\"]}]},{\"@type\":\"ImageObject\",\"inLanguage\":\"lv-LV\",\"@id\":\"https:\\\/\\\/www.eolus.com\\\/fi\\\/mita-me-teemme\\\/projektin-sijoittajat\\\/#primaryimage\",\"url\":\"https:\\\/\\\/www.eolus.com\\\/wp-content\\\/uploads\\\/2023\\\/12\\\/Eolus-Utterberget-Drone-1024x720.webp\",\"contentUrl\":\"https:\\\/\\\/www.eolus.com\\\/wp-content\\\/uploads\\\/2023\\\/12\\\/Eolus-Utterberget-Drone-1024x720.webp\"},{\"@type\":\"BreadcrumbList\",\"@id\":\"https:\\\/\\\/www.eolus.com\\\/fi\\\/mita-me-teemme\\\/projektin-sijoittajat\\\/#breadcrumb\",\"itemListElement\":[{\"@type\":\"ListItem\",\"position\":1,\"name\":\"Home\",\"item\":\"https:\\\/\\\/www.eolus.com\\\/lv\\\/\"},{\"@type\":\"ListItem\",\"position\":2,\"name\":\"Uz\u0146\u0113muma darb\u012bbas virzieni\",\"item\":\"https:\\\/\\\/www.eolus.com\\\/pl\\\/czym-sie-zajmujemy\\\/\"},{\"@type\":\"ListItem\",\"position\":3,\"name\":\"Projektu investori\"}]},{\"@type\":\"WebSite\",\"@id\":\"https:\\\/\\\/www.eolus.com\\\/#website\",\"url\":\"https:\\\/\\\/www.eolus.com\\\/\",\"name\":\"Eolus\",\"description\":\"Shaping the Future of Renewable Energy\",\"potentialAction\":[{\"@type\":\"SearchAction\",\"target\":{\"@type\":\"EntryPoint\",\"urlTemplate\":\"https:\\\/\\\/www.eolus.com\\\/?s={search_term_string}\"},\"query-input\":{\"@type\":\"PropertyValueSpecification\",\"valueRequired\":true,\"valueName\":\"search_term_string\"}}],\"inLanguage\":\"lv-LV\"}]}<\/script>\n<!-- \/ Yoast SEO plugin. -->","yoast_head_json":{"title":"Projektu investori","description":"Eolus has extensive experience and trusting relationships with customers and investors thanks to our ability to adapt to market requirements.","robots":{"index":"index","follow":"follow","max-snippet":"max-snippet:-1","max-image-preview":"max-image-preview:large","max-video-preview":"max-video-preview:-1"},"canonical":"https:\/\/www.eolus.com\/fi\/mita-me-teemme\/projektin-sijoittajat\/","og_locale":"lv_LV","og_type":"article","og_title":"Projektu investori","og_description":"Eolus has extensive experience and trusting relationships with customers and investors thanks to our ability to adapt to market requirements.","og_url":"https:\/\/www.eolus.com\/fi\/mita-me-teemme\/projektin-sijoittajat\/","og_site_name":"Eolus","article_modified_time":"2025-08-01T13:01:52+00:00","og_image":[{"url":"https:\/\/www.eolus.com\/wp-content\/uploads\/2023\/12\/Eolus-Utterberget-Drone-1024x720.webp","type":"","width":"","height":""}],"twitter_card":"summary_large_image","twitter_misc":{"Est. reading time":"3 minutes"},"schema":{"@context":"https:\/\/schema.org","@graph":[{"@type":"WebPage","@id":"https:\/\/www.eolus.com\/fi\/mita-me-teemme\/projektin-sijoittajat\/","url":"https:\/\/www.eolus.com\/fi\/mita-me-teemme\/projektin-sijoittajat\/","name":"Projektu investori","isPartOf":{"@id":"https:\/\/www.eolus.com\/#website"},"primaryImageOfPage":{"@id":"https:\/\/www.eolus.com\/fi\/mita-me-teemme\/projektin-sijoittajat\/#primaryimage"},"image":{"@id":"https:\/\/www.eolus.com\/fi\/mita-me-teemme\/projektin-sijoittajat\/#primaryimage"},"thumbnailUrl":"https:\/\/www.eolus.com\/wp-content\/uploads\/2023\/12\/Eolus-Utterberget-Drone-1024x720.webp","datePublished":"2024-01-18T10:15:29+00:00","dateModified":"2025-08-01T13:01:52+00:00","description":"Eolus has extensive experience and trusting relationships with customers and investors thanks to our ability to adapt to market requirements.","breadcrumb":{"@id":"https:\/\/www.eolus.com\/fi\/mita-me-teemme\/projektin-sijoittajat\/#breadcrumb"},"inLanguage":"lv-LV","potentialAction":[{"@type":"ReadAction","target":["https:\/\/www.eolus.com\/fi\/mita-me-teemme\/projektin-sijoittajat\/"]}]},{"@type":"ImageObject","inLanguage":"lv-LV","@id":"https:\/\/www.eolus.com\/fi\/mita-me-teemme\/projektin-sijoittajat\/#primaryimage","url":"https:\/\/www.eolus.com\/wp-content\/uploads\/2023\/12\/Eolus-Utterberget-Drone-1024x720.webp","contentUrl":"https:\/\/www.eolus.com\/wp-content\/uploads\/2023\/12\/Eolus-Utterberget-Drone-1024x720.webp"},{"@type":"BreadcrumbList","@id":"https:\/\/www.eolus.com\/fi\/mita-me-teemme\/projektin-sijoittajat\/#breadcrumb","itemListElement":[{"@type":"ListItem","position":1,"name":"Home","item":"https:\/\/www.eolus.com\/lv\/"},{"@type":"ListItem","position":2,"name":"Uz\u0146\u0113muma darb\u012bbas virzieni","item":"https:\/\/www.eolus.com\/pl\/czym-sie-zajmujemy\/"},{"@type":"ListItem","position":3,"name":"Projektu investori"}]},{"@type":"WebSite","@id":"https:\/\/www.eolus.com\/#website","url":"https:\/\/www.eolus.com\/","name":"Eolus","description":"Shaping the Future of Renewable Energy","potentialAction":[{"@type":"SearchAction","target":{"@type":"EntryPoint","urlTemplate":"https:\/\/www.eolus.com\/?s={search_term_string}"},"query-input":{"@type":"PropertyValueSpecification","valueRequired":true,"valueName":"search_term_string"}}],"inLanguage":"lv-LV"}]}},"_links":{"self":[{"href":"https:\/\/www.eolus.com\/lv\/wp-json\/wp\/v2\/pages\/27941","targetHints":{"allow":["GET"]}}],"collection":[{"href":"https:\/\/www.eolus.com\/lv\/wp-json\/wp\/v2\/pages"}],"about":[{"href":"https:\/\/www.eolus.com\/lv\/wp-json\/wp\/v2\/types\/page"}],"author":[{"embeddable":true,"href":"https:\/\/www.eolus.com\/lv\/wp-json\/wp\/v2\/users\/16"}],"replies":[{"embeddable":true,"href":"https:\/\/www.eolus.com\/lv\/wp-json\/wp\/v2\/comments?post=27941"}],"version-history":[{"count":11,"href":"https:\/\/www.eolus.com\/lv\/wp-json\/wp\/v2\/pages\/27941\/revisions"}],"predecessor-version":[{"id":62747,"href":"https:\/\/www.eolus.com\/lv\/wp-json\/wp\/v2\/pages\/27941\/revisions\/62747"}],"up":[{"embeddable":true,"href":"https:\/\/www.eolus.com\/lv\/wp-json\/wp\/v2\/pages\/27931"}],"wp:attachment":[{"href":"https:\/\/www.eolus.com\/lv\/wp-json\/wp\/v2\/media?parent=27941"}],"curies":[{"name":"wp","href":"https:\/\/api.w.org\/{rel}","templated":true}]}}