{"id":27947,"date":"2024-01-18T11:17:32","date_gmt":"2024-01-18T10:17:32","guid":{"rendered":"https:\/\/www.eolus.com\/uznemuma-darbibas-virzieni\/zemes-ipasnieki\/"},"modified":"2024-02-16T10:41:48","modified_gmt":"2024-02-16T09:41:48","slug":"zemes-ipasnieki","status":"publish","type":"page","link":"https:\/\/www.eolus.com\/lv\/uznemuma-darbibas-virzieni\/zemes-ipasnieki\/","title":{"rendered":"Zemes \u012bpa\u0161nieki"},"content":{"rendered":"\t\t<div data-elementor-type=\"wp-page\" data-elementor-id=\"27947\" class=\"elementor elementor-27947 elementor-27133\" data-elementor-post-type=\"page\">\n\t\t\t\t<div class=\"elementor-element elementor-element-7b3d9428 e-con-full animated-slow e-flex elementor-invisible e-con e-parent\" data-id=\"7b3d9428\" data-element_type=\"container\" data-e-type=\"container\" data-settings=\"{&quot;background_background&quot;:&quot;classic&quot;,&quot;animation&quot;:&quot;fadeIn&quot;,&quot;jet_parallax_layout_list&quot;:[]}\">\n\t\t<div class=\"elementor-element elementor-element-6fe1254c e-flex e-con-boxed e-con e-child\" data-id=\"6fe1254c\" data-element_type=\"container\" data-e-type=\"container\" data-settings=\"{&quot;jet_parallax_layout_list&quot;:[]}\">\n\t\t\t\t\t<div class=\"e-con-inner\">\n\t\t<div class=\"elementor-element elementor-element-3bebc43a e-con-full e-flex e-con e-child\" data-id=\"3bebc43a\" data-element_type=\"container\" data-e-type=\"container\" data-settings=\"{&quot;jet_parallax_layout_list&quot;:[]}\">\n\t\t\t\t<div class=\"elementor-element elementor-element-78ed0775 elementor-invisible elementor-widget elementor-widget-heading\" data-id=\"78ed0775\" data-element_type=\"widget\" data-e-type=\"widget\" data-settings=\"{&quot;_animation&quot;:&quot;fadeIn&quot;}\" data-widget_type=\"heading.default\">\n\t\t\t\t<div class=\"elementor-widget-container\">\n\t\t\t\t\t<h4 class=\"elementor-heading-title elementor-size-default\">Zemes \u012bpa\u0161nieki<\/h4>\t\t\t\t<\/div>\n\t\t\t\t<\/div>\n\t\t\t\t<div class=\"elementor-element elementor-element-7bc2318e elementor-invisible elementor-widget elementor-widget-text-editor\" data-id=\"7bc2318e\" data-element_type=\"widget\" data-e-type=\"widget\" data-settings=\"{&quot;_animation&quot;:&quot;fadeIn&quot;,&quot;_animation_delay&quot;:&quot;200&quot;}\" data-widget_type=\"text-editor.default\">\n\t\t\t\t<div class=\"elementor-widget-container\">\n\t\t\t\t\t\t\t\t\t<p>M\u016bsu uzdevums ir att\u012bst\u012bt v\u0113ja un saules ener\u0123ijas jaudu, lai rad\u012btu ilgtsp\u0113j\u012bgu n\u0101kotni. M\u0113s akt\u012bvi mekl\u0113jam piem\u0113rotas vietas atjaunojam\u0101s ener\u0123ijas projektiem, un j\u016bsu zeme var\u0113tu b\u016bt n\u0101kam\u0101 za\u013c\u0101s ener\u0123ijas ra\u017eo\u0161anas vieta. Ja jums vai j\u016bsu uz\u0146\u0113mumam pieder zeme, kuru var\u0113tu iznom\u0101t uz ilg\u0101ku laiku, aicin\u0101m sazin\u0101ties ar Eolus, lai veiktu s\u0101kotn\u0113jo \u012bpa\u0161uma nov\u0113rt\u0113jumu.<\/p>\n<p>K\u0101p\u0113c apsv\u0113rt iesp\u0113ju mums izveidot savu zemi?<\/p>\n<p>Nov\u0113rt\u0113jot vietu atjaunojam\u0101s ener\u0123ijas att\u012bst\u012bbai, m\u0113s \u0146emam v\u0113r\u0101 vair\u0101kus faktorus:<\/p>\n<p><strong>Apk\u0101rt\u0113j\u0101s vides apst\u0101k\u013ci:<\/strong> m\u0113s esam ap\u0146\u0113mu\u0161ies ra\u017eot videi draudz\u012bgu ener\u0123iju un r\u016bp\u012bgi nov\u0113rt\u0113jam vietu, lai samazin\u0101tu jebk\u0101du ietekmi uz ekosist\u0113mu.<\/p>\n<p><strong>Sabiedr\u012bbas iesaist\u012b\u0161an\u0101s:<\/strong> m\u0113s nov\u0113rt\u0113jam viet\u0113j\u0101s kopienas intereses un str\u0101d\u0101jam, lai nodro\u0161in\u0101tu, ka m\u016bsu projekti sniedz labumu re\u0123ionam un t\u0101 iedz\u012bvot\u0101jiem.<\/p>\n<p><strong>T\u012bkla savienojam\u012bba:<\/strong> m\u0113s p\u0101rbaud\u0101m projekta piesl\u0113g\u0161anas iesp\u0113jam\u012bbu elektrot\u012bklam, nodro\u0161inot, ka j\u016bsu zeme var efekt\u012bvi pieg\u0101d\u0101t t\u012bklam atjaunojamo ener\u0123iju.<\/p>\n<p><strong>Atbilst\u012bba normat\u012bvajiem aktiem:<\/strong> m\u0113s nodro\u0161in\u0101m, ka nav nek\u0101du ierobe\u017eojumu veiksm\u012bgai atjaunojam\u0101s ener\u0123ijas projekta \u012bsteno\u0161anai j\u016bsu konkr\u0113taj\u0101 re\u0123ion\u0101.<\/p>\n<p>Ieguvumi zemes \u012bpa\u0161niekiem<\/p>\n<p>Jums k\u0101 zemes \u012bpa\u0161niekam partner\u012bbai ar Eolus ir vair\u0101kas priek\u0161roc\u012bbas:<\/p>\n<p><strong>Konkur\u0113tsp\u0113j\u012bga nomas maksa:<\/strong> m\u0113s pied\u0101v\u0101jam konkur\u0113tsp\u0113j\u012bgu samaksu, nodro\u0161inot, ka sa\u0146emat taisn\u012bgu atl\u012bdz\u012bbu par savas zemes izmanto\u0161anu.<\/p>\n<p><strong>Ilgtermi\u0146a sadarb\u012bba:<\/strong> m\u0113s koncentr\u0113jamies uz sp\u0113c\u012bgu, ilgtermi\u0146a partnerattiec\u012bbu izveidi ar zemes \u012bpa\u0161niekiem, nodro\u0161inot jums stabilit\u0101ti un past\u0101v\u012bgu atbalstu.<\/p>\n<p><strong>Bir\u017e\u0101 iek\u013cauts Zviedrijas uz\u0146\u0113mums:<\/strong> Eolus ir Zviedrijas uz\u0146\u0113mums, kas tiek kot\u0113ts bir\u017e\u0101, un tas noz\u012bm\u0113, ka varat uztic\u0113ties m\u016bsu skandin\u0101vu kvalit\u0101tei un m\u016bsu ap\u0146\u0113m\u012bbai aizsarg\u0101t j\u016bsu intereses vis\u0101 m\u016bsu sadarb\u012bbas laik\u0101.<\/p>\n<p>Ja j\u016bsu zeme atbilst \u0161\u0101diem krit\u0113rijiem, sazinieties ar mums:<\/p>\n<p><strong>Zemes klase:<\/strong> IV, V vai VI<\/p>\n<p><strong>Zemes plat\u012bba:<\/strong> vismaz 15 hekt\u0101ri vai mazliet maz\u0101k<\/p>\n<p><strong>Pieejam\u012bba: <\/strong>zemei j\u0101b\u016bt viegli pieejamai projekta att\u012bst\u012bbai un uztur\u0113\u0161anai<\/p>\n<p><strong>Vides pieejam\u012bba:<\/strong> zeme nedr\u012bkst b\u016bt apgr\u016btin\u0101ta ar vides aizsardz\u012bbas ierobe\u017eojumiem<\/p>\n<p>Vai esat gatavs spert n\u0101kamo soli?<\/p>\n\t\t\t\t\t\t\t\t<\/div>\n\t\t\t\t<\/div>\n\t\t\t\t<\/div>\n\t\t<div class=\"elementor-element elementor-element-53ab3b15 e-con-full e-flex e-con e-child\" data-id=\"53ab3b15\" data-element_type=\"container\" data-e-type=\"container\" data-settings=\"{&quot;jet_parallax_layout_list&quot;:[]}\">\n\t\t<div class=\"elementor-element elementor-element-6fdc6726 e-flex e-con-boxed elementor-invisible e-con e-child\" data-id=\"6fdc6726\" data-element_type=\"container\" data-e-type=\"container\" data-settings=\"{&quot;jet_parallax_layout_list&quot;:[],&quot;animation&quot;:&quot;fadeIn&quot;,&quot;animation_delay&quot;:&quot;100&quot;}\">\n\t\t\t\t\t<div class=\"e-con-inner\">\n\t\t\t\t\t<\/div>\n\t\t\t\t<\/div>\n\t\t\t\t<\/div>\n\t\t\t\t\t<\/div>\n\t\t\t\t<\/div>\n\t\t\t\t<\/div>\n\t\t<div class=\"elementor-element elementor-element-289c7e7a e-con-full e-flex elementor-invisible e-con e-parent\" data-id=\"289c7e7a\" data-element_type=\"container\" data-e-type=\"container\" data-settings=\"{&quot;animation&quot;:&quot;fadeIn&quot;,&quot;jet_parallax_layout_list&quot;:[]}\">\n\t\t<div class=\"elementor-element elementor-element-6630cda e-con-full e-flex e-con e-child\" data-id=\"6630cda\" data-element_type=\"container\" data-e-type=\"container\" data-settings=\"{&quot;jet_parallax_layout_list&quot;:[]}\">\n\t\t<div class=\"elementor-element elementor-element-41aaac36 e-flex e-con-boxed elementor-invisible e-con e-child\" data-id=\"41aaac36\" data-element_type=\"container\" data-e-type=\"container\" data-settings=\"{&quot;jet_parallax_layout_list&quot;:[],&quot;animation&quot;:&quot;fadeIn&quot;}\">\n\t\t\t\t\t<div class=\"e-con-inner\">\n\t\t\t\t<div class=\"elementor-element elementor-element-9199f23 elementor-widget elementor-widget-two-blocks\" data-id=\"9199f23\" data-element_type=\"widget\" data-e-type=\"widget\" data-widget_type=\"two-blocks.default\">\n\t\t\t\t<div class=\"elementor-widget-container\">\n\t\t\t\t\t\n\t\t<article class=\"two-blocks two-blocks--small\">\n\t\t\t\n\t\t\t<div class=\"two-blocks-text group two-blocks-text--small-image-right\">\n\t\t\t\t<h3 class=\"two-blocks-heading\">Iznom\u0101 savu zemi<\/h3>\n\n\t\t\t\t<div class=\"text-container\"><p>Inform\u0113jiet m\u016bs par savu interesi iznom\u0101t savu zemi atjaunojam\u0101s ener\u0123ijas ra\u017eo\u0161anai, aizpildot un iesniedzot inform\u0101ciju par savu \u012bpa\u0161umu, izmantojot veidlapu. Pievienojiet \u012bpa\u0161uma pl\u0101nu, ja t\u0101ds ir pieejams. Kop\u0101 m\u0113s veidojam atjaunojam\u0101s ener\u0123ijas n\u0101kotni!<\/p><\/div>\n\n\t\t\t\t\t\t\t\t\t\t\t\t\t\t\t<a href=\"\/lv\/kontakti\/\" class=\"two-blocks-link\">\n\t\t\t\t\t\t\tVair\u0101k\t\t\t\t\t\t\t<span class=\"absolute inset-0\"><\/span>\n\t\t\t\t\t\t<\/a>\n\t\t\t\t\t\t\t\t\t\t\t\t<\/div>\n\n\t\t\t\t\t\t\t<div class=\"w-full lg:w-1\/2 relative isolate flex pr-5\">\n\t\t\t\t\t<div class=\"bg-gradient-to-b from-v2-yellow via-v2-green to-v2-blue-500 absolute inset-0 rounded-[20px] z-[-1]\"><\/div>\n\n\t\t\t\t\t<img fetchpriority=\"high\" decoding=\"async\" width=\"1024\" height=\"720\" src=\"https:\/\/www.eolus.com\/wp-content\/uploads\/2023\/12\/Eolus-Forest-Drone-Nylandsbergen-1024x720.webp\" class=\"attachment-large size-large\" alt=\"\" srcset=\"https:\/\/www.eolus.com\/wp-content\/uploads\/2023\/12\/Eolus-Forest-Drone-Nylandsbergen-1024x720.webp 1024w, https:\/\/www.eolus.com\/wp-content\/uploads\/2023\/12\/Eolus-Forest-Drone-Nylandsbergen-300x211.webp 300w, https:\/\/www.eolus.com\/wp-content\/uploads\/2023\/12\/Eolus-Forest-Drone-Nylandsbergen-768x540.webp 768w, https:\/\/www.eolus.com\/wp-content\/uploads\/2023\/12\/Eolus-Forest-Drone-Nylandsbergen-540x380.webp 540w, https:\/\/www.eolus.com\/wp-content\/uploads\/2023\/12\/Eolus-Forest-Drone-Nylandsbergen.webp 1280w\" sizes=\"(max-width: 1024px) 100vw, 1024px\" \/>\t\t\t\t<\/div>\n\t\t\t\t\t<\/article>\n\t\t\t\t<\/div>\n\t\t\t\t<\/div>\n\t\t\t\t\t<\/div>\n\t\t\t\t<\/div>\n\t\t\t\t<\/div>\n\t\t\t\t<\/div>\n\t\t\t\t<\/div>\n\t\t","protected":false},"excerpt":{"rendered":"<p>M\u016bsu uzdevums ir att\u012bst\u012bt v\u0113ja un saules ener\u0123ijas jaudu, lai rad\u012btu ilgtsp\u0113j\u012bgu n\u0101kotni. M\u0113s akt\u012bvi mekl\u0113jam piem\u0113rotas vietas atjaunojam\u0101s ener\u0123ijas projektiem, un j\u016bsu zeme var\u0113tu b\u016bt n\u0101kam\u0101 za\u013c\u0101s ener\u0123ijas ra\u017eo\u0161anas vieta. Ja jums vai j\u016bsu uz\u0146\u0113mumam pieder zeme, kuru var\u0113tu iznom\u0101t uz ilg\u0101ku laiku, aicin\u0101m sazin\u0101ties ar Eolus, lai veiktu s\u0101kotn\u0113jo \u012bpa\u0161uma nov\u0113rt\u0113jumu. K\u0101p\u0113c apsv\u0113rt [&hellip;]<\/p>\n","protected":false},"author":16,"featured_media":0,"parent":27931,"menu_order":0,"comment_status":"closed","ping_status":"closed","template":"","meta":{"_acf_changed":false,"footnotes":""},"class_list":["post-27947","page","type-page","status-publish","hentry"],"acf":[],"yoast_head":"<!-- This site is optimized with the Yoast SEO plugin v27.3 - https:\/\/yoast.com\/product\/yoast-seo-wordpress\/ -->\n<title>Zemes \u012bpa\u0161nieki - Eolus<\/title>\n<meta name=\"robots\" content=\"index, follow, max-snippet:-1, max-image-preview:large, max-video-preview:-1\" \/>\n<link rel=\"canonical\" href=\"https:\/\/www.eolus.com\/pl\/czym-sie-zajmujemy\/wlasciciele-gruntow\/\" \/>\n<meta property=\"og:locale\" content=\"lv_LV\" \/>\n<meta property=\"og:type\" content=\"article\" \/>\n<meta property=\"og:title\" content=\"Zemes \u012bpa\u0161nieki - Eolus\" \/>\n<meta property=\"og:description\" content=\"M\u016bsu uzdevums ir att\u012bst\u012bt v\u0113ja un saules ener\u0123ijas jaudu, lai rad\u012btu ilgtsp\u0113j\u012bgu n\u0101kotni. M\u0113s akt\u012bvi mekl\u0113jam piem\u0113rotas vietas atjaunojam\u0101s ener\u0123ijas projektiem, un j\u016bsu zeme var\u0113tu b\u016bt n\u0101kam\u0101 za\u013c\u0101s ener\u0123ijas ra\u017eo\u0161anas vieta. Ja jums vai j\u016bsu uz\u0146\u0113mumam pieder zeme, kuru var\u0113tu iznom\u0101t uz ilg\u0101ku laiku, aicin\u0101m sazin\u0101ties ar Eolus, lai veiktu s\u0101kotn\u0113jo \u012bpa\u0161uma nov\u0113rt\u0113jumu. K\u0101p\u0113c apsv\u0113rt [&hellip;]\" \/>\n<meta property=\"og:url\" content=\"https:\/\/www.eolus.com\/pl\/czym-sie-zajmujemy\/wlasciciele-gruntow\/\" \/>\n<meta property=\"og:site_name\" content=\"Eolus\" \/>\n<meta property=\"article:modified_time\" content=\"2024-02-16T09:41:48+00:00\" \/>\n<meta property=\"og:image\" content=\"https:\/\/www.eolus.com\/wp-content\/uploads\/2023\/12\/Eolus-Forest-Drone-Nylandsbergen-1024x720.webp\" \/>\n<meta name=\"twitter:card\" content=\"summary_large_image\" \/>\n<meta name=\"twitter:label1\" content=\"Est. reading time\" \/>\n\t<meta name=\"twitter:data1\" content=\"3 minutes\" \/>\n<script type=\"application\/ld+json\" class=\"yoast-schema-graph\">{\"@context\":\"https:\\\/\\\/schema.org\",\"@graph\":[{\"@type\":\"WebPage\",\"@id\":\"https:\\\/\\\/www.eolus.com\\\/pl\\\/czym-sie-zajmujemy\\\/wlasciciele-gruntow\\\/\",\"url\":\"https:\\\/\\\/www.eolus.com\\\/pl\\\/czym-sie-zajmujemy\\\/wlasciciele-gruntow\\\/\",\"name\":\"Zemes \u012bpa\u0161nieki - Eolus\",\"isPartOf\":{\"@id\":\"https:\\\/\\\/www.eolus.com\\\/#website\"},\"primaryImageOfPage\":{\"@id\":\"https:\\\/\\\/www.eolus.com\\\/pl\\\/czym-sie-zajmujemy\\\/wlasciciele-gruntow\\\/#primaryimage\"},\"image\":{\"@id\":\"https:\\\/\\\/www.eolus.com\\\/pl\\\/czym-sie-zajmujemy\\\/wlasciciele-gruntow\\\/#primaryimage\"},\"thumbnailUrl\":\"https:\\\/\\\/www.eolus.com\\\/wp-content\\\/uploads\\\/2023\\\/12\\\/Eolus-Forest-Drone-Nylandsbergen-1024x720.webp\",\"datePublished\":\"2024-01-18T10:17:32+00:00\",\"dateModified\":\"2024-02-16T09:41:48+00:00\",\"breadcrumb\":{\"@id\":\"https:\\\/\\\/www.eolus.com\\\/pl\\\/czym-sie-zajmujemy\\\/wlasciciele-gruntow\\\/#breadcrumb\"},\"inLanguage\":\"lv-LV\",\"potentialAction\":[{\"@type\":\"ReadAction\",\"target\":[\"https:\\\/\\\/www.eolus.com\\\/pl\\\/czym-sie-zajmujemy\\\/wlasciciele-gruntow\\\/\"]}]},{\"@type\":\"ImageObject\",\"inLanguage\":\"lv-LV\",\"@id\":\"https:\\\/\\\/www.eolus.com\\\/pl\\\/czym-sie-zajmujemy\\\/wlasciciele-gruntow\\\/#primaryimage\",\"url\":\"https:\\\/\\\/www.eolus.com\\\/wp-content\\\/uploads\\\/2023\\\/12\\\/Eolus-Forest-Drone-Nylandsbergen-1024x720.webp\",\"contentUrl\":\"https:\\\/\\\/www.eolus.com\\\/wp-content\\\/uploads\\\/2023\\\/12\\\/Eolus-Forest-Drone-Nylandsbergen-1024x720.webp\"},{\"@type\":\"BreadcrumbList\",\"@id\":\"https:\\\/\\\/www.eolus.com\\\/pl\\\/czym-sie-zajmujemy\\\/wlasciciele-gruntow\\\/#breadcrumb\",\"itemListElement\":[{\"@type\":\"ListItem\",\"position\":1,\"name\":\"Home\",\"item\":\"https:\\\/\\\/www.eolus.com\\\/lv\\\/\"},{\"@type\":\"ListItem\",\"position\":2,\"name\":\"Uz\u0146\u0113muma darb\u012bbas virzieni\",\"item\":\"https:\\\/\\\/www.eolus.com\\\/pl\\\/czym-sie-zajmujemy\\\/\"},{\"@type\":\"ListItem\",\"position\":3,\"name\":\"Zemes \u012bpa\u0161nieki\"}]},{\"@type\":\"WebSite\",\"@id\":\"https:\\\/\\\/www.eolus.com\\\/#website\",\"url\":\"https:\\\/\\\/www.eolus.com\\\/\",\"name\":\"Eolus\",\"description\":\"Shaping the Future of Renewable Energy\",\"potentialAction\":[{\"@type\":\"SearchAction\",\"target\":{\"@type\":\"EntryPoint\",\"urlTemplate\":\"https:\\\/\\\/www.eolus.com\\\/?s={search_term_string}\"},\"query-input\":{\"@type\":\"PropertyValueSpecification\",\"valueRequired\":true,\"valueName\":\"search_term_string\"}}],\"inLanguage\":\"lv-LV\"}]}<\/script>\n<!-- \/ Yoast SEO plugin. -->","yoast_head_json":{"title":"Zemes \u012bpa\u0161nieki - Eolus","robots":{"index":"index","follow":"follow","max-snippet":"max-snippet:-1","max-image-preview":"max-image-preview:large","max-video-preview":"max-video-preview:-1"},"canonical":"https:\/\/www.eolus.com\/pl\/czym-sie-zajmujemy\/wlasciciele-gruntow\/","og_locale":"lv_LV","og_type":"article","og_title":"Zemes \u012bpa\u0161nieki - Eolus","og_description":"M\u016bsu uzdevums ir att\u012bst\u012bt v\u0113ja un saules ener\u0123ijas jaudu, lai rad\u012btu ilgtsp\u0113j\u012bgu n\u0101kotni. M\u0113s akt\u012bvi mekl\u0113jam piem\u0113rotas vietas atjaunojam\u0101s ener\u0123ijas projektiem, un j\u016bsu zeme var\u0113tu b\u016bt n\u0101kam\u0101 za\u013c\u0101s ener\u0123ijas ra\u017eo\u0161anas vieta. Ja jums vai j\u016bsu uz\u0146\u0113mumam pieder zeme, kuru var\u0113tu iznom\u0101t uz ilg\u0101ku laiku, aicin\u0101m sazin\u0101ties ar Eolus, lai veiktu s\u0101kotn\u0113jo \u012bpa\u0161uma nov\u0113rt\u0113jumu. K\u0101p\u0113c apsv\u0113rt [&hellip;]","og_url":"https:\/\/www.eolus.com\/pl\/czym-sie-zajmujemy\/wlasciciele-gruntow\/","og_site_name":"Eolus","article_modified_time":"2024-02-16T09:41:48+00:00","og_image":[{"url":"https:\/\/www.eolus.com\/wp-content\/uploads\/2023\/12\/Eolus-Forest-Drone-Nylandsbergen-1024x720.webp","type":"","width":"","height":""}],"twitter_card":"summary_large_image","twitter_misc":{"Est. reading time":"3 minutes"},"schema":{"@context":"https:\/\/schema.org","@graph":[{"@type":"WebPage","@id":"https:\/\/www.eolus.com\/pl\/czym-sie-zajmujemy\/wlasciciele-gruntow\/","url":"https:\/\/www.eolus.com\/pl\/czym-sie-zajmujemy\/wlasciciele-gruntow\/","name":"Zemes \u012bpa\u0161nieki - Eolus","isPartOf":{"@id":"https:\/\/www.eolus.com\/#website"},"primaryImageOfPage":{"@id":"https:\/\/www.eolus.com\/pl\/czym-sie-zajmujemy\/wlasciciele-gruntow\/#primaryimage"},"image":{"@id":"https:\/\/www.eolus.com\/pl\/czym-sie-zajmujemy\/wlasciciele-gruntow\/#primaryimage"},"thumbnailUrl":"https:\/\/www.eolus.com\/wp-content\/uploads\/2023\/12\/Eolus-Forest-Drone-Nylandsbergen-1024x720.webp","datePublished":"2024-01-18T10:17:32+00:00","dateModified":"2024-02-16T09:41:48+00:00","breadcrumb":{"@id":"https:\/\/www.eolus.com\/pl\/czym-sie-zajmujemy\/wlasciciele-gruntow\/#breadcrumb"},"inLanguage":"lv-LV","potentialAction":[{"@type":"ReadAction","target":["https:\/\/www.eolus.com\/pl\/czym-sie-zajmujemy\/wlasciciele-gruntow\/"]}]},{"@type":"ImageObject","inLanguage":"lv-LV","@id":"https:\/\/www.eolus.com\/pl\/czym-sie-zajmujemy\/wlasciciele-gruntow\/#primaryimage","url":"https:\/\/www.eolus.com\/wp-content\/uploads\/2023\/12\/Eolus-Forest-Drone-Nylandsbergen-1024x720.webp","contentUrl":"https:\/\/www.eolus.com\/wp-content\/uploads\/2023\/12\/Eolus-Forest-Drone-Nylandsbergen-1024x720.webp"},{"@type":"BreadcrumbList","@id":"https:\/\/www.eolus.com\/pl\/czym-sie-zajmujemy\/wlasciciele-gruntow\/#breadcrumb","itemListElement":[{"@type":"ListItem","position":1,"name":"Home","item":"https:\/\/www.eolus.com\/lv\/"},{"@type":"ListItem","position":2,"name":"Uz\u0146\u0113muma darb\u012bbas virzieni","item":"https:\/\/www.eolus.com\/pl\/czym-sie-zajmujemy\/"},{"@type":"ListItem","position":3,"name":"Zemes \u012bpa\u0161nieki"}]},{"@type":"WebSite","@id":"https:\/\/www.eolus.com\/#website","url":"https:\/\/www.eolus.com\/","name":"Eolus","description":"Shaping the Future of Renewable Energy","potentialAction":[{"@type":"SearchAction","target":{"@type":"EntryPoint","urlTemplate":"https:\/\/www.eolus.com\/?s={search_term_string}"},"query-input":{"@type":"PropertyValueSpecification","valueRequired":true,"valueName":"search_term_string"}}],"inLanguage":"lv-LV"}]}},"_links":{"self":[{"href":"https:\/\/www.eolus.com\/lv\/wp-json\/wp\/v2\/pages\/27947","targetHints":{"allow":["GET"]}}],"collection":[{"href":"https:\/\/www.eolus.com\/lv\/wp-json\/wp\/v2\/pages"}],"about":[{"href":"https:\/\/www.eolus.com\/lv\/wp-json\/wp\/v2\/types\/page"}],"author":[{"embeddable":true,"href":"https:\/\/www.eolus.com\/lv\/wp-json\/wp\/v2\/users\/16"}],"replies":[{"embeddable":true,"href":"https:\/\/www.eolus.com\/lv\/wp-json\/wp\/v2\/comments?post=27947"}],"version-history":[{"count":6,"href":"https:\/\/www.eolus.com\/lv\/wp-json\/wp\/v2\/pages\/27947\/revisions"}],"predecessor-version":[{"id":33257,"href":"https:\/\/www.eolus.com\/lv\/wp-json\/wp\/v2\/pages\/27947\/revisions\/33257"}],"up":[{"embeddable":true,"href":"https:\/\/www.eolus.com\/lv\/wp-json\/wp\/v2\/pages\/27931"}],"wp:attachment":[{"href":"https:\/\/www.eolus.com\/lv\/wp-json\/wp\/v2\/media?parent=27947"}],"curies":[{"name":"wp","href":"https:\/\/api.w.org\/{rel}","templated":true}]}}