{"id":28089,"date":"2024-01-18T14:26:21","date_gmt":"2024-01-18T13:26:21","guid":{"rendered":"https:\/\/www.eolus.com\/vietejas-zinas\/"},"modified":"2024-04-02T14:18:25","modified_gmt":"2024-04-02T12:18:25","slug":"vietejas-zinas","status":"publish","type":"page","link":"https:\/\/www.eolus.com\/lv\/vietejas-zinas\/","title":{"rendered":"Viet\u0113j\u0101s zi\u0146as"},"content":{"rendered":"\t\t<div data-elementor-type=\"wp-page\" data-elementor-id=\"28089\" class=\"elementor elementor-28089 elementor-27200\" data-elementor-post-type=\"page\">\n\t\t\t\t<div class=\"elementor-element elementor-element-469db935 e-con-full animated-slow e-flex elementor-invisible e-con e-parent\" data-id=\"469db935\" data-element_type=\"container\" data-settings=\"{&quot;background_background&quot;:&quot;classic&quot;,&quot;animation&quot;:&quot;fadeIn&quot;,&quot;jet_parallax_layout_list&quot;:[]}\">\n\t\t<div class=\"elementor-element elementor-element-64783786 e-flex e-con-boxed e-con e-child\" data-id=\"64783786\" data-element_type=\"container\" data-settings=\"{&quot;jet_parallax_layout_list&quot;:[]}\">\n\t\t\t\t\t<div class=\"e-con-inner\">\n\t\t<div class=\"elementor-element elementor-element-29c00d19 e-con-full e-flex e-con e-child\" data-id=\"29c00d19\" data-element_type=\"container\" data-settings=\"{&quot;jet_parallax_layout_list&quot;:[]}\">\n\t\t\t\t<div class=\"elementor-element elementor-element-368a7b41 elementor-invisible elementor-widget elementor-widget-heading\" data-id=\"368a7b41\" data-element_type=\"widget\" data-settings=\"{&quot;_animation&quot;:&quot;fadeIn&quot;}\" data-widget_type=\"heading.default\">\n\t\t\t\t<div class=\"elementor-widget-container\">\n\t\t\t\t\t<h4 class=\"elementor-heading-title elementor-size-default\">Viet\u0113j\u0101s zi\u0146as<\/h4>\t\t\t\t<\/div>\n\t\t\t\t<\/div>\n\t\t\t\t<div class=\"elementor-element elementor-element-635fa4d2 elementor-invisible elementor-widget elementor-widget-text-editor\" data-id=\"635fa4d2\" data-element_type=\"widget\" data-settings=\"{&quot;_animation&quot;:&quot;fadeIn&quot;,&quot;_animation_delay&quot;:&quot;200&quot;}\" data-widget_type=\"text-editor.default\">\n\t\t\t\t<div class=\"elementor-widget-container\">\n\t\t\t\t\t\t\t\t\t<p>\u0160eit tu atrad\u012bsi viet\u0113j\u0101s zi\u0146as no Eolus Baltij\u0101. Liel\u0101kie uz\u0146\u0113mumu notikumi tiek pazi\u0146oti ar preses pazi\u0146ojumiem.<\/p>\n\t\t\t\t\t\t\t\t<\/div>\n\t\t\t\t<\/div>\n\t\t\t\t<\/div>\n\t\t<div class=\"elementor-element elementor-element-7d41c69b e-con-full e-flex e-con e-child\" data-id=\"7d41c69b\" data-element_type=\"container\" data-settings=\"{&quot;jet_parallax_layout_list&quot;:[]}\">\n\t\t\t\t<\/div>\n\t\t\t\t\t<\/div>\n\t\t\t\t<\/div>\n\t\t\t\t<\/div>\n\t\t<div class=\"elementor-element elementor-element-6825797 e-flex e-con-boxed e-con e-parent\" data-id=\"6825797\" data-element_type=\"container\" data-settings=\"{&quot;jet_parallax_layout_list&quot;:[],&quot;background_background&quot;:&quot;classic&quot;}\">\n\t\t\t\t\t<div class=\"e-con-inner\">\n\t\t\t\t<div class=\"elementor-element elementor-element-91aa41f elementor-widget elementor-widget-news-mfn-local\" data-id=\"91aa41f\" data-element_type=\"widget\" data-widget_type=\"news-mfn-local.default\">\n\t\t\t\t<div class=\"elementor-widget-container\">\n\t\t\t\t\t        <script>\n            const EolusNewsMFN = {\n                years: [\"2026\",\"2025\",\"2024\",\"2023\",\"2022\",\"2021\"],\n                countries: [\"2026\",\"2025\",\"2024\",\"2023\",\"2022\",\"2021\"],\n                resultsHtml: '',\n                dropdowns: {\n                    years: false,\n                    countries: false,\n                    pressReleaseType: false,\n                },\n                get selectedYearLabel() {\n                    return this.form.year\n                },\n                toggleDropdown(target) {\n                    var oldValue = this.dropdowns[target]\n                    this.dropdowns[target] = !oldValue\n                },\n                formChanged() {\n                    this.dropdowns.years = false\n                    this.dropdowns.countries = false\n                    this.dropdowns.pressReleaseType = false\n                    window.dispatchEvent(new CustomEvent('news-search', {\n                        detail: this.form\n                    }))\n                },\n                form: {\n                    pressReleaseType: 'all',\n                    action: 'news_mfn_search',\n                    search: '',\n                    year: '2026',\n                    country: null,\n                    groupByYear: false,\n                    lang: 'lv'\n                },\n                search() {\n                    var self = this\n\n                    jQuery.ajax({\n                            method: 'POST',\n                            url: 'https:\/\/www.eolus.com\/wp-admin\/admin-ajax.php',\n                            data: self.form\n                        }).done(function(data) {\n                            self.resultsHtml = data\n                        })\n                        .fail(function() {})\n                }\n            }\n        <\/script>\n        <section x-data=\"EolusNewsMFN\" x-on:news-search.window=\"search()\" class=\"mfn-news w-full\">\n            <form x-on:change=\"formChanged()\">\n                <div x-on:click.outside=\"dropdowns.years = false\" class=\"w-full md:w-auto\">\n                    <button x-on:click=\"toggleDropdown('years')\" type=\"button\" class=\"w-full flex justify-center items-center border rounded-full bg-white border-white px-10 py-4 text-xl leading-[1.3] text-v2-accent-dark-blue hover:bg-v2-accent-light-gray hover:border-[#DEDEDE]\">\n                        <svg aria-hidden xmlns=\"http:\/\/www.w3.org\/2000\/svg\" width=\"27.294\" height=\"27.294\" viewBox=\"0 0 27.294 27.294\" class=\"mr-3\">\n                            <g transform=\"translate(-2.25 -2.25)\">\n                                <path d=\"M25.7,3.65H22.546V3.3a1.05,1.05,0,1,0-2.1,0v.35h-9.1V3.3a1.05,1.05,0,1,0-2.1,0v.35H6.1A3.847,3.847,0,0,0,2.25,7.5V25.7A3.847,3.847,0,0,0,6.1,29.544H25.7A3.847,3.847,0,0,0,29.544,25.7V7.5A3.847,3.847,0,0,0,25.7,3.65ZM6.1,5.749H9.249V6.1a1.05,1.05,0,0,0,2.1,0v-.35h9.1V6.1a1.05,1.05,0,1,0,2.1,0v-.35H25.7a1.75,1.75,0,0,1,1.75,1.75v3.149H4.35V7.5A1.75,1.75,0,0,1,6.1,5.749Zm19.6,21.7H6.1A1.75,1.75,0,0,1,4.35,25.7V12.748h23.1V25.7A1.75,1.75,0,0,1,25.7,27.445Z\" fill=\"#405560\" \/>\n                                <path d=\"M9.1,12.25H6.3a1.05,1.05,0,1,0,0,2.1H9.1a1.05,1.05,0,1,0,0-2.1Zm7,0H13.3a1.05,1.05,0,1,0,0,2.1h2.8a1.05,1.05,0,0,0,0-2.1Zm7,0H20.3a1.05,1.05,0,1,0,0,2.1h2.8a1.05,1.05,0,0,0,0-2.1Zm-14,5.6H6.3a1.05,1.05,0,1,0,0,2.1H9.1a1.05,1.05,0,1,0,0-2.1Zm7,0H13.3a1.05,1.05,0,1,0,0,2.1h2.8a1.05,1.05,0,1,0,0-2.1Zm7,0H20.3a1.05,1.05,0,1,0,0,2.1h2.8a1.05,1.05,0,1,0,0-2.1Z\" transform=\"translate(1.199 3.997)\" fill=\"#405560\" \/>\n                            <\/g>\n                        <\/svg>\n\n                        <span class=\"font-fix-translate\" x-text=\"selectedYearLabel\">2026<\/span>\n\n                        <svg x-bind:class=\"{'rotate-180': dropdowns.years}\" xmlns=\"http:\/\/www.w3.org\/2000\/svg\" width=\"16.885\" height=\"9.503\" viewBox=\"0 0 16.885 9.503\" class=\"ml-3\">\n                            <g transform=\"translate(-85.355 -533.486)\">\n                                <line x2=\"7.382\" y2=\"7.382\" transform=\"translate(101.18 534.547) rotate(90)\" fill=\"none\" stroke=\"#405560\" stroke-linecap=\"round\" stroke-width=\"1.5\" \/>\n                                <line x1=\"7.382\" y2=\"7.382\" transform=\"translate(93.798 534.547) rotate(90)\" fill=\"none\" stroke=\"#405560\" stroke-linecap=\"round\" stroke-width=\"1.5\" \/>\n                            <\/g>\n                        <\/svg>\n                    <\/button>\n\n                    <ul x-cloak x-bind:class=\"{'hidden': !dropdowns.years, 'show-animate-appear': dropdowns.years}\" class=\"dropdown-block md:max-w-[260px]\">\n                        <template x-for=\"(year, index) in years\">\n                            <li class=\"w-full relative\">\n                                <label x-bind:class=\"{'item--active': form.year === year}\" class=\"item\">\n                                    <input x-model=\"form.year\" x-bind:value=\"year\" type=\"radio\" class=\"absolute opacity-0\">\n\n                                    <span x-text=\"year\" class=\"underline-target\"><\/span>\n                                <\/label>\n                            <\/li>\n                        <\/template>\n                    <\/ul>\n                <\/div>\n            <\/form>\n\n            <div class=\"mfn-news-container\">\n                <div x-show=\"!resultsHtml\" class=\"results\">\n                                <article>\n                <img fetchpriority=\"high\" decoding=\"async\" width=\"1024\" height=\"1024\" src=\"https:\/\/www.eolus.com\/wp-content\/uploads\/2026\/04\/wind-turbine-foundation-pienava-wind-park-latvia-1024x1024.png\" class=\"attachment-large size-large\" alt=\"\" srcset=\"https:\/\/www.eolus.com\/wp-content\/uploads\/2026\/04\/wind-turbine-foundation-pienava-wind-park-latvia-1024x1024.png 1024w, https:\/\/www.eolus.com\/wp-content\/uploads\/2026\/04\/wind-turbine-foundation-pienava-wind-park-latvia-300x300.png 300w, https:\/\/www.eolus.com\/wp-content\/uploads\/2026\/04\/wind-turbine-foundation-pienava-wind-park-latvia-150x150.png 150w, https:\/\/www.eolus.com\/wp-content\/uploads\/2026\/04\/wind-turbine-foundation-pienava-wind-park-latvia-768x768.png 768w, https:\/\/www.eolus.com\/wp-content\/uploads\/2026\/04\/wind-turbine-foundation-pienava-wind-park-latvia-1536x1536.png 1536w, https:\/\/www.eolus.com\/wp-content\/uploads\/2026\/04\/wind-turbine-foundation-pienava-wind-park-latvia-2048x2048.png 2048w, https:\/\/www.eolus.com\/wp-content\/uploads\/2026\/04\/wind-turbine-foundation-pienava-wind-park-latvia-540x540.png 540w\" sizes=\"(max-width: 1024px) 100vw, 1024px\" \/>\n                <div class=\"flex flex-col\">\n                    <div class=\"meta-bar\">\n                        <time datetime=\"2026-04-07 16:00\">7. apr\u012blis 2026 16:00<\/time>\n                        <span class=\"font-bold leading-3 text-2xl text-v2-accent-dark-gray\">&middot;<\/span> Las\u012b\u0161anas laiks 2 min\u016btes                    <\/div>\n\n                    <h2>\n                        Ir pabeigta visu Pienavas v\u0113ja parku tub\u012bnu pamata uzb\u016bve                    <\/h2>\n\n                                            <p>Pabeigta visu Pienavas v&#275;ja parka turb&#299;nu pamatu izb&#363;ve &mdash; viens no noz&#299;m&#299;g&#257;kajiem b&#363;vniec&#299;bas posmiem, kas &#316;auj turpin&#257;t turb&#299;nu mont&#257;&#382;u p&#275;c&hellip;<\/p>\n                    \n                    <a href=\"https:\/\/www.eolus.com\/lv\/blog\/mfn_news\/ir-pabeigta-visu-pienavas-veja-parku-tubinu-pamata-uzbuve\/\">Las\u012bt vair\u0101k<\/a>\n                <\/div>\n            <\/article>\n                        <\/div>\n                <div x-cloak x-show=\"resultsHtml\" x-html=\"resultsHtml\" class=\"results\"><\/div>\n            <\/div>\n        <\/section>\n\t\t\t\t<\/div>\n\t\t\t\t<\/div>\n\t\t\t\t<div class=\"elementor-element elementor-element-0e154f3 elementor-widget elementor-widget-news-list-mfn-local\" data-id=\"0e154f3\" data-element_type=\"widget\" data-widget_type=\"news-list-mfn-local.default\">\n\t\t\t\t<div class=\"elementor-widget-container\">\n\t\t\t\t\t        <script>\n            const EolusNewsListMFN = {\n                resultsHtml: '',\n                noSearchResultsFound: true,\n                search: function(form) {\n                    var self = this\n\n                    form = {\n                        ...form,\n                        action: 'news_list_mfn_search',\n                        skipCount: 4,\n                        lang: 'lv'\n                    }\n\n                    jQuery.ajax({\n                            method: 'POST',\n                            url: 'https:\/\/www.eolus.com\/wp-admin\/admin-ajax.php',\n                            data: form\n                        }).done(function(data) {\n                            self.resultsHtml = data\n\n                            self.noSearchResultsFound = self.resultsHtml === '<div><\/div>'\n                        })\n                        .fail(function() {})\n                }\n            }\n        <\/script>\n        <section x-data=\"EolusNewsListMFN\" x-on:news-search.window=\"search($event.detail)\" class=\"mfn-news-list\">\n            <h2 x-show=\"!noSearchResultsFound\"><\/h2>\n\n            <ul x-show=\"!resultsHtml\">\n                            <\/ul>\n\n            <ul x-cloak x-show=\"resultsHtml\" x-html=\"resultsHtml\"><\/ul>\n        <\/section>\n\t\t\t\t<\/div>\n\t\t\t\t<\/div>\n\t\t\t\t\t<\/div>\n\t\t\t\t<\/div>\n\t\t\t\t<\/div>\n\t\t<script>\n                Array.prototype.slice.call(document.querySelectorAll(\".mfn-footer.mfn-attachment\")).forEach(function (el) { el.remove() });\n            <\/script>\n        <div class=\"mfn-attachments-container\"><div class=\"mfn-attachment mfn-primary\"><a class=\"mfn-attachment-link\" href=\"https:\/\/storage.mfn.se\/e02bafac-0ac9-49b2-a23d-259f28c670f1\/ir-pabeigta-visu-pienavas-veja-parku-tubinu-pamata-uzbuve.pdf\"><span class=\"mfn-attachment-icon\"><img decoding=\"async\" src=\"https:\/\/storage.mfn.se\/e02bafac-0ac9-49b2-a23d-259f28c670f1\/ir-pabeigta-visu-pienavas-veja-parku-tubinu-pamata-uzbuve.pdf?type=jpg\"><\/span>Ir pabeigta visu Pienavas v\u0113ja parku tub\u012bnu pamata uzb\u016bve<\/a><\/div><div class=\"mfn-attachment mfn-image-primary\"><a class=\"mfn-attachment-link\" href=\"https:\/\/storage.mfn.se\/c1b471c8-e7c8-4f09-b85b-dc9dd66ddd04\/wind-turbine-foundation-pienava-wind-park-latvia.png\"><span class=\"mfn-attachment-icon\"><img decoding=\"async\" src=\"https:\/\/storage.mfn.se\/c1b471c8-e7c8-4f09-b85b-dc9dd66ddd04\/wind-turbine-foundation-pienava-wind-park-latvia.png?size=w-512\"><\/span>Wind turbine foundation, Pienava Wind Park, Latvia<\/a><\/div><div class=\"mfn-attachment\"><a class=\"mfn-attachment-link\" href=\"https:\/\/storage.mfn.se\/7c77837f-679b-4eae-8368-67fae477deb8\/completed-foundation-pienava-wind-park-latvia.png\"><span class=\"mfn-attachment-icon\"><img decoding=\"async\" src=\"https:\/\/storage.mfn.se\/7c77837f-679b-4eae-8368-67fae477deb8\/completed-foundation-pienava-wind-park-latvia.png?size=w-512\"><\/span>Completed foundation, Pienava Wind Park, Latvia<\/a><\/div><div class=\"mfn-attachment\"><a class=\"mfn-attachment-link\" href=\"https:\/\/storage.mfn.se\/1f78ceee-ae33-4152-9208-1613bcc81162\/casting-of-foundations-pienava-wind-park-latvia.png\"><span class=\"mfn-attachment-icon\"><img decoding=\"async\" src=\"https:\/\/storage.mfn.se\/1f78ceee-ae33-4152-9208-1613bcc81162\/casting-of-foundations-pienava-wind-park-latvia.png?size=w-512\"><\/span>Casting of foundations, Pienava Wind Park, Latvia<\/a><\/div><div class=\"mfn-attachment\"><a class=\"mfn-attachment-link\" href=\"https:\/\/storage.mfn.se\/ace05a7c-ebfb-4269-bbc4-7d86f14d1163\/wind-turbine-foundation-pienava-wind-park-latvia.png\"><span class=\"mfn-attachment-icon\"><img decoding=\"async\" src=\"https:\/\/storage.mfn.se\/ace05a7c-ebfb-4269-bbc4-7d86f14d1163\/wind-turbine-foundation-pienava-wind-park-latvia.png?size=w-512\"><\/span>Wind turbine foundation, Pienava Wind Park, Latvia<\/a><\/div><div class=\"mfn-attachment\"><a class=\"mfn-attachment-link\" href=\"https:\/\/storage.mfn.se\/3f19761a-8416-44b5-b878-19118d8b39a4\/wind-turbine-foundation-and-roads-pienava-wind-park-latvia.png\"><span class=\"mfn-attachment-icon\"><img decoding=\"async\" src=\"https:\/\/storage.mfn.se\/3f19761a-8416-44b5-b878-19118d8b39a4\/wind-turbine-foundation-and-roads-pienava-wind-park-latvia.png?size=w-512\"><\/span>Wind turbine foundation and roads, Pienava Wind Park, Latvia<\/a><\/div><\/div>","protected":false},"excerpt":{"rendered":"<p>\u0160eit tu atrad\u012bsi viet\u0113j\u0101s zi\u0146as no Eolus Baltij\u0101. Liel\u0101kie uz\u0146\u0113mumu notikumi tiek pazi\u0146oti ar preses pazi\u0146ojumiem. 2024 13 februari 2024 11:00 &middot; 4 minuters l\u00e4stid Eolus presenterar ers\u00e4ttning till de som bor n\u00e4ra planerad vindkraftspark Inf&ouml;r att tillst&aring;ndsans&ouml;kan snart skickas in presenterar Eolus en ny modell f&ouml;r n&auml;rboendeers&auml;ttning och bygdemedel f&ouml;r Kesemossen vindkraftspark v&auml;ster om&hellip; [&hellip;]<\/p>\n","protected":false},"author":16,"featured_media":0,"parent":0,"menu_order":0,"comment_status":"closed","ping_status":"closed","template":"","meta":{"_acf_changed":false,"footnotes":""},"class_list":["post-28089","page","type-page","status-publish","hentry"],"acf":[],"yoast_head":"<!-- This site is optimized with the Yoast SEO plugin v26.5 - https:\/\/yoast.com\/wordpress\/plugins\/seo\/ -->\n<title>Viet\u0113j\u0101s zi\u0146as - Eolus<\/title>\n<meta name=\"robots\" content=\"index, follow, max-snippet:-1, max-image-preview:large, max-video-preview:-1\" \/>\n<link rel=\"canonical\" href=\"https:\/\/www.eolus.com\/lokala-nyheter\/\" \/>\n<meta property=\"og:locale\" content=\"lv_LV\" \/>\n<meta property=\"og:type\" content=\"article\" \/>\n<meta property=\"og:title\" content=\"Viet\u0113j\u0101s zi\u0146as - Eolus\" \/>\n<meta property=\"og:description\" content=\"\u0160eit tu atrad\u012bsi viet\u0113j\u0101s zi\u0146as no Eolus Baltij\u0101. Liel\u0101kie uz\u0146\u0113mumu notikumi tiek pazi\u0146oti ar preses pazi\u0146ojumiem. 2024 13 februari 2024 11:00 &middot; 4 minuters l\u00e4stid Eolus presenterar ers\u00e4ttning till de som bor n\u00e4ra planerad vindkraftspark Inf&ouml;r att tillst&aring;ndsans&ouml;kan snart skickas in presenterar Eolus en ny modell f&ouml;r n&auml;rboendeers&auml;ttning och bygdemedel f&ouml;r Kesemossen vindkraftspark v&auml;ster om&hellip; [&hellip;]\" \/>\n<meta property=\"og:url\" content=\"https:\/\/www.eolus.com\/lokala-nyheter\/\" \/>\n<meta property=\"og:site_name\" content=\"Eolus\" \/>\n<meta property=\"article:modified_time\" content=\"2024-04-02T12:18:25+00:00\" \/>\n<meta property=\"og:image\" content=\"https:\/\/www.eolus.com\/wp-content\/uploads\/2024\/01\/istock-1247794854-1024x681.jpeg\" \/>\n<meta name=\"twitter:card\" content=\"summary_large_image\" \/>\n<meta name=\"twitter:label1\" content=\"Est. reading time\" \/>\n\t<meta name=\"twitter:data1\" content=\"1 minute\" \/>\n<script type=\"application\/ld+json\" class=\"yoast-schema-graph\">{\"@context\":\"https:\/\/schema.org\",\"@graph\":[{\"@type\":\"WebPage\",\"@id\":\"https:\/\/www.eolus.com\/lokala-nyheter\/\",\"url\":\"https:\/\/www.eolus.com\/lokala-nyheter\/\",\"name\":\"Viet\u0113j\u0101s zi\u0146as - Eolus\",\"isPartOf\":{\"@id\":\"https:\/\/www.eolus.com\/#website\"},\"primaryImageOfPage\":{\"@id\":\"https:\/\/www.eolus.com\/lokala-nyheter\/#primaryimage\"},\"image\":{\"@id\":\"https:\/\/www.eolus.com\/lokala-nyheter\/#primaryimage\"},\"thumbnailUrl\":\"https:\/\/www.eolus.com\/wp-content\/uploads\/2024\/02\/A7R3366-1024x683.jpg\",\"datePublished\":\"2024-01-18T13:26:21+00:00\",\"dateModified\":\"2024-04-02T12:18:25+00:00\",\"breadcrumb\":{\"@id\":\"https:\/\/www.eolus.com\/lokala-nyheter\/#breadcrumb\"},\"inLanguage\":\"lv-LV\",\"potentialAction\":[{\"@type\":\"ReadAction\",\"target\":[\"https:\/\/www.eolus.com\/lokala-nyheter\/\"]}]},{\"@type\":\"ImageObject\",\"inLanguage\":\"lv-LV\",\"@id\":\"https:\/\/www.eolus.com\/lokala-nyheter\/#primaryimage\",\"url\":\"https:\/\/www.eolus.com\/wp-content\/uploads\/2024\/02\/A7R3366-1024x683.jpg\",\"contentUrl\":\"https:\/\/www.eolus.com\/wp-content\/uploads\/2024\/02\/A7R3366-1024x683.jpg\"},{\"@type\":\"BreadcrumbList\",\"@id\":\"https:\/\/www.eolus.com\/lokala-nyheter\/#breadcrumb\",\"itemListElement\":[{\"@type\":\"ListItem\",\"position\":1,\"name\":\"Home\",\"item\":\"https:\/\/www.eolus.com\/lv\/\"},{\"@type\":\"ListItem\",\"position\":2,\"name\":\"Viet\u0113j\u0101s zi\u0146as\"}]},{\"@type\":\"WebSite\",\"@id\":\"https:\/\/www.eolus.com\/#website\",\"url\":\"https:\/\/www.eolus.com\/\",\"name\":\"Eolus\",\"description\":\"Shaping the Future of Renewable Energy\",\"potentialAction\":[{\"@type\":\"SearchAction\",\"target\":{\"@type\":\"EntryPoint\",\"urlTemplate\":\"https:\/\/www.eolus.com\/?s={search_term_string}\"},\"query-input\":{\"@type\":\"PropertyValueSpecification\",\"valueRequired\":true,\"valueName\":\"search_term_string\"}}],\"inLanguage\":\"lv-LV\"}]}<\/script>\n<!-- \/ Yoast SEO plugin. -->","yoast_head_json":{"title":"Viet\u0113j\u0101s zi\u0146as - Eolus","robots":{"index":"index","follow":"follow","max-snippet":"max-snippet:-1","max-image-preview":"max-image-preview:large","max-video-preview":"max-video-preview:-1"},"canonical":"https:\/\/www.eolus.com\/lokala-nyheter\/","og_locale":"lv_LV","og_type":"article","og_title":"Viet\u0113j\u0101s zi\u0146as - Eolus","og_description":"\u0160eit tu atrad\u012bsi viet\u0113j\u0101s zi\u0146as no Eolus Baltij\u0101. Liel\u0101kie uz\u0146\u0113mumu notikumi tiek pazi\u0146oti ar preses pazi\u0146ojumiem. 2024 13 februari 2024 11:00 &middot; 4 minuters l\u00e4stid Eolus presenterar ers\u00e4ttning till de som bor n\u00e4ra planerad vindkraftspark Inf&ouml;r att tillst&aring;ndsans&ouml;kan snart skickas in presenterar Eolus en ny modell f&ouml;r n&auml;rboendeers&auml;ttning och bygdemedel f&ouml;r Kesemossen vindkraftspark v&auml;ster om&hellip; [&hellip;]","og_url":"https:\/\/www.eolus.com\/lokala-nyheter\/","og_site_name":"Eolus","article_modified_time":"2024-04-02T12:18:25+00:00","og_image":[{"url":"https:\/\/www.eolus.com\/wp-content\/uploads\/2024\/01\/istock-1247794854-1024x681.jpeg","type":"","width":"","height":""}],"twitter_card":"summary_large_image","twitter_misc":{"Est. reading time":"1 minute"},"schema":{"@context":"https:\/\/schema.org","@graph":[{"@type":"WebPage","@id":"https:\/\/www.eolus.com\/lokala-nyheter\/","url":"https:\/\/www.eolus.com\/lokala-nyheter\/","name":"Viet\u0113j\u0101s zi\u0146as - Eolus","isPartOf":{"@id":"https:\/\/www.eolus.com\/#website"},"primaryImageOfPage":{"@id":"https:\/\/www.eolus.com\/lokala-nyheter\/#primaryimage"},"image":{"@id":"https:\/\/www.eolus.com\/lokala-nyheter\/#primaryimage"},"thumbnailUrl":"https:\/\/www.eolus.com\/wp-content\/uploads\/2024\/02\/A7R3366-1024x683.jpg","datePublished":"2024-01-18T13:26:21+00:00","dateModified":"2024-04-02T12:18:25+00:00","breadcrumb":{"@id":"https:\/\/www.eolus.com\/lokala-nyheter\/#breadcrumb"},"inLanguage":"lv-LV","potentialAction":[{"@type":"ReadAction","target":["https:\/\/www.eolus.com\/lokala-nyheter\/"]}]},{"@type":"ImageObject","inLanguage":"lv-LV","@id":"https:\/\/www.eolus.com\/lokala-nyheter\/#primaryimage","url":"https:\/\/www.eolus.com\/wp-content\/uploads\/2024\/02\/A7R3366-1024x683.jpg","contentUrl":"https:\/\/www.eolus.com\/wp-content\/uploads\/2024\/02\/A7R3366-1024x683.jpg"},{"@type":"BreadcrumbList","@id":"https:\/\/www.eolus.com\/lokala-nyheter\/#breadcrumb","itemListElement":[{"@type":"ListItem","position":1,"name":"Home","item":"https:\/\/www.eolus.com\/lv\/"},{"@type":"ListItem","position":2,"name":"Viet\u0113j\u0101s zi\u0146as"}]},{"@type":"WebSite","@id":"https:\/\/www.eolus.com\/#website","url":"https:\/\/www.eolus.com\/","name":"Eolus","description":"Shaping the Future of Renewable Energy","potentialAction":[{"@type":"SearchAction","target":{"@type":"EntryPoint","urlTemplate":"https:\/\/www.eolus.com\/?s={search_term_string}"},"query-input":{"@type":"PropertyValueSpecification","valueRequired":true,"valueName":"search_term_string"}}],"inLanguage":"lv-LV"}]}},"_links":{"self":[{"href":"https:\/\/www.eolus.com\/lv\/wp-json\/wp\/v2\/pages\/28089","targetHints":{"allow":["GET"]}}],"collection":[{"href":"https:\/\/www.eolus.com\/lv\/wp-json\/wp\/v2\/pages"}],"about":[{"href":"https:\/\/www.eolus.com\/lv\/wp-json\/wp\/v2\/types\/page"}],"author":[{"embeddable":true,"href":"https:\/\/www.eolus.com\/lv\/wp-json\/wp\/v2\/users\/16"}],"replies":[{"embeddable":true,"href":"https:\/\/www.eolus.com\/lv\/wp-json\/wp\/v2\/comments?post=28089"}],"version-history":[{"count":4,"href":"https:\/\/www.eolus.com\/lv\/wp-json\/wp\/v2\/pages\/28089\/revisions"}],"predecessor-version":[{"id":53893,"href":"https:\/\/www.eolus.com\/lv\/wp-json\/wp\/v2\/pages\/28089\/revisions\/53893"}],"wp:attachment":[{"href":"https:\/\/www.eolus.com\/lv\/wp-json\/wp\/v2\/media?parent=28089"}],"curies":[{"name":"wp","href":"https:\/\/api.w.org\/{rel}","templated":true}]}}