{"id":64741,"date":"2026-04-28T10:23:42","date_gmt":"2026-04-28T08:23:42","guid":{"rendered":"https:\/\/www.eolus.com\/karjera\/"},"modified":"2026-04-28T10:23:44","modified_gmt":"2026-04-28T08:23:44","slug":"karjera","status":"publish","type":"page","link":"https:\/\/www.eolus.com\/lv\/karjera\/","title":{"rendered":"Karjera"},"content":{"rendered":"\t\t<div data-elementor-type=\"wp-page\" data-elementor-id=\"64741\" class=\"elementor elementor-64741 elementor-64661\" data-elementor-post-type=\"page\">\n\t\t\t\t<div class=\"elementor-element elementor-element-07a3358 e-con-full e-flex e-con e-parent\" data-id=\"07a3358\" data-element_type=\"container\" data-e-type=\"container\" data-settings=\"{&quot;jet_parallax_layout_list&quot;:[]}\">\n\t\t\t\t<div class=\"elementor-element elementor-element-ff62bef elementor-widget elementor-widget-hero-ir\" data-id=\"ff62bef\" data-element_type=\"widget\" data-e-type=\"widget\" data-widget_type=\"hero-ir.default\">\n\t\t\t\t<div class=\"elementor-widget-container\">\n\t\t\t\t\t        <section class=\"relative overflow-hidden text-white flex flex-col justify-end items-start w-full pt-20 pb-16 min-h-[560px] bg-cover bg-center bg-no-repeat\" style=\"background-color: #78A1BC; background-image: url(&#039;https:\/\/www.eolus.com\/wp-content\/uploads\/2026\/04\/eolus_career5.webp&#039;)\">\n\n            <div class=\"absolute inset-0 bg-gradient-to-b from-v2-blue-500 to-v2-blue-400 mix-blend-overlay pointer-events-none\" style=\"opacity: 0;\"><\/div>\n\n            <div class=\"relative z-10 w-full max-w-full lg:max-w-[1488px] mx-auto px-6 md:px-8 flex flex-col gap-8 lg:flex-row lg:items-end\">\n                <div class=\"flex-1 min-w-0 flex flex-col justify-end gap-6 min-h-[320px]\">\n                    <h2 class=\"hero-heading\">Pievienojies Eolus<\/h2>\n                                    <\/div>\n\n                            <\/div>\n        <\/section>\n\t\t\t\t<\/div>\n\t\t\t\t<\/div>\n\t\t\t\t<\/div>\n\t\t<div class=\"elementor-element elementor-element-5f17e5e e-con-full animated-slow e-flex elementor-invisible e-con e-parent\" data-id=\"5f17e5e\" data-element_type=\"container\" data-e-type=\"container\" data-settings=\"{&quot;background_background&quot;:&quot;classic&quot;,&quot;animation&quot;:&quot;fadeIn&quot;,&quot;jet_parallax_layout_list&quot;:[]}\">\n\t\t<div class=\"elementor-element elementor-element-e2c48f5 e-flex e-con-boxed e-con e-child\" data-id=\"e2c48f5\" data-element_type=\"container\" data-e-type=\"container\" data-settings=\"{&quot;jet_parallax_layout_list&quot;:[]}\">\n\t\t\t\t\t<div class=\"e-con-inner\">\n\t\t<div class=\"elementor-element elementor-element-e49488b e-con-full e-flex e-con e-child\" data-id=\"e49488b\" data-element_type=\"container\" data-e-type=\"container\" data-settings=\"{&quot;jet_parallax_layout_list&quot;:[]}\">\n\t\t\t\t<div class=\"elementor-element elementor-element-d0e547e elementor-invisible elementor-widget elementor-widget-heading\" data-id=\"d0e547e\" data-element_type=\"widget\" data-e-type=\"widget\" data-settings=\"{&quot;_animation&quot;:&quot;fadeIn&quot;}\" data-widget_type=\"heading.default\">\n\t\t\t\t<div class=\"elementor-widget-container\">\n\t\t\t\t\t<h4 class=\"elementor-heading-title elementor-size-default\">Karjera<\/h4>\t\t\t\t<\/div>\n\t\t\t\t<\/div>\n\t\t\t\t<div class=\"elementor-element elementor-element-9705bb7 elementor-invisible elementor-widget elementor-widget-text-editor\" data-id=\"9705bb7\" data-element_type=\"widget\" data-e-type=\"widget\" data-settings=\"{&quot;_animation&quot;:&quot;fadeIn&quot;,&quot;_animation_delay&quot;:&quot;200&quot;}\" data-widget_type=\"text-editor.default\">\n\t\t\t\t<div class=\"elementor-widget-container\">\n\t\t\t\t\t\t\t\t\t<p><b><i>Veidojot atjaunojam\u0101s ener\u0123ijas n\u0101kotni<\/i><\/b><\/p>\n<p>Uz\u0146\u0113mum\u0101 Eolus m\u0113s esam ap\u0146\u0113mu\u0161ies veidot atjaunojam\u0101s ener\u0123ijas n\u0101kotni, kur ikviens var dz\u012bvot piepild\u012btu un ilgtsp\u0113j\u012bgu dz\u012bvi. Kop\u0161 dibin\u0101\u0161anas 1990. gad\u0101 m\u0113s att\u012bst\u0101m projektus Eirop\u0101 un Zieme\u013camerik\u0101.<\/p>\n<p>M\u016bsu pan\u0101kumu pamat\u0101 ir inov\u0101cijas, t\u0101lredz\u012bga pieeja un sp\u0113c\u012bga sadarb\u012bbas kult\u016bra. Pievienojies Eolus un izmanto iesp\u0113ju re\u0101li ietekm\u0113t ener\u0123\u0113tikas transform\u0101ciju, veicinot inovat\u012bvu risin\u0101jumu rad\u012b\u0161anu.<\/p>\n\t\t\t\t\t\t\t\t<\/div>\n\t\t\t\t<\/div>\n\t\t\t\t<div class=\"elementor-element elementor-element-8a07f07 elementor-widget elementor-widget-hero_button\" data-id=\"8a07f07\" data-element_type=\"widget\" data-e-type=\"widget\" data-widget_type=\"hero_button.default\">\n\t\t\t\t<div class=\"elementor-widget-container\">\n\t\t\t\t\t        <a href=\"https:\/\/www.eolus.com\/lv\/?page_id=59773\" class=\"hero-button hero-button--small\">\n            <span class=\"hero-button-icon\">\n                <svg xmlns=\"http:\/\/www.w3.org\/2000\/svg\" width=\"17.2\" height=\"17.2\" viewBox=\"0 0 17.2 17.2\">\n                    <path d=\"M12.081.628A1.029,1.029,0,0,0,11.149,0H1.019a1.013,1.013,0,0,0,0,2.026H8.708L.3,10.424a1.017,1.017,0,1,0,1.439,1.439l8.4-8.408v7.689a1.013,1.013,0,1,0,2.026,0V1.013A1.013,1.013,0,0,0,12.081.628Z\" transform=\"translate(8.6) rotate(45)\" fill=\"#fff\" \/>\n                <\/svg>\n            <\/span>\n            Open positions (EN)        <\/a>\n\t\t\t\t<\/div>\n\t\t\t\t<\/div>\n\t\t\t\t<\/div>\n\t\t<div class=\"elementor-element elementor-element-42bfd52 e-con-full e-flex e-con e-child\" data-id=\"42bfd52\" data-element_type=\"container\" data-e-type=\"container\" data-settings=\"{&quot;jet_parallax_layout_list&quot;:[]}\">\n\t\t<div class=\"elementor-element elementor-element-12895e5 elementor-hidden-mobile e-flex e-con-boxed elementor-invisible e-con e-child\" data-id=\"12895e5\" data-element_type=\"container\" data-e-type=\"container\" data-settings=\"{&quot;jet_parallax_layout_list&quot;:[],&quot;animation&quot;:&quot;fadeIn&quot;,&quot;animation_delay&quot;:&quot;100&quot;}\">\n\t\t\t\t\t<div class=\"e-con-inner\">\n\t\t\t\t<div class=\"elementor-element elementor-element-54fea20 elementor-cta--layout-image-above elementor-cta--skin-classic elementor-animated-content elementor-widget elementor-widget-call-to-action\" data-id=\"54fea20\" data-element_type=\"widget\" data-e-type=\"widget\" data-widget_type=\"call-to-action.default\">\n\t\t\t\t<div class=\"elementor-widget-container\">\n\t\t\t\t\t\t\t<div class=\"elementor-cta\">\n\t\t\t\t\t<div class=\"elementor-cta__bg-wrapper\">\n\t\t\t\t<div class=\"elementor-cta__bg elementor-bg\" style=\"background-image: url(https:\/\/www.eolus.com\/wp-content\/uploads\/2025\/04\/2024.09.18_AspenasHerrgard-2-11-1024x683.jpg);\" role=\"img\" aria-label=\"2024.09.18_Aspen\u00e4sHerrg\u00e5rd-2-11\"><\/div>\n\t\t\t\t<div class=\"elementor-cta__bg-overlay\"><\/div>\n\t\t\t<\/div>\n\t\t\t\t\t\t\t<div class=\"elementor-cta__content\">\n\t\t\t\t\n\t\t\t\t\t\t\t\t\t<h5 class=\"elementor-cta__title elementor-cta__content-item elementor-content-item\">\n\t\t\t\t\t\tStr\u0101d\u0101 Eolus\t\t\t\t\t<\/h5>\n\t\t\t\t\n\t\t\t\t\t\t\t\t\t<div class=\"elementor-cta__description elementor-cta__content-item elementor-content-item\">\n\t\t\t\t\t\t<p>Uzzini vair\u0101k par mums un m\u016bsu v\u0113rt\u012bb\u0101m.<\/p>\n\t\t\t\t\t<\/div>\n\t\t\t\t\n\t\t\t\t\t\t\t<\/div>\n\t\t\t\t\t\t<\/div>\n\t\t\t\t\t\t<\/div>\n\t\t\t\t<\/div>\n\t\t\t\t\t<\/div>\n\t\t\t\t<\/div>\n\t\t\t\t<\/div>\n\t\t\t\t\t<\/div>\n\t\t\t\t<\/div>\n\t\t\t\t<\/div>\n\t\t<div class=\"elementor-element elementor-element-88564ad e-flex e-con-boxed e-con e-parent\" data-id=\"88564ad\" data-element_type=\"container\" data-e-type=\"container\" data-settings=\"{&quot;jet_parallax_layout_list&quot;:[]}\">\n\t\t\t\t\t<div class=\"e-con-inner\">\n\t\t\t\t\t<\/div>\n\t\t\t\t<\/div>\n\t\t\t\t<\/div>\n\t\t","protected":false},"excerpt":{"rendered":"<p>Pievienojies Eolus Veidojot atjaunojam\u0101s ener\u0123ijas n\u0101kotni Uz\u0146\u0113mum\u0101 Eolus m\u0113s esam ap\u0146\u0113mu\u0161ies veidot atjaunojam\u0101s ener\u0123ijas n\u0101kotni, kur ikviens var dz\u012bvot piepild\u012btu un ilgtsp\u0113j\u012bgu dz\u012bvi. Kop\u0161 dibin\u0101\u0161anas 1990. gad\u0101 m\u0113s att\u012bst\u0101m projektus Eirop\u0101 un Zieme\u013camerik\u0101. M\u016bsu pan\u0101kumu pamat\u0101 ir inov\u0101cijas, t\u0101lredz\u012bga pieeja un sp\u0113c\u012bga sadarb\u012bbas kult\u016bra. Pievienojies Eolus un izmanto iesp\u0113ju re\u0101li ietekm\u0113t ener\u0123\u0113tikas transform\u0101ciju, veicinot inovat\u012bvu [&hellip;]<\/p>\n","protected":false},"author":17,"featured_media":0,"parent":0,"menu_order":0,"comment_status":"closed","ping_status":"closed","template":"","meta":{"_acf_changed":false,"footnotes":""},"class_list":["post-64741","page","type-page","status-publish","hentry"],"acf":[],"yoast_head":"<!-- This site is optimized with the Yoast SEO plugin v27.3 - https:\/\/yoast.com\/product\/yoast-seo-wordpress\/ -->\n<title>Karjera - Eolus<\/title>\n<meta name=\"robots\" content=\"index, follow, max-snippet:-1, max-image-preview:large, max-video-preview:-1\" \/>\n<link rel=\"canonical\" href=\"https:\/\/www.eolus.com\/lv\/karjera\/\" \/>\n<meta property=\"og:locale\" content=\"lv_LV\" \/>\n<meta property=\"og:type\" content=\"article\" \/>\n<meta property=\"og:title\" content=\"Karjera - Eolus\" \/>\n<meta property=\"og:description\" content=\"Pievienojies Eolus Veidojot atjaunojam\u0101s ener\u0123ijas n\u0101kotni Uz\u0146\u0113mum\u0101 Eolus m\u0113s esam ap\u0146\u0113mu\u0161ies veidot atjaunojam\u0101s ener\u0123ijas n\u0101kotni, kur ikviens var dz\u012bvot piepild\u012btu un ilgtsp\u0113j\u012bgu dz\u012bvi. Kop\u0161 dibin\u0101\u0161anas 1990. gad\u0101 m\u0113s att\u012bst\u0101m projektus Eirop\u0101 un Zieme\u013camerik\u0101. M\u016bsu pan\u0101kumu pamat\u0101 ir inov\u0101cijas, t\u0101lredz\u012bga pieeja un sp\u0113c\u012bga sadarb\u012bbas kult\u016bra. Pievienojies Eolus un izmanto iesp\u0113ju re\u0101li ietekm\u0113t ener\u0123\u0113tikas transform\u0101ciju, veicinot inovat\u012bvu [&hellip;]\" \/>\n<meta property=\"og:url\" content=\"https:\/\/www.eolus.com\/lv\/karjera\/\" \/>\n<meta property=\"og:site_name\" content=\"Eolus\" \/>\n<meta property=\"article:modified_time\" content=\"2026-04-28T08:23:44+00:00\" \/>\n<meta name=\"twitter:card\" content=\"summary_large_image\" \/>\n<meta name=\"twitter:label1\" content=\"Est. reading time\" \/>\n\t<meta name=\"twitter:data1\" content=\"1 minute\" \/>\n<script type=\"application\/ld+json\" class=\"yoast-schema-graph\">{\"@context\":\"https:\\\/\\\/schema.org\",\"@graph\":[{\"@type\":\"WebPage\",\"@id\":\"https:\\\/\\\/www.eolus.com\\\/lv\\\/karjera\\\/\",\"url\":\"https:\\\/\\\/www.eolus.com\\\/lv\\\/karjera\\\/\",\"name\":\"Karjera - Eolus\",\"isPartOf\":{\"@id\":\"https:\\\/\\\/www.eolus.com\\\/#website\"},\"datePublished\":\"2026-04-28T08:23:42+00:00\",\"dateModified\":\"2026-04-28T08:23:44+00:00\",\"breadcrumb\":{\"@id\":\"https:\\\/\\\/www.eolus.com\\\/lv\\\/karjera\\\/#breadcrumb\"},\"inLanguage\":\"lv-LV\",\"potentialAction\":[{\"@type\":\"ReadAction\",\"target\":[\"https:\\\/\\\/www.eolus.com\\\/lv\\\/karjera\\\/\"]}]},{\"@type\":\"BreadcrumbList\",\"@id\":\"https:\\\/\\\/www.eolus.com\\\/lv\\\/karjera\\\/#breadcrumb\",\"itemListElement\":[{\"@type\":\"ListItem\",\"position\":1,\"name\":\"Home\",\"item\":\"https:\\\/\\\/www.eolus.com\\\/lv\\\/\"},{\"@type\":\"ListItem\",\"position\":2,\"name\":\"Karjera\"}]},{\"@type\":\"WebSite\",\"@id\":\"https:\\\/\\\/www.eolus.com\\\/#website\",\"url\":\"https:\\\/\\\/www.eolus.com\\\/\",\"name\":\"Eolus\",\"description\":\"Shaping the Future of Renewable Energy\",\"potentialAction\":[{\"@type\":\"SearchAction\",\"target\":{\"@type\":\"EntryPoint\",\"urlTemplate\":\"https:\\\/\\\/www.eolus.com\\\/?s={search_term_string}\"},\"query-input\":{\"@type\":\"PropertyValueSpecification\",\"valueRequired\":true,\"valueName\":\"search_term_string\"}}],\"inLanguage\":\"lv-LV\"}]}<\/script>\n<!-- \/ Yoast SEO plugin. -->","yoast_head_json":{"title":"Karjera - Eolus","robots":{"index":"index","follow":"follow","max-snippet":"max-snippet:-1","max-image-preview":"max-image-preview:large","max-video-preview":"max-video-preview:-1"},"canonical":"https:\/\/www.eolus.com\/lv\/karjera\/","og_locale":"lv_LV","og_type":"article","og_title":"Karjera - Eolus","og_description":"Pievienojies Eolus Veidojot atjaunojam\u0101s ener\u0123ijas n\u0101kotni Uz\u0146\u0113mum\u0101 Eolus m\u0113s esam ap\u0146\u0113mu\u0161ies veidot atjaunojam\u0101s ener\u0123ijas n\u0101kotni, kur ikviens var dz\u012bvot piepild\u012btu un ilgtsp\u0113j\u012bgu dz\u012bvi. Kop\u0161 dibin\u0101\u0161anas 1990. gad\u0101 m\u0113s att\u012bst\u0101m projektus Eirop\u0101 un Zieme\u013camerik\u0101. M\u016bsu pan\u0101kumu pamat\u0101 ir inov\u0101cijas, t\u0101lredz\u012bga pieeja un sp\u0113c\u012bga sadarb\u012bbas kult\u016bra. Pievienojies Eolus un izmanto iesp\u0113ju re\u0101li ietekm\u0113t ener\u0123\u0113tikas transform\u0101ciju, veicinot inovat\u012bvu [&hellip;]","og_url":"https:\/\/www.eolus.com\/lv\/karjera\/","og_site_name":"Eolus","article_modified_time":"2026-04-28T08:23:44+00:00","twitter_card":"summary_large_image","twitter_misc":{"Est. reading time":"1 minute"},"schema":{"@context":"https:\/\/schema.org","@graph":[{"@type":"WebPage","@id":"https:\/\/www.eolus.com\/lv\/karjera\/","url":"https:\/\/www.eolus.com\/lv\/karjera\/","name":"Karjera - Eolus","isPartOf":{"@id":"https:\/\/www.eolus.com\/#website"},"datePublished":"2026-04-28T08:23:42+00:00","dateModified":"2026-04-28T08:23:44+00:00","breadcrumb":{"@id":"https:\/\/www.eolus.com\/lv\/karjera\/#breadcrumb"},"inLanguage":"lv-LV","potentialAction":[{"@type":"ReadAction","target":["https:\/\/www.eolus.com\/lv\/karjera\/"]}]},{"@type":"BreadcrumbList","@id":"https:\/\/www.eolus.com\/lv\/karjera\/#breadcrumb","itemListElement":[{"@type":"ListItem","position":1,"name":"Home","item":"https:\/\/www.eolus.com\/lv\/"},{"@type":"ListItem","position":2,"name":"Karjera"}]},{"@type":"WebSite","@id":"https:\/\/www.eolus.com\/#website","url":"https:\/\/www.eolus.com\/","name":"Eolus","description":"Shaping the Future of Renewable Energy","potentialAction":[{"@type":"SearchAction","target":{"@type":"EntryPoint","urlTemplate":"https:\/\/www.eolus.com\/?s={search_term_string}"},"query-input":{"@type":"PropertyValueSpecification","valueRequired":true,"valueName":"search_term_string"}}],"inLanguage":"lv-LV"}]}},"_links":{"self":[{"href":"https:\/\/www.eolus.com\/lv\/wp-json\/wp\/v2\/pages\/64741","targetHints":{"allow":["GET"]}}],"collection":[{"href":"https:\/\/www.eolus.com\/lv\/wp-json\/wp\/v2\/pages"}],"about":[{"href":"https:\/\/www.eolus.com\/lv\/wp-json\/wp\/v2\/types\/page"}],"author":[{"embeddable":true,"href":"https:\/\/www.eolus.com\/lv\/wp-json\/wp\/v2\/users\/17"}],"replies":[{"embeddable":true,"href":"https:\/\/www.eolus.com\/lv\/wp-json\/wp\/v2\/comments?post=64741"}],"version-history":[{"count":1,"href":"https:\/\/www.eolus.com\/lv\/wp-json\/wp\/v2\/pages\/64741\/revisions"}],"predecessor-version":[{"id":64743,"href":"https:\/\/www.eolus.com\/lv\/wp-json\/wp\/v2\/pages\/64741\/revisions\/64743"}],"wp:attachment":[{"href":"https:\/\/www.eolus.com\/lv\/wp-json\/wp\/v2\/media?parent=64741"}],"curies":[{"name":"wp","href":"https:\/\/api.w.org\/{rel}","templated":true}]}}