{"id":27582,"date":"2024-01-16T16:30:19","date_gmt":"2024-01-16T15:30:19","guid":{"rendered":"https:\/\/www.eolus.com\/czym-sie-zajmujemy\/magazynowanie-energii\/"},"modified":"2024-04-03T10:41:34","modified_gmt":"2024-04-03T08:41:34","slug":"magazynowanie-energii","status":"publish","type":"page","link":"https:\/\/www.eolus.com\/pl\/czym-sie-zajmujemy\/magazynowanie-energii\/","title":{"rendered":"Magazynowanie energii"},"content":{"rendered":"\t\t<div data-elementor-type=\"wp-page\" data-elementor-id=\"27582\" class=\"elementor elementor-27582 elementor-22061\" data-elementor-post-type=\"page\">\n\t\t\t\t<div class=\"elementor-element elementor-element-7168706b e-con-full animated-slow e-flex elementor-invisible e-con e-parent\" data-id=\"7168706b\" data-element_type=\"container\" data-settings=\"{&quot;background_background&quot;:&quot;classic&quot;,&quot;animation&quot;:&quot;fadeIn&quot;,&quot;jet_parallax_layout_list&quot;:[]}\">\n\t\t<div class=\"elementor-element elementor-element-75395910 e-flex e-con-boxed e-con e-child\" data-id=\"75395910\" data-element_type=\"container\" data-settings=\"{&quot;jet_parallax_layout_list&quot;:[]}\">\n\t\t\t\t\t<div class=\"e-con-inner\">\n\t\t<div class=\"elementor-element elementor-element-57ee02d1 e-con-full e-flex e-con e-child\" data-id=\"57ee02d1\" data-element_type=\"container\" data-settings=\"{&quot;jet_parallax_layout_list&quot;:[]}\">\n\t\t\t\t<div class=\"elementor-element elementor-element-2c9294be elementor-invisible elementor-widget elementor-widget-heading\" data-id=\"2c9294be\" data-element_type=\"widget\" data-settings=\"{&quot;_animation&quot;:&quot;fadeIn&quot;}\" data-widget_type=\"heading.default\">\n\t\t\t\t<div class=\"elementor-widget-container\">\n\t\t\t\t\t<h4 class=\"elementor-heading-title elementor-size-default\">Magazynowanie energii<\/h4>\t\t\t\t<\/div>\n\t\t\t\t<\/div>\n\t\t\t\t<div class=\"elementor-element elementor-element-f959927 elementor-invisible elementor-widget elementor-widget-text-editor\" data-id=\"f959927\" data-element_type=\"widget\" data-settings=\"{&quot;_animation&quot;:&quot;fadeIn&quot;,&quot;_animation_delay&quot;:&quot;200&quot;}\" data-widget_type=\"text-editor.default\">\n\t\t\t\t<div class=\"elementor-widget-container\">\n\t\t\t\t\t\t\t\t\t<p>W miar\u0119 wzrostu udzia\u0142u energii wiatrowej i s\u0142onecznej w systemie energetycznym r\u00f3\u017cne formy magazynowania energii b\u0119d\u0105 stawa\u0142y si\u0119 coraz wa\u017cniejsze. Istniej\u0105 r\u00f3\u017cne technologie magazynowania energii, zar\u00f3wno na skal\u0119 przemys\u0142ow\u0105, jak i na ma\u0142\u0105 skal\u0119.<\/p>\n<p>Bior\u0105c pod uwag\u0119, \u017ce energetyka s\u0142oneczna i wiatrowa jest zale\u017cna od warunk\u00f3w pogodowych, produkcja energii mo\u017ce si\u0119 zmienia\u0107 w czasie. Magazynowanie energii umo\u017cliwia przechowanie jej nadwy\u017cek, wytwarzanych w okresach wysokiej produkcji i wykorzystanie tej energii gdy produkcja jest ni\u017csza lub gdy zapotrzebowanie przekracza wydajno\u015b\u0107 produkcji. Wdra\u017caj\u0105c systemy magazynowania energii, Eolus wspiera wydajn\u0105 gospodark\u0119 energetyczn\u0105, przyczyniaj\u0105c si\u0119 w ten spos\u00f3b do zwi\u0119kszenia niezawodno\u015bci i r\u00f3wnowagi przysz\u0142o\u015bci energetycznej. Ponadto umo\u017cliwia to ograniczenie zu\u017cycia paliw kopalnych i wspomaga proces przechodzenia na wytwarzanie energii ze \u017ar\u00f3de\u0142 odnawialnych.<\/p>\n\t\t\t\t\t\t\t\t<\/div>\n\t\t\t\t<\/div>\n\t\t\t\t<\/div>\n\t\t<div class=\"elementor-element elementor-element-11243874 e-con-full e-flex e-con e-child\" data-id=\"11243874\" data-element_type=\"container\" data-settings=\"{&quot;jet_parallax_layout_list&quot;:[]}\">\n\t\t<div class=\"elementor-element elementor-element-72694cdc e-flex e-con-boxed elementor-invisible e-con e-child\" data-id=\"72694cdc\" data-element_type=\"container\" data-settings=\"{&quot;jet_parallax_layout_list&quot;:[],&quot;animation&quot;:&quot;fadeIn&quot;,&quot;animation_delay&quot;:&quot;100&quot;}\">\n\t\t\t\t\t<div class=\"e-con-inner\">\n\t\t\t\t\t<\/div>\n\t\t\t\t<\/div>\n\t\t\t\t<\/div>\n\t\t\t\t\t<\/div>\n\t\t\t\t<\/div>\n\t\t\t\t<\/div>\n\t\t<div class=\"elementor-element elementor-element-5cda6f66 e-flex e-con-boxed e-con e-parent\" data-id=\"5cda6f66\" data-element_type=\"container\" data-settings=\"{&quot;jet_parallax_layout_list&quot;:[]}\">\n\t\t\t\t\t<div class=\"e-con-inner\">\n\t\t<div class=\"elementor-element elementor-element-3319412c e-flex e-con-boxed elementor-invisible e-con e-child\" data-id=\"3319412c\" data-element_type=\"container\" data-settings=\"{&quot;background_background&quot;:&quot;classic&quot;,&quot;jet_parallax_layout_list&quot;:[],&quot;animation&quot;:&quot;fadeIn&quot;}\">\n\t\t\t\t\t<div class=\"e-con-inner\">\n\t\t\t\t<div class=\"elementor-element elementor-element-76599df0 elementor-widget elementor-widget-heading\" data-id=\"76599df0\" data-element_type=\"widget\" data-widget_type=\"heading.default\">\n\t\t\t\t<div class=\"elementor-widget-container\">\n\t\t\t\t\t<h6 class=\"elementor-heading-title elementor-size-default\">BESS (BATTERY ENERGY STORAGE SYSTEM) SYSTEM MAGAZYNOWANIA ENERGII<\/h6>\t\t\t\t<\/div>\n\t\t\t\t<\/div>\n\t\t\t\t\t<\/div>\n\t\t\t\t<\/div>\n\t\t<div class=\"elementor-element elementor-element-223ebc80 e-flex e-con-boxed e-con e-child\" data-id=\"223ebc80\" data-element_type=\"container\" data-settings=\"{&quot;jet_parallax_layout_list&quot;:[]}\">\n\t\t\t\t\t<div class=\"e-con-inner\">\n\t\t\t\t<div class=\"elementor-element elementor-element-19e062f6 elementor-invisible elementor-widget elementor-widget-heading\" data-id=\"19e062f6\" data-element_type=\"widget\" data-settings=\"{&quot;_animation&quot;:&quot;fadeIn&quot;}\" data-widget_type=\"heading.default\">\n\t\t\t\t<div class=\"elementor-widget-container\">\n\t\t\t\t\t<h5 class=\"elementor-heading-title elementor-size-default\">Odpowiedzialny \u0142a\u0144cuch dostaw<\/h5>\t\t\t\t<\/div>\n\t\t\t\t<\/div>\n\t\t\t\t<div class=\"elementor-element elementor-element-4fef0b08 elementor-invisible elementor-widget elementor-widget-text-editor\" data-id=\"4fef0b08\" data-element_type=\"widget\" data-settings=\"{&quot;_animation&quot;:&quot;fadeIn&quot;}\" data-widget_type=\"text-editor.default\">\n\t\t\t\t<div class=\"elementor-widget-container\">\n\t\t\t\t\t\t\t\t\t<p>Eolus zaopatruje si\u0119 w systemy magazynowania energii u wiod\u0105cych dostawc\u00f3w, poniewa\u017c nie posiadamy w\u0142asnych zak\u0142ad\u00f3w produkcyjnych. Wydobycie i rafinacja surowc\u00f3w wymaganych do produkcji baterii w systemach magazynowania energii jest obszarem o zidentyfikowanym ryzyku naruszenia praw cz\u0142owieka i niekorzystnego wp\u0142ywu na \u015brodowisko, dlatego te\u017c wdro\u017cyli\u015bmy rygorystyczny proces nale\u017cytej oceny naszych dostawc\u00f3w. Oceniamy r\u00f3wnie\u017c r\u00f3\u017cne alternatywne mo\u017cliwo\u015bci po\u0142\u0105czenia si\u0142 z innymi firmami w sektorze, aby przyczyni\u0107 si\u0119 do rozwoju \u0142a\u0144cucha warto\u015bci akumulator\u00f3w.<\/p>\n\t\t\t\t\t\t\t\t<\/div>\n\t\t\t\t<\/div>\n\t\t\t\t\t<\/div>\n\t\t\t\t<\/div>\n\t\t\t\t\t<\/div>\n\t\t\t\t<\/div>\n\t\t\t\t<\/div>\n\t\t","protected":false},"excerpt":{"rendered":"<p>W miar\u0119 wzrostu udzia\u0142u energii wiatrowej i s\u0142onecznej w systemie energetycznym r\u00f3\u017cne formy magazynowania energii b\u0119d\u0105 stawa\u0142y si\u0119 coraz wa\u017cniejsze. Istniej\u0105 r\u00f3\u017cne technologie magazynowania energii, zar\u00f3wno na skal\u0119 przemys\u0142ow\u0105, jak i na ma\u0142\u0105 skal\u0119. Bior\u0105c pod uwag\u0119, \u017ce energetyka s\u0142oneczna i wiatrowa jest zale\u017cna od warunk\u00f3w pogodowych, produkcja energii mo\u017ce si\u0119 zmienia\u0107 w czasie. Magazynowanie [&hellip;]<\/p>\n","protected":false},"author":16,"featured_media":0,"parent":27573,"menu_order":0,"comment_status":"closed","ping_status":"closed","template":"","meta":{"_acf_changed":false,"footnotes":""},"class_list":["post-27582","page","type-page","status-publish","hentry"],"acf":[],"yoast_head":"<!-- This site is optimized with the Yoast SEO plugin v26.5 - https:\/\/yoast.com\/wordpress\/plugins\/seo\/ -->\n<title>Magazynowanie energii<\/title>\n<meta name=\"description\" content=\"R\u00f3\u017cne formy magazynowania energii b\u0119d\u0105 stawa\u0142y si\u0119 coraz wa\u017cniejsz\u0105 cz\u0119\u015bci\u0105 systemu energetycznego, wprost proporcjonalnie do wzrostu udzia\u0142u energii wiatrowej i s\u0142onecznej.\" \/>\n<meta name=\"robots\" content=\"index, follow, max-snippet:-1, max-image-preview:large, max-video-preview:-1\" \/>\n<link rel=\"canonical\" href=\"https:\/\/www.eolus.com\/pl\/czym-sie-zajmujemy\/magazynowanie-energii\/\" \/>\n<meta property=\"og:locale\" content=\"pl_PL\" \/>\n<meta property=\"og:type\" content=\"article\" \/>\n<meta property=\"og:title\" content=\"Magazynowanie energii\" \/>\n<meta property=\"og:description\" content=\"R\u00f3\u017cne formy magazynowania energii b\u0119d\u0105 stawa\u0142y si\u0119 coraz wa\u017cniejsz\u0105 cz\u0119\u015bci\u0105 systemu energetycznego, wprost proporcjonalnie do wzrostu udzia\u0142u energii wiatrowej i s\u0142onecznej.\" \/>\n<meta property=\"og:url\" content=\"https:\/\/www.eolus.com\/pl\/czym-sie-zajmujemy\/magazynowanie-energii\/\" \/>\n<meta property=\"og:site_name\" content=\"Eolus\" \/>\n<meta property=\"article:modified_time\" content=\"2024-04-03T08:41:34+00:00\" \/>\n<meta name=\"twitter:card\" content=\"summary_large_image\" \/>\n<meta name=\"twitter:label1\" content=\"Szacowany czas czytania\" \/>\n\t<meta name=\"twitter:data1\" content=\"2 minuta\" \/>\n<script type=\"application\/ld+json\" class=\"yoast-schema-graph\">{\"@context\":\"https:\/\/schema.org\",\"@graph\":[{\"@type\":\"WebPage\",\"@id\":\"https:\/\/www.eolus.com\/pl\/czym-sie-zajmujemy\/magazynowanie-energii\/\",\"url\":\"https:\/\/www.eolus.com\/pl\/czym-sie-zajmujemy\/magazynowanie-energii\/\",\"name\":\"Magazynowanie energii\",\"isPartOf\":{\"@id\":\"https:\/\/www.eolus.com\/#website\"},\"datePublished\":\"2024-01-16T15:30:19+00:00\",\"dateModified\":\"2024-04-03T08:41:34+00:00\",\"description\":\"R\u00f3\u017cne formy magazynowania energii b\u0119d\u0105 stawa\u0142y si\u0119 coraz wa\u017cniejsz\u0105 cz\u0119\u015bci\u0105 systemu energetycznego, wprost proporcjonalnie do wzrostu udzia\u0142u energii wiatrowej i s\u0142onecznej.\",\"breadcrumb\":{\"@id\":\"https:\/\/www.eolus.com\/pl\/czym-sie-zajmujemy\/magazynowanie-energii\/#breadcrumb\"},\"inLanguage\":\"pl-PL\",\"potentialAction\":[{\"@type\":\"ReadAction\",\"target\":[\"https:\/\/www.eolus.com\/pl\/czym-sie-zajmujemy\/magazynowanie-energii\/\"]}]},{\"@type\":\"BreadcrumbList\",\"@id\":\"https:\/\/www.eolus.com\/pl\/czym-sie-zajmujemy\/magazynowanie-energii\/#breadcrumb\",\"itemListElement\":[{\"@type\":\"ListItem\",\"position\":1,\"name\":\"Home\",\"item\":\"https:\/\/www.eolus.com\/\"},{\"@type\":\"ListItem\",\"position\":2,\"name\":\"Czym si\u0119 zajmujemy\",\"item\":\"https:\/\/www.eolus.com\/pl\/czym-sie-zajmujemy\/\"},{\"@type\":\"ListItem\",\"position\":3,\"name\":\"Magazynowanie energii\"}]},{\"@type\":\"WebSite\",\"@id\":\"https:\/\/www.eolus.com\/#website\",\"url\":\"https:\/\/www.eolus.com\/\",\"name\":\"Eolus\",\"description\":\"Shaping the Future of Renewable Energy\",\"potentialAction\":[{\"@type\":\"SearchAction\",\"target\":{\"@type\":\"EntryPoint\",\"urlTemplate\":\"https:\/\/www.eolus.com\/?s={search_term_string}\"},\"query-input\":{\"@type\":\"PropertyValueSpecification\",\"valueRequired\":true,\"valueName\":\"search_term_string\"}}],\"inLanguage\":\"pl-PL\"}]}<\/script>\n<!-- \/ Yoast SEO plugin. -->","yoast_head_json":{"title":"Magazynowanie energii","description":"R\u00f3\u017cne formy magazynowania energii b\u0119d\u0105 stawa\u0142y si\u0119 coraz wa\u017cniejsz\u0105 cz\u0119\u015bci\u0105 systemu energetycznego, wprost proporcjonalnie do wzrostu udzia\u0142u energii wiatrowej i s\u0142onecznej.","robots":{"index":"index","follow":"follow","max-snippet":"max-snippet:-1","max-image-preview":"max-image-preview:large","max-video-preview":"max-video-preview:-1"},"canonical":"https:\/\/www.eolus.com\/pl\/czym-sie-zajmujemy\/magazynowanie-energii\/","og_locale":"pl_PL","og_type":"article","og_title":"Magazynowanie energii","og_description":"R\u00f3\u017cne formy magazynowania energii b\u0119d\u0105 stawa\u0142y si\u0119 coraz wa\u017cniejsz\u0105 cz\u0119\u015bci\u0105 systemu energetycznego, wprost proporcjonalnie do wzrostu udzia\u0142u energii wiatrowej i s\u0142onecznej.","og_url":"https:\/\/www.eolus.com\/pl\/czym-sie-zajmujemy\/magazynowanie-energii\/","og_site_name":"Eolus","article_modified_time":"2024-04-03T08:41:34+00:00","twitter_card":"summary_large_image","twitter_misc":{"Szacowany czas czytania":"2 minuta"},"schema":{"@context":"https:\/\/schema.org","@graph":[{"@type":"WebPage","@id":"https:\/\/www.eolus.com\/pl\/czym-sie-zajmujemy\/magazynowanie-energii\/","url":"https:\/\/www.eolus.com\/pl\/czym-sie-zajmujemy\/magazynowanie-energii\/","name":"Magazynowanie energii","isPartOf":{"@id":"https:\/\/www.eolus.com\/#website"},"datePublished":"2024-01-16T15:30:19+00:00","dateModified":"2024-04-03T08:41:34+00:00","description":"R\u00f3\u017cne formy magazynowania energii b\u0119d\u0105 stawa\u0142y si\u0119 coraz wa\u017cniejsz\u0105 cz\u0119\u015bci\u0105 systemu energetycznego, wprost proporcjonalnie do wzrostu udzia\u0142u energii wiatrowej i s\u0142onecznej.","breadcrumb":{"@id":"https:\/\/www.eolus.com\/pl\/czym-sie-zajmujemy\/magazynowanie-energii\/#breadcrumb"},"inLanguage":"pl-PL","potentialAction":[{"@type":"ReadAction","target":["https:\/\/www.eolus.com\/pl\/czym-sie-zajmujemy\/magazynowanie-energii\/"]}]},{"@type":"BreadcrumbList","@id":"https:\/\/www.eolus.com\/pl\/czym-sie-zajmujemy\/magazynowanie-energii\/#breadcrumb","itemListElement":[{"@type":"ListItem","position":1,"name":"Home","item":"https:\/\/www.eolus.com\/"},{"@type":"ListItem","position":2,"name":"Czym si\u0119 zajmujemy","item":"https:\/\/www.eolus.com\/pl\/czym-sie-zajmujemy\/"},{"@type":"ListItem","position":3,"name":"Magazynowanie energii"}]},{"@type":"WebSite","@id":"https:\/\/www.eolus.com\/#website","url":"https:\/\/www.eolus.com\/","name":"Eolus","description":"Shaping the Future of Renewable Energy","potentialAction":[{"@type":"SearchAction","target":{"@type":"EntryPoint","urlTemplate":"https:\/\/www.eolus.com\/?s={search_term_string}"},"query-input":{"@type":"PropertyValueSpecification","valueRequired":true,"valueName":"search_term_string"}}],"inLanguage":"pl-PL"}]}},"_links":{"self":[{"href":"https:\/\/www.eolus.com\/pl\/wp-json\/wp\/v2\/pages\/27582","targetHints":{"allow":["GET"]}}],"collection":[{"href":"https:\/\/www.eolus.com\/pl\/wp-json\/wp\/v2\/pages"}],"about":[{"href":"https:\/\/www.eolus.com\/pl\/wp-json\/wp\/v2\/types\/page"}],"author":[{"embeddable":true,"href":"https:\/\/www.eolus.com\/pl\/wp-json\/wp\/v2\/users\/16"}],"replies":[{"embeddable":true,"href":"https:\/\/www.eolus.com\/pl\/wp-json\/wp\/v2\/comments?post=27582"}],"version-history":[{"count":8,"href":"https:\/\/www.eolus.com\/pl\/wp-json\/wp\/v2\/pages\/27582\/revisions"}],"predecessor-version":[{"id":54195,"href":"https:\/\/www.eolus.com\/pl\/wp-json\/wp\/v2\/pages\/27582\/revisions\/54195"}],"up":[{"embeddable":true,"href":"https:\/\/www.eolus.com\/pl\/wp-json\/wp\/v2\/pages\/27573"}],"wp:attachment":[{"href":"https:\/\/www.eolus.com\/pl\/wp-json\/wp\/v2\/media?parent=27582"}],"curies":[{"name":"wp","href":"https:\/\/api.w.org\/{rel}","templated":true}]}}