{"id":27588,"date":"2024-01-16T16:33:41","date_gmt":"2024-01-16T15:33:41","guid":{"rendered":"https:\/\/www.eolus.com\/czym-sie-zajmujemy\/inwestorzy-projektowi\/"},"modified":"2025-08-01T15:00:45","modified_gmt":"2025-08-01T13:00:45","slug":"inwestorzy-projektowi","status":"publish","type":"page","link":"https:\/\/www.eolus.com\/pl\/czym-sie-zajmujemy\/inwestorzy-projektowi\/","title":{"rendered":"Inwestorzy projektowi"},"content":{"rendered":"\t\t<div data-elementor-type=\"wp-page\" data-elementor-id=\"27588\" class=\"elementor elementor-27588 elementor-23190\" data-elementor-post-type=\"page\">\n\t\t\t\t<div class=\"elementor-element elementor-element-5e9c6451 e-con-full animated-slow e-flex elementor-invisible e-con e-parent\" data-id=\"5e9c6451\" data-element_type=\"container\" data-settings=\"{&quot;background_background&quot;:&quot;classic&quot;,&quot;animation&quot;:&quot;fadeIn&quot;,&quot;jet_parallax_layout_list&quot;:[]}\">\n\t\t<div class=\"elementor-element elementor-element-7f647189 e-flex e-con-boxed e-con e-child\" data-id=\"7f647189\" data-element_type=\"container\" data-settings=\"{&quot;jet_parallax_layout_list&quot;:[]}\">\n\t\t\t\t\t<div class=\"e-con-inner\">\n\t\t<div class=\"elementor-element elementor-element-636341d e-con-full e-flex e-con e-child\" data-id=\"636341d\" data-element_type=\"container\" data-settings=\"{&quot;jet_parallax_layout_list&quot;:[]}\">\n\t\t\t\t<div class=\"elementor-element elementor-element-497ff378 elementor-invisible elementor-widget elementor-widget-heading\" data-id=\"497ff378\" data-element_type=\"widget\" data-settings=\"{&quot;_animation&quot;:&quot;fadeIn&quot;}\" data-widget_type=\"heading.default\">\n\t\t\t\t<div class=\"elementor-widget-container\">\n\t\t\t\t\t<h4 class=\"elementor-heading-title elementor-size-default\">Inwestorzy projektowi<\/h4>\t\t\t\t<\/div>\n\t\t\t\t<\/div>\n\t\t\t\t<div class=\"elementor-element elementor-element-2d71361f elementor-invisible elementor-widget elementor-widget-text-editor\" data-id=\"2d71361f\" data-element_type=\"widget\" data-settings=\"{&quot;_animation&quot;:&quot;fadeIn&quot;,&quot;_animation_delay&quot;:&quot;200&quot;}\" data-widget_type=\"text-editor.default\">\n\t\t\t\t<div class=\"elementor-widget-container\">\n\t\t\t\t\t\t\t\t\t<p>Dzi\u0119ki kompleksowemu modelowi biznesowemu oraz zdolno\u015bci dostosowania si\u0119 do wymaga\u0144 rynku, Eolus posiada bogate do\u015bwiadczenie i zyskuje zaufanie w relacjach z klientami i inwestorami. Przez lata budowali\u015bmy wiedz\u0119 i silne zasoby finansowe w zakresie energii wiatrowej, energii s\u0142onecznej oraz magazynowania energii, co czyni nas wiarygodnym partnerem. Oferujemy obiekty dostosowane do potrzeb ka\u017cdego klienta przy konkurencyjnych kosztach.<\/p><p>Nasza baza klient\u00f3w stale si\u0119 powi\u0119ksza i obecnie obejmuje g\u0142\u00f3wnie mi\u0119dzynarodowych inwestor\u00f3w instytucjonalnych i du\u017cych konsument\u00f3w \u2013 klient\u00f3w, kt\u00f3rzy pragn\u0105 kszta\u0142towa\u0107 przysz\u0142o\u015b\u0107 energii odnawialnej i przyczynia\u0107 si\u0119 do procesu przechodzenia na \u00a0energetyk\u0119 zr\u00f3wnowa\u017con\u0105.<\/p><p><strong>Inwestorzy instytucjonalni<\/strong> koncentruj\u0105 si\u0119 na d\u0142ugoterminowych inwestycjach w energi\u0119 ze \u017ar\u00f3de\u0142 odnawialnych, aby m\u00f3c by\u0107 pewnym stabilnych zwrot\u00f3w oraz wiarygodno\u015bci transakcji.<\/p><p><strong>Duzi konsumenci <\/strong>cz\u0119sto wybieraj\u0105 d\u0142ugoterminowe umowy \u00a0zakupu energii, aby wspiera\u0107 zielon\u0105 energi\u0119, nie posiadaj\u0105c przy tym w\u0142asnych obiekt\u00f3w.<\/p><p><strong>Firmy energetyczne <\/strong>dostrzegaj\u0105 potencja\u0142 inwestycji w energi\u0119 wiatrow\u0105 i s\u0142oneczn\u0105, aby zwi\u0119kszy\u0107 swoje moce wytw\u00f3rcze i aby m\u00f3c oferowa\u0107 zielon\u0105 energi\u0119 swoim klientom.<\/p><p><strong>Inwestorzy sektora publicznego<\/strong>, na przyk\u0142ad gminy i regiony, inwestuj\u0105 w produkcj\u0119 energii elektrycznej ze \u017ar\u00f3de\u0142 odnawialnych, aby promowa\u0107 zr\u00f3wnowa\u017cony rozw\u00f3j.<\/p><p>Eolus sprzedawa\u0142 w przesz\u0142o\u015bci udzia\u0142y w turbinach wiatrowych konsumentom i mniejszym przedsi\u0119biorstwom, obecnie koncentrujemy si\u0119 jednak przede wszystkim na wielkoskalowych projektach. Pozostajemy jednak otwarci na mo\u017cliwo\u015b\u0107 ponownego wprowadzenia projekt\u00f3w wsp\u00f3\u0142w\u0142asno\u015bci w przysz\u0142o\u015bci.<\/p>\t\t\t\t\t\t\t\t<\/div>\n\t\t\t\t<\/div>\n\t\t\t\t<\/div>\n\t\t<div class=\"elementor-element elementor-element-4282eab1 e-con-full e-flex e-con e-child\" data-id=\"4282eab1\" data-element_type=\"container\" data-settings=\"{&quot;jet_parallax_layout_list&quot;:[]}\">\n\t\t<div class=\"elementor-element elementor-element-69b91af0 e-flex e-con-boxed elementor-invisible e-con e-child\" data-id=\"69b91af0\" data-element_type=\"container\" data-settings=\"{&quot;jet_parallax_layout_list&quot;:[],&quot;animation&quot;:&quot;fadeIn&quot;,&quot;animation_delay&quot;:&quot;100&quot;}\">\n\t\t\t\t\t<div class=\"e-con-inner\">\n\t\t\t\t\t<\/div>\n\t\t\t\t<\/div>\n\t\t\t\t<\/div>\n\t\t\t\t\t<\/div>\n\t\t\t\t<\/div>\n\t\t\t\t<\/div>\n\t\t<div class=\"elementor-element elementor-element-7f2b7963 e-flex e-con-boxed e-con e-parent\" data-id=\"7f2b7963\" data-element_type=\"container\" data-settings=\"{&quot;jet_parallax_layout_list&quot;:[]}\">\n\t\t\t\t\t<div class=\"e-con-inner\">\n\t\t<div class=\"elementor-element elementor-element-739633b7 e-flex e-con-boxed elementor-invisible e-con e-child\" data-id=\"739633b7\" data-element_type=\"container\" data-settings=\"{&quot;background_background&quot;:&quot;classic&quot;,&quot;jet_parallax_layout_list&quot;:[],&quot;animation&quot;:&quot;fadeIn&quot;}\">\n\t\t\t\t\t<div class=\"e-con-inner\">\n\t\t\t\t<div class=\"elementor-element elementor-element-2e65eaa0 elementor-widget elementor-widget-heading\" data-id=\"2e65eaa0\" data-element_type=\"widget\" data-widget_type=\"heading.default\">\n\t\t\t\t<div class=\"elementor-widget-container\">\n\t\t\t\t\t<h6 class=\"elementor-heading-title elementor-size-default\">BUDOWA FARMY WIATROWEJ STOR-SK\u00c4LSJ\u00d6N W SUNDSVALL W SZWECJI<\/h6>\t\t\t\t<\/div>\n\t\t\t\t<\/div>\n\t\t\t\t\t<\/div>\n\t\t\t\t<\/div>\n\t\t<div class=\"elementor-element elementor-element-1424b064 e-flex e-con-boxed e-con e-child\" data-id=\"1424b064\" data-element_type=\"container\" data-settings=\"{&quot;jet_parallax_layout_list&quot;:[]}\">\n\t\t\t\t\t<div class=\"e-con-inner\">\n\t\t\t\t<div class=\"elementor-element elementor-element-6ab2f9e1 elementor-invisible elementor-widget elementor-widget-heading\" data-id=\"6ab2f9e1\" data-element_type=\"widget\" data-settings=\"{&quot;_animation&quot;:&quot;fadeIn&quot;}\" data-widget_type=\"heading.default\">\n\t\t\t\t<div class=\"elementor-widget-container\">\n\t\t\t\t\t<h5 class=\"elementor-heading-title elementor-size-default\">Nasi partnerzy i interesariusze<\/h5>\t\t\t\t<\/div>\n\t\t\t\t<\/div>\n\t\t\t\t<div class=\"elementor-element elementor-element-39d9b5fc elementor-invisible elementor-widget elementor-widget-text-editor\" data-id=\"39d9b5fc\" data-element_type=\"widget\" data-settings=\"{&quot;_animation&quot;:&quot;fadeIn&quot;}\" data-widget_type=\"text-editor.default\">\n\t\t\t\t<div class=\"elementor-widget-container\">\n\t\t\t\t\t\t\t\t\t<p>Na stale zmieniaj\u0105cym si\u0119 rynku kluczowa jest adaptacja. Eolus jest zwinny, gotowy do szybkiego reagowania na wahania i warunki rynkowe. Nie my\u015blimy tylko o dniu dzisiejszym, ale zawsze patrzymy w przysz\u0142o\u015b\u0107, staraj\u0105c si\u0119 przewidzie\u0107 mo\u017cliwo\u015bci, kt\u00f3re przyniesie jutro.<\/p>\n<p>Wierzymy, \u017ce nasi interesariusze wybieraj\u0105 firm\u0119 Eolus nie bez powodu. Chodzi nie tylko o dziesi\u0119ciolecia do\u015bwiadczenia, lecz o nasz\u0105 zdolno\u015b\u0107 do przekszta\u0142cania wizji w namacalne, komercyjnie op\u0142acalne projekty. Wsp\u00f3lnie kszta\u0142tujmy zr\u00f3wnowa\u017con\u0105 przysz\u0142o\u015b\u0107, kt\u00f3ra jest r\u00f3wnie solidna finansowo, jak odpowiedzialna za \u015brodowisko.<\/p>\n<p>Poznaj nasze osi\u0105gni\u0119cia i dowiedz si\u0119, dlaczego Eolus jest partnerem z wyboru dla tych, kt\u00f3rzy d\u0105\u017c\u0105 do doskona\u0142o\u015bci w dziedzinie odnawialnych \u017ar\u00f3de\u0142 energii. Skontaktuj si\u0119 z nami ju\u017c dzi\u015b i wsp\u00f3lnie rozpocznijmy transformacj\u0119.<\/p>\n\t\t\t\t\t\t\t\t<\/div>\n\t\t\t\t<\/div>\n\t\t\t\t\t<\/div>\n\t\t\t\t<\/div>\n\t\t\t\t\t<\/div>\n\t\t\t\t<\/div>\n\t\t<div class=\"elementor-element elementor-element-46b4790d e-con-full e-flex elementor-invisible e-con e-parent\" data-id=\"46b4790d\" data-element_type=\"container\" data-settings=\"{&quot;animation&quot;:&quot;fadeIn&quot;,&quot;jet_parallax_layout_list&quot;:[]}\">\n\t\t<div class=\"elementor-element elementor-element-7e35144 e-con-full e-flex e-con e-child\" data-id=\"7e35144\" data-element_type=\"container\" data-settings=\"{&quot;jet_parallax_layout_list&quot;:[]}\">\n\t\t<div class=\"elementor-element elementor-element-79bc738e e-flex e-con-boxed elementor-invisible e-con e-child\" data-id=\"79bc738e\" data-element_type=\"container\" data-settings=\"{&quot;jet_parallax_layout_list&quot;:[],&quot;animation&quot;:&quot;fadeIn&quot;}\">\n\t\t\t\t\t<div class=\"e-con-inner\">\n\t\t\t\t<div class=\"elementor-element elementor-element-3d92a38f elementor-widget elementor-widget-two-blocks\" data-id=\"3d92a38f\" data-element_type=\"widget\" data-widget_type=\"two-blocks.default\">\n\t\t\t\t<div class=\"elementor-widget-container\">\n\t\t\t\t\t\n\t\t<article class=\"two-blocks two-blocks--small\">\n\t\t\t\n\t\t\t<div class=\"two-blocks-text group two-blocks-text--small-image-right\">\n\t\t\t\t<h4 class=\"two-blocks-heading\">Projekty w dewelopmencie<\/h4>\n\n\t\t\t\t<div class=\"text-container\"><p>Chcesz zobaczy\u0107 nad jakimi projektami aktualnie pracujemy? Wejd\u017a na podstron\u0119 projektow\u0105 i sprawd\u017a szczeg\u00f3\u0142y.<\/p><\/div>\n\n\t\t\t\t\t\t\t\t\t\t\t\t\t\t\t<a href=\"\/en\/projects\/?phases=under_construction\" class=\"two-blocks-link\">\n\t\t\t\t\t\t\tPOZNAJ NASZE PROJEKTY\t\t\t\t\t\t\t<span class=\"absolute inset-0\"><\/span>\n\t\t\t\t\t\t<\/a>\n\t\t\t\t\t\t\t\t\t\t\t\t<\/div>\n\n\t\t\t\t\t\t\t<div class=\"w-full lg:w-1\/2 relative isolate flex pr-5\">\n\t\t\t\t\t<div class=\"bg-gradient-to-b from-v2-yellow via-v2-green to-v2-blue-500 absolute inset-0 rounded-[20px] z-[-1]\"><\/div>\n\n\t\t\t\t\t<img fetchpriority=\"high\" decoding=\"async\" width=\"1024\" height=\"720\" src=\"https:\/\/www.eolus.com\/wp-content\/uploads\/2023\/12\/Eolus-Utterberget-Drone-1024x720.webp\" class=\"attachment-large size-large\" alt=\"\" srcset=\"https:\/\/www.eolus.com\/wp-content\/uploads\/2023\/12\/Eolus-Utterberget-Drone-1024x720.webp 1024w, https:\/\/www.eolus.com\/wp-content\/uploads\/2023\/12\/Eolus-Utterberget-Drone-300x211.webp 300w, https:\/\/www.eolus.com\/wp-content\/uploads\/2023\/12\/Eolus-Utterberget-Drone-768x540.webp 768w, https:\/\/www.eolus.com\/wp-content\/uploads\/2023\/12\/Eolus-Utterberget-Drone-540x380.webp 540w, https:\/\/www.eolus.com\/wp-content\/uploads\/2023\/12\/Eolus-Utterberget-Drone.webp 1280w\" sizes=\"(max-width: 1024px) 100vw, 1024px\" \/>\t\t\t\t<\/div>\n\t\t\t\t\t<\/article>\n\t\t\t\t<\/div>\n\t\t\t\t<\/div>\n\t\t\t\t\t<\/div>\n\t\t\t\t<\/div>\n\t\t\t\t<\/div>\n\t\t\t\t<\/div>\n\t\t\t\t<\/div>\n\t\t","protected":false},"excerpt":{"rendered":"<p>Dzi\u0119ki kompleksowemu modelowi biznesowemu oraz zdolno\u015bci dostosowania si\u0119 do wymaga\u0144 rynku, Eolus posiada bogate do\u015bwiadczenie i zyskuje zaufanie w relacjach z klientami i inwestorami. Przez lata budowali\u015bmy wiedz\u0119 i silne zasoby finansowe w zakresie energii wiatrowej, energii s\u0142onecznej oraz magazynowania energii, co czyni nas wiarygodnym partnerem. Oferujemy obiekty dostosowane do potrzeb ka\u017cdego klienta przy konkurencyjnych [&hellip;]<\/p>\n","protected":false},"author":16,"featured_media":0,"parent":27573,"menu_order":0,"comment_status":"closed","ping_status":"closed","template":"","meta":{"_acf_changed":false,"footnotes":""},"class_list":["post-27588","page","type-page","status-publish","hentry"],"acf":[],"yoast_head":"<!-- This site is optimized with the Yoast SEO plugin v26.5 - https:\/\/yoast.com\/wordpress\/plugins\/seo\/ -->\n<title>Inwestorzy projektowi<\/title>\n<meta name=\"description\" content=\"Eolus posiada bogate do\u015bwiadczenie i zaufane relacje z klientami i inwestorami dzi\u0119ki naszej zdolno\u015bci dostosowywania si\u0119 do wymaga\u0144 rynku.\" \/>\n<meta name=\"robots\" content=\"index, follow, max-snippet:-1, max-image-preview:large, max-video-preview:-1\" \/>\n<link rel=\"canonical\" href=\"https:\/\/www.eolus.com\/fi\/mita-me-teemme\/projektin-sijoittajat\/\" \/>\n<meta property=\"og:locale\" content=\"pl_PL\" \/>\n<meta property=\"og:type\" content=\"article\" \/>\n<meta property=\"og:title\" content=\"Inwestorzy projektowi\" \/>\n<meta property=\"og:description\" content=\"Eolus posiada bogate do\u015bwiadczenie i zaufane relacje z klientami i inwestorami dzi\u0119ki naszej zdolno\u015bci dostosowywania si\u0119 do wymaga\u0144 rynku.\" \/>\n<meta property=\"og:url\" content=\"https:\/\/www.eolus.com\/fi\/mita-me-teemme\/projektin-sijoittajat\/\" \/>\n<meta property=\"og:site_name\" content=\"Eolus\" \/>\n<meta property=\"article:modified_time\" content=\"2025-08-01T13:00:45+00:00\" \/>\n<meta property=\"og:image\" content=\"https:\/\/www.eolus.com\/wp-content\/uploads\/2023\/12\/Eolus-Utterberget-Drone-1024x720.webp\" \/>\n<meta name=\"twitter:card\" content=\"summary_large_image\" \/>\n<meta name=\"twitter:label1\" content=\"Szacowany czas czytania\" \/>\n\t<meta name=\"twitter:data1\" content=\"3 minuta\" \/>\n<script type=\"application\/ld+json\" class=\"yoast-schema-graph\">{\"@context\":\"https:\/\/schema.org\",\"@graph\":[{\"@type\":\"WebPage\",\"@id\":\"https:\/\/www.eolus.com\/fi\/mita-me-teemme\/projektin-sijoittajat\/\",\"url\":\"https:\/\/www.eolus.com\/fi\/mita-me-teemme\/projektin-sijoittajat\/\",\"name\":\"Inwestorzy projektowi\",\"isPartOf\":{\"@id\":\"https:\/\/www.eolus.com\/#website\"},\"primaryImageOfPage\":{\"@id\":\"https:\/\/www.eolus.com\/fi\/mita-me-teemme\/projektin-sijoittajat\/#primaryimage\"},\"image\":{\"@id\":\"https:\/\/www.eolus.com\/fi\/mita-me-teemme\/projektin-sijoittajat\/#primaryimage\"},\"thumbnailUrl\":\"https:\/\/www.eolus.com\/wp-content\/uploads\/2023\/12\/Eolus-Utterberget-Drone-1024x720.webp\",\"datePublished\":\"2024-01-16T15:33:41+00:00\",\"dateModified\":\"2025-08-01T13:00:45+00:00\",\"description\":\"Eolus posiada bogate do\u015bwiadczenie i zaufane relacje z klientami i inwestorami dzi\u0119ki naszej zdolno\u015bci dostosowywania si\u0119 do wymaga\u0144 rynku.\",\"breadcrumb\":{\"@id\":\"https:\/\/www.eolus.com\/fi\/mita-me-teemme\/projektin-sijoittajat\/#breadcrumb\"},\"inLanguage\":\"pl-PL\",\"potentialAction\":[{\"@type\":\"ReadAction\",\"target\":[\"https:\/\/www.eolus.com\/fi\/mita-me-teemme\/projektin-sijoittajat\/\"]}]},{\"@type\":\"ImageObject\",\"inLanguage\":\"pl-PL\",\"@id\":\"https:\/\/www.eolus.com\/fi\/mita-me-teemme\/projektin-sijoittajat\/#primaryimage\",\"url\":\"https:\/\/www.eolus.com\/wp-content\/uploads\/2023\/12\/Eolus-Utterberget-Drone-1024x720.webp\",\"contentUrl\":\"https:\/\/www.eolus.com\/wp-content\/uploads\/2023\/12\/Eolus-Utterberget-Drone-1024x720.webp\"},{\"@type\":\"BreadcrumbList\",\"@id\":\"https:\/\/www.eolus.com\/fi\/mita-me-teemme\/projektin-sijoittajat\/#breadcrumb\",\"itemListElement\":[{\"@type\":\"ListItem\",\"position\":1,\"name\":\"Home\",\"item\":\"https:\/\/www.eolus.com\/\"},{\"@type\":\"ListItem\",\"position\":2,\"name\":\"Czym si\u0119 zajmujemy\",\"item\":\"https:\/\/www.eolus.com\/pl\/czym-sie-zajmujemy\/\"},{\"@type\":\"ListItem\",\"position\":3,\"name\":\"Inwestorzy projektowi\"}]},{\"@type\":\"WebSite\",\"@id\":\"https:\/\/www.eolus.com\/#website\",\"url\":\"https:\/\/www.eolus.com\/\",\"name\":\"Eolus\",\"description\":\"Shaping the Future of Renewable Energy\",\"potentialAction\":[{\"@type\":\"SearchAction\",\"target\":{\"@type\":\"EntryPoint\",\"urlTemplate\":\"https:\/\/www.eolus.com\/?s={search_term_string}\"},\"query-input\":{\"@type\":\"PropertyValueSpecification\",\"valueRequired\":true,\"valueName\":\"search_term_string\"}}],\"inLanguage\":\"pl-PL\"}]}<\/script>\n<!-- \/ Yoast SEO plugin. -->","yoast_head_json":{"title":"Inwestorzy projektowi","description":"Eolus posiada bogate do\u015bwiadczenie i zaufane relacje z klientami i inwestorami dzi\u0119ki naszej zdolno\u015bci dostosowywania si\u0119 do wymaga\u0144 rynku.","robots":{"index":"index","follow":"follow","max-snippet":"max-snippet:-1","max-image-preview":"max-image-preview:large","max-video-preview":"max-video-preview:-1"},"canonical":"https:\/\/www.eolus.com\/fi\/mita-me-teemme\/projektin-sijoittajat\/","og_locale":"pl_PL","og_type":"article","og_title":"Inwestorzy projektowi","og_description":"Eolus posiada bogate do\u015bwiadczenie i zaufane relacje z klientami i inwestorami dzi\u0119ki naszej zdolno\u015bci dostosowywania si\u0119 do wymaga\u0144 rynku.","og_url":"https:\/\/www.eolus.com\/fi\/mita-me-teemme\/projektin-sijoittajat\/","og_site_name":"Eolus","article_modified_time":"2025-08-01T13:00:45+00:00","og_image":[{"url":"https:\/\/www.eolus.com\/wp-content\/uploads\/2023\/12\/Eolus-Utterberget-Drone-1024x720.webp","type":"","width":"","height":""}],"twitter_card":"summary_large_image","twitter_misc":{"Szacowany czas czytania":"3 minuta"},"schema":{"@context":"https:\/\/schema.org","@graph":[{"@type":"WebPage","@id":"https:\/\/www.eolus.com\/fi\/mita-me-teemme\/projektin-sijoittajat\/","url":"https:\/\/www.eolus.com\/fi\/mita-me-teemme\/projektin-sijoittajat\/","name":"Inwestorzy projektowi","isPartOf":{"@id":"https:\/\/www.eolus.com\/#website"},"primaryImageOfPage":{"@id":"https:\/\/www.eolus.com\/fi\/mita-me-teemme\/projektin-sijoittajat\/#primaryimage"},"image":{"@id":"https:\/\/www.eolus.com\/fi\/mita-me-teemme\/projektin-sijoittajat\/#primaryimage"},"thumbnailUrl":"https:\/\/www.eolus.com\/wp-content\/uploads\/2023\/12\/Eolus-Utterberget-Drone-1024x720.webp","datePublished":"2024-01-16T15:33:41+00:00","dateModified":"2025-08-01T13:00:45+00:00","description":"Eolus posiada bogate do\u015bwiadczenie i zaufane relacje z klientami i inwestorami dzi\u0119ki naszej zdolno\u015bci dostosowywania si\u0119 do wymaga\u0144 rynku.","breadcrumb":{"@id":"https:\/\/www.eolus.com\/fi\/mita-me-teemme\/projektin-sijoittajat\/#breadcrumb"},"inLanguage":"pl-PL","potentialAction":[{"@type":"ReadAction","target":["https:\/\/www.eolus.com\/fi\/mita-me-teemme\/projektin-sijoittajat\/"]}]},{"@type":"ImageObject","inLanguage":"pl-PL","@id":"https:\/\/www.eolus.com\/fi\/mita-me-teemme\/projektin-sijoittajat\/#primaryimage","url":"https:\/\/www.eolus.com\/wp-content\/uploads\/2023\/12\/Eolus-Utterberget-Drone-1024x720.webp","contentUrl":"https:\/\/www.eolus.com\/wp-content\/uploads\/2023\/12\/Eolus-Utterberget-Drone-1024x720.webp"},{"@type":"BreadcrumbList","@id":"https:\/\/www.eolus.com\/fi\/mita-me-teemme\/projektin-sijoittajat\/#breadcrumb","itemListElement":[{"@type":"ListItem","position":1,"name":"Home","item":"https:\/\/www.eolus.com\/"},{"@type":"ListItem","position":2,"name":"Czym si\u0119 zajmujemy","item":"https:\/\/www.eolus.com\/pl\/czym-sie-zajmujemy\/"},{"@type":"ListItem","position":3,"name":"Inwestorzy projektowi"}]},{"@type":"WebSite","@id":"https:\/\/www.eolus.com\/#website","url":"https:\/\/www.eolus.com\/","name":"Eolus","description":"Shaping the Future of Renewable Energy","potentialAction":[{"@type":"SearchAction","target":{"@type":"EntryPoint","urlTemplate":"https:\/\/www.eolus.com\/?s={search_term_string}"},"query-input":{"@type":"PropertyValueSpecification","valueRequired":true,"valueName":"search_term_string"}}],"inLanguage":"pl-PL"}]}},"_links":{"self":[{"href":"https:\/\/www.eolus.com\/pl\/wp-json\/wp\/v2\/pages\/27588","targetHints":{"allow":["GET"]}}],"collection":[{"href":"https:\/\/www.eolus.com\/pl\/wp-json\/wp\/v2\/pages"}],"about":[{"href":"https:\/\/www.eolus.com\/pl\/wp-json\/wp\/v2\/types\/page"}],"author":[{"embeddable":true,"href":"https:\/\/www.eolus.com\/pl\/wp-json\/wp\/v2\/users\/16"}],"replies":[{"embeddable":true,"href":"https:\/\/www.eolus.com\/pl\/wp-json\/wp\/v2\/comments?post=27588"}],"version-history":[{"count":10,"href":"https:\/\/www.eolus.com\/pl\/wp-json\/wp\/v2\/pages\/27588\/revisions"}],"predecessor-version":[{"id":62744,"href":"https:\/\/www.eolus.com\/pl\/wp-json\/wp\/v2\/pages\/27588\/revisions\/62744"}],"up":[{"embeddable":true,"href":"https:\/\/www.eolus.com\/pl\/wp-json\/wp\/v2\/pages\/27573"}],"wp:attachment":[{"href":"https:\/\/www.eolus.com\/pl\/wp-json\/wp\/v2\/media?parent=27588"}],"curies":[{"name":"wp","href":"https:\/\/api.w.org\/{rel}","templated":true}]}}