{"id":27594,"date":"2024-01-16T16:41:51","date_gmt":"2024-01-16T15:41:51","guid":{"rendered":"https:\/\/www.eolus.com\/czym-sie-zajmujemy\/wlasciciele-ziemscy\/"},"modified":"2024-04-02T14:46:27","modified_gmt":"2024-04-02T12:46:27","slug":"wlasciciele-gruntow","status":"publish","type":"page","link":"https:\/\/www.eolus.com\/pl\/czym-sie-zajmujemy\/wlasciciele-gruntow\/","title":{"rendered":"W\u0142a\u015bciciele grunt\u00f3w"},"content":{"rendered":"\t\t<div data-elementor-type=\"wp-page\" data-elementor-id=\"27594\" class=\"elementor elementor-27594 elementor-27133\" data-elementor-post-type=\"page\">\n\t\t\t\t<div class=\"elementor-element elementor-element-7b3d9428 e-con-full animated-slow e-flex elementor-invisible e-con e-parent\" data-id=\"7b3d9428\" data-element_type=\"container\" data-settings=\"{&quot;background_background&quot;:&quot;classic&quot;,&quot;animation&quot;:&quot;fadeIn&quot;,&quot;jet_parallax_layout_list&quot;:[]}\">\n\t\t<div class=\"elementor-element elementor-element-6fe1254c e-flex e-con-boxed e-con e-child\" data-id=\"6fe1254c\" data-element_type=\"container\" data-settings=\"{&quot;jet_parallax_layout_list&quot;:[]}\">\n\t\t\t\t\t<div class=\"e-con-inner\">\n\t\t<div class=\"elementor-element elementor-element-3bebc43a e-con-full e-flex e-con e-child\" data-id=\"3bebc43a\" data-element_type=\"container\" data-settings=\"{&quot;jet_parallax_layout_list&quot;:[]}\">\n\t\t\t\t<div class=\"elementor-element elementor-element-78ed0775 elementor-invisible elementor-widget elementor-widget-heading\" data-id=\"78ed0775\" data-element_type=\"widget\" data-settings=\"{&quot;_animation&quot;:&quot;fadeIn&quot;}\" data-widget_type=\"heading.default\">\n\t\t\t\t<div class=\"elementor-widget-container\">\n\t\t\t\t\t<h4 class=\"elementor-heading-title elementor-size-default\">W\u0142a\u015bciciele grunt\u00f3w<\/h4>\t\t\t\t<\/div>\n\t\t\t\t<\/div>\n\t\t\t\t<div class=\"elementor-element elementor-element-7bc2318e elementor-invisible elementor-widget elementor-widget-text-editor\" data-id=\"7bc2318e\" data-element_type=\"widget\" data-settings=\"{&quot;_animation&quot;:&quot;fadeIn&quot;,&quot;_animation_delay&quot;:&quot;200&quot;}\" data-widget_type=\"text-editor.default\">\n\t\t\t\t<div class=\"elementor-widget-container\">\n\t\t\t\t\t\t\t\t\t<h5>Polska<\/h5>\n<p>W Eolus realizujemy projekty, dzi\u0119ki kt\u00f3rym potencjalna moc energii ze \u017ar\u00f3de\u0142 odnawialnych, takich jak si\u0142a wiatru i promienie s\u0142oneczne, stale wzrasta. W\u0142a\u015bnie w ten spos\u00f3b tworzymy zr\u00f3wnowa\u017con\u0105 przysz\u0142o\u015b\u0107.<\/p>\n<p>Aktywnie poszukujemy odpowiednich lokalizacji dla projekt\u00f3w zwi\u0105zanych z energi\u0105 pochodz\u0105c\u0105 z odnawialnych \u017ar\u00f3de\u0142, a Pa\u0144stwa dzia\u0142ka mo\u017ce by\u0107 kolejnym miejscem, kt\u00f3re znacz\u0105co mo\u017ce si\u0119 przyczyni\u0107 do produkcji zielonej energii.<\/p>\n<p>Je\u015bli s\u0105 Pa\u0144stwo w\u0142a\u015bcicielami grunt\u00f3w, kt\u00f3re potencjalnie mo\u017cna przeznaczy\u0107 do d\u0142ugoterminowej dzier\u017cawy (ok 29 lat), zach\u0119camy do skontaktowania si\u0119 z naszym przedstawicielem w celu wst\u0119pnej oceny nieruchomo\u015bci.<\/p>\n<h5>Dlaczego warto nawi\u0105za\u0107 z nami wsp\u00f3\u0142prac\u0119?<\/h5>\n<p>Oceniaj\u0105c lokalizacj\u0119 pod k\u0105tem rozwoju energii odnawialnej, szczeg\u00f3\u0142owo analizujemy poni\u017csze czynniki:<\/p>\n<ul>\n<li><span style=\"text-decoration: underline;\">Warunki \u015brodowiskowe:<\/span><br \/>\nJeste\u015bmy zaanga\u017cowani w produkcj\u0119 energii w spos\u00f3b przyjazny dla \u015brodowiska i starannie oceniamy lokalizacj\u0119, aby zminimalizowa\u0107 jakikolwiek negatywny wp\u0142yw na ekosystem.<\/li>\n<li><span style=\"text-decoration: underline;\">Zaanga\u017cowanie spo\u0142eczne:<strong><br \/>\n<\/strong><\/span>Jeste\u015bmy otwarci na dialog. Cenimy interesy lokalnej spo\u0142eczno\u015bci i zale\u017cy nam na tym, aby nasze dzia\u0142ania przynosi\u0142y korzy\u015bci mieszka\u0144com. Dlatego te\u017c w trakcie trwania projektu aktywnie uczestniczymy w \u017cyciu lokalnej spo\u0142eczno\u015bci i m.in. organizujemy spotkania informacyjne. Transparentnie omawiamy nasze plany, przedstawiamy d\u0142ugofalowe podej\u015bcie. Czujemy si\u0119 odpowiedzialni za projekt podczas ka\u017cdego etapu realizacji, a\u017c do ko\u0144ca trwania umowy d\u017cier\u017cawy.<\/li>\n<li><span style=\"text-decoration: underline;\">Pod\u0142\u0105czenie do sieci:<\/span><br \/>\nBadamy wykonalno\u015b\u0107 pod\u0142\u0105czenia projektu do sieci energetycznej, zapewniaj\u0105c, \u017ce Pa\u0144stwa dzia\u0142ka b\u0119dzie mog\u0142a efektywnie dostarcza\u0107 energi\u0119 odnawialn\u0105 do sieci.<\/li>\n<li><span style=\"text-decoration: underline;\">Zgodno\u015b\u0107 z przepisami:<\/span><br \/>\nWszystkie czynno\u015bci formalno-prawne wykonujemy zgodnie z obowi\u0105zuj\u0105cymi przepisami prawa, a przy tym k\u0142adziemy du\u017cy nacisk na opinie lokalnej spo\u0142eczno\u015bci.<\/li>\n<\/ul>\n<h5>Korzy\u015bci dla w\u0142a\u015bcicieli grunt\u00f3w<\/h5>\n<p>Dla w\u0142a\u015bciciela gruntu wsp\u00f3\u0142praca z Eolus wi\u0105\u017ce si\u0119 z licznymi korzy\u015bciami. Oferujemy konkurencyjne warunki finansowe, zapewniaj\u0105c, \u017ce otrzymaj\u0105 Pa\u0144stwo uczciw\u0105 rekompensat\u0119 za dzier\u017caw\u0119 swoich grunt\u00f3w. Koncentrujemy si\u0119 na nawi\u0105zywaniu silnych i d\u0142ugoterminowych partnerstw z w\u0142a\u015bcicielami, tym samym zapewniaj\u0105c im stabilno\u015b\u0107 i d\u0142ugofalowe wsparcie.<\/p>\n<h6><u>Kryteria:<\/u><\/h6>\n<p>Zach\u0119camy do kontaktu z naszym przedstawicielem, je\u015bli Pa\u0144stwa dzia\u0142ka spe\u0142nia poni\u017csze kryteria:<\/p>\n<ul>\n<li><span style=\"text-decoration: underline;\">Klasa gleby dla projekt\u00f3w PV:<\/span><br \/>\nIV, V, VI lub nieu\u017cytki<\/li>\n<li><span style=\"text-decoration: underline;\">Klasa gleby dla projekt\u00f3w wiatrowych:<\/span><br \/>\nII, III<\/li>\n<li><span style=\"text-decoration: underline;\">Powierzchnia grunt\u00f3w:<\/span><br \/>\nMinimum 20 hektar\u00f3w lub mniejsze dzia\u0142ki w bliskim s\u0105siedztwie<\/li>\n<li><span style=\"text-decoration: underline;\">Dost\u0119pno\u015b\u0107:<\/span><br \/>\nNajlepiej, gdyby teren by\u0142 \u0142atwo dost\u0119pny do zagospodarowania i utrzymania, dodatkow\u0105 zalet\u0105 b\u0119dzie dost\u0119p do dzia\u0142ki np. z istniej\u0105cej gminnej drogi<\/li>\n<li><span style=\"text-decoration: underline;\">Wolno\u015b\u0107 \u015brodowiskowa:<\/span><br \/>\nObiekt nie powinien podlega\u0107 ograniczeniom zwi\u0105zanym z ochron\u0105 \u015brodowiska<\/li>\n<\/ul>\n<h5>Jaki jest kolejny krok?<\/h5>\n<p>Je\u015bli s\u0105 Pa\u0144stwo zainteresowani dzier\u017caw\u0105 gruntu pod produkcj\u0119 energii odnawialnej, prosimy o wype\u0142nienie poni\u017cszego formularza z danymi nieruchomo\u015bci. Zach\u0119camy tak\u017ce do za\u0142\u0105czenia mapy nieruchomo\u015bci, je\u015bli jest dost\u0119pna.<\/p>\n<p>Nast\u0119pnie skontaktujemy si\u0119 z Pa\u0144stwem, odpowiemy na wszystkie pytania i przedstawimy konkretne korzy\u015bci wynikaj\u0105ce ze wsp\u00f3\u0142pracy z Eolus.<\/p>\n<p>Eolus jest szwedzk\u0105 sp\u00f3\u0142k\u0105 notowan\u0105 na sztokholmskiej gie\u0142dzie NASDAQ, co oznacza, \u017ce mog\u0105 Pa\u0144stwo zaufa\u0107 firmie o stabilnej pozycji na rynku, naszej skandynawskiej jako\u015bci i naszemu zaanga\u017cowaniu w ochron\u0119 Pa\u0144stwa interes\u00f3w podczas trwania ca\u0142ej naszej wsp\u00f3\u0142pracy.<\/p>\n<p>&nbsp;<\/p>\n<p>Razem kszta\u0142tujmy przysz\u0142o\u015b\u0107 energii odnawialnej.<\/p>\n\t\t\t\t\t\t\t\t<\/div>\n\t\t\t\t<\/div>\n\t\t\t\t<\/div>\n\t\t<div class=\"elementor-element elementor-element-53ab3b15 e-con-full e-flex e-con e-child\" data-id=\"53ab3b15\" data-element_type=\"container\" data-settings=\"{&quot;jet_parallax_layout_list&quot;:[]}\">\n\t\t<div class=\"elementor-element elementor-element-6fdc6726 e-flex e-con-boxed elementor-invisible e-con e-child\" data-id=\"6fdc6726\" data-element_type=\"container\" data-settings=\"{&quot;jet_parallax_layout_list&quot;:[],&quot;animation&quot;:&quot;fadeIn&quot;,&quot;animation_delay&quot;:&quot;100&quot;}\">\n\t\t\t\t\t<div class=\"e-con-inner\">\n\t\t\t\t\t<\/div>\n\t\t\t\t<\/div>\n\t\t\t\t<\/div>\n\t\t\t\t\t<\/div>\n\t\t\t\t<\/div>\n\t\t\t\t<\/div>\n\t\t<div class=\"elementor-element elementor-element-289c7e7a e-con-full e-flex elementor-invisible e-con e-parent\" data-id=\"289c7e7a\" data-element_type=\"container\" data-settings=\"{&quot;animation&quot;:&quot;fadeIn&quot;,&quot;jet_parallax_layout_list&quot;:[]}\">\n\t\t<div class=\"elementor-element elementor-element-6630cda e-con-full e-flex e-con e-child\" data-id=\"6630cda\" data-element_type=\"container\" data-settings=\"{&quot;jet_parallax_layout_list&quot;:[]}\">\n\t\t<div class=\"elementor-element elementor-element-41aaac36 e-flex e-con-boxed elementor-invisible e-con e-child\" data-id=\"41aaac36\" data-element_type=\"container\" data-settings=\"{&quot;jet_parallax_layout_list&quot;:[],&quot;animation&quot;:&quot;fadeIn&quot;}\">\n\t\t\t\t\t<div class=\"e-con-inner\">\n\t\t\t\t<div class=\"elementor-element elementor-element-9199f23 elementor-widget elementor-widget-two-blocks\" data-id=\"9199f23\" data-element_type=\"widget\" data-widget_type=\"two-blocks.default\">\n\t\t\t\t<div class=\"elementor-widget-container\">\n\t\t\t\t\t\n\t\t<article class=\"two-blocks two-blocks--small\">\n\t\t\t\n\t\t\t<div class=\"two-blocks-text group two-blocks-text--small-image-right\">\n\t\t\t\t<h4 class=\"two-blocks-heading\">Wydzier\u017caw swoj\u0105 ziemi\u0119<\/h4>\n\n\t\t\t\t<div class=\"text-container\">Zastanawiasz si\u0119 nad wydzier\u017cawieniem gruntu pod produkcj\u0119 energii ze \u017ar\u00f3de\u0142 odnawialnych takich jak s\u0142o\u0144ce i wiatr? Ch\u0119tnie porozmawiamy i um\u00f3wimy si\u0119 na spotkanie w celu wst\u0119pnej oceny nieruchomo\u015bci.<\/div>\n\n\t\t\t\t\t\t\t\t\t\t\t\t\t\t\t<a href=\"mailto:biuro@eolusvind.com\" class=\"two-blocks-link\">\n\t\t\t\t\t\t\tNAPISZ DO NAS\t\t\t\t\t\t\t<span class=\"absolute inset-0\"><\/span>\n\t\t\t\t\t\t<\/a>\n\t\t\t\t\t\t\t\t\t\t\t\t<\/div>\n\n\t\t\t\t\t\t\t<div class=\"w-full lg:w-1\/2 relative isolate flex pr-5\">\n\t\t\t\t\t<div class=\"bg-gradient-to-b from-v2-yellow via-v2-green to-v2-blue-500 absolute inset-0 rounded-[20px] z-[-1]\"><\/div>\n\n\t\t\t\t\t<img fetchpriority=\"high\" decoding=\"async\" width=\"1024\" height=\"720\" src=\"https:\/\/www.eolus.com\/wp-content\/uploads\/2023\/12\/Eolus-Forest-Drone-Nylandsbergen-1024x720.webp\" class=\"attachment-large size-large\" alt=\"\" srcset=\"https:\/\/www.eolus.com\/wp-content\/uploads\/2023\/12\/Eolus-Forest-Drone-Nylandsbergen-1024x720.webp 1024w, https:\/\/www.eolus.com\/wp-content\/uploads\/2023\/12\/Eolus-Forest-Drone-Nylandsbergen-300x211.webp 300w, https:\/\/www.eolus.com\/wp-content\/uploads\/2023\/12\/Eolus-Forest-Drone-Nylandsbergen-768x540.webp 768w, https:\/\/www.eolus.com\/wp-content\/uploads\/2023\/12\/Eolus-Forest-Drone-Nylandsbergen-540x380.webp 540w, https:\/\/www.eolus.com\/wp-content\/uploads\/2023\/12\/Eolus-Forest-Drone-Nylandsbergen.webp 1280w\" sizes=\"(max-width: 1024px) 100vw, 1024px\" \/>\t\t\t\t<\/div>\n\t\t\t\t\t<\/article>\n\t\t\t\t<\/div>\n\t\t\t\t<\/div>\n\t\t\t\t\t<\/div>\n\t\t\t\t<\/div>\n\t\t\t\t<\/div>\n\t\t\t\t<\/div>\n\t\t\t\t<\/div>\n\t\t","protected":false},"excerpt":{"rendered":"<p>Polska W Eolus realizujemy projekty, dzi\u0119ki kt\u00f3rym potencjalna moc energii ze \u017ar\u00f3de\u0142 odnawialnych, takich jak si\u0142a wiatru i promienie s\u0142oneczne, stale wzrasta. W\u0142a\u015bnie w ten spos\u00f3b tworzymy zr\u00f3wnowa\u017con\u0105 przysz\u0142o\u015b\u0107. Aktywnie poszukujemy odpowiednich lokalizacji dla projekt\u00f3w zwi\u0105zanych z energi\u0105 pochodz\u0105c\u0105 z odnawialnych \u017ar\u00f3de\u0142, a Pa\u0144stwa dzia\u0142ka mo\u017ce by\u0107 kolejnym miejscem, kt\u00f3re znacz\u0105co mo\u017ce si\u0119 przyczyni\u0107 do [&hellip;]<\/p>\n","protected":false},"author":16,"featured_media":0,"parent":27573,"menu_order":0,"comment_status":"closed","ping_status":"closed","template":"","meta":{"_acf_changed":false,"footnotes":""},"class_list":["post-27594","page","type-page","status-publish","hentry"],"acf":[],"yoast_head":"<!-- This site is optimized with the Yoast SEO plugin v26.5 - https:\/\/yoast.com\/wordpress\/plugins\/seo\/ -->\n<title>W\u0142a\u015bciciele grunt\u00f3w - Eolus<\/title>\n<meta name=\"robots\" content=\"index, follow, max-snippet:-1, max-image-preview:large, max-video-preview:-1\" \/>\n<link rel=\"canonical\" href=\"https:\/\/www.eolus.com\/pl\/czym-sie-zajmujemy\/wlasciciele-gruntow\/\" \/>\n<meta property=\"og:locale\" content=\"pl_PL\" \/>\n<meta property=\"og:type\" content=\"article\" \/>\n<meta property=\"og:title\" content=\"W\u0142a\u015bciciele grunt\u00f3w - Eolus\" \/>\n<meta property=\"og:description\" content=\"Polska W Eolus realizujemy projekty, dzi\u0119ki kt\u00f3rym potencjalna moc energii ze \u017ar\u00f3de\u0142 odnawialnych, takich jak si\u0142a wiatru i promienie s\u0142oneczne, stale wzrasta. W\u0142a\u015bnie w ten spos\u00f3b tworzymy zr\u00f3wnowa\u017con\u0105 przysz\u0142o\u015b\u0107. Aktywnie poszukujemy odpowiednich lokalizacji dla projekt\u00f3w zwi\u0105zanych z energi\u0105 pochodz\u0105c\u0105 z odnawialnych \u017ar\u00f3de\u0142, a Pa\u0144stwa dzia\u0142ka mo\u017ce by\u0107 kolejnym miejscem, kt\u00f3re znacz\u0105co mo\u017ce si\u0119 przyczyni\u0107 do [&hellip;]\" \/>\n<meta property=\"og:url\" content=\"https:\/\/www.eolus.com\/pl\/czym-sie-zajmujemy\/wlasciciele-gruntow\/\" \/>\n<meta property=\"og:site_name\" content=\"Eolus\" \/>\n<meta property=\"article:modified_time\" content=\"2024-04-02T12:46:27+00:00\" \/>\n<meta property=\"og:image\" content=\"https:\/\/www.eolus.com\/wp-content\/uploads\/2023\/12\/Eolus-Forest-Drone-Nylandsbergen-1024x720.webp\" \/>\n<meta name=\"twitter:card\" content=\"summary_large_image\" \/>\n<meta name=\"twitter:label1\" content=\"Szacowany czas czytania\" \/>\n\t<meta name=\"twitter:data1\" content=\"3 minuta\" \/>\n<script type=\"application\/ld+json\" class=\"yoast-schema-graph\">{\"@context\":\"https:\/\/schema.org\",\"@graph\":[{\"@type\":\"WebPage\",\"@id\":\"https:\/\/www.eolus.com\/pl\/czym-sie-zajmujemy\/wlasciciele-gruntow\/\",\"url\":\"https:\/\/www.eolus.com\/pl\/czym-sie-zajmujemy\/wlasciciele-gruntow\/\",\"name\":\"W\u0142a\u015bciciele grunt\u00f3w - Eolus\",\"isPartOf\":{\"@id\":\"https:\/\/www.eolus.com\/#website\"},\"primaryImageOfPage\":{\"@id\":\"https:\/\/www.eolus.com\/pl\/czym-sie-zajmujemy\/wlasciciele-gruntow\/#primaryimage\"},\"image\":{\"@id\":\"https:\/\/www.eolus.com\/pl\/czym-sie-zajmujemy\/wlasciciele-gruntow\/#primaryimage\"},\"thumbnailUrl\":\"https:\/\/www.eolus.com\/wp-content\/uploads\/2023\/12\/Eolus-Forest-Drone-Nylandsbergen-1024x720.webp\",\"datePublished\":\"2024-01-16T15:41:51+00:00\",\"dateModified\":\"2024-04-02T12:46:27+00:00\",\"breadcrumb\":{\"@id\":\"https:\/\/www.eolus.com\/pl\/czym-sie-zajmujemy\/wlasciciele-gruntow\/#breadcrumb\"},\"inLanguage\":\"pl-PL\",\"potentialAction\":[{\"@type\":\"ReadAction\",\"target\":[\"https:\/\/www.eolus.com\/pl\/czym-sie-zajmujemy\/wlasciciele-gruntow\/\"]}]},{\"@type\":\"ImageObject\",\"inLanguage\":\"pl-PL\",\"@id\":\"https:\/\/www.eolus.com\/pl\/czym-sie-zajmujemy\/wlasciciele-gruntow\/#primaryimage\",\"url\":\"https:\/\/www.eolus.com\/wp-content\/uploads\/2023\/12\/Eolus-Forest-Drone-Nylandsbergen-1024x720.webp\",\"contentUrl\":\"https:\/\/www.eolus.com\/wp-content\/uploads\/2023\/12\/Eolus-Forest-Drone-Nylandsbergen-1024x720.webp\"},{\"@type\":\"BreadcrumbList\",\"@id\":\"https:\/\/www.eolus.com\/pl\/czym-sie-zajmujemy\/wlasciciele-gruntow\/#breadcrumb\",\"itemListElement\":[{\"@type\":\"ListItem\",\"position\":1,\"name\":\"Home\",\"item\":\"https:\/\/www.eolus.com\/\"},{\"@type\":\"ListItem\",\"position\":2,\"name\":\"Czym si\u0119 zajmujemy\",\"item\":\"https:\/\/www.eolus.com\/pl\/czym-sie-zajmujemy\/\"},{\"@type\":\"ListItem\",\"position\":3,\"name\":\"W\u0142a\u015bciciele grunt\u00f3w\"}]},{\"@type\":\"WebSite\",\"@id\":\"https:\/\/www.eolus.com\/#website\",\"url\":\"https:\/\/www.eolus.com\/\",\"name\":\"Eolus\",\"description\":\"Shaping the Future of Renewable Energy\",\"potentialAction\":[{\"@type\":\"SearchAction\",\"target\":{\"@type\":\"EntryPoint\",\"urlTemplate\":\"https:\/\/www.eolus.com\/?s={search_term_string}\"},\"query-input\":{\"@type\":\"PropertyValueSpecification\",\"valueRequired\":true,\"valueName\":\"search_term_string\"}}],\"inLanguage\":\"pl-PL\"}]}<\/script>\n<!-- \/ Yoast SEO plugin. -->","yoast_head_json":{"title":"W\u0142a\u015bciciele grunt\u00f3w - Eolus","robots":{"index":"index","follow":"follow","max-snippet":"max-snippet:-1","max-image-preview":"max-image-preview:large","max-video-preview":"max-video-preview:-1"},"canonical":"https:\/\/www.eolus.com\/pl\/czym-sie-zajmujemy\/wlasciciele-gruntow\/","og_locale":"pl_PL","og_type":"article","og_title":"W\u0142a\u015bciciele grunt\u00f3w - Eolus","og_description":"Polska W Eolus realizujemy projekty, dzi\u0119ki kt\u00f3rym potencjalna moc energii ze \u017ar\u00f3de\u0142 odnawialnych, takich jak si\u0142a wiatru i promienie s\u0142oneczne, stale wzrasta. W\u0142a\u015bnie w ten spos\u00f3b tworzymy zr\u00f3wnowa\u017con\u0105 przysz\u0142o\u015b\u0107. Aktywnie poszukujemy odpowiednich lokalizacji dla projekt\u00f3w zwi\u0105zanych z energi\u0105 pochodz\u0105c\u0105 z odnawialnych \u017ar\u00f3de\u0142, a Pa\u0144stwa dzia\u0142ka mo\u017ce by\u0107 kolejnym miejscem, kt\u00f3re znacz\u0105co mo\u017ce si\u0119 przyczyni\u0107 do [&hellip;]","og_url":"https:\/\/www.eolus.com\/pl\/czym-sie-zajmujemy\/wlasciciele-gruntow\/","og_site_name":"Eolus","article_modified_time":"2024-04-02T12:46:27+00:00","og_image":[{"url":"https:\/\/www.eolus.com\/wp-content\/uploads\/2023\/12\/Eolus-Forest-Drone-Nylandsbergen-1024x720.webp","type":"","width":"","height":""}],"twitter_card":"summary_large_image","twitter_misc":{"Szacowany czas czytania":"3 minuta"},"schema":{"@context":"https:\/\/schema.org","@graph":[{"@type":"WebPage","@id":"https:\/\/www.eolus.com\/pl\/czym-sie-zajmujemy\/wlasciciele-gruntow\/","url":"https:\/\/www.eolus.com\/pl\/czym-sie-zajmujemy\/wlasciciele-gruntow\/","name":"W\u0142a\u015bciciele grunt\u00f3w - Eolus","isPartOf":{"@id":"https:\/\/www.eolus.com\/#website"},"primaryImageOfPage":{"@id":"https:\/\/www.eolus.com\/pl\/czym-sie-zajmujemy\/wlasciciele-gruntow\/#primaryimage"},"image":{"@id":"https:\/\/www.eolus.com\/pl\/czym-sie-zajmujemy\/wlasciciele-gruntow\/#primaryimage"},"thumbnailUrl":"https:\/\/www.eolus.com\/wp-content\/uploads\/2023\/12\/Eolus-Forest-Drone-Nylandsbergen-1024x720.webp","datePublished":"2024-01-16T15:41:51+00:00","dateModified":"2024-04-02T12:46:27+00:00","breadcrumb":{"@id":"https:\/\/www.eolus.com\/pl\/czym-sie-zajmujemy\/wlasciciele-gruntow\/#breadcrumb"},"inLanguage":"pl-PL","potentialAction":[{"@type":"ReadAction","target":["https:\/\/www.eolus.com\/pl\/czym-sie-zajmujemy\/wlasciciele-gruntow\/"]}]},{"@type":"ImageObject","inLanguage":"pl-PL","@id":"https:\/\/www.eolus.com\/pl\/czym-sie-zajmujemy\/wlasciciele-gruntow\/#primaryimage","url":"https:\/\/www.eolus.com\/wp-content\/uploads\/2023\/12\/Eolus-Forest-Drone-Nylandsbergen-1024x720.webp","contentUrl":"https:\/\/www.eolus.com\/wp-content\/uploads\/2023\/12\/Eolus-Forest-Drone-Nylandsbergen-1024x720.webp"},{"@type":"BreadcrumbList","@id":"https:\/\/www.eolus.com\/pl\/czym-sie-zajmujemy\/wlasciciele-gruntow\/#breadcrumb","itemListElement":[{"@type":"ListItem","position":1,"name":"Home","item":"https:\/\/www.eolus.com\/"},{"@type":"ListItem","position":2,"name":"Czym si\u0119 zajmujemy","item":"https:\/\/www.eolus.com\/pl\/czym-sie-zajmujemy\/"},{"@type":"ListItem","position":3,"name":"W\u0142a\u015bciciele grunt\u00f3w"}]},{"@type":"WebSite","@id":"https:\/\/www.eolus.com\/#website","url":"https:\/\/www.eolus.com\/","name":"Eolus","description":"Shaping the Future of Renewable Energy","potentialAction":[{"@type":"SearchAction","target":{"@type":"EntryPoint","urlTemplate":"https:\/\/www.eolus.com\/?s={search_term_string}"},"query-input":{"@type":"PropertyValueSpecification","valueRequired":true,"valueName":"search_term_string"}}],"inLanguage":"pl-PL"}]}},"_links":{"self":[{"href":"https:\/\/www.eolus.com\/pl\/wp-json\/wp\/v2\/pages\/27594","targetHints":{"allow":["GET"]}}],"collection":[{"href":"https:\/\/www.eolus.com\/pl\/wp-json\/wp\/v2\/pages"}],"about":[{"href":"https:\/\/www.eolus.com\/pl\/wp-json\/wp\/v2\/types\/page"}],"author":[{"embeddable":true,"href":"https:\/\/www.eolus.com\/pl\/wp-json\/wp\/v2\/users\/16"}],"replies":[{"embeddable":true,"href":"https:\/\/www.eolus.com\/pl\/wp-json\/wp\/v2\/comments?post=27594"}],"version-history":[{"count":8,"href":"https:\/\/www.eolus.com\/pl\/wp-json\/wp\/v2\/pages\/27594\/revisions"}],"predecessor-version":[{"id":53947,"href":"https:\/\/www.eolus.com\/pl\/wp-json\/wp\/v2\/pages\/27594\/revisions\/53947"}],"up":[{"embeddable":true,"href":"https:\/\/www.eolus.com\/pl\/wp-json\/wp\/v2\/pages\/27573"}],"wp:attachment":[{"href":"https:\/\/www.eolus.com\/pl\/wp-json\/wp\/v2\/media?parent=27594"}],"curies":[{"name":"wp","href":"https:\/\/api.w.org\/{rel}","templated":true}]}}