{"id":27601,"date":"2024-01-16T16:46:14","date_gmt":"2024-01-16T15:46:14","guid":{"rendered":"https:\/\/www.eolus.com\/kim-jestesmy\/nazwa-i-historia-firmy\/"},"modified":"2024-04-02T11:52:45","modified_gmt":"2024-04-02T09:52:45","slug":"nazwa-i-historia-firmy","status":"publish","type":"page","link":"https:\/\/www.eolus.com\/pl\/kim-jestesmy\/nazwa-i-historia-firmy\/","title":{"rendered":"Nazwa i historia firmy"},"content":{"rendered":"\t\t<div data-elementor-type=\"wp-page\" data-elementor-id=\"27601\" class=\"elementor elementor-27601 elementor-22086\" data-elementor-post-type=\"page\">\n\t\t\t\t<div class=\"elementor-element elementor-element-758c449f e-con-full animated-slow e-flex elementor-invisible e-con e-parent\" data-id=\"758c449f\" data-element_type=\"container\" data-settings=\"{&quot;background_background&quot;:&quot;classic&quot;,&quot;animation&quot;:&quot;fadeIn&quot;,&quot;jet_parallax_layout_list&quot;:[]}\">\n\t\t<div class=\"elementor-element elementor-element-4e02d735 e-flex e-con-boxed e-con e-child\" data-id=\"4e02d735\" data-element_type=\"container\" data-settings=\"{&quot;jet_parallax_layout_list&quot;:[]}\">\n\t\t\t\t\t<div class=\"e-con-inner\">\n\t\t<div class=\"elementor-element elementor-element-5c850b7d e-con-full e-flex e-con e-child\" data-id=\"5c850b7d\" data-element_type=\"container\" data-settings=\"{&quot;jet_parallax_layout_list&quot;:[]}\">\n\t\t\t\t<div class=\"elementor-element elementor-element-8046e59 elementor-invisible elementor-widget elementor-widget-heading\" data-id=\"8046e59\" data-element_type=\"widget\" data-settings=\"{&quot;_animation&quot;:&quot;fadeIn&quot;}\" data-widget_type=\"heading.default\">\n\t\t\t\t<div class=\"elementor-widget-container\">\n\t\t\t\t\t<h4 class=\"elementor-heading-title elementor-size-default\">Nazwa i historia firmy<\/h4>\t\t\t\t<\/div>\n\t\t\t\t<\/div>\n\t\t\t\t<div class=\"elementor-element elementor-element-113003ca elementor-invisible elementor-widget elementor-widget-text-editor\" data-id=\"113003ca\" data-element_type=\"widget\" data-settings=\"{&quot;_animation&quot;:&quot;fadeIn&quot;,&quot;_animation_delay&quot;:&quot;200&quot;}\" data-widget_type=\"text-editor.default\">\n\t\t\t\t<div class=\"elementor-widget-container\">\n\t\t\t\t\t\t\t\t\t<p>Firma Eolus zosta\u0142a za\u0142o\u017cona w Szwecji w 1990 roku, byli\u015bmy wtedy pionierami bran\u017cy. Z pokor\u0105 i dum\u0105 mo\u017cemy stwierdzi\u0107, \u017ce przetarli\u015bmy szlaki dla komercjalizacji energetyki wiatrowej na rynku szwedzkim. Korzenie firmy znajduj\u0105 si\u0119 w regionie Skanii na po\u0142udniu Szwecji, lecz nasze ambicje si\u0119gaj\u0105 o wiele dalej. Zaczynali\u015bmy od innowacyjnej produkcji energii na ma\u0142\u0105 skal\u0119, w \u015bcis\u0142ej wsp\u00f3\u0142pracy z wizjonerskimi klientami. Od eksploracji nowych obszar\u00f3w nie powstrzyma\u0142y nas ani odleg\u0142o\u015b\u0107 geograficzna ani wyzwania techniczne. Ponad trzydzie\u015bci lat od powstania jeste\u015bmy jednym z czo\u0142owych szwedzkich przedsi\u0119biorstw rozwijaj\u0105cym projekty w zakresie energii odnawialnej, notowanym na gie\u0142dzie i dzia\u0142aj\u0105cym <span class=\"ui-provider a b c d e f g h i j k l m n o p q r s t u v w x y z ab ac ae af ag ah ai aj ak\" dir=\"ltr\">w kilku krajach<\/span>.<\/p>\n\t\t\t\t\t\t\t\t<\/div>\n\t\t\t\t<\/div>\n\t\t\t\t<div class=\"elementor-element elementor-element-7a4d6fb0 elementor-invisible elementor-widget elementor-widget-heading\" data-id=\"7a4d6fb0\" data-element_type=\"widget\" data-settings=\"{&quot;_animation&quot;:&quot;fadeIn&quot;,&quot;_animation_delay&quot;:&quot;400&quot;}\" data-widget_type=\"heading.default\">\n\t\t\t\t<div class=\"elementor-widget-container\">\n\t\t\t\t\t<h5 class=\"elementor-heading-title elementor-size-default\">Chronologia<\/h5>\t\t\t\t<\/div>\n\t\t\t\t<\/div>\n\t\t\t\t<div class=\"elementor-element elementor-element-7db61bb0 elementor-invisible elementor-widget elementor-widget-text-editor\" data-id=\"7db61bb0\" data-element_type=\"widget\" data-settings=\"{&quot;_animation&quot;:&quot;fadeIn&quot;,&quot;_animation_delay&quot;:&quot;600&quot;}\" data-widget_type=\"text-editor.default\">\n\t\t\t\t<div class=\"elementor-widget-container\">\n\t\t\t\t\t\t\t\t\t<p><strong>1990:<\/strong> za\u0142o\u017cenie firmy Eolus w Osby w Szwecji.<\/p>\n<p><strong>1991:<\/strong> instalacja pierwszej turbiny wiatrowej o mocy 0,2 MW na Olandii.<\/p>\n<p><strong>1996: <\/strong>instalacja pierwszej turbiny wiatrowej o mocy 0,6 MW na Gotlandii.<\/p>\n<p><strong>2002:<\/strong> instalacja pierwszej turbiny wiatrowej o mocy 1,8 MW w Skanii.<\/p>\n<p><strong>2004:<\/strong> przeniesienie siedziby firmy do H\u00e4ssleholm. W tym samym roku zostaje uruchomiona nasza setna turbina.<\/p>\n<p><strong>2009:<\/strong> Eolus zostaje wprowadzony na Sztokholmsk\u0105 Gie\u0142d\u0119 Papier\u00f3w Warto\u015bciowych (Nasdaq OMX First North). Powstaje nasza dwusetna turbina wiatrowa.<\/p>\n<p><strong>2011:<\/strong> wej\u015bcie do kraj\u00f3w ba\u0142tyckich.<\/p>\n<p><strong>2012:<\/strong> szefem Eolus zostaje Per Witalisson zwi\u0105zany z firm\u0105 od 2006 roku, zajmuj\u0105cy wcze\u015bniej stanowisko dyrektora finansowego.<\/p>\n<p><strong>2013: <\/strong>powstaje czterysetna turbina wiatrowa Eolus.<\/p>\n\t\t\t\t\t\t\t\t<\/div>\n\t\t\t\t<\/div>\n\t\t<div class=\"elementor-element elementor-element-10368461 e-flex e-con-boxed elementor-invisible e-con e-child\" data-id=\"10368461\" data-element_type=\"container\" data-settings=\"{&quot;background_background&quot;:&quot;classic&quot;,&quot;jet_parallax_layout_list&quot;:[],&quot;animation&quot;:&quot;fadeIn&quot;,&quot;animation_delay&quot;:&quot;600&quot;}\">\n\t\t\t\t\t<div class=\"e-con-inner\">\n\t\t\t\t<div class=\"elementor-element elementor-element-a1d5152 elementor-widget elementor-widget-heading\" data-id=\"a1d5152\" data-element_type=\"widget\" data-widget_type=\"heading.default\">\n\t\t\t\t<div class=\"elementor-widget-container\">\n\t\t\t\t\t<h6 class=\"elementor-heading-title elementor-size-default\">PROJEKT REPOWERINGOWY WIND WALL W USA<\/h6>\t\t\t\t<\/div>\n\t\t\t\t<\/div>\n\t\t\t\t\t<\/div>\n\t\t\t\t<\/div>\n\t\t<div class=\"elementor-element elementor-element-19584b7d e-flex e-con-boxed e-con e-child\" data-id=\"19584b7d\" data-element_type=\"container\" data-settings=\"{&quot;jet_parallax_layout_list&quot;:[]}\">\n\t\t\t\t\t<div class=\"e-con-inner\">\n\t\t\t\t<div class=\"elementor-element elementor-element-2d62ae2d elementor-widget__width-initial elementor-invisible elementor-widget elementor-widget-text-editor\" data-id=\"2d62ae2d\" data-element_type=\"widget\" data-settings=\"{&quot;_animation&quot;:&quot;fadeIn&quot;}\" data-widget_type=\"text-editor.default\">\n\t\t\t\t<div class=\"elementor-widget-container\">\n\t\t\t\t\t\t\t\t\t<p><strong>2014:<\/strong> przejmuj\u0105c dwa obiekty w budowie, Eolus wchodzi na rynek fi\u0144ski. Uzyskanie pozwolenia na budow\u0119 farmy wiatrowej \u00d8yfjellet w Norwegii.<\/p>\n<p><strong>2015:<\/strong> akcje kategorii B firmy Eolus zostaj\u0105 notowane na gie\u0142dzie Nasdaq Stockholm w kategorii sp\u00f3\u0142ek Small Cap. Eolus wchodzi na rynek ameryka\u0144ski, pozyskuj\u0105c dwa projekty elektrowni wiatrowych w stanie Nevada.<\/p>\n<p><strong>2017:<\/strong> koncepcja biznesowa firmy zostaje poszerzona o inne formy produkcji odnawialnej energii elektrycznej poza wiatrow\u0105 oraz systemy magazynowania energii. Eolus instaluje pi\u0119\u0107setn\u0105 turbin\u0119 wiatrow\u0105.<\/p>\n<p><strong>2018: <\/strong>Eolus kontynuuje ekspansj\u0119 w USA poprzez nabycie projektu we wczesnej fazie, zwi\u0105zanego z energi\u0105 s\u0142oneczn\u0105 i magazynowaniem energii.<\/p>\n<p><strong>2019:<\/strong> rozpocz\u0119cie budowy projektu repoweringowego Wind Wall 1 w USA. Podpisanie umowy na \u00a0zakup energii z Amazon Web Services, Inc. Eolus jest teraz obecny na rynku w Szwecji, Norwegii, Finlandii, Estonii, USA i na \u0141otwie.<\/p>\n<p><strong>2020:<\/strong> cje kategorii B firmy Eolus zostaj\u0105 przeniesione do kategorii sp\u00f3\u0142ek Mid Cap na gie\u0142dzie Nasdaq Stockholm. Rozpoczyna si\u0119 budowa projektu \u00d8yfjellet w Norwegii. Eolus uruchamia sze\u015b\u0107setn\u0105 turbin\u0119 wiatrow\u0105.<\/p>\n<p><strong>2021:<\/strong> Eolus wchodzi na rynek w Polsce. Country Managerem zostaje Daniel Larsson.<\/p>\n<p><strong>2022:<\/strong> Eolus sprzedaje projekt akumulatora o pojemno\u015bci 120 MW oraz kolejny, obejmuj\u0105cy farm\u0119 fotowoltaiczn\u0105 i system magazynowania energii o pojemno\u015bci 750 MW w USA. Projekt Stor-Sk\u00e4lsj\u00f6n w Szwecji zostaje sprzedany firmie MEAG.<\/p>\n<p>W <strong>2023<\/strong> roku Eolus zatrudnia ponad 100 pracownik\u00f3w i prowadzi dzia\u0142alno\u015b\u0107 w Szwecji, Norwegii, Finlandii, w krajach ba\u0142tyckich, Polsce, USA i Hiszpanii. Budowa \u00d8yfjellet w Norwegii zostaje uko\u0144czona, a projekty na terenie Szwecji: Skallberget, Utterberget, Tj\u00e4rn\u00e4s oraz Rosenskog zostaj\u0105\u00a0sprzedane szwajcarskiej sp\u00f3\u0142ce BKW.<\/p>\n\t\t\t\t\t\t\t\t<\/div>\n\t\t\t\t<\/div>\n\t\t\t\t\t<\/div>\n\t\t\t\t<\/div>\n\t\t\t\t<\/div>\n\t\t<div class=\"elementor-element elementor-element-3dcd4cf1 e-con-full e-flex e-con e-child\" data-id=\"3dcd4cf1\" data-element_type=\"container\" data-settings=\"{&quot;jet_parallax_layout_list&quot;:[]}\">\n\t\t<div class=\"elementor-element elementor-element-308ee5ac e-flex e-con-boxed elementor-invisible e-con e-child\" data-id=\"308ee5ac\" data-element_type=\"container\" data-settings=\"{&quot;jet_parallax_layout_list&quot;:[],&quot;animation&quot;:&quot;fadeIn&quot;,&quot;animation_delay&quot;:&quot;100&quot;}\">\n\t\t\t\t\t<div class=\"e-con-inner\">\n\t\t\t\t\t<\/div>\n\t\t\t\t<\/div>\n\t\t\t\t<\/div>\n\t\t\t\t\t<\/div>\n\t\t\t\t<\/div>\n\t\t\t\t<\/div>\n\t\t<div class=\"elementor-element elementor-element-4053d513 e-flex e-con-boxed e-con e-parent\" data-id=\"4053d513\" data-element_type=\"container\" data-settings=\"{&quot;jet_parallax_layout_list&quot;:[]}\">\n\t\t\t\t\t<div class=\"e-con-inner\">\n\t\t<div class=\"elementor-element elementor-element-22739f72 e-flex e-con-boxed elementor-invisible e-con e-child\" data-id=\"22739f72\" data-element_type=\"container\" data-settings=\"{&quot;background_background&quot;:&quot;classic&quot;,&quot;jet_parallax_layout_list&quot;:[],&quot;animation&quot;:&quot;fadeIn&quot;}\">\n\t\t\t\t\t<div class=\"e-con-inner\">\n\t\t\t\t<div class=\"elementor-element elementor-element-6bbb164f elementor-widget elementor-widget-heading\" data-id=\"6bbb164f\" data-element_type=\"widget\" data-widget_type=\"heading.default\">\n\t\t\t\t<div class=\"elementor-widget-container\">\n\t\t\t\t\t<h6 class=\"elementor-heading-title elementor-size-default\">FIRMA EOLUS ZOSTA\u0141A NOTOWANA NA SZTOKHOLMSKIEJ GIE\u0141DZIE NASDAQ W 2009 ROKU<\/h6>\t\t\t\t<\/div>\n\t\t\t\t<\/div>\n\t\t\t\t\t<\/div>\n\t\t\t\t<\/div>\n\t\t<div class=\"elementor-element elementor-element-8be52d8 e-flex e-con-boxed e-con e-child\" data-id=\"8be52d8\" data-element_type=\"container\" data-settings=\"{&quot;jet_parallax_layout_list&quot;:[]}\">\n\t\t\t\t\t<div class=\"e-con-inner\">\n\t\t\t\t<div class=\"elementor-element elementor-element-3ffe25a7 elementor-invisible elementor-widget elementor-widget-heading\" data-id=\"3ffe25a7\" data-element_type=\"widget\" data-settings=\"{&quot;_animation&quot;:&quot;fadeIn&quot;}\" data-widget_type=\"heading.default\">\n\t\t\t\t<div class=\"elementor-widget-container\">\n\t\t\t\t\t<h5 class=\"elementor-heading-title elementor-size-default\">Eolus<\/h5>\t\t\t\t<\/div>\n\t\t\t\t<\/div>\n\t\t\t\t<div class=\"elementor-element elementor-element-1139369f elementor-invisible elementor-widget elementor-widget-text-editor\" data-id=\"1139369f\" data-element_type=\"widget\" data-settings=\"{&quot;_animation&quot;:&quot;fadeIn&quot;}\" data-widget_type=\"text-editor.default\">\n\t\t\t\t<div class=\"elementor-widget-container\">\n\t\t\t\t\t\t\t\t\t<p>Eolus (i\u02c8o\u02d0l\u028as) to dawna szwedzka forma imienia Aeolusa, boga wiatru z mitologii greckiej. Wed\u0142ug \u201eOdysei\u201d jego siedzib\u0105 by\u0142a Wyspa Eolia, sk\u0105d rz\u0105dzi\u0142 wiatrami.<\/p>\n\t\t\t\t\t\t\t\t<\/div>\n\t\t\t\t<\/div>\n\t\t\t\t\t<\/div>\n\t\t\t\t<\/div>\n\t\t\t\t\t<\/div>\n\t\t\t\t<\/div>\n\t\t\t\t<\/div>\n\t\t","protected":false},"excerpt":{"rendered":"<p>Firma Eolus zosta\u0142a za\u0142o\u017cona w Szwecji w 1990 roku, byli\u015bmy wtedy pionierami bran\u017cy. Z pokor\u0105 i dum\u0105 mo\u017cemy stwierdzi\u0107, \u017ce przetarli\u015bmy szlaki dla komercjalizacji energetyki wiatrowej na rynku szwedzkim. Korzenie firmy znajduj\u0105 si\u0119 w regionie Skanii na po\u0142udniu Szwecji, lecz nasze ambicje si\u0119gaj\u0105 o wiele dalej. Zaczynali\u015bmy od innowacyjnej produkcji energii na ma\u0142\u0105 skal\u0119, w [&hellip;]<\/p>\n","protected":false},"author":16,"featured_media":0,"parent":27595,"menu_order":0,"comment_status":"closed","ping_status":"closed","template":"","meta":{"_acf_changed":false,"footnotes":""},"class_list":["post-27601","page","type-page","status-publish","hentry"],"acf":[],"yoast_head":"<!-- This site is optimized with the Yoast SEO plugin v26.5 - https:\/\/yoast.com\/wordpress\/plugins\/seo\/ -->\n<title>Nazwa i historia firmy<\/title>\n<meta name=\"description\" content=\"Firma Eolus zosta\u0142a za\u0142o\u017cona w Szwecji w 1990 roku. Z dum\u0105 i pokor\u0105 mo\u017cemy stwierdzi\u0107, \u017ce przetarli\u015bmy szlaki dla komercjalizacji energetyki wiatrowej na rynku szwedzkim.\" \/>\n<meta name=\"robots\" content=\"index, follow, max-snippet:-1, max-image-preview:large, max-video-preview:-1\" \/>\n<link rel=\"canonical\" href=\"https:\/\/www.eolus.com\/vilka-vi-ar\/historia-namn\/\" \/>\n<meta property=\"og:locale\" content=\"pl_PL\" \/>\n<meta property=\"og:type\" content=\"article\" \/>\n<meta property=\"og:title\" content=\"Nazwa i historia firmy\" \/>\n<meta property=\"og:description\" content=\"Firma Eolus zosta\u0142a za\u0142o\u017cona w Szwecji w 1990 roku. Z dum\u0105 i pokor\u0105 mo\u017cemy stwierdzi\u0107, \u017ce przetarli\u015bmy szlaki dla komercjalizacji energetyki wiatrowej na rynku szwedzkim.\" \/>\n<meta property=\"og:url\" content=\"https:\/\/www.eolus.com\/vilka-vi-ar\/historia-namn\/\" \/>\n<meta property=\"og:site_name\" content=\"Eolus\" \/>\n<meta property=\"article:modified_time\" content=\"2024-04-02T09:52:45+00:00\" \/>\n<meta name=\"twitter:card\" content=\"summary_large_image\" \/>\n<meta name=\"twitter:label1\" content=\"Szacowany czas czytania\" \/>\n\t<meta name=\"twitter:data1\" content=\"3 minuta\" \/>\n<script type=\"application\/ld+json\" class=\"yoast-schema-graph\">{\"@context\":\"https:\/\/schema.org\",\"@graph\":[{\"@type\":\"WebPage\",\"@id\":\"https:\/\/www.eolus.com\/vilka-vi-ar\/historia-namn\/\",\"url\":\"https:\/\/www.eolus.com\/vilka-vi-ar\/historia-namn\/\",\"name\":\"Nazwa i historia firmy\",\"isPartOf\":{\"@id\":\"https:\/\/www.eolus.com\/#website\"},\"datePublished\":\"2024-01-16T15:46:14+00:00\",\"dateModified\":\"2024-04-02T09:52:45+00:00\",\"description\":\"Firma Eolus zosta\u0142a za\u0142o\u017cona w Szwecji w 1990 roku. Z dum\u0105 i pokor\u0105 mo\u017cemy stwierdzi\u0107, \u017ce przetarli\u015bmy szlaki dla komercjalizacji energetyki wiatrowej na rynku szwedzkim.\",\"breadcrumb\":{\"@id\":\"https:\/\/www.eolus.com\/vilka-vi-ar\/historia-namn\/#breadcrumb\"},\"inLanguage\":\"pl-PL\",\"potentialAction\":[{\"@type\":\"ReadAction\",\"target\":[\"https:\/\/www.eolus.com\/vilka-vi-ar\/historia-namn\/\"]}]},{\"@type\":\"BreadcrumbList\",\"@id\":\"https:\/\/www.eolus.com\/vilka-vi-ar\/historia-namn\/#breadcrumb\",\"itemListElement\":[{\"@type\":\"ListItem\",\"position\":1,\"name\":\"Home\",\"item\":\"https:\/\/www.eolus.com\/\"},{\"@type\":\"ListItem\",\"position\":2,\"name\":\"Kim jeste\u015bmy\",\"item\":\"https:\/\/www.eolus.com\/vilka-vi-ar\/\"},{\"@type\":\"ListItem\",\"position\":3,\"name\":\"Nazwa i historia firmy\"}]},{\"@type\":\"WebSite\",\"@id\":\"https:\/\/www.eolus.com\/#website\",\"url\":\"https:\/\/www.eolus.com\/\",\"name\":\"Eolus\",\"description\":\"Shaping the Future of Renewable Energy\",\"potentialAction\":[{\"@type\":\"SearchAction\",\"target\":{\"@type\":\"EntryPoint\",\"urlTemplate\":\"https:\/\/www.eolus.com\/?s={search_term_string}\"},\"query-input\":{\"@type\":\"PropertyValueSpecification\",\"valueRequired\":true,\"valueName\":\"search_term_string\"}}],\"inLanguage\":\"pl-PL\"}]}<\/script>\n<!-- \/ Yoast SEO plugin. -->","yoast_head_json":{"title":"Nazwa i historia firmy","description":"Firma Eolus zosta\u0142a za\u0142o\u017cona w Szwecji w 1990 roku. Z dum\u0105 i pokor\u0105 mo\u017cemy stwierdzi\u0107, \u017ce przetarli\u015bmy szlaki dla komercjalizacji energetyki wiatrowej na rynku szwedzkim.","robots":{"index":"index","follow":"follow","max-snippet":"max-snippet:-1","max-image-preview":"max-image-preview:large","max-video-preview":"max-video-preview:-1"},"canonical":"https:\/\/www.eolus.com\/vilka-vi-ar\/historia-namn\/","og_locale":"pl_PL","og_type":"article","og_title":"Nazwa i historia firmy","og_description":"Firma Eolus zosta\u0142a za\u0142o\u017cona w Szwecji w 1990 roku. Z dum\u0105 i pokor\u0105 mo\u017cemy stwierdzi\u0107, \u017ce przetarli\u015bmy szlaki dla komercjalizacji energetyki wiatrowej na rynku szwedzkim.","og_url":"https:\/\/www.eolus.com\/vilka-vi-ar\/historia-namn\/","og_site_name":"Eolus","article_modified_time":"2024-04-02T09:52:45+00:00","twitter_card":"summary_large_image","twitter_misc":{"Szacowany czas czytania":"3 minuta"},"schema":{"@context":"https:\/\/schema.org","@graph":[{"@type":"WebPage","@id":"https:\/\/www.eolus.com\/vilka-vi-ar\/historia-namn\/","url":"https:\/\/www.eolus.com\/vilka-vi-ar\/historia-namn\/","name":"Nazwa i historia firmy","isPartOf":{"@id":"https:\/\/www.eolus.com\/#website"},"datePublished":"2024-01-16T15:46:14+00:00","dateModified":"2024-04-02T09:52:45+00:00","description":"Firma Eolus zosta\u0142a za\u0142o\u017cona w Szwecji w 1990 roku. Z dum\u0105 i pokor\u0105 mo\u017cemy stwierdzi\u0107, \u017ce przetarli\u015bmy szlaki dla komercjalizacji energetyki wiatrowej na rynku szwedzkim.","breadcrumb":{"@id":"https:\/\/www.eolus.com\/vilka-vi-ar\/historia-namn\/#breadcrumb"},"inLanguage":"pl-PL","potentialAction":[{"@type":"ReadAction","target":["https:\/\/www.eolus.com\/vilka-vi-ar\/historia-namn\/"]}]},{"@type":"BreadcrumbList","@id":"https:\/\/www.eolus.com\/vilka-vi-ar\/historia-namn\/#breadcrumb","itemListElement":[{"@type":"ListItem","position":1,"name":"Home","item":"https:\/\/www.eolus.com\/"},{"@type":"ListItem","position":2,"name":"Kim jeste\u015bmy","item":"https:\/\/www.eolus.com\/vilka-vi-ar\/"},{"@type":"ListItem","position":3,"name":"Nazwa i historia firmy"}]},{"@type":"WebSite","@id":"https:\/\/www.eolus.com\/#website","url":"https:\/\/www.eolus.com\/","name":"Eolus","description":"Shaping the Future of Renewable Energy","potentialAction":[{"@type":"SearchAction","target":{"@type":"EntryPoint","urlTemplate":"https:\/\/www.eolus.com\/?s={search_term_string}"},"query-input":{"@type":"PropertyValueSpecification","valueRequired":true,"valueName":"search_term_string"}}],"inLanguage":"pl-PL"}]}},"_links":{"self":[{"href":"https:\/\/www.eolus.com\/pl\/wp-json\/wp\/v2\/pages\/27601","targetHints":{"allow":["GET"]}}],"collection":[{"href":"https:\/\/www.eolus.com\/pl\/wp-json\/wp\/v2\/pages"}],"about":[{"href":"https:\/\/www.eolus.com\/pl\/wp-json\/wp\/v2\/types\/page"}],"author":[{"embeddable":true,"href":"https:\/\/www.eolus.com\/pl\/wp-json\/wp\/v2\/users\/16"}],"replies":[{"embeddable":true,"href":"https:\/\/www.eolus.com\/pl\/wp-json\/wp\/v2\/comments?post=27601"}],"version-history":[{"count":6,"href":"https:\/\/www.eolus.com\/pl\/wp-json\/wp\/v2\/pages\/27601\/revisions"}],"predecessor-version":[{"id":53788,"href":"https:\/\/www.eolus.com\/pl\/wp-json\/wp\/v2\/pages\/27601\/revisions\/53788"}],"up":[{"embeddable":true,"href":"https:\/\/www.eolus.com\/pl\/wp-json\/wp\/v2\/pages\/27595"}],"wp:attachment":[{"href":"https:\/\/www.eolus.com\/pl\/wp-json\/wp\/v2\/media?parent=27601"}],"curies":[{"name":"wp","href":"https:\/\/api.w.org\/{rel}","templated":true}]}}