{"id":27605,"date":"2024-01-16T16:47:50","date_gmt":"2024-01-16T15:47:50","guid":{"rendered":"https:\/\/www.eolus.com\/kim-jestesmy\/eolus-w-polsce\/"},"modified":"2024-01-28T18:28:51","modified_gmt":"2024-01-28T17:28:51","slug":"eolus-w-polsce","status":"publish","type":"page","link":"https:\/\/www.eolus.com\/pl\/kim-jestesmy\/eolus-w-polsce\/","title":{"rendered":"Eolus w Polsce"},"content":{"rendered":"\t\t<div data-elementor-type=\"wp-page\" data-elementor-id=\"27605\" class=\"elementor elementor-27605 elementor-27321\" data-elementor-post-type=\"page\">\n\t\t\t\t<div class=\"elementor-element elementor-element-955f9e e-con-full animated-slow e-flex elementor-invisible e-con e-parent\" data-id=\"955f9e\" data-element_type=\"container\" data-e-type=\"container\" data-settings=\"{&quot;background_background&quot;:&quot;classic&quot;,&quot;animation&quot;:&quot;fadeIn&quot;,&quot;jet_parallax_layout_list&quot;:[]}\">\n\t\t<div class=\"elementor-element elementor-element-2c517b57 e-flex e-con-boxed e-con e-child\" data-id=\"2c517b57\" data-element_type=\"container\" data-e-type=\"container\" data-settings=\"{&quot;jet_parallax_layout_list&quot;:[]}\">\n\t\t\t\t\t<div class=\"e-con-inner\">\n\t\t<div class=\"elementor-element elementor-element-447d9342 e-con-full e-flex e-con e-child\" data-id=\"447d9342\" data-element_type=\"container\" data-e-type=\"container\" data-settings=\"{&quot;jet_parallax_layout_list&quot;:[]}\">\n\t\t\t\t<div class=\"elementor-element elementor-element-5843aa24 elementor-invisible elementor-widget elementor-widget-heading\" data-id=\"5843aa24\" data-element_type=\"widget\" data-e-type=\"widget\" data-settings=\"{&quot;_animation&quot;:&quot;fadeIn&quot;}\" data-widget_type=\"heading.default\">\n\t\t\t\t<div class=\"elementor-widget-container\">\n\t\t\t\t\t<h4 class=\"elementor-heading-title elementor-size-default\">Eolus w Polsce<\/h4>\t\t\t\t<\/div>\n\t\t\t\t<\/div>\n\t\t\t\t<div class=\"elementor-element elementor-element-2d47411f elementor-invisible elementor-widget elementor-widget-text-editor\" data-id=\"2d47411f\" data-element_type=\"widget\" data-e-type=\"widget\" data-settings=\"{&quot;_animation&quot;:&quot;fadeIn&quot;,&quot;_animation_delay&quot;:&quot;200&quot;}\" data-widget_type=\"text-editor.default\">\n\t\t\t\t<div class=\"elementor-widget-container\">\n\t\t\t\t\t\t\t\t\t<p>Jako Eolus Poland jeste\u015bmy aktywni na polskim rynku od 2021 roku, a nasze aktualne portfolio sk\u0142ada si\u0119 z ponad 1800 MW projekt\u00f3w fotowoltaicznych i wiatrowych w developmencie. Rozwijamy i budujemy wielkoskalowe projekty s\u0142oneczne i wiatrowe, od greenfieldu po aktywa operacyjne alenawi\u0105zujemy r\u00f3wnie\u017c partnerstwa z lokalnymi deweloperami oraz \u00a0dzia\u0142amy w modelu co-developmentu.<\/p>\n<p>Charakteryzuje nas odpowiedzialne prowadzenie projekt\u00f3w od etapu koncepcyjnego, a\u017c po eksploatacj\u0119. Wierzymy i wiemy z do\u015bwiadczenia, \u017ce w Polsce mo\u017cliwe jest wsp\u00f3\u0142istnienie wielkoskalowej energii odnawialnej wraz z lokalnymi spo\u0142eczno\u015bciami. Tym samym przyk\u0142adamy du\u017c\u0105 wag\u0119 do <strong><em>dialogu<\/em><\/strong><em>,<\/em> z partnerami, lokalnymi w\u0142adzami, mieszka\u0144cami, w\u0142a\u015bcicielami grunt\u00f3w \u2013 wszystkimi stronami zaanga\u017cowanymi w proces inwestycji.<\/p>\n<p>Eolus Poland to niewielki team specjalist\u00f3w z bogatym do\u015bwiadczeniem i ogromnym potencja\u0142em.<\/p>\n<p>Motywuje nas pasja i ch\u0119\u0107 realnego przyspieszenia zmiany energetycznej w Polsce. W relacjach biznesowych i zespo\u0142owych kierujemy si\u0119 szacunkiem, zaufaniem, \u017cyczliwo\u015bci\u0105 i pokor\u0105.<\/p>\n<p>Zar\u00f3wno przy poszczeg\u00f3lnych projektach jak i w codziennej pracy, dzia\u0142amy d\u0142ugoterminowo i odpowiedzialnie, czerpi\u0105c z 35. letniego do\u015bwiadczenia Eolus i \u015bci\u015ble wsp\u00f3\u0142pracuj\u0105c z ca\u0142ym teamem Eolus w Szwecji oraz na pozosta\u0142ych rynkach.<\/p>\n<p>Szukamy innowacyjnych rozwi\u0105za\u0144 i potencjalnych partner\u00f3w z projektami wiatrowymi i s\u0142onecznymi na ka\u017cdym etapie developmentu w Polsce. Zale\u017cy nam na wsp\u00f3\u0142pracy opartej na pasji do zielonej energii oraz na podobnych warto\u015bciach w prowadzeniu biznesu.<\/p>\n<p>Wsp\u00f3\u0142tworzenie zr\u00f3wnowa\u017conego rozwoju energii odnawialnej w Polsce jest dla nas bardzo wa\u017cne.<\/p>\n<p>Dlatego aktywnie uczestniczymy w \u017cyciu bran\u017cy i nale\u017cymy m. in. do takich organizacji jak Polskie Stowarzyszenie Energii Wiatrowej (PSEW), Polskie Stowarzyszenie Fotowoltaiki (PSF), Polska Izba Magazynowania Energii i Elektromobilno\u015bci (PIME), Scandinavian Polish Chamber of Commerce (SPCC), Swedish-Polish Chamber of Commerce.<\/p>\n<p>Skontaktuj si\u0119 z nami i porozmawiajmy o tym, co mo\u017cemy zrobi\u0107 razem!<\/p>\n\t\t\t\t\t\t\t\t<\/div>\n\t\t\t\t<\/div>\n\t\t\t\t<\/div>\n\t\t<div class=\"elementor-element elementor-element-e0782c4 e-con-full e-flex e-con e-child\" data-id=\"e0782c4\" data-element_type=\"container\" data-e-type=\"container\" data-settings=\"{&quot;jet_parallax_layout_list&quot;:[]}\">\n\t\t<div class=\"elementor-element elementor-element-1195433a e-flex e-con-boxed elementor-invisible e-con e-child\" data-id=\"1195433a\" data-element_type=\"container\" data-e-type=\"container\" data-settings=\"{&quot;jet_parallax_layout_list&quot;:[],&quot;animation&quot;:&quot;fadeIn&quot;,&quot;animation_delay&quot;:&quot;100&quot;}\">\n\t\t\t\t\t<div class=\"e-con-inner\">\n\t\t\t\t\t<\/div>\n\t\t\t\t<\/div>\n\t\t\t\t<\/div>\n\t\t\t\t\t<\/div>\n\t\t\t\t<\/div>\n\t\t\t\t<\/div>\n\t\t\t\t<\/div>\n\t\t","protected":false},"excerpt":{"rendered":"<p>Jako Eolus Poland jeste\u015bmy aktywni na polskim rynku od 2021 roku, a nasze aktualne portfolio sk\u0142ada si\u0119 z ponad 1800 MW projekt\u00f3w fotowoltaicznych i wiatrowych w developmencie. Rozwijamy i budujemy wielkoskalowe projekty s\u0142oneczne i wiatrowe, od greenfieldu po aktywa operacyjne alenawi\u0105zujemy r\u00f3wnie\u017c partnerstwa z lokalnymi deweloperami oraz \u00a0dzia\u0142amy w modelu co-developmentu. Charakteryzuje nas odpowiedzialne prowadzenie [&hellip;]<\/p>\n","protected":false},"author":16,"featured_media":0,"parent":27595,"menu_order":0,"comment_status":"closed","ping_status":"closed","template":"","meta":{"_acf_changed":false,"footnotes":""},"class_list":["post-27605","page","type-page","status-publish","hentry"],"acf":[],"yoast_head":"<!-- This site is optimized with the Yoast SEO plugin v27.3 - https:\/\/yoast.com\/product\/yoast-seo-wordpress\/ -->\n<title>Eolus w Polsce - Eolus<\/title>\n<meta name=\"robots\" content=\"index, follow, max-snippet:-1, max-image-preview:large, max-video-preview:-1\" \/>\n<link rel=\"canonical\" href=\"https:\/\/www.eolus.com\/pl\/kim-jestesmy\/eolus-w-polsce\/\" \/>\n<meta property=\"og:locale\" content=\"pl_PL\" \/>\n<meta property=\"og:type\" content=\"article\" \/>\n<meta property=\"og:title\" content=\"Eolus w Polsce - Eolus\" \/>\n<meta property=\"og:description\" content=\"Jako Eolus Poland jeste\u015bmy aktywni na polskim rynku od 2021 roku, a nasze aktualne portfolio sk\u0142ada si\u0119 z ponad 1800 MW projekt\u00f3w fotowoltaicznych i wiatrowych w developmencie. Rozwijamy i budujemy wielkoskalowe projekty s\u0142oneczne i wiatrowe, od greenfieldu po aktywa operacyjne alenawi\u0105zujemy r\u00f3wnie\u017c partnerstwa z lokalnymi deweloperami oraz \u00a0dzia\u0142amy w modelu co-developmentu. Charakteryzuje nas odpowiedzialne prowadzenie [&hellip;]\" \/>\n<meta property=\"og:url\" content=\"https:\/\/www.eolus.com\/pl\/kim-jestesmy\/eolus-w-polsce\/\" \/>\n<meta property=\"og:site_name\" content=\"Eolus\" \/>\n<meta property=\"article:modified_time\" content=\"2024-01-28T17:28:51+00:00\" \/>\n<meta name=\"twitter:card\" content=\"summary_large_image\" \/>\n<meta name=\"twitter:label1\" content=\"Szacowany czas czytania\" \/>\n\t<meta name=\"twitter:data1\" content=\"2 minuta\" \/>\n<script type=\"application\/ld+json\" class=\"yoast-schema-graph\">{\"@context\":\"https:\\\/\\\/schema.org\",\"@graph\":[{\"@type\":\"WebPage\",\"@id\":\"https:\\\/\\\/www.eolus.com\\\/pl\\\/kim-jestesmy\\\/eolus-w-polsce\\\/\",\"url\":\"https:\\\/\\\/www.eolus.com\\\/pl\\\/kim-jestesmy\\\/eolus-w-polsce\\\/\",\"name\":\"Eolus w Polsce - Eolus\",\"isPartOf\":{\"@id\":\"https:\\\/\\\/www.eolus.com\\\/#website\"},\"datePublished\":\"2024-01-16T15:47:50+00:00\",\"dateModified\":\"2024-01-28T17:28:51+00:00\",\"breadcrumb\":{\"@id\":\"https:\\\/\\\/www.eolus.com\\\/pl\\\/kim-jestesmy\\\/eolus-w-polsce\\\/#breadcrumb\"},\"inLanguage\":\"pl-PL\",\"potentialAction\":[{\"@type\":\"ReadAction\",\"target\":[\"https:\\\/\\\/www.eolus.com\\\/pl\\\/kim-jestesmy\\\/eolus-w-polsce\\\/\"]}]},{\"@type\":\"BreadcrumbList\",\"@id\":\"https:\\\/\\\/www.eolus.com\\\/pl\\\/kim-jestesmy\\\/eolus-w-polsce\\\/#breadcrumb\",\"itemListElement\":[{\"@type\":\"ListItem\",\"position\":1,\"name\":\"Home\",\"item\":\"https:\\\/\\\/www.eolus.com\\\/\"},{\"@type\":\"ListItem\",\"position\":2,\"name\":\"Kim jeste\u015bmy\",\"item\":\"https:\\\/\\\/www.eolus.com\\\/vilka-vi-ar\\\/\"},{\"@type\":\"ListItem\",\"position\":3,\"name\":\"Eolus w Polsce\"}]},{\"@type\":\"WebSite\",\"@id\":\"https:\\\/\\\/www.eolus.com\\\/#website\",\"url\":\"https:\\\/\\\/www.eolus.com\\\/\",\"name\":\"Eolus\",\"description\":\"Shaping the Future of Renewable Energy\",\"potentialAction\":[{\"@type\":\"SearchAction\",\"target\":{\"@type\":\"EntryPoint\",\"urlTemplate\":\"https:\\\/\\\/www.eolus.com\\\/?s={search_term_string}\"},\"query-input\":{\"@type\":\"PropertyValueSpecification\",\"valueRequired\":true,\"valueName\":\"search_term_string\"}}],\"inLanguage\":\"pl-PL\"}]}<\/script>\n<!-- \/ Yoast SEO plugin. -->","yoast_head_json":{"title":"Eolus w Polsce - Eolus","robots":{"index":"index","follow":"follow","max-snippet":"max-snippet:-1","max-image-preview":"max-image-preview:large","max-video-preview":"max-video-preview:-1"},"canonical":"https:\/\/www.eolus.com\/pl\/kim-jestesmy\/eolus-w-polsce\/","og_locale":"pl_PL","og_type":"article","og_title":"Eolus w Polsce - Eolus","og_description":"Jako Eolus Poland jeste\u015bmy aktywni na polskim rynku od 2021 roku, a nasze aktualne portfolio sk\u0142ada si\u0119 z ponad 1800 MW projekt\u00f3w fotowoltaicznych i wiatrowych w developmencie. Rozwijamy i budujemy wielkoskalowe projekty s\u0142oneczne i wiatrowe, od greenfieldu po aktywa operacyjne alenawi\u0105zujemy r\u00f3wnie\u017c partnerstwa z lokalnymi deweloperami oraz \u00a0dzia\u0142amy w modelu co-developmentu. Charakteryzuje nas odpowiedzialne prowadzenie [&hellip;]","og_url":"https:\/\/www.eolus.com\/pl\/kim-jestesmy\/eolus-w-polsce\/","og_site_name":"Eolus","article_modified_time":"2024-01-28T17:28:51+00:00","twitter_card":"summary_large_image","twitter_misc":{"Szacowany czas czytania":"2 minuta"},"schema":{"@context":"https:\/\/schema.org","@graph":[{"@type":"WebPage","@id":"https:\/\/www.eolus.com\/pl\/kim-jestesmy\/eolus-w-polsce\/","url":"https:\/\/www.eolus.com\/pl\/kim-jestesmy\/eolus-w-polsce\/","name":"Eolus w Polsce - Eolus","isPartOf":{"@id":"https:\/\/www.eolus.com\/#website"},"datePublished":"2024-01-16T15:47:50+00:00","dateModified":"2024-01-28T17:28:51+00:00","breadcrumb":{"@id":"https:\/\/www.eolus.com\/pl\/kim-jestesmy\/eolus-w-polsce\/#breadcrumb"},"inLanguage":"pl-PL","potentialAction":[{"@type":"ReadAction","target":["https:\/\/www.eolus.com\/pl\/kim-jestesmy\/eolus-w-polsce\/"]}]},{"@type":"BreadcrumbList","@id":"https:\/\/www.eolus.com\/pl\/kim-jestesmy\/eolus-w-polsce\/#breadcrumb","itemListElement":[{"@type":"ListItem","position":1,"name":"Home","item":"https:\/\/www.eolus.com\/"},{"@type":"ListItem","position":2,"name":"Kim jeste\u015bmy","item":"https:\/\/www.eolus.com\/vilka-vi-ar\/"},{"@type":"ListItem","position":3,"name":"Eolus w Polsce"}]},{"@type":"WebSite","@id":"https:\/\/www.eolus.com\/#website","url":"https:\/\/www.eolus.com\/","name":"Eolus","description":"Shaping the Future of Renewable Energy","potentialAction":[{"@type":"SearchAction","target":{"@type":"EntryPoint","urlTemplate":"https:\/\/www.eolus.com\/?s={search_term_string}"},"query-input":{"@type":"PropertyValueSpecification","valueRequired":true,"valueName":"search_term_string"}}],"inLanguage":"pl-PL"}]}},"_links":{"self":[{"href":"https:\/\/www.eolus.com\/pl\/wp-json\/wp\/v2\/pages\/27605","targetHints":{"allow":["GET"]}}],"collection":[{"href":"https:\/\/www.eolus.com\/pl\/wp-json\/wp\/v2\/pages"}],"about":[{"href":"https:\/\/www.eolus.com\/pl\/wp-json\/wp\/v2\/types\/page"}],"author":[{"embeddable":true,"href":"https:\/\/www.eolus.com\/pl\/wp-json\/wp\/v2\/users\/16"}],"replies":[{"embeddable":true,"href":"https:\/\/www.eolus.com\/pl\/wp-json\/wp\/v2\/comments?post=27605"}],"version-history":[{"count":3,"href":"https:\/\/www.eolus.com\/pl\/wp-json\/wp\/v2\/pages\/27605\/revisions"}],"predecessor-version":[{"id":28791,"href":"https:\/\/www.eolus.com\/pl\/wp-json\/wp\/v2\/pages\/27605\/revisions\/28791"}],"up":[{"embeddable":true,"href":"https:\/\/www.eolus.com\/pl\/wp-json\/wp\/v2\/pages\/27595"}],"wp:attachment":[{"href":"https:\/\/www.eolus.com\/pl\/wp-json\/wp\/v2\/media?parent=27605"}],"curies":[{"name":"wp","href":"https:\/\/api.w.org\/{rel}","templated":true}]}}